{"id":145768,"date":"2024-12-10T12:11:07","date_gmt":"2024-12-10T11:11:07","guid":{"rendered":"https:\/\/secureus.se\/?post_type=product&#038;p=145768"},"modified":"2026-04-19T15:16:51","modified_gmt":"2026-04-19T13:16:51","slug":"ajax-larmpaket-4g","status":"publish","type":"product","link":"https:\/\/secureus.se\/fi\/ajax-larmpaket-4g\/","title":{"rendered":"Ajax Alarm -paketti, jossa on 4G WiFi ja Ethernet"},"content":{"rendered":"<h3><strong>Ajax Alarm -paketti, jossa on 4G, WiFi ja Ethernet - uusi tietoturvastandardi!<\/strong><\/h3>\n<p>Suojaa omaisuuttasi Ajax Alarm Packagella, uraauurtavalla ja helposti asennettavalla tietoturvaratkaisulla. T\u00e4ss\u00e4 paketissa yhdistyv\u00e4t huipputekniset ominaisuudet ja joustavuus tarjotakseen sinulle parhaan mahdollisen suojan. T\u00e4ydellinen niin koteihin kuin yrityksille, jotka haluavat h\u00e4lytysj\u00e4rjestelm\u00e4n, jota voidaan helposti laajentaa ja mukauttaa tarpeen mukaan.<\/p>\n<h3><strong>Mit\u00e4 pakettiin sis\u00e4ltyy?<\/strong><\/h3>\n<p>Paristot ja kiinnityskannattimet sis\u00e4ltyv\u00e4t aina kaikkiin Ajax-tuotteisiin.<\/p>\n<ul>\n<li><strong>1x Ajax Hub2 Plus -keskusyksikk\u00f6, jossa LAN, WiFi ja 4G (38245.40.WH1)<\/strong><br \/>\nKeskusyksikk\u00f6 tukee jopa 200 laitetta, 200 k\u00e4ytt\u00e4j\u00e4\u00e4 ja tarjoaa vakaan ja nopean tiedonsiirron WiFin, Ethernetin ja 4G:n kanssa.<\/li>\n<li><strong>1x liiketunnistin lemmikkiel\u00e4inten suojauksella (38193.09.WH1)<\/strong><br \/>\nEdistyksellinen liiketunnistin, joka j\u00e4tt\u00e4\u00e4 huomioimatta enint\u00e4\u00e4n 20 kg painavat lemmikkiel\u00e4imet ja turvaa tilat tunkeilijoilta.<\/li>\n<li><strong>1x MotionCam PhOD -kameran ilmaisin (36489.120.WH1)<\/strong><br \/>\nTarjoaa nopean valokuvien varmennuksen h\u00e4lytyksen sattuessa ja voi l\u00e4hett\u00e4\u00e4 kuvia pyynn\u00f6st\u00e4, mik\u00e4 on ihanteellinen visuaaliseen todentamiseen.<\/li>\n<li><strong>1x Oven anturi\/magneettinen kosketin (38101.13.WH1)<\/strong><br \/>\nOvien ja ikkunoiden valvontaan.<\/li>\n<li><strong>1 sis\u00e4sireeni \u2013 Kotisireeni<br \/>\n<\/strong>Pelottaa ja auttaa pysym\u00e4\u00e4n raiteilla<\/li>\n<li><strong>1x SpaceControl-kaukos\u00e4\u00e4din (38166.04.WH1)<\/strong><br \/>\nH\u00e4lyttimen sujuva ohjaus suoraan k\u00e4dess\u00e4si.<\/li>\n<li><strong>3x alumiiniset h\u00e4lytystarrat<\/strong><br \/>\n(3 kpl A8). Tehokkaat pelotetarrat lis\u00e4turvallisuutta varten.<\/li>\n<\/ul>\n<h3><strong>Miksi valita Ajax Alarm -paketti?<\/strong><\/h3>\n<ol>\n<li><strong>Luotettava turvallisuus<\/strong><br \/>\nEthernet-, WiFi- ja 4G-tuen ansiosta voit aina olla varma, ett\u00e4 h\u00e4lytysj\u00e4rjestelm\u00e4si toimii my\u00f6s kiinteiden Internet-yhteyksien h\u00e4iri\u00f6iss\u00e4.<\/li>\n<li><strong>Joustava ja mukautuva<\/strong><br \/>\nLis\u00e4\u00e4 sireenit, paloh\u00e4lyttimet, vesih\u00e4lyttimet ja \u00e4lylaitteet luodaksesi t\u00e4ydellinen ratkaisu, joka kasvaa tarpeidesi mukaan. Katso koko Ajax-kategoria n\u00e4hd\u00e4ksesi lis\u00e4\u00e4 tuotteita.<\/li>\n<li><strong>K\u00e4ytt\u00e4j\u00e4yst\u00e4v\u00e4llinen<\/strong><br \/>\nYksinkertainen asennus ja hallinta Ajax-sovelluksella matkapuhelimellasi tai tietokoneellasi.<\/li>\n<li><strong>Huipputeknologiaa<\/strong><br \/>\nLiiketunnistimien, kameroiden ja magneettikontaktien ansiosta Ajax tarjoaa turvaratkaisun, joka ei ole vain tehokas vaan my\u00f6s esteettisesti miellytt\u00e4v\u00e4.<\/li>\n<\/ol>\n<h3><strong>Ajax Alarm -paketin edut<\/strong><\/h3>\n<ul>\n<li><strong>Laajennettavissa:<\/strong> Ajaxin modulaarisen ekosysteemin avulla voit helposti lis\u00e4t\u00e4 uusia laitteita tarpeen mukaan.<\/li>\n<li><strong>Ensisijainen viestint\u00e4:<\/strong> Ensiluokkaista tiedonsiirtoa 4G:n, Ethernetin ja WiFin kautta suoraan matkapuhelimeesi.<\/li>\n<li><strong>Varoitusmuotoilu:<\/strong> Sis\u00e4lt\u00e4\u00e4 alumiiniset h\u00e4lytystarrat, jotka varoittavat tehokkaasti mahdollisista tunkeilijoista.<\/li>\n<li><strong>Nopea tuki:<\/strong> Autamme sinua muokkaamaan h\u00e4lytysj\u00e4rjestelm\u00e4si toiveidesi mukaan.<\/li>\n<\/ul>\n<hr \/>\n<p><strong>Ajax Alarm paketti 4G:ll\u00e4 - Turvallinen valinta tulevaisuutta varten.<\/strong><br \/>\nTilaa t\u00e4n\u00e4\u00e4n ja hallitse turvallisuuttasi markkinoiden innovatiivisimmalla h\u00e4lytysj\u00e4rjestelm\u00e4ll\u00e4<\/p>\n<h3><strong>Kysymyksi\u00e4, ajatuksia? \u00c4l\u00e4 ep\u00e4r\u00f6i ottaa meihin yhteytt\u00e4 saadaksesi neuvoja!<\/strong><\/h3>","protected":false},"excerpt":{"rendered":"<p><strong>S\u00e4\u00e4st\u00e4 5% ostamalla t\u00e4m\u00e4 paketti!<\/strong><br \/>\nAjax Alarm -paketti 4G-, LAN- ja WiFi-yhteydell\u00e4 tarjoaa t\u00e4ydellisen tietoturvaratkaisun kotiin ja yrityksille. Pakkaus sis\u00e4lt\u00e4\u00e4 Hub2 Plus, liiketunnistimen, kameratunnistimen, magneettikoskettimen, kaukos\u00e4\u00e4timen ja h\u00e4lytystarrat. T\u00e4ysin yhteensopiva Ajax-ekosysteemin kanssa turvallisuuden ja joustavuuden vuoksi.<\/p>","protected":false},"featured_media":152076,"template":"","meta":{"_acf_changed":false},"product_brand":[],"product_cat":[1319,3166],"product_tag":[],"class_list":{"0":"post-145768","1":"product","2":"type-product","3":"status-publish","4":"has-post-thumbnail","6":"product_cat-ajax-larm","7":"product_cat-larmpaket","8":"pa_brands-ajax-systems","9":"tm-no-options","11":"first","12":"instock","13":"sale","14":"taxable","15":"shipping-taxable","16":"purchasable","17":"product-type-woosb"},"acf":[],"_links":{"self":[{"href":"https:\/\/secureus.se\/fi\/wp-json\/wp\/v2\/product\/145768","targetHints":{"allow":["GET"]}}],"collection":[{"href":"https:\/\/secureus.se\/fi\/wp-json\/wp\/v2\/product"}],"about":[{"href":"https:\/\/secureus.se\/fi\/wp-json\/wp\/v2\/types\/product"}],"wp:featuredmedia":[{"embeddable":true,"href":"https:\/\/secureus.se\/fi\/wp-json\/wp\/v2\/media\/152076"}],"wp:attachment":[{"href":"https:\/\/secureus.se\/fi\/wp-json\/wp\/v2\/media?parent=145768"}],"wp:term":[{"taxonomy":"product_brand","embeddable":true,"href":"https:\/\/secureus.se\/fi\/wp-json\/wp\/v2\/product_brand?post=145768"},{"taxonomy":"product_cat","embeddable":true,"href":"https:\/\/secureus.se\/fi\/wp-json\/wp\/v2\/product_cat?post=145768"},{"taxonomy":"product_tag","embeddable":true,"href":"https:\/\/secureus.se\/fi\/wp-json\/wp\/v2\/product_tag?post=145768"}],"curies":[{"name":"wp","href":"https:\/\/api.w.org\/{rel}","templated":true}]}}