{"id":145777,"date":"2024-12-10T13:21:57","date_gmt":"2024-12-10T12:21:57","guid":{"rendered":"https:\/\/secureus.se\/?post_type=product&#038;p=145777"},"modified":"2025-11-09T16:13:31","modified_gmt":"2025-11-09T15:13:31","slug":"dsc-larmpaket-hs2016-engelsk-text-5-sprak","status":"publish","type":"product","link":"https:\/\/secureus.se\/fi\/dsc-larmpaket-hs2016-engelsk-text-5-sprak\/","title":{"rendered":"DSC H\u00e4lytyspaketti HS2016 \u2013 Englanninkielinen teksti + 5 kielt\u00e4"},"content":{"rendered":"<h1>DSC H\u00e4lytyspaketti HS2016<\/h1>\n<h1>Rakenna oma DSC-h\u00e4lytyspakettisi HS2016<\/h1>\n<p><strong><span style=\"text-decoration: underline;\"><span class=\"ui-provider vi b c d e f g h i j k l m n o p q r s t u v w x y z ab ac ae af ag ah ai aj ak\" dir=\"ltr\">DSC-h\u00e4lytyspaketti Tuotteen n\u00e4pp\u00e4imist\u00f6ss\u00e4 on seuraavat kielet: <\/span><\/span><\/strong><strong><span style=\"text-decoration: underline;\"><span class=\"ui-provider vi b c d e f g h i j k l m n o p q r s t u v w x y z ab ac ae af ag ah ai aj ak\" dir=\"ltr\">Englanti, ranska, italia, saksa, hollanti ja puola.<\/span><\/span><\/strong>DSC H\u00e4lytyspaketti PowerSeries Neo HS2016:lla jopa 16 osion laajentamiseen. J\u00e4rjestelm\u00e4 sopii erinomaisesti niin yrityksiin kuin eksklusiivisiin koteihin, joissa toiminnallisuus, turvallisuus ja laatu ovat etusijalla SBSC-sertifikaattiluokka 2. Langallinen n\u00e4pp\u00e4imist\u00f6 HS2LCDRF tekstin\u00e4yt\u00f6ll\u00e4 ja sis\u00e4\u00e4nrakennetulla 2-suuntaisella PowerG-radiovastaanottimella ja muut lis\u00e4varusteet, langalliset ja\/tai langattomat kullekin asennukselle sopivan langattomien laitteiden mukaan, eli 16 langatonta ilmaisinta voidaan liitt\u00e4\u00e4 suoraan j\u00e4rjestelm\u00e4\u00e4n ilman lis\u00e4laitteita. Tarvitaan kuitenkin DSC-h\u00e4lytyspaketissa perusversiossa 7 langallista osaa (6 emolevyll\u00e4, 1 n\u00e4pp\u00e4imist\u00f6ll\u00e4), jotka voidaan yhdist\u00e4\u00e4 langattomiin laitteisiin, kunhan kokonaism\u00e4\u00e4r\u00e4 on enint\u00e4\u00e4n 16. Kaukos\u00e4\u00e4timet, n\u00e4pp\u00e4imist\u00f6t ja sireenit eiv\u00e4t vie osiotilaa j\u00e4rjestelm\u00e4ss\u00e4, eik\u00e4 niit\u00e4 lasketa osarajaan Useiden langallisten osien k\u00e4ytt\u00e4miseen tarvitaan HSM2108 (E6309320) -osakortti.<strong>DSC-h\u00e4lytyspaketin sis\u00e4lt\u00f6:<\/strong><\/p>\n<ul>\n<li>Emolevy PowerSeries Neo HS2016<\/li>\n<li>Langallinen n\u00e4pp\u00e4imist\u00f6 HS2LCDRF tekstin\u00e4yt\u00f6ll\u00e4 ja sis\u00e4\u00e4nrakennetulla 2-suuntaisella PowerG-radiol\u00e4hetin-vastaanottimella<\/li>\n<li>Sis\u00e4\u00e4nrakennettu radiol\u00e4hetin-vastaanotin<\/li>\n<li>Peltikotelo DSC Small<\/li>\n<li>Sis\u00e4\u00e4nrakennettu muuntaja<\/li>\n<li>Vara-akku 7Ah<\/li>\n<\/ul>\n<p>&nbsp;<\/p>\n<ul>\n<li>Powerseries Neo on ammattimainen ja hyv\u00e4ksytty murtoh\u00e4lytin sek\u00e4 langalliseen ett\u00e4 langattomaan asennukseen. Tuote on SP:n testaama SSF1014 (painos 5) mukaisesti ja sill\u00e4 on SBSC-sertifikaatit sek\u00e4 h\u00e4lytysluokassa R ett\u00e4 h\u00e4lytysluokassa 2. H\u00e4lytysl\u00e4hettimi\u00e4 on saatavana sek\u00e4 h\u00e4lytysluokkaan 2 ett\u00e4 h\u00e4lytysluokkaan 3-4.<\/li>\n<li><strong>Miksi PowerSeries on poikkeuksellinen<\/strong>Mahdollisuus valvoa jopa 128 vy\u00f6hykett\u00e4 langattomasti ja laitteistoittain tekee PowerSeriesist\u00e4 poikkeuksellisen suuriin asennuksiin. Lis\u00e4ksi 8 osiota mahdollistavat r\u00e4\u00e4t\u00e4l\u00f6idyt tietoturvaratkaisut yrityksen tai kodin eri osa-alueille.<strong>PowerSeries Neo: Tietoturva uusilla tasoilla<\/strong><strong>DSC Alarm -pakettien ja DSC-tuotteiden esittely<\/strong><\/li>\n<li>DSC:n PowerSeries Neo m\u00e4\u00e4rittelee tunkeutumissuojauksen uudelleen yhdist\u00e4m\u00e4ll\u00e4 modulaarisuuden ja langallisen liitett\u00e4vyyden \u2013 laajan valikoiman langattomien laitteiden ja lis\u00e4varusteiden yksinkertaisuuteen. Tuloksena on markkinoiden kattavin hybridij\u00e4rjestelm\u00e4.<strong><span style=\"text-decoration: underline;\">Miksi PowerSeries on uraauurtava ratkaisu<\/span><\/strong>T\u00e4m\u00e4 t\u00e4ysin uusi ja poikkeuksellisen joustava alusta hy\u00f6dynt\u00e4\u00e4 PowerG:n ylivertaisia ominaisuuksia \u2013 alan johtavaa langatonta tunkeutumistekniikkaa. Innovatiiviset h\u00e4lytyksen todentamisratkaisut ja kattava ohjelmistopaketti et\u00e4palveluita varten tekev\u00e4t PowerSeriesist\u00e4 optimaalisen premium-ratkaisun koteihin ja yrityksille.<span style=\"text-decoration: underline;\"><strong>Joustavuus tietoturvassa<\/strong><\/span>PowerSeries Neo yhdist\u00e4\u00e4 molempien maailmojen parhaat puolet \u2013 langallisten j\u00e4rjestelmien vakauden ja langattomien laitteiden joustavuuden. T\u00e4m\u00e4 mahdollistaa r\u00e4\u00e4t\u00e4l\u00f6innin ainutlaatuisiin tarpeisiin ja tekee siit\u00e4 markkinoiden mukautetuimman j\u00e4rjestelm\u00e4n.<span style=\"text-decoration: underline;\"><strong>Innovatiivinen teknologia ylivertaiseen turvallisuuteen<\/strong><\/span>PowerG-teknologian avulla PowerSeries vie tietoturvan uudelle tasolle. Se ei ainoastaan tarjoa luotettavaa tunkeutumissuojaa, vaan mahdollistaa my\u00f6s sujuvan integroinnin eri langattomien laitteiden kanssa.<br \/>\n<h3><strong>H\u00e4lytysten vahvistus ja et\u00e4palvelut<\/strong><\/h3>\n<p>PowerSeries sis\u00e4lt\u00e4\u00e4 innovatiivisia h\u00e4lytyksen varmistusratkaisuja, jotka varmistavat oikean vastauksen jokaiseen h\u00e4lytykseen. Kattava et\u00e4palveluohjelmisto mahdollistaa valvonnan ja hallinnan miss\u00e4 tahansa.<\/p>\n<h3><strong>PowerSeriesin UKK<\/strong><\/h3>\n<p><strong>K: Miksi PowerSeriesia kutsutaan hybridiratkaisuksi?<\/strong>V: PowerSeries on hybridi, koska se yhdist\u00e4\u00e4 langallisen ja langattoman tekniikan t\u00e4ydelliseksi ja mukautettavaksi tietoturvaratkaisuksi.<strong>K: Kuinka PowerG-tekniikka takaa erinomaisen langattoman tietoturvan?<\/strong>V: PowerG-tekniikka tarjoaa luotettavan yhteyden lis\u00e4ksi my\u00f6s salauksen ja peukaloinnin eston ylivertaisen turvallisuuden takaamiseksi.<strong>K: Millaisia langattomia laitteita voidaan integroida PowerSeries-j\u00e4rjestelm\u00e4\u00e4n?<\/strong>V: PowerSeries tukee laajaa valikoimaa langattomia laitteita, mukaan lukien ilmaisimet, kamerat ja \u00e4lykodin lis\u00e4varusteet.<strong>K: Mik\u00e4 on h\u00e4lytyksen vahvistus ja miksi se on t\u00e4rke\u00e4\u00e4?<\/strong>V: H\u00e4lytysten tarkistus varmistaa, ett\u00e4 jokainen h\u00e4lytys on aito, mik\u00e4 v\u00e4hent\u00e4\u00e4 v\u00e4\u00e4ri\u00e4 h\u00e4lytyksi\u00e4 ja tarjoaa nopeampia ja tarkempia vastauksia turvaj\u00e4rjestelm\u00e4st\u00e4.<strong>K: Voinko valvoa ja ohjata PowerSeriesia et\u00e4n\u00e4?<\/strong>V: Kyll\u00e4, kattava et\u00e4palveluohjelmisto mahdollistaa seurannan ja ohjauksen mobiilisovelluksen tai tietokoneen kautta miss\u00e4 ikin\u00e4 oletkin.<strong>K: Sopiiko PowerSeries sek\u00e4 koti- ett\u00e4 kaupalliseen k\u00e4ytt\u00f6\u00f6n?<\/strong>V: Kyll\u00e4, sen joustavuus ja r\u00e4\u00e4t\u00e4l\u00f6idyt ratkaisut tekev\u00e4t siit\u00e4 ihanteellisen sek\u00e4 asuin- ett\u00e4 kaupallisiin sovelluksiin.<\/p>\n<h3><strong>Johtop\u00e4\u00e4t\u00f6s<\/strong><\/h3>\n<p>PowerSeries Neon avulla et saa vain tietoturvaratkaisua; saat innovaatioita, joustavuutta ja huipputeknologiaa.<\/li>\n<\/ul>\n<p><b>\u00a0<\/b><\/p>","protected":false},"excerpt":{"rendered":"<p>DSC NEO hybridih\u00e4lytin - Sekoita langatonta ja langallista haluamallasi tavalla langattomien PowerG-lis\u00e4varusteiden kanssa - Alin hinta!<\/p>","protected":false},"featured_media":141117,"template":"","meta":{"_acf_changed":false},"product_brand":[],"product_cat":[1322,3318],"product_tag":[],"class_list":{"0":"post-145777","1":"product","2":"type-product","3":"status-publish","4":"has-post-thumbnail","6":"product_cat-dsc-larm-neo-power-hybridlarm","7":"product_cat-larmpaket-dsc-larm-neo-power-hybridlarm","8":"pa_brands-dsc","9":"tm-no-options","11":"first","12":"instock","13":"sale","14":"taxable","15":"shipping-taxable","16":"purchasable","17":"product-type-woosb"},"acf":[],"_links":{"self":[{"href":"https:\/\/secureus.se\/fi\/wp-json\/wp\/v2\/product\/145777","targetHints":{"allow":["GET"]}}],"collection":[{"href":"https:\/\/secureus.se\/fi\/wp-json\/wp\/v2\/product"}],"about":[{"href":"https:\/\/secureus.se\/fi\/wp-json\/wp\/v2\/types\/product"}],"wp:featuredmedia":[{"embeddable":true,"href":"https:\/\/secureus.se\/fi\/wp-json\/wp\/v2\/media\/141117"}],"wp:attachment":[{"href":"https:\/\/secureus.se\/fi\/wp-json\/wp\/v2\/media?parent=145777"}],"wp:term":[{"taxonomy":"product_brand","embeddable":true,"href":"https:\/\/secureus.se\/fi\/wp-json\/wp\/v2\/product_brand?post=145777"},{"taxonomy":"product_cat","embeddable":true,"href":"https:\/\/secureus.se\/fi\/wp-json\/wp\/v2\/product_cat?post=145777"},{"taxonomy":"product_tag","embeddable":true,"href":"https:\/\/secureus.se\/fi\/wp-json\/wp\/v2\/product_tag?post=145777"}],"curies":[{"name":"wp","href":"https:\/\/api.w.org\/{rel}","templated":true}]}}