{"id":145786,"date":"2024-12-10T13:26:11","date_gmt":"2024-12-10T12:26:11","guid":{"rendered":"https:\/\/secureus.se\/?post_type=product&#038;p=145786"},"modified":"2025-10-21T11:53:39","modified_gmt":"2025-10-21T09:53:39","slug":"paket-abloy-eltryckeslas-el482-29mm-kabel-ea220-ea281","status":"publish","type":"product","link":"https:\/\/secureus.se\/fi\/paket-abloy-eltryckeslas-el482-29mm-kabel-ea220-ea281\/","title":{"rendered":"Paketti \u2013 Abloy Electric push lock EL482 29mm + kaapeli EA220 + EA281"},"content":{"rendered":"<p>T\u00e4ydellinen setti, joka sis\u00e4lt\u00e4\u00e4 1 kpl: 1 kpl Lukko EL482 29mm1 kpl Kaapeli EA220 10 metri\u00e41 kpl Abloy Runkosiirto 512mm<\/p>\n<h1 class=\"product_title entry-title\"><\/h1>\n<p>&nbsp;<\/p>","protected":false},"excerpt":{"rendered":"<p>Assa Abloyn lukot halvimmalla hinnalla.<\/p>","protected":false},"featured_media":140042,"template":"","meta":{"_acf_changed":false},"product_brand":[],"product_cat":[2429],"product_tag":[2290,4863],"class_list":{"0":"post-145786","1":"product","2":"type-product","3":"status-publish","4":"has-post-thumbnail","6":"product_cat-ellas","7":"product_tag-ellas-komplett-sats-kpl","8":"product_tag-pf","9":"pa_brands-abloy","10":"tm-no-options","12":"first","13":"instock","14":"sale","15":"taxable","16":"shipping-taxable","17":"purchasable","18":"product-type-woosb"},"acf":[],"_links":{"self":[{"href":"https:\/\/secureus.se\/fi\/wp-json\/wp\/v2\/product\/145786","targetHints":{"allow":["GET"]}}],"collection":[{"href":"https:\/\/secureus.se\/fi\/wp-json\/wp\/v2\/product"}],"about":[{"href":"https:\/\/secureus.se\/fi\/wp-json\/wp\/v2\/types\/product"}],"wp:featuredmedia":[{"embeddable":true,"href":"https:\/\/secureus.se\/fi\/wp-json\/wp\/v2\/media\/140042"}],"wp:attachment":[{"href":"https:\/\/secureus.se\/fi\/wp-json\/wp\/v2\/media?parent=145786"}],"wp:term":[{"taxonomy":"product_brand","embeddable":true,"href":"https:\/\/secureus.se\/fi\/wp-json\/wp\/v2\/product_brand?post=145786"},{"taxonomy":"product_cat","embeddable":true,"href":"https:\/\/secureus.se\/fi\/wp-json\/wp\/v2\/product_cat?post=145786"},{"taxonomy":"product_tag","embeddable":true,"href":"https:\/\/secureus.se\/fi\/wp-json\/wp\/v2\/product_tag?post=145786"}],"curies":[{"name":"wp","href":"https:\/\/api.w.org\/{rel}","templated":true}]}}