{"id":145856,"date":"2024-12-12T13:28:01","date_gmt":"2024-12-12T12:28:01","guid":{"rendered":"https:\/\/secureus.se\/?post_type=product&#038;p=145856"},"modified":"2026-04-13T16:06:24","modified_gmt":"2026-04-13T14:06:24","slug":"larmdekal-dubbelsidig-sjalvhaftande-overvakat-6pack","status":"publish","type":"product","link":"https:\/\/secureus.se\/fi\/larmdekal-dubbelsidig-sjalvhaftande-overvakat-6pack\/","title":{"rendered":"H\u00e4lytystarra Kaksipuolinen Itseliimautuva Valvottu - 6 kpl"},"content":{"rendered":"<p><em>Vahvista turvallisuuttasi k\u00e4yt\u00e4nn\u00f6llisill\u00e4 6-pakkaisilla itseliimautuvilla kaksipuolisilla h\u00e4lytystarroilla. T\u00e4m\u00e4 sarja sis\u00e4lt\u00e4\u00e4 2 A6-kokoa ja 4 A8-kokoa, mik\u00e4 tarjoaa sinulle monipuolisen ratkaisun t\u00e4rkeimpien sis\u00e4\u00e4ntulopisteiden merkitsemiseen. H\u00e4lytintarramme on valmistettu korkealaatuisesta polykarbonaatista, jolla on hyv\u00e4 kulutuskest\u00e4vyys ja kyky kest\u00e4\u00e4 l\u00e4mp\u00f6tilan vaikutuksia. T\u00e4ll\u00e4 sarjalla voit varmistaa, ett\u00e4 alueesi ovat selke\u00e4sti merkittyj\u00e4 ja n\u00e4kyvi\u00e4 sek\u00e4 sis\u00e4ll\u00e4 ett\u00e4 ulkona. Paranna turvallisuuttasi t\u00e4ll\u00e4 6-pakkauksella \u2013 yksinkertainen, tehokas ja luotettava ratkaisu.<\/em><\/p>\n<p>H\u00e4lytystarrat toimivat vahvana visuaalisena pelotteena mahdollisilta tunkeutumisyrityksilt\u00e4.<\/p>\n<p><strong>Tukeva ja kest\u00e4v\u00e4<\/strong><br \/>\nValmistettu korkealaatuisesta polykarbonaatista. H\u00e4lytintarramme on suunniteltu kest\u00e4m\u00e4\u00e4n sek\u00e4 kulumista ett\u00e4 l\u00e4mp\u00f6tiloja.<\/p>\n<p><strong>Kaksipuolinen muotoilu<\/strong><br \/>\nN\u00e4iden h\u00e4lytystarrojen paras ominaisuus on, ett\u00e4 ne ovat kaksipuolisia. T\u00e4m\u00e4 tarkoittaa, ett\u00e4 aihe on n\u00e4kyviss\u00e4 sek\u00e4 sis\u00e4ll\u00e4 ett\u00e4 ulkona, mik\u00e4 lis\u00e4\u00e4 turvallisuutta ja n\u00e4kyvyytt\u00e4 miss\u00e4 tahansa oletkin.<\/p>\n<p>T\u00e4m\u00e4 h\u00e4lytystarra on yht\u00e4 tehokas sis\u00e4ll\u00e4 kuin ulkona. Kest\u00e4vyyden lis\u00e4\u00e4miseksi ne voidaan sijoittaa sis\u00e4tiloihin lis\u00e4suojaksi. Se antaa sinulle joustavuutta mukauttaa turvatoimesi erityistarpeidesi mukaan.<\/p>\n<h3>K\u00e4ytt\u00f6alueet:<\/h3>\n<ul>\n<li><strong>Koti:<\/strong> Suojaa perhett\u00e4si ja kotiasi kiinnitt\u00e4m\u00e4ll\u00e4 n\u00e4m\u00e4 h\u00e4lytystarrat kaikkiin t\u00e4rkeisiin sis\u00e4\u00e4nk\u00e4yntiin.<br \/>\n<strong>Yritys:<\/strong> Paranna ty\u00f6paikkasi turvallisuutta tuomalla kriittisimm\u00e4t alueet n\u00e4kyville sek\u00e4 ty\u00f6ntekij\u00f6ille ett\u00e4 vierailijoille.<br \/>\n<strong>Liikkeet ja yritykset:<\/strong> Luo turvallisempi ymp\u00e4rist\u00f6 asiakkaillesi ja henkil\u00f6kunnallesi merkitsem\u00e4ll\u00e4 t\u00e4rkeimm\u00e4t sis\u00e4\u00e4n- ja ulosk\u00e4ynnit.<\/li>\n<\/ul>\n<h3>Tuotteen tekniset tiedot:<\/h3>\n<ul>\n<li>Materiaali: Polykarbonaatti<\/li>\n<li>Mitat: 2 kpl 105 x 148,5 mm<b>\u00a0 \u2013 <\/b>4 kpl 52 x 74 mm<\/li>\n<\/ul>\n<h3>Paketti sis\u00e4lt\u00e4\u00e4:<\/h3>\n<ul>\n<li>2 kpl 105 x 148,5 mm kaksipuolisia itseliimautuvia h\u00e4lytystarroja<\/li>\n<li><b><\/b>4 kpl 52 x 74 mm kaksipuolisia itseliimautuvia h\u00e4lytystarroja<\/li>\n<\/ul>\n<p>Nosta turvatasoa luotettavilla itseliimautuvilla kaksipuolisilla h\u00e4lytystarroillamme. Jokainen tarra on investointi turvallisuuteen!<\/p>","protected":false},"excerpt":{"rendered":"<p><em><strong><img decoding=\"async\" class=\"alignnone wp-image-145862 alignleft\" src=\"https:\/\/secureus.se\/wp-content\/uploads\/2024\/12\/6pack-300x125.png\" alt=\"\" width=\"151\" height=\"63\" srcset=\"https:\/\/secureus.se\/wp-content\/uploads\/2024\/12\/6pack-300x125.png 300w, https:\/\/secureus.se\/wp-content\/uploads\/2024\/12\/6pack-350x145.png 350w, https:\/\/secureus.se\/wp-content\/uploads\/2024\/12\/6pack-64x27.png 64w, https:\/\/secureus.se\/wp-content\/uploads\/2024\/12\/6pack-18x7.png 18w, https:\/\/secureus.se\/wp-content\/uploads\/2024\/12\/6pack.png 390w\" sizes=\"(max-width: 151px) 100vw, 151px\" \/><\/strong><\/em><\/p>\n<p style=\"text-align: left;\"><em>Merkitse sis\u00e4\u00e4ntulopisteesi itseliimautuvalla kaksipuolisella h\u00e4lytystarrallamme. Valmistettu kest\u00e4v\u00e4st\u00e4 polykarbonaatista. Koska n\u00e4kyvyys on sek\u00e4 sis\u00e4ll\u00e4 ett\u00e4 ulkona, t\u00e4m\u00e4 on v\u00e4ltt\u00e4m\u00e4t\u00f6n turvallisuuden lis\u00e4\u00e4miseksi. Sis\u00e4lt\u00e4\u00e4 2 A6-kokoa ja 4 A8-kokoa joustavaan sijoitteluun. Ole n\u00e4kyv\u00e4 ja turvallinen.<\/em><\/p>","protected":false},"featured_media":145859,"template":"","meta":{"_acf_changed":false},"product_brand":[],"product_cat":[1323],"product_tag":[3053],"class_list":{"0":"post-145856","1":"product","2":"type-product","3":"status-publish","4":"has-post-thumbnail","6":"product_cat-larmdekaler","7":"product_tag-nyhet","8":"product_shipping_class-dekaler-skyltar","9":"tm-no-options","11":"first","12":"outofstock","13":"sale","14":"featured","15":"taxable","16":"shipping-taxable","17":"purchasable","18":"product-type-simple"},"acf":[],"_links":{"self":[{"href":"https:\/\/secureus.se\/fi\/wp-json\/wp\/v2\/product\/145856","targetHints":{"allow":["GET"]}}],"collection":[{"href":"https:\/\/secureus.se\/fi\/wp-json\/wp\/v2\/product"}],"about":[{"href":"https:\/\/secureus.se\/fi\/wp-json\/wp\/v2\/types\/product"}],"wp:featuredmedia":[{"embeddable":true,"href":"https:\/\/secureus.se\/fi\/wp-json\/wp\/v2\/media\/145859"}],"wp:attachment":[{"href":"https:\/\/secureus.se\/fi\/wp-json\/wp\/v2\/media?parent=145856"}],"wp:term":[{"taxonomy":"product_brand","embeddable":true,"href":"https:\/\/secureus.se\/fi\/wp-json\/wp\/v2\/product_brand?post=145856"},{"taxonomy":"product_cat","embeddable":true,"href":"https:\/\/secureus.se\/fi\/wp-json\/wp\/v2\/product_cat?post=145856"},{"taxonomy":"product_tag","embeddable":true,"href":"https:\/\/secureus.se\/fi\/wp-json\/wp\/v2\/product_tag?post=145856"}],"curies":[{"name":"wp","href":"https:\/\/api.w.org\/{rel}","templated":true}]}}