{"id":146121,"date":"2024-12-28T13:45:20","date_gmt":"2024-12-28T12:45:20","guid":{"rendered":"https:\/\/secureus.se\/svart-original-pac-tagg-21020-med-klamma\/"},"modified":"2025-12-31T21:36:24","modified_gmt":"2025-12-31T20:36:24","slug":"svart-original-pac-tagg-21020-med-klamma","status":"publish","type":"product","link":"https:\/\/secureus.se\/fi\/svart-original-pac-tagg-21020-med-klamma\/","title":{"rendered":"Musta alkuper\u00e4inen PAC Tag 21020 klipsill\u00e4"},"content":{"rendered":"<p>N\u00e4m\u00e4 mustat PAC-tunnisteet, joissa on klipsi, tarjoavat turvallisen tavan p\u00e4\u00e4st\u00e4 rakennukseen. Tokenit toimivat 153,6 kHz:n taajuudella ja ovat erinomainen vaihtoehto perinteisille mekaanisille avaimille.<\/p>\n<p>Toimii 153,6 kHz taajuudella<br \/>\nYhteensopiva PAC Low Frequency ja Multi-Technology -lukijoiden kanssa<br \/>\nElinik\u00e4inen takuu elektronisia vikoja vastaan<\/p>","protected":false},"excerpt":{"rendered":"<p>Alkuper\u00e4iset PAC-tunnisteet<\/p>","protected":false},"featured_media":146120,"template":"","meta":{"_acf_changed":false},"product_brand":[],"product_cat":[4819],"product_tag":[],"class_list":{"0":"post-146121","1":"product","2":"type-product","3":"status-publish","4":"has-post-thumbnail","6":"product_cat-stanley-pac-taggar","7":"product_shipping_class-postnord-varubrev","8":"pa_brands-pac","9":"tm-no-options","11":"first","12":"instock","13":"taxable","14":"shipping-taxable","15":"purchasable","16":"product-type-simple"},"acf":[],"_links":{"self":[{"href":"https:\/\/secureus.se\/fi\/wp-json\/wp\/v2\/product\/146121","targetHints":{"allow":["GET"]}}],"collection":[{"href":"https:\/\/secureus.se\/fi\/wp-json\/wp\/v2\/product"}],"about":[{"href":"https:\/\/secureus.se\/fi\/wp-json\/wp\/v2\/types\/product"}],"wp:featuredmedia":[{"embeddable":true,"href":"https:\/\/secureus.se\/fi\/wp-json\/wp\/v2\/media\/146120"}],"wp:attachment":[{"href":"https:\/\/secureus.se\/fi\/wp-json\/wp\/v2\/media?parent=146121"}],"wp:term":[{"taxonomy":"product_brand","embeddable":true,"href":"https:\/\/secureus.se\/fi\/wp-json\/wp\/v2\/product_brand?post=146121"},{"taxonomy":"product_cat","embeddable":true,"href":"https:\/\/secureus.se\/fi\/wp-json\/wp\/v2\/product_cat?post=146121"},{"taxonomy":"product_tag","embeddable":true,"href":"https:\/\/secureus.se\/fi\/wp-json\/wp\/v2\/product_tag?post=146121"}],"curies":[{"name":"wp","href":"https:\/\/api.w.org\/{rel}","templated":true}]}}