{"id":146151,"date":"2024-12-30T14:57:02","date_gmt":"2024-12-30T13:57:02","guid":{"rendered":"https:\/\/secureus.se\/?post_type=product&#038;p=146151"},"modified":"2026-04-09T11:32:45","modified_gmt":"2026-04-09T09:32:45","slug":"risco-lunar-dt-360-takmonterad-detektor-klass-3-rk150dtg3","status":"publish","type":"product","link":"https:\/\/secureus.se\/fi\/risco-lunar-dt-360-takmonterad-detektor-klass-3-rk150dtg3\/","title":{"rendered":"RISCO LuNAR DT 360 kattoon asennettava ilmaisin, luokka 3 RK150DTG3"},"content":{"rendered":"<h1>RISCO LuNAR DT 360 kattoon asennettava ilmaisin, luokka 3 RK150DTG3<\/h1>\n<p data-start=\"457\" data-end=\"890\">RISCO LuNAR DT 360 -kattoasenteinen ilmaisin (malli RK150DTG3) on suunniteltu tarjoamaan korkeaa turvallisuutta edistyneell\u00e4 tunnistustekniikalla.<\/p>\n<p data-start=\"457\" data-end=\"890\">T\u00e4m\u00e4 ilmaisin k\u00e4ytt\u00e4\u00e4 PIR- (passiivinen infrapunasensori) ja MW- (mikroaalto) -tekniikan yhdistelm\u00e4\u00e4 10,525 GHz:n taajuudella, mik\u00e4 tekee siit\u00e4 eritt\u00e4in herk\u00e4n ja tarkan liike- ja l\u00e4mp\u00f6tilasignaaleille.<\/p>\n<p data-start=\"457\" data-end=\"890\">360\u00b0 n\u00e4k\u00f6kent\u00e4n ja jopa 12 metrin kantaman ansiosta se sopii t\u00e4ydellisesti suurten sis\u00e4alueiden valvontaan.<\/p>\n<p data-start=\"892\" data-end=\"1225\">Ilmaisimessa on ainutlaatuinen 110\u00b0 pallomainen linssi, joka tarjoaa t\u00e4yden 360\u00b0 peiton ilman katveita.<\/p>\n<p data-start=\"892\" data-end=\"1225\">Siin\u00e4 on my\u00f6s peitt\u00e4misen esto-ominaisuus, jonka avulla se tunnistaa esteet, jotka yritt\u00e4v\u00e4t peitt\u00e4\u00e4 sen n\u00e4k\u00f6kent\u00e4n tai peitt\u00e4\u00e4 liiketunnistuksen.<\/p>\n<p data-start=\"892\" data-end=\"1225\">T\u00e4m\u00e4 tekee siit\u00e4 erityisen hy\u00f6dyllisen alueilla, joilla vaaditaan korkeaa turvallisuutta.<\/p>\n<p data-start=\"1227\" data-end=\"1516\">Ilmaisimen asennuskorkeus on 2,4\u20134 metri\u00e4, joten se sopii joustavasti erityyppisiin rakennuksiin ja tiloihin.<\/p>\n<p data-start=\"1227\" data-end=\"1516\">Sen matala profiili ja kompakti muotoilu tekev\u00e4t siit\u00e4 helpon integroida erilaisiin asennuksiin s\u00e4ilytt\u00e4en samalla huomaamattoman ulkon\u00e4\u00f6n.<\/p>\n<p data-start=\"1518\" data-end=\"1843\">Luotettavan suorituskyvyn varmistamiseksi kaikissa ymp\u00e4rist\u00f6iss\u00e4 ilmaisin on varustettu l\u00e4mp\u00f6tilakompensaatiolla, jonka ansiosta se toimii optimaalisesti l\u00e4mp\u00f6tilan muutoksista riippumatta.<\/p>\n<p data-start=\"1518\" data-end=\"1843\">Ilmaisimessa on my\u00f6s sis\u00e4\u00e4nrakennetut vastukset vihre\u00e4ll\u00e4 linjalla ulkoisten tekij\u00f6iden vaikutuksen v\u00e4hent\u00e4miseksi ja pitk\u00e4aikaisen ja vakaan toiminnan varmistamiseksi.<\/p>\n<p data-start=\"1845\" data-end=\"2123\">T\u00e4m\u00e4 ilmaisin on ihanteellinen ratkaisu varmistamaan turvaj\u00e4rjestelm\u00e4si tehokas toiminta aiheuttamatta v\u00e4\u00e4ri\u00e4 h\u00e4lytyksi\u00e4.<\/p>\n<p data-start=\"1845\" data-end=\"2123\">Ilmaisin on sertifioitu turvallisuusluokan 3 mukaisesti, mik\u00e4 tarkoittaa, ett\u00e4 se t\u00e4ytt\u00e4\u00e4 turvallisuuskriittisten alueiden k\u00e4ytt\u00f6\u00f6n asetetut korkeat vaatimukset.<\/p>\n<p data-start=\"2125\" data-end=\"2153\"><strong data-start=\"2125\" data-end=\"2153\">P\u00e4\u00e4ominaisuudet:<\/strong><\/p>\n<ul data-start=\"2154\" data-end=\"2548\">\n<li data-start=\"2154\" data-end=\"2179\">\n<p data-start=\"2156\" data-end=\"2179\"><strong data-start=\"2156\" data-end=\"2170\">Tekniikka:<\/strong> PIR + MW<\/p>\n<\/li>\n<li data-start=\"2180\" data-end=\"2218\">\n<p data-start=\"2182\" data-end=\"2218\"><strong data-start=\"2182\" data-end=\"2203\">Tunnistusalue:<\/strong> 12 metri\u00e4, 360\u00b0<\/p>\n<\/li>\n<li data-start=\"2219\" data-end=\"2260\">\n<p data-start=\"2221\" data-end=\"2260\"><strong data-start=\"2221\" data-end=\"2240\">Asennuskorkeus:<\/strong> 2,4 metri\u00e4 \u2013 4 metri\u00e4<\/p>\n<\/li>\n<li data-start=\"2261\" data-end=\"2291\">\n<p data-start=\"2263\" data-end=\"2291\"><strong data-start=\"2263\" data-end=\"2279\">Mitat:<\/strong> 135 x 27 mm<\/p>\n<\/li>\n<li data-start=\"2292\" data-end=\"2309\">\n<p data-start=\"2294\" data-end=\"2309\"><strong data-start=\"2294\" data-end=\"2303\">Paino:<\/strong> 200 g<\/p>\n<\/li>\n<li data-start=\"2310\" data-end=\"2343\">\n<p data-start=\"2312\" data-end=\"2343\"><strong data-start=\"2312\" data-end=\"2333\">Virtal\u00e4hde:<\/strong> 9\u201316 VDC<\/p>\n<\/li>\n<li data-start=\"2344\" data-end=\"2361\">\n<p data-start=\"2346\" data-end=\"2361\"><strong data-start=\"2346\" data-end=\"2356\">Nykyinen:<\/strong> 16 mA<\/p>\n<\/li>\n<li data-start=\"2362\" data-end=\"2431\">\n<p data-start=\"2364\" data-end=\"2431\"><strong data-start=\"2364\" data-end=\"2379\">Ominaisuudet:<\/strong> Zoomaustoiminto, ACT, peitt\u00e4misen tunnistus, s\u00e4\u00e4dett\u00e4v\u00e4 herkkyys<\/p>\n<\/li>\n<li data-start=\"2432\" data-end=\"2452\">\n<p data-start=\"2434\" data-end=\"2452\"><strong data-start=\"2434\" data-end=\"2445\">V\u00e4rit:<\/strong> Hopea<\/p>\n<\/li>\n<li data-start=\"2453\" data-end=\"2483\">\n<p data-start=\"2455\" data-end=\"2483\"><strong data-start=\"2455\" data-end=\"2471\">Sovellus:<\/strong> Sis\u00e4k\u00e4ytt\u00f6\u00f6n<\/p>\n<\/li>\n<li data-start=\"2484\" data-end=\"2511\">\n<p data-start=\"2486\" data-end=\"2511\"><strong data-start=\"2486\" data-end=\"2498\">Asennus:<\/strong> Asennus kattoon<\/p>\n<\/li>\n<li data-start=\"2512\" data-end=\"2548\">\n<p data-start=\"2514\" data-end=\"2548\"><strong data-start=\"2514\" data-end=\"2531\">Sertifiointi:<\/strong> Turvallisuusluokka 3<\/p>\n<\/li>\n<\/ul>\n<p data-start=\"2550\" data-end=\"2800\">T\u00e4m\u00e4 ilmaisin on erinomainen valinta niille, jotka etsiv\u00e4t tehokasta ratkaisua sis\u00e4tilojen turvallisuuteen.<\/p>\n<p data-start=\"2550\" data-end=\"2800\">Edistyksellisten ominaisuuksiensa ja helpon asennuksensa ansiosta RISCO LuNAR DT 360 on luotettava ja tehokas komponentti ammattimaiseen turvaj\u00e4rjestelm\u00e4\u00e4n.<\/p>","protected":false},"excerpt":{"rendered":"<p>RISCO LuNAR DT 360 -kattoasennettava ilmaisin on eritt\u00e4in turvallinen PIR + MW -kaksoisteknologiaa hy\u00f6dynt\u00e4v\u00e4 ilmaisin, jonka peittoalue on 360\u00b0 ja kantama jopa 12 metri\u00e4.<\/p>\n<p>Varustettuna peitt\u00e4misen tunnistustoiminnolla ja s\u00e4\u00e4dett\u00e4v\u00e4ll\u00e4 herkkyydell\u00e4, se sopii ihanteellisesti k\u00e4ytett\u00e4v\u00e4ksi jopa 4 metrin korkuisissa sis\u00e4asennuksissa.<\/p>","protected":false},"featured_media":146150,"template":"","meta":{"_acf_changed":false},"product_brand":[],"product_cat":[3188],"product_tag":[],"class_list":{"0":"post-146151","1":"product","2":"type-product","3":"status-publish","4":"has-post-thumbnail","6":"product_cat-larmenheter-risco-larm","7":"pa_brands-4risco","8":"pa_farg-silver","9":"tm-no-options","11":"first","12":"instock","13":"taxable","14":"shipping-taxable","15":"purchasable","16":"product-type-simple"},"acf":[],"_links":{"self":[{"href":"https:\/\/secureus.se\/fi\/wp-json\/wp\/v2\/product\/146151","targetHints":{"allow":["GET"]}}],"collection":[{"href":"https:\/\/secureus.se\/fi\/wp-json\/wp\/v2\/product"}],"about":[{"href":"https:\/\/secureus.se\/fi\/wp-json\/wp\/v2\/types\/product"}],"wp:featuredmedia":[{"embeddable":true,"href":"https:\/\/secureus.se\/fi\/wp-json\/wp\/v2\/media\/146150"}],"wp:attachment":[{"href":"https:\/\/secureus.se\/fi\/wp-json\/wp\/v2\/media?parent=146151"}],"wp:term":[{"taxonomy":"product_brand","embeddable":true,"href":"https:\/\/secureus.se\/fi\/wp-json\/wp\/v2\/product_brand?post=146151"},{"taxonomy":"product_cat","embeddable":true,"href":"https:\/\/secureus.se\/fi\/wp-json\/wp\/v2\/product_cat?post=146151"},{"taxonomy":"product_tag","embeddable":true,"href":"https:\/\/secureus.se\/fi\/wp-json\/wp\/v2\/product_tag?post=146151"}],"curies":[{"name":"wp","href":"https:\/\/api.w.org\/{rel}","templated":true}]}}