{"id":146316,"date":"2025-01-08T17:08:18","date_gmt":"2025-01-08T16:08:18","guid":{"rendered":"https:\/\/secureus.se\/?post_type=product&#038;p=146316"},"modified":"2026-01-06T20:58:26","modified_gmt":"2026-01-06T19:58:26","slug":"risco-2mp-vupoint-p2p-ir-ip-kamera-28-mm-objektiv-rvcm52w1400a","status":"publish","type":"product","link":"https:\/\/secureus.se\/fi\/risco-2mp-vupoint-p2p-ir-ip-kamera-28-mm-objektiv-rvcm52w1400a\/","title":{"rendered":"RISCO 2MP VUpoint P2P IR IP-kamera, 2,8 mm:n objektiivi RVCM52W1400A"},"content":{"rendered":"<h1>RISCO 2MP VUpoint P2P IR IP-kamera, 2,8 mm:n objektiivi RVCM52W1400A<\/h1>\n<p data-start=\"459\" data-end=\"794\">RISCO 2MP VUpoint P2P IR IP -kamera (malli RVCM52W1400A) on edistynyt turvaratkaisu, joka tarjoaa selke\u00e4\u00e4 ja yksityiskohtaista videovalvontaa sek\u00e4 p\u00e4iv\u00e4ll\u00e4 ett\u00e4 y\u00f6ll\u00e4.<\/p>\n<p data-start=\"459\" data-end=\"794\">1920\u00d71080 (Full HD) -resoluution ansiosta k\u00e4ytt\u00e4j\u00e4t saavat kristallinkirkasta kuvaa, mik\u00e4 on ratkaisevan t\u00e4rke\u00e4\u00e4 korkean turvallisuuden ja esineiden tai ihmisten nopean tunnistamisen varmistamiseksi.<\/p>\n<p data-start=\"796\" data-end=\"1231\">T\u00e4m\u00e4 IP-kamera k\u00e4ytt\u00e4\u00e4 langatonta P2P (Peer-to-Peer) -tekniikkaa, joten asennus on helppoa ja nopeaa.<\/p>\n<p data-start=\"796\" data-end=\"1231\">Kamera ei vaadi monimutkaista verkkokonfiguraatiota, ja se yhdistyy suoraan j\u00e4rjestelm\u00e4\u00e4si sovelluksen tai verkon kautta.<\/p>\n<p data-start=\"796\" data-end=\"1231\">Siin\u00e4 on kiinte\u00e4 objektiivi, jonka polttov\u00e4li on 2,8 mm, mik\u00e4 tarjoaa laajan kuvakulman laajan alueen kattamiseksi ja per\u00e4ti 114,6\u00b0:n kuvakent\u00e4n.<\/p>\n<p data-start=\"796\" data-end=\"1231\">T\u00e4m\u00e4 tekee siit\u00e4 t\u00e4ydellisen sek\u00e4 sis\u00e4- ett\u00e4 ulkoalueiden valvontaan.<\/p>\n<p data-start=\"1233\" data-end=\"1561\">Yksi t\u00e4m\u00e4n kameran vaikuttavimmista ominaisuuksista on sen y\u00f6n\u00e4k\u00f6.<\/p>\n<p data-start=\"1233\" data-end=\"1561\">Sis\u00e4\u00e4nrakennetun infrapunavalon ansiosta kamera ottaa selkeit\u00e4 kuvia jopa 30 metrin et\u00e4isyydelt\u00e4 my\u00f6s h\u00e4m\u00e4r\u00e4ss\u00e4.<\/p>\n<p data-start=\"1233\" data-end=\"1561\">T\u00e4m\u00e4 tekee kamerasta luotettavan my\u00f6s y\u00f6n pimein\u00e4 tunteina ja varmistaa jatkuvan turvallisuuden kellon ymp\u00e4ri.<\/p>\n<p data-start=\"1563\" data-end=\"1906\">Siin\u00e4 on my\u00f6s sis\u00e4\u00e4nrakennettu mikrofoni, jonka avulla voit kuunnella ymp\u00e4rist\u00f6\u00e4si, mik\u00e4 on loistava ominaisuus \u00e4\u00e4nen ja videon seurantaan.<\/p>\n<p data-start=\"1563\" data-end=\"1906\">Toinen hy\u00f6dyllinen ominaisuus on paikallinen tallennusvaihtoehto SD-kortin kautta, jonka avulla k\u00e4ytt\u00e4j\u00e4t voivat tallentaa tallennettua videota itse kameraan, mik\u00e4 lis\u00e4\u00e4 turvallisuutta ja luotettavuutta.<\/p>\n<p data-start=\"1908\" data-end=\"2186\">IP67-luokituksen ansiosta kamera on t\u00e4ysin suojattu p\u00f6lylt\u00e4 ja kest\u00e4\u00e4 sadetta ja muita s\u00e4\u00e4olosuhteita, joten se sopii t\u00e4ydellisesti sek\u00e4 sis\u00e4- ett\u00e4 ulkok\u00e4ytt\u00f6\u00f6n.<\/p>\n<p data-start=\"1908\" data-end=\"2186\">T\u00e4m\u00e4 mahdollistaa sen k\u00e4yt\u00f6n kaikissa s\u00e4\u00e4olosuhteissa ja tarjoaa turvallisen videovalvonnan tarvittaessa.<\/p>\n<p data-start=\"2188\" data-end=\"2492\">T\u00e4m\u00e4 kamera on ihanteellinen ratkaisu k\u00e4ytt\u00e4jille, jotka etsiv\u00e4t luotettavaa, korkean resoluution ja k\u00e4ytt\u00e4j\u00e4yst\u00e4v\u00e4llist\u00e4 turvakameraa.<\/p>\n<p data-start=\"2188\" data-end=\"2492\">Halusitpa sitten pit\u00e4\u00e4 silm\u00e4ll\u00e4 kotiasi, toimistoasi tai muita kiinteist\u00f6j\u00e4, t\u00e4m\u00e4 kamera tarjoaa kaikki tarvittavat toiminnot ja joustavuuden turvallisuuden yll\u00e4pit\u00e4miseen.<\/p>","protected":false},"excerpt":{"rendered":"<p>RISCO 2MP VUpoint P2P IR IP -kamera on korkearesoluutioinen turvakamera sek\u00e4 sis\u00e4- ett\u00e4 ulkok\u00e4ytt\u00f6\u00f6n.<\/p>\n<p>Sen resoluutio on 1920\u00d71080 ja siin\u00e4 on v\u00e4rillinen y\u00f6n\u00e4k\u00f6, joka ulottuu jopa 30 metriin.<\/p>\n<p>Kamera on helppo asentaa ja siin\u00e4 on langaton yhteys P2P-tekniikan kautta.<\/p>","protected":false},"featured_media":146315,"template":"","meta":{"_acf_changed":false},"product_brand":[],"product_cat":[3192],"product_tag":[],"class_list":{"0":"post-146316","1":"product","2":"type-product","3":"status-publish","4":"has-post-thumbnail","6":"product_cat-risco-ip-kamera","7":"pa_brands-4risco","8":"tm-no-options","10":"first","11":"onbackorder","12":"taxable","13":"shipping-taxable","14":"purchasable","15":"product-type-simple"},"acf":[],"_links":{"self":[{"href":"https:\/\/secureus.se\/fi\/wp-json\/wp\/v2\/product\/146316","targetHints":{"allow":["GET"]}}],"collection":[{"href":"https:\/\/secureus.se\/fi\/wp-json\/wp\/v2\/product"}],"about":[{"href":"https:\/\/secureus.se\/fi\/wp-json\/wp\/v2\/types\/product"}],"wp:featuredmedia":[{"embeddable":true,"href":"https:\/\/secureus.se\/fi\/wp-json\/wp\/v2\/media\/146315"}],"wp:attachment":[{"href":"https:\/\/secureus.se\/fi\/wp-json\/wp\/v2\/media?parent=146316"}],"wp:term":[{"taxonomy":"product_brand","embeddable":true,"href":"https:\/\/secureus.se\/fi\/wp-json\/wp\/v2\/product_brand?post=146316"},{"taxonomy":"product_cat","embeddable":true,"href":"https:\/\/secureus.se\/fi\/wp-json\/wp\/v2\/product_cat?post=146316"},{"taxonomy":"product_tag","embeddable":true,"href":"https:\/\/secureus.se\/fi\/wp-json\/wp\/v2\/product_tag?post=146316"}],"curies":[{"name":"wp","href":"https:\/\/api.w.org\/{rel}","templated":true}]}}