{"id":146326,"date":"2025-01-09T10:49:42","date_gmt":"2025-01-09T09:49:42","guid":{"rendered":"https:\/\/secureus.se\/risco-rvcm32w1600b-vupoint-2mp-inomhus-utomhus-p2p-ir-dome-kamera-28-mm-fast-objektiv\/"},"modified":"2026-04-09T11:32:57","modified_gmt":"2026-04-09T09:32:57","slug":"risco-vupoint-2mp-inomhus-utomhus-p2p-ir-dome-kamera-28-mm-fast-objektiv-rvcm32w1600b","status":"publish","type":"product","link":"https:\/\/secureus.se\/fi\/risco-vupoint-2mp-inomhus-utomhus-p2p-ir-dome-kamera-28-mm-fast-objektiv-rvcm32w1600b\/","title":{"rendered":"RISCO VUPoint 2MP sis\u00e4-\/ulkok\u00e4ytt\u00f6\u00f6n tarkoitettu P2P IR-kupukamera, 2,8 mm:n kiinte\u00e4 objektiivi RVCM32W1600B"},"content":{"rendered":"<div class=\"row headername\">\n<div class=\"row\">\n<h1>RISCO VUPoint 2MP sis\u00e4-\/ulkok\u00e4ytt\u00f6\u00f6n tarkoitettu P2P IR-kupukamera, 2,8 mm:n kiinte\u00e4 objektiivi RVCM32W1600B<\/h1>\n<p data-start=\"486\" data-end=\"898\">RISCO VUPoint 2MP sis\u00e4-\/ulkok\u00e4ytt\u00f6\u00f6n tarkoitettu P2P IR-kupukamera (malli RVCM32W1600B) on edistynyt turvaratkaisu, joka yhdist\u00e4\u00e4 ter\u00e4v\u00e4piirtovideotallennuksen, luotettavan toiminnallisuuden ja helpon asennuksen sek\u00e4 sis\u00e4- ett\u00e4 ulkok\u00e4ytt\u00f6\u00f6n.<\/p>\n<p data-start=\"486\" data-end=\"898\">2 megapikselin resoluutiolla kamera tuottaa kristallinkirkasta videota, jonka avulla k\u00e4ytt\u00e4j\u00e4t voivat seurata kiinteist\u00f6j\u00e4\u00e4n tarkasti, olivatpa he sitten paikan p\u00e4\u00e4ll\u00e4 tai et\u00e4n\u00e4.<\/p>\n<p data-start=\"900\" data-end=\"1312\">Integroitu P2P (Peer-to-Peer) -tekniikka tekee asennuksesta nopeaa ja helppoa ilman edistyneit\u00e4 verkkoasetuksia.<\/p>\n<p data-start=\"900\" data-end=\"1312\">Voit helposti liitt\u00e4\u00e4 kameran j\u00e4rjestelm\u00e4\u00e4si ja aloittaa videon suoratoiston suoraan \u00e4lypuhelimesi tai tietokoneesi kautta.<\/p>\n<p data-start=\"900\" data-end=\"1312\">Kun kamera on yhdistetty RISCO Cloud -pilvipalveluun, k\u00e4ytt\u00e4j\u00e4t saavat k\u00e4ytt\u00f6\u00f6ns\u00e4 edistyneit\u00e4 videonhallintaominaisuuksia, kuten reaaliaikaisen h\u00e4lytysten varmennuksen, reaaliaikaisen katselun ja tallennuksen.<\/p>\n<p data-start=\"1314\" data-end=\"1797\">T\u00e4m\u00e4 kamera sopii t\u00e4ydellisesti turvaj\u00e4rjestelmiin, jotka vaativat sek\u00e4 joustavuutta ett\u00e4 luotettavuutta. Kiinte\u00e4n 2,8 mm:n linssins\u00e4 ansiosta se tarjoaa laajan 114,6\u00b0:n kuvakulman, joka kattaa laajempia alueita.<\/p>\n<p data-start=\"1314\" data-end=\"1797\">Kamerassa on my\u00f6s infrapunavalot (IR), jotka tarjoavat selke\u00e4n kuvan my\u00f6s h\u00e4m\u00e4r\u00e4ss\u00e4, ja y\u00f6kuvausalue on jopa 20 metri\u00e4. T\u00e4m\u00e4 mahdollistaa kameran tehokkaan k\u00e4yt\u00f6n sek\u00e4 p\u00e4iv\u00e4ll\u00e4 ett\u00e4 y\u00f6ll\u00e4, mik\u00e4 varmistaa jatkuvan valvonnan.<\/p>\n<p data-start=\"1799\" data-end=\"2198\">Kamera on suunniteltu sek\u00e4 sis\u00e4- ett\u00e4 ulkok\u00e4ytt\u00f6\u00f6n, joten se on eritt\u00e4in monipuolinen. IP67-luokituksen ansiosta se on suojattu p\u00f6lylt\u00e4 ja vedelt\u00e4, joten se on riitt\u00e4v\u00e4n kest\u00e4v\u00e4 kest\u00e4m\u00e4\u00e4n s\u00e4\u00e4olosuhteita, kuten sadetta ja lunta.<\/p>\n<p data-start=\"1799\" data-end=\"2198\">Lis\u00e4ksi kamera on rakennettu kest\u00e4m\u00e4\u00e4n \u00e4\u00e4rimm\u00e4isi\u00e4 l\u00e4mp\u00f6tiloja, ja sen k\u00e4ytt\u00f6l\u00e4mp\u00f6tila-alue on -20 \u00b0C - +60 \u00b0C, joten se sopii k\u00e4ytett\u00e4v\u00e4ksi erilaisissa ilmastoissa.<\/p>\n<p data-start=\"2200\" data-end=\"2511\">Toinen t\u00e4rke\u00e4 ominaisuus on sis\u00e4\u00e4nrakennettu mekaaninen ICR (Infrared Cut Filter) p\u00e4iv\u00e4-\/y\u00f6toimintoa varten, mik\u00e4 varmistaa, ett\u00e4 kamera tuottaa tarkkoja kuvia sek\u00e4 p\u00e4iv\u00e4ll\u00e4 ett\u00e4 y\u00f6ll\u00e4.<\/p>\n<p data-start=\"2200\" data-end=\"2511\">Kamera tukee my\u00f6s paikallista tallennusta SD-kortin kautta, mik\u00e4 tarjoaa turvallisen ja luotettavan tavan tallentaa videotallenteita.<\/p>\n<p data-start=\"2513\" data-end=\"2820\">K\u00e4ytt\u00e4jille, jotka haluavat ammattimaisen videoj\u00e4rjestelm\u00e4n, RISCO VUPoint tarjoaa kattavan ratkaisun, joka tukee useita kameroita, NVR-j\u00e4rjestelmi\u00e4 ja tehokasta PC-sovellusta reaaliaikaisen videon katseluun ja toistoon useissa eri paikoissa.<\/p>\n<p data-start=\"2513\" data-end=\"2820\">T\u00e4m\u00e4 tekee siit\u00e4 erinomaisen valinnan sek\u00e4 pienille ett\u00e4 suurille turvaj\u00e4rjestelmille.<\/p>\n<p data-start=\"2822\" data-end=\"2852\"><strong data-start=\"2822\" data-end=\"2850\">T\u00e4rkeimm\u00e4t ominaisuudet:<\/strong><\/p>\n<ul data-start=\"2853\" data-end=\"3444\">\n<li data-start=\"2853\" data-end=\"2896\">\n<p data-start=\"2855\" data-end=\"2896\">2 megapikselin resoluutio selke\u00e4\u00e4 videokuvanlaatua varten<\/p>\n<\/li>\n<li data-start=\"2897\" data-end=\"2950\">\n<p data-start=\"2899\" data-end=\"2950\">2,8 mm:n kiinte\u00e4 objektiivi laajakulmakuvaukseen (114,6\u00b0 n\u00e4k\u00f6kentt\u00e4)<\/p>\n<\/li>\n<li data-start=\"2951\" data-end=\"3006\">\n<p data-start=\"2953\" data-end=\"3006\">P2P-tekniikka helppoon asennukseen ja yhteyteen<\/p>\n<\/li>\n<li data-start=\"3007\" data-end=\"3058\">\n<p data-start=\"3009\" data-end=\"3058\">Infrapunay\u00f6n\u00e4k\u00f6 jopa 20 metrin n\u00e4kyvyydell\u00e4<\/p>\n<\/li>\n<li data-start=\"3059\" data-end=\"3111\">\n<p data-start=\"3061\" data-end=\"3111\">Full HD -tallennus ja paikallinen tallennus SD-kortille<\/p>\n<\/li>\n<li data-start=\"3112\" data-end=\"3163\">\n<p data-start=\"3114\" data-end=\"3163\">IP67-luokitus sek\u00e4 sis\u00e4- ett\u00e4 ulkok\u00e4ytt\u00f6\u00f6n<\/p>\n<\/li>\n<li data-start=\"3164\" data-end=\"3210\">\n<p data-start=\"3166\" data-end=\"3210\">Sis\u00e4\u00e4nrakennettu mekaaninen ICR p\u00e4iv\u00e4-\/y\u00f6toimintoa varten<\/p>\n<\/li>\n<li data-start=\"3211\" data-end=\"3264\">\n<p data-start=\"3213\" data-end=\"3264\">Yhteensopiva RISCO Cloudin ja tietoturvaratkaisujen kanssa<\/p>\n<\/li>\n<li data-start=\"3265\" data-end=\"3328\">\n<p data-start=\"3267\" data-end=\"3328\">Helppo integrointi RISCOn ammattimaisiin turvaj\u00e4rjestelmiin<\/p>\n<\/li>\n<li data-start=\"3329\" data-end=\"3388\">\n<p data-start=\"3331\" data-end=\"3388\">T\u00e4ysin yhteensopiva RISCO VMS- ja NVR-ratkaisujen kanssa<\/p>\n<\/li>\n<li data-start=\"3389\" data-end=\"3444\">\n<p data-start=\"3391\" data-end=\"3444\">Sertifioitu k\u00e4ytett\u00e4v\u00e4ksi erilaisissa ymp\u00e4rist\u00f6iss\u00e4 ja ilmastoissa<\/p>\n<\/li>\n<\/ul>\n<p data-start=\"3446\" data-end=\"3477\"><strong data-start=\"3446\" data-end=\"3475\">Tekniset tiedot:<\/strong><\/p>\n<ul data-start=\"3478\" data-end=\"3833\">\n<li data-start=\"3478\" data-end=\"3501\">\n<p data-start=\"3480\" data-end=\"3501\"><strong data-start=\"3480\" data-end=\"3495\">Resoluutio:<\/strong> 2 MP<\/p>\n<\/li>\n<li data-start=\"3502\" data-end=\"3528\">\n<p data-start=\"3504\" data-end=\"3528\"><strong data-start=\"3504\" data-end=\"3519\">Polttov\u00e4li:<\/strong> 2,8 mm<\/p>\n<\/li>\n<li data-start=\"3529\" data-end=\"3581\">\n<p data-start=\"3531\" data-end=\"3581\"><strong data-start=\"3531\" data-end=\"3559\">Videon enimm\u00e4isresoluutio:<\/strong> 1920 \u00d7 1080 (Full HD)<\/p>\n<\/li>\n<li data-start=\"3582\" data-end=\"3620\">\n<p data-start=\"3584\" data-end=\"3620\"><strong data-start=\"3584\" data-end=\"3596\">Varastointi:<\/strong> SD-kortin paikallinen tallennustila<\/p>\n<\/li>\n<li data-start=\"3621\" data-end=\"3644\">\n<p data-start=\"3623\" data-end=\"3644\"><strong data-start=\"3623\" data-end=\"3635\">N\u00e4k\u00f6kentt\u00e4:<\/strong> 114,6\u00b0<\/p>\n<\/li>\n<li data-start=\"3645\" data-end=\"3686\">\n<p data-start=\"3647\" data-end=\"3686\"><strong data-start=\"3647\" data-end=\"3662\">Pime\u00e4n\u00e4k\u00f6:<\/strong> Kyll\u00e4, jopa 20 metri\u00e4<\/p>\n<\/li>\n<li data-start=\"3687\" data-end=\"3745\">\n<p data-start=\"3689\" data-end=\"3745\"><strong data-start=\"3689\" data-end=\"3708\">Luokitus:<\/strong> IP67 (veden- ja p\u00f6lytiivis)<\/p>\n<\/li>\n<li data-start=\"3746\" data-end=\"3790\">\n<p data-start=\"3748\" data-end=\"3790\"><strong data-start=\"3748\" data-end=\"3772\">L\u00e4mp\u00f6tila-alue:<\/strong> -20 \u00b0C - 60 \u00b0C<\/p>\n<\/li>\n<li data-start=\"3791\" data-end=\"3815\">\n<p data-start=\"3793\" data-end=\"3815\"><strong data-start=\"3793\" data-end=\"3806\">J\u00e4nnite:<\/strong> 12V DC<\/p>\n<\/li>\n<li data-start=\"3816\" data-end=\"3833\">\n<p data-start=\"3818\" data-end=\"3833\"><strong data-start=\"3818\" data-end=\"3827\">Paino:<\/strong> 180 g<\/p>\n<\/li>\n<\/ul>\n<\/div>\n<\/div>","protected":false},"excerpt":{"rendered":"<p>RISCO VUPoint 2MP sis\u00e4-\/ulkok\u00e4ytt\u00f6\u00f6n tarkoitettu P2P IR-kupukamera on korkealaatuinen turvakamera 2MP:n resoluutiolla, joka sopii t\u00e4ydellisesti sek\u00e4 sis\u00e4- ett\u00e4 ulkok\u00e4ytt\u00f6\u00f6n.<\/p>\n<p>Varustettuna 2,8 mm:n kiinte\u00e4ll\u00e4 objektiivilla ja infrapunay\u00f6n\u00e4k\u00f6toiminnolla, se tarjoaa selke\u00e4n videonlaadun ja sujuvan asennuksen P2P-tekniikan avulla.<\/p>","protected":false},"featured_media":146325,"template":"","meta":{"_acf_changed":false},"product_brand":[],"product_cat":[3192],"product_tag":[],"class_list":{"0":"post-146326","1":"product","2":"type-product","3":"status-publish","4":"has-post-thumbnail","6":"product_cat-risco-ip-kamera","7":"pa_brands-4risco","8":"tm-no-options","10":"first","11":"onbackorder","12":"taxable","13":"shipping-taxable","14":"purchasable","15":"product-type-simple"},"acf":[],"_links":{"self":[{"href":"https:\/\/secureus.se\/fi\/wp-json\/wp\/v2\/product\/146326","targetHints":{"allow":["GET"]}}],"collection":[{"href":"https:\/\/secureus.se\/fi\/wp-json\/wp\/v2\/product"}],"about":[{"href":"https:\/\/secureus.se\/fi\/wp-json\/wp\/v2\/types\/product"}],"wp:featuredmedia":[{"embeddable":true,"href":"https:\/\/secureus.se\/fi\/wp-json\/wp\/v2\/media\/146325"}],"wp:attachment":[{"href":"https:\/\/secureus.se\/fi\/wp-json\/wp\/v2\/media?parent=146326"}],"wp:term":[{"taxonomy":"product_brand","embeddable":true,"href":"https:\/\/secureus.se\/fi\/wp-json\/wp\/v2\/product_brand?post=146326"},{"taxonomy":"product_cat","embeddable":true,"href":"https:\/\/secureus.se\/fi\/wp-json\/wp\/v2\/product_cat?post=146326"},{"taxonomy":"product_tag","embeddable":true,"href":"https:\/\/secureus.se\/fi\/wp-json\/wp\/v2\/product_tag?post=146326"}],"curies":[{"name":"wp","href":"https:\/\/api.w.org\/{rel}","templated":true}]}}