{"id":146344,"date":"2025-01-09T18:02:10","date_gmt":"2025-01-09T17:02:10","guid":{"rendered":"https:\/\/secureus.se\/passerkort-rfid-kort-kombi-em4200-mifare1k-assa-arx-print\/"},"modified":"2026-01-08T11:12:00","modified_gmt":"2026-01-08T10:12:00","slug":"passerkort-rfid-kort-kombi-em4200-mifare1k-assa-arx-print","status":"publish","type":"product","link":"https:\/\/secureus.se\/fi\/passerkort-rfid-kort-kombi-em4200-mifare1k-assa-arx-print\/","title":{"rendered":"P\u00e4\u00e4sykortti \u2013 RFID-kortti \u2013 Combi EM4200 \/ MIFARE1k \u2013 ASSA\/ARX Print"},"content":{"rendered":"<p>Korttiin on kaiverrettu ASSA\/ARX-numerot EM4200:lle. Sinun ei tarvitse k\u00e4ytt\u00e4\u00e4 numeroita.<\/p>\n<p>EM4200\/Mifare1k siru yhdistettyn\u00e4 yhteen korttiin!<\/p>\n<p><span data-teams=\"true\">T\u00e4ss\u00e4 tuotteessa on NXP\u00ae:n sertifioitu siru, joka on globaali teknologiayritys, jonka p\u00e4\u00e4konttori on Hollannissa. NXP\u00ae on erikoistunut RFID:hen ja NFC:hen ja tarjoaa valikoiman tuotteita tietoturvaan, liitett\u00e4vyyteen ja sulautettuihin ratkaisuihin.<\/span><\/p>","protected":false},"excerpt":{"rendered":"<p>EM4200\/Mifare1k siru yhdistettyn\u00e4 yhteen korttiin!<\/p>","protected":false},"featured_media":146343,"template":"","meta":{"_acf_changed":false},"product_brand":[],"product_cat":[4224,1324],"product_tag":[],"class_list":{"0":"post-146344","1":"product","2":"type-product","3":"status-publish","4":"has-post-thumbnail","6":"product_cat-rfid-kort-mifare1k-em4200-kombinerade","7":"product_cat-outlet","8":"product_shipping_class-tunga-paket","9":"pa_brands-stonehouse-security","10":"tm-has-options","12":"first","13":"instock","14":"sale","15":"taxable","16":"shipping-taxable","17":"purchasable","18":"product-type-simple"},"acf":[],"_links":{"self":[{"href":"https:\/\/secureus.se\/fi\/wp-json\/wp\/v2\/product\/146344","targetHints":{"allow":["GET"]}}],"collection":[{"href":"https:\/\/secureus.se\/fi\/wp-json\/wp\/v2\/product"}],"about":[{"href":"https:\/\/secureus.se\/fi\/wp-json\/wp\/v2\/types\/product"}],"wp:featuredmedia":[{"embeddable":true,"href":"https:\/\/secureus.se\/fi\/wp-json\/wp\/v2\/media\/146343"}],"wp:attachment":[{"href":"https:\/\/secureus.se\/fi\/wp-json\/wp\/v2\/media?parent=146344"}],"wp:term":[{"taxonomy":"product_brand","embeddable":true,"href":"https:\/\/secureus.se\/fi\/wp-json\/wp\/v2\/product_brand?post=146344"},{"taxonomy":"product_cat","embeddable":true,"href":"https:\/\/secureus.se\/fi\/wp-json\/wp\/v2\/product_cat?post=146344"},{"taxonomy":"product_tag","embeddable":true,"href":"https:\/\/secureus.se\/fi\/wp-json\/wp\/v2\/product_tag?post=146344"}],"curies":[{"name":"wp","href":"https:\/\/api.w.org\/{rel}","templated":true}]}}