{"id":146350,"date":"2025-01-07T15:20:55","date_gmt":"2025-01-07T14:20:55","guid":{"rendered":"https:\/\/secureus.se\/plastkort-pvc-kombi-em4200mifare1k-med-magnet-hico\/"},"modified":"2025-12-31T21:39:49","modified_gmt":"2025-12-31T20:39:49","slug":"plastkort-pvc-kombi-em4200mifare1k-med-magnet-hico","status":"publish","type":"product","link":"https:\/\/secureus.se\/fi\/plastkort-pvc-kombi-em4200mifare1k-med-magnet-hico\/","title":{"rendered":"Muovikortti PVC Combi EM4200+Mifare1k Magneetilla HiCo"},"content":{"rendered":"<p>Eritt\u00e4in laadukas Ruotsissa valmistettu kortti kiilt\u00e4v\u00e4ll\u00e4 viimeistelyll\u00e4, joka sopii t\u00e4ydellisesti, jos haluat kortille tulosteita ja kuvia yrityksellesi.<\/p>\n<p>RFID-yhdistelm\u00e4kortti, jossa on EM4200 ja Mifare1k-siru \u2013 HiCo-magneettinauha.<\/p>\n<p>PMM + RCO-numero EM:lle.<\/p>\n<p>Magneettinauha on koodattu RCO:lla, sama koodi kuin kortissa.<\/p>\n<p>Uusi versio uudella korttiaiheella, laadukkaat k\u00e4yntikortit<\/p>","protected":false},"excerpt":{"rendered":"<p>Kortti on tarkoitettu my\u00f6s niille, jotka vaativat hieman enemm\u00e4n ulkon\u00e4k\u00f6\u00e4 ja erityisen hyv\u00e4\u00e4 laatua tavallisiin PVC-muovikortteihin verrattuna.<\/p>","protected":false},"featured_media":146349,"template":"","meta":{"_acf_changed":false},"product_brand":[],"product_cat":[1324,4224],"product_tag":[],"class_list":{"0":"post-146350","1":"product","2":"type-product","3":"status-publish","4":"has-post-thumbnail","6":"product_cat-outlet","7":"product_cat-rfid-kort-mifare1k-em4200-kombinerade","8":"pa_brands-stonehouse-security","9":"tm-has-options","11":"first","12":"instock","13":"sale","14":"taxable","15":"shipping-taxable","16":"purchasable","17":"product-type-simple"},"acf":[],"_links":{"self":[{"href":"https:\/\/secureus.se\/fi\/wp-json\/wp\/v2\/product\/146350","targetHints":{"allow":["GET"]}}],"collection":[{"href":"https:\/\/secureus.se\/fi\/wp-json\/wp\/v2\/product"}],"about":[{"href":"https:\/\/secureus.se\/fi\/wp-json\/wp\/v2\/types\/product"}],"wp:featuredmedia":[{"embeddable":true,"href":"https:\/\/secureus.se\/fi\/wp-json\/wp\/v2\/media\/146349"}],"wp:attachment":[{"href":"https:\/\/secureus.se\/fi\/wp-json\/wp\/v2\/media?parent=146350"}],"wp:term":[{"taxonomy":"product_brand","embeddable":true,"href":"https:\/\/secureus.se\/fi\/wp-json\/wp\/v2\/product_brand?post=146350"},{"taxonomy":"product_cat","embeddable":true,"href":"https:\/\/secureus.se\/fi\/wp-json\/wp\/v2\/product_cat?post=146350"},{"taxonomy":"product_tag","embeddable":true,"href":"https:\/\/secureus.se\/fi\/wp-json\/wp\/v2\/product_tag?post=146350"}],"curies":[{"name":"wp","href":"https:\/\/api.w.org\/{rel}","templated":true}]}}