{"id":146359,"date":"2025-01-09T18:46:27","date_gmt":"2025-01-09T17:46:27","guid":{"rendered":"https:\/\/secureus.se\/passerkort-rfid-kort-kombi-em4200-mifare1k-aptus-print\/"},"modified":"2025-10-12T15:10:53","modified_gmt":"2025-10-12T13:10:53","slug":"passerkort-rfid-kort-kombi-em4200-mifare1k-aptus-print","status":"publish","type":"product","link":"https:\/\/secureus.se\/fi\/passerkort-rfid-kort-kombi-em4200-mifare1k-aptus-print\/","title":{"rendered":"P\u00e4\u00e4sykortti \u2013 RFID-kortti \u2013 Combi EM4200 \/ MIFARE1k \u2013 Aptus Print"},"content":{"rendered":"<p>Korttiin on kaiverrettu Aptuksen EM-numero. Sinun ei tarvitse k\u00e4ytt\u00e4\u00e4 numeroita.<\/p>\n<p><strong>EM4200\/Mifare1k siru yhdistettyn\u00e4 yhteen korttiin!<\/strong><\/p>\n<p><span data-teams=\"true\">T\u00e4ss\u00e4 tuotteessa on NXP\u00ae:n sertifioitu siru, joka on globaali teknologiayritys, jonka p\u00e4\u00e4konttori on Hollannissa. NXP\u00ae on erikoistunut RFID:hen ja NFC:hen ja tarjoaa valikoiman tuotteita tietoturvaan, liitett\u00e4vyyteen ja sulautettuihin ratkaisuihin.<\/span><\/p>","protected":false},"excerpt":{"rendered":"<p>EM4200\/Mifare1k siru yhdistettyn\u00e4 yhteen korttiin!<\/p>","protected":false},"featured_media":146358,"template":"","meta":{"_acf_changed":false},"product_brand":[],"product_cat":[1324,3841,4224],"product_tag":[],"class_list":{"0":"post-146359","1":"product","2":"type-product","3":"status-publish","4":"has-post-thumbnail","6":"product_cat-outlet","7":"product_cat-aptus-taggar","8":"product_cat-rfid-kort-mifare1k-em4200-kombinerade","9":"pa_brands-stonehouse-security","10":"tm-has-options","12":"first","13":"instock","14":"sale","15":"taxable","16":"shipping-taxable","17":"purchasable","18":"product-type-simple"},"acf":[],"_links":{"self":[{"href":"https:\/\/secureus.se\/fi\/wp-json\/wp\/v2\/product\/146359","targetHints":{"allow":["GET"]}}],"collection":[{"href":"https:\/\/secureus.se\/fi\/wp-json\/wp\/v2\/product"}],"about":[{"href":"https:\/\/secureus.se\/fi\/wp-json\/wp\/v2\/types\/product"}],"wp:featuredmedia":[{"embeddable":true,"href":"https:\/\/secureus.se\/fi\/wp-json\/wp\/v2\/media\/146358"}],"wp:attachment":[{"href":"https:\/\/secureus.se\/fi\/wp-json\/wp\/v2\/media?parent=146359"}],"wp:term":[{"taxonomy":"product_brand","embeddable":true,"href":"https:\/\/secureus.se\/fi\/wp-json\/wp\/v2\/product_brand?post=146359"},{"taxonomy":"product_cat","embeddable":true,"href":"https:\/\/secureus.se\/fi\/wp-json\/wp\/v2\/product_cat?post=146359"},{"taxonomy":"product_tag","embeddable":true,"href":"https:\/\/secureus.se\/fi\/wp-json\/wp\/v2\/product_tag?post=146359"}],"curies":[{"name":"wp","href":"https:\/\/api.w.org\/{rel}","templated":true}]}}