{"id":146388,"date":"2025-01-10T14:30:52","date_gmt":"2025-01-10T13:30:52","guid":{"rendered":"https:\/\/secureus.se\/?post_type=product&#038;p=146388"},"modified":"2026-04-15T17:40:02","modified_gmt":"2026-04-15T15:40:02","slug":"ajax-waterstop-3-4-valve-vattenavstangningsventil-tradlos-vit","status":"publish","type":"product","link":"https:\/\/secureus.se\/fi\/ajax-waterstop-3-4-valve-vattenavstangningsventil-tradlos-vit\/","title":{"rendered":"Ajax WaterStop (3\/4 tuuman) vedensulkuventtiili \u2013 langaton valkoinen"},"content":{"rendered":"<h3><strong>Ajax WaterStop 3\/4&quot; veden sulkuventtiili<\/strong><\/h3>\n<p>Ajax WaterStop on luotettava vedensulkuventtiili, jossa on uusinta tekniikkaa ja joka integroituu Ajax-turvaj\u00e4rjestelm\u00e4\u00e4n. T\u00e4m\u00e4 venttiili on nopean sulkemisen, joustavien ohjausvaihtoehtojen ja vankan rakenteen ansiosta t\u00e4ydellinen ratkaisu vesivahinkojen est\u00e4miseen sek\u00e4 kodeissa ett\u00e4 yrityksiss\u00e4.<\/p>\n<hr \/>\n<h3><strong>P\u00e4\u00e4toiminnot<\/strong><\/h3>\n<ol>\n<li><strong>Optimaalinen sis\u00e4\u00e4ntuleville vesivirroille<\/strong><br \/>\n3\/4\u2033 R20 on vakiokoko tulevalle vedelle, joten t\u00e4m\u00e4 venttiili on ihanteellinen suojaamaan ominaisuuksia vesivaurioilta.<\/li>\n<li><strong>Useita ohjausvaihtoehtoja<\/strong>\n<ul>\n<li><strong>Automaattiset skenaariot:<\/strong> H\u00e4lytysten sattuessa Ajax LeaksProtectista tai muista antureista.<\/li>\n<li><strong>Suunnitellut sammutukset:<\/strong> Helppo asentaa Ajax-sovelluksessa.<\/li>\n<li><strong>Manuaalinen ohjaus:<\/strong> Venttiilin fyysisen painikkeen tai vivun kautta.<\/li>\n<\/ul>\n<\/li>\n<li><strong>Edistynytt\u00e4 teknologiaa turvallisuuteen ja tehokkuuteen<\/strong>\n<ul>\n<li><strong>Voimistelu:<\/strong> Venttiili\u00e4 k\u00e4ytet\u00e4\u00e4n automaattisesti est\u00e4m\u00e4\u00e4n sen tarttuminen kiinni.<\/li>\n<li><strong>Peukalointisuojaus:<\/strong> Lis\u00e4kiinnike suojaa ohjausrasiaa luvattomalta poistamiselta.<\/li>\n<li><strong>Varavirtal\u00e4hde:<\/strong> Ulkoinen virtal\u00e4hde jatkuvaan toimintaan my\u00f6s paristoja vaihdettaessa.<\/li>\n<\/ul>\n<\/li>\n<li><strong>Vankka ja kest\u00e4v\u00e4 muotoilu<\/strong><br \/>\nValmistettu messingist\u00e4 ISO 5211 -standardin mukaisesti, v\u00e4\u00e4nt\u00f6momentilla 10 Nm. Kest\u00e4\u00e4 korkeita paineita ja l\u00e4mp\u00f6tilavaihteluita, mukaan lukien kuumaa vett\u00e4 +120\u00b0C asti.<\/li>\n<\/ol>\n<hr \/>\n<h3><strong>Tekniset tiedot<\/strong><\/h3>\n<ul>\n<li><strong>Venttiilin koko:<\/strong> 3\/4&quot; (R20)<\/li>\n<li><strong>Laajuus:<\/strong> Jopa 1100 metri\u00e4 (avoin maasto)<\/li>\n<li><strong>Akku:<\/strong> 4 x CR123A, 3V (sis\u00e4ltyy)<\/li>\n<li><strong>Akun kesto:<\/strong> Jopa 3 vuotta<\/li>\n<li><strong>Materiaali:<\/strong> Messinki<\/li>\n<li><strong>Veden maksimipaine:<\/strong> 40 bar<\/li>\n<li><strong>IP-luokitus:<\/strong> IP56<\/li>\n<li><strong>L\u00e4mp\u00f6tila-alue:<\/strong> 0\u00b0C - +60\u00b0C<\/li>\n<li><strong>Veden l\u00e4mp\u00f6tila:<\/strong> +5\u00b0C - +120\u00b0C<\/li>\n<\/ul>\n<hr \/>\n<h3><strong>Ajax WaterStop 3\/4\u2033:n edut<\/strong><\/h3>\n<ul>\n<li><strong>Joustavuus:<\/strong> T\u00e4ydellinen tulovesivirtoihin ja sopii sek\u00e4 kylm\u00e4- ett\u00e4 kuumavesiputkiin.<\/li>\n<li><strong>Helppok\u00e4ytt\u00f6isyys:<\/strong> Helppo asennus ja ohjaus Ajax-sovelluksen kautta.<\/li>\n<li><strong>Turvallisuus:<\/strong> Peukalointih\u00e4lytys, ylikuumenemissuoja ja ilmoitukset kun huoltoa tarvitaan.<\/li>\n<li><strong>Integroitu automaatio:<\/strong> Luo skenaarioita veden sammuttamiseksi tiettyin\u00e4 aikoina tai suojaustilan aktivoinnin yhteydess\u00e4.<\/li>\n<\/ul>\n<hr \/>\n<h3><strong>K\u00e4ytt\u00f6alueet<\/strong><\/h3>\n<ul>\n<li><strong>Koti ja asunto:<\/strong> Suojaa sis\u00e4\u00e4ntulevien vesivirtojen aiheuttamilta vesivahingoilta.<\/li>\n<li><strong>Toimistot ja yritykset:<\/strong> Minimoi vahingot ja kustannukset tulvien aikana.<\/li>\n<li><strong>Teollisuusymp\u00e4rist\u00f6t:<\/strong> Tarkista vesivirrat suuremmissa j\u00e4rjestelmiss\u00e4.<\/li>\n<\/ul>\n<hr \/>\n<h3><strong>Toimituksen laajuus<\/strong><\/h3>\n<ul>\n<li>Ajax WaterStop 3\/4&quot; (R20)<\/li>\n<li>4 x CR123A paristot (esiasennettu)<\/li>\n<li>Pika-aloitusopas<\/li>\n<\/ul>","protected":false},"excerpt":{"rendered":"<p>Ajax WaterStop 3\/4\u2033 on langaton veden sulkuventtiili, joka sopii t\u00e4ydellisesti sis\u00e4\u00e4ntuleville vesivirroille. Se integroituu Ajax-turvaj\u00e4rjestelmiin ja tarjoaa et\u00e4-, automaattisen ja manuaalisen ohjauksen. <strong>Ajax Hub -keskusyksikk\u00f6 vaaditaan. <\/strong>Yhteensopiva sek\u00e4 kylm\u00e4n ett\u00e4 kuuman veden kanssa ja varustettu edistyneill\u00e4 turvaominaisuuksilla.<\/p>","protected":false},"featured_media":155624,"template":"","meta":{"_acf_changed":false},"product_brand":[],"product_cat":[3169,3158],"product_tag":[4863],"class_list":{"0":"post-146388","1":"product","2":"type-product","3":"status-publish","4":"has-post-thumbnail","6":"product_cat-automation","7":"product_cat-vattenlarm-och-fuktlarm","8":"product_tag-pf","9":"product_shipping_class-tunga-paket","10":"pa_brands-ajax-systems","11":"pa_farg-vit","12":"tm-no-options","14":"first","15":"onbackorder","16":"sale","17":"taxable","18":"shipping-taxable","19":"purchasable","20":"product-type-simple"},"acf":[],"_links":{"self":[{"href":"https:\/\/secureus.se\/fi\/wp-json\/wp\/v2\/product\/146388","targetHints":{"allow":["GET"]}}],"collection":[{"href":"https:\/\/secureus.se\/fi\/wp-json\/wp\/v2\/product"}],"about":[{"href":"https:\/\/secureus.se\/fi\/wp-json\/wp\/v2\/types\/product"}],"wp:featuredmedia":[{"embeddable":true,"href":"https:\/\/secureus.se\/fi\/wp-json\/wp\/v2\/media\/155624"}],"wp:attachment":[{"href":"https:\/\/secureus.se\/fi\/wp-json\/wp\/v2\/media?parent=146388"}],"wp:term":[{"taxonomy":"product_brand","embeddable":true,"href":"https:\/\/secureus.se\/fi\/wp-json\/wp\/v2\/product_brand?post=146388"},{"taxonomy":"product_cat","embeddable":true,"href":"https:\/\/secureus.se\/fi\/wp-json\/wp\/v2\/product_cat?post=146388"},{"taxonomy":"product_tag","embeddable":true,"href":"https:\/\/secureus.se\/fi\/wp-json\/wp\/v2\/product_tag?post=146388"}],"curies":[{"name":"wp","href":"https:\/\/api.w.org\/{rel}","templated":true}]}}