{"id":146559,"date":"2025-01-22T17:22:41","date_gmt":"2025-01-22T16:22:41","guid":{"rendered":"https:\/\/secureus.se\/cranford-controls-510-058-vtg-12v-32t-grund-bas-rod\/"},"modified":"2026-04-23T13:29:13","modified_gmt":"2026-04-23T11:29:13","slug":"cranford-controls-510-058-vtg-12v-32t","status":"publish","type":"product","link":"https:\/\/secureus.se\/fi\/cranford-controls-510-058-vtg-12v-32t\/","title":{"rendered":"Cranford Controls 510-058 VTG 12V 32T matala pohja, punainen"},"content":{"rendered":"<h1>Cranford Controls 510-058 VTG 12V 32T<\/h1>\n<p>Cranford Controls 510-058 VTG on luotettava ja joustava luotain, joka on suunniteltu turvaj\u00e4rjestelmiin.<\/p>\n<p>T\u00e4m\u00e4n 32 \u00e4\u00e4nen ja valittavan yliohjatun \u00e4\u00e4nen ansiosta k\u00e4ytt\u00e4j\u00e4 voi muokata \u00e4\u00e4nimerkki\u00e4 tarpeen mukaan.<\/p>\n<p>Sit\u00e4 on saatavana kahdessa eri versiossa eri ymp\u00e4rist\u00f6ihin sopivana: yksi matalapohjainen (IP43) ja toinen syv\u00e4pohjainen (IP65), mik\u00e4 tarjoaa monipuolisen valikoiman k\u00e4ytt\u00f6mahdollisuuksia sek\u00e4 sis\u00e4ll\u00e4 ett\u00e4 ulkona.<\/p>\n<p>Kytkett\u00e4v\u00e4 toiminto mahdollistaa sen k\u00e4yt\u00f6n pelk\u00e4st\u00e4\u00e4n majakana, mik\u00e4 tekee tuotteesta eritt\u00e4in joustavan.<\/p>\n<p>Helpon asennuksen varmistamiseksi ainutlaatuinen bajonettikiinnitysj\u00e4rjestelm\u00e4 on sek\u00e4 tehokas ett\u00e4 nopea, ja syv\u00e4n pohjan irrotettava kansi tukee pinta-asennettavaa kaapelointia.<\/p>\n<p>Saatavilla on my\u00f6s sis\u00e4\u00e4nrakennetulla peukalointitoiminnolla varustettu versio, mik\u00e4 tarkoittaa, ett\u00e4 luvattomasta poistamisesta ilmoitetaan automaattisesti ohjauspaneeliin, mik\u00e4 lis\u00e4\u00e4 turvallisuutta.<\/p>","protected":false},"excerpt":{"rendered":"<p>Cranford Controls 510-058 VTG on 12 V:n sein\u00e4\u00e4n asennettu summeri, joka tarjoaa 32 \u00e4\u00e4nt\u00e4 sek\u00e4 valittavan yliohjatun \u00e4\u00e4nen.<\/p>\n<p>Se soveltuu erityisen hyvin k\u00e4ytett\u00e4v\u00e4ksi turvaj\u00e4rjestelmiss\u00e4 ja sit\u00e4 on saatavana sek\u00e4 matalapohjaisena (IP43) ett\u00e4 syv\u00e4pohjaisena (IP65) versiona.<\/p>\n<p>Tuotteessa on ainutlaatuinen bajonettikiinnitysj\u00e4rjestelm\u00e4, joka helpottaa asennusta, ja irrotettava kansi syv\u00e4ll\u00e4 pohjassa pinta-asennusjohdotusta varten.<\/p>\n<p>Lis\u00e4turvaa varten on saatavana my\u00f6s peukaloinnin est\u00e4v\u00e4 versio.<\/p>","protected":false},"featured_media":146558,"template":"","meta":{"_acf_changed":false},"product_brand":[],"product_cat":[1562,1825,5098],"product_tag":[],"class_list":{"0":"post-146559","1":"product","2":"type-product","3":"status-publish","4":"has-post-thumbnail","6":"product_cat-larmdon-blixtljus","7":"product_cat-sirener-brand","8":"product_cat-siren-brand","9":"product_shipping_class-tunga-paket","10":"tm-no-options","12":"first","13":"instock","14":"taxable","15":"shipping-taxable","16":"purchasable","17":"product-type-simple"},"acf":[],"_links":{"self":[{"href":"https:\/\/secureus.se\/fi\/wp-json\/wp\/v2\/product\/146559","targetHints":{"allow":["GET"]}}],"collection":[{"href":"https:\/\/secureus.se\/fi\/wp-json\/wp\/v2\/product"}],"about":[{"href":"https:\/\/secureus.se\/fi\/wp-json\/wp\/v2\/types\/product"}],"wp:featuredmedia":[{"embeddable":true,"href":"https:\/\/secureus.se\/fi\/wp-json\/wp\/v2\/media\/146558"}],"wp:attachment":[{"href":"https:\/\/secureus.se\/fi\/wp-json\/wp\/v2\/media?parent=146559"}],"wp:term":[{"taxonomy":"product_brand","embeddable":true,"href":"https:\/\/secureus.se\/fi\/wp-json\/wp\/v2\/product_brand?post=146559"},{"taxonomy":"product_cat","embeddable":true,"href":"https:\/\/secureus.se\/fi\/wp-json\/wp\/v2\/product_cat?post=146559"},{"taxonomy":"product_tag","embeddable":true,"href":"https:\/\/secureus.se\/fi\/wp-json\/wp\/v2\/product_tag?post=146559"}],"curies":[{"name":"wp","href":"https:\/\/api.w.org\/{rel}","templated":true}]}}