{"id":147100,"date":"2025-01-29T09:09:26","date_gmt":"2025-01-29T08:09:26","guid":{"rendered":"https:\/\/secureus.se\/plastkort-076mm-cr80-blanka-100-pack\/"},"modified":"2026-03-16T15:47:52","modified_gmt":"2026-03-16T14:47:52","slug":"plastkort-076mm-cr80-blanka-100-pack","status":"publish","type":"product","link":"https:\/\/secureus.se\/fi\/plastkort-076mm-cr80-blanka-100-pack\/","title":{"rendered":"Muovikortit 0,76 mm CR80 Tyhj\u00e4 (100 kpl)"},"content":{"rendered":"<p>Ensiluokkaiset valkoiset muovikortit, t\u00e4ydellinen v\u00e4line erinomaiseen henkil\u00f6kohtaiseen henkil\u00f6korttitulostukseen. Laadukas PVC-materiaali varmistaa, ett\u00e4 asiakkaasi tai ty\u00f6ntekij\u00e4si saavat eloisia ja tyylikk\u00e4it\u00e4 tulosteita. Ne ovat samankokoisia kuin tavalliset luottokortit ja 760 mikronia paksuja.<\/p>\n<ul>\n<li>Myyd\u00e4\u00e4n 100 kappaleen pakkauksissa<\/li>\n<li>Vakiokoko CR80 (85,60 x 53,98 mm)<\/li>\n<li>760 mikronia \/ 30 mil<\/li>\n<li>Sopii k\u00e4ytett\u00e4v\u00e4ksi kaikkien muovikorttitulostimien kanssa<\/li>\n<li>Kutistepaperi ja p\u00f6lyt\u00f6n<\/li>\n<\/ul>\n<p>Tuotteen paino:<br \/>\n0,50 kg<\/p>","protected":false},"excerpt":{"rendered":"<p>Ensiluokkaiset valkoiset muovikortit, t\u00e4ydellinen v\u00e4line erinomaiseen henkil\u00f6kohtaiseen henkil\u00f6korttitulostukseen. Laadukas PVC-materiaali varmistaa, ett\u00e4 asiakkaasi tai ty\u00f6ntekij\u00e4si saavat eloisia ja tyylikk\u00e4it\u00e4 tulosteita. Ne ovat saman kokoisia kuin<\/p>","protected":false},"featured_media":147099,"template":"","meta":{"_acf_changed":false},"product_brand":[],"product_cat":[1653,4235],"product_tag":[],"class_list":{"0":"post-147100","1":"product","2":"type-product","3":"status-publish","4":"has-post-thumbnail","6":"product_cat-gor-dina-egna-foretagskort","7":"product_cat-plastkort-utan-chip","8":"tm-no-options","10":"first","11":"instock","12":"taxable","13":"shipping-taxable","14":"purchasable","15":"product-type-simple"},"acf":[],"_links":{"self":[{"href":"https:\/\/secureus.se\/fi\/wp-json\/wp\/v2\/product\/147100","targetHints":{"allow":["GET"]}}],"collection":[{"href":"https:\/\/secureus.se\/fi\/wp-json\/wp\/v2\/product"}],"about":[{"href":"https:\/\/secureus.se\/fi\/wp-json\/wp\/v2\/types\/product"}],"wp:featuredmedia":[{"embeddable":true,"href":"https:\/\/secureus.se\/fi\/wp-json\/wp\/v2\/media\/147099"}],"wp:attachment":[{"href":"https:\/\/secureus.se\/fi\/wp-json\/wp\/v2\/media?parent=147100"}],"wp:term":[{"taxonomy":"product_brand","embeddable":true,"href":"https:\/\/secureus.se\/fi\/wp-json\/wp\/v2\/product_brand?post=147100"},{"taxonomy":"product_cat","embeddable":true,"href":"https:\/\/secureus.se\/fi\/wp-json\/wp\/v2\/product_cat?post=147100"},{"taxonomy":"product_tag","embeddable":true,"href":"https:\/\/secureus.se\/fi\/wp-json\/wp\/v2\/product_tag?post=147100"}],"curies":[{"name":"wp","href":"https:\/\/api.w.org\/{rel}","templated":true}]}}