{"id":147328,"date":"2023-09-26T13:10:35","date_gmt":"2023-09-26T11:10:35","guid":{"rendered":"https:\/\/secureus.se\/elslutbleck-step-40-rattvand-24v\/"},"modified":"2026-04-08T16:00:10","modified_gmt":"2026-04-08T14:00:10","slug":"elslutbleck-step-40-rattvand-24v","status":"publish","type":"product","link":"https:\/\/secureus.se\/fi\/elslutbleck-step-40-rattvand-24v\/","title":{"rendered":"S\u00e4hk\u00f6inen vastalevy STEP 40 Oikea 24V"},"content":{"rendered":"<h1>S\u00e4hk\u00f6inen vastalevy STEP 40 Oikea 24V<\/h1>\n<p>Electric Strike STEP 40 on korkealaatuinen s\u00e4hk\u00f6isku oikeak\u00e4tisell\u00e4 toiminnolla ja patentoidulla HPR\u00ae-tekniikalla. Se on suunniteltu turvalliseen ja luotettavaan p\u00e4iv\u00e4lukitukseen, vaikka oveen kohdistuu korkea paine.<\/p>\n<p class=\"\" data-start=\"318\" data-end=\"772\">STEP 40 Preload HPR asettaa korkeat standardit s\u00e4hk\u00f6isille iskulevyille pienikokoisilla mitoillaan ja patentoidulla HPR\u00ae-tekniikalla. T\u00e4m\u00e4 s\u00e4hk\u00f6isku on t\u00e4ydellinen k\u00e4ytett\u00e4v\u00e4ksi p\u00e4iv\u00e4lukona erilaisissa turvasovelluksissa ja takaa korkean toimintavarmuuden ja kest\u00e4vyyden.<\/p>\n<p class=\"\" data-start=\"318\" data-end=\"772\">Pienen kokonsa ja liuskapainetekniikan ansiosta, joka mahdollistaa oven avaamisen jopa 250 kg:n paineessa, STEP 40 tarjoaa luotettavan toiminnan vaikeissakin olosuhteissa.<\/p>\n<p class=\"\" data-start=\"774\" data-end=\"1111\">Tuote on tehdastestattu 1 500 000 sykliin, joten se on pitk\u00e4ik\u00e4inen ratkaisu sek\u00e4 yksi- ett\u00e4 kaksilehtisille lukoksille. K\u00e4\u00e4nnett\u00e4v\u00e4 rakenne sopii sek\u00e4 oikea- ett\u00e4 vasenk\u00e4tisiin oviin, ja suojadiodi est\u00e4\u00e4 s\u00e4hk\u00f6vaurioita.<\/p>\n<p class=\"\" data-start=\"774\" data-end=\"1111\">STEP 40 on my\u00f6s iskunkest\u00e4v\u00e4 ja t\u00e4ytt\u00e4\u00e4 korkeat turvallisuus- ja kest\u00e4vyysvaatimukset standardin SS-EN 14846 mukaisesti.<\/p>\n<p class=\"\" data-start=\"1113\" data-end=\"1128\"><strong data-start=\"1113\" data-end=\"1128\">Ominaisuudet:<\/strong><\/p>\n<ul data-start=\"1129\" data-end=\"1462\">\n<li class=\"\" data-start=\"1129\" data-end=\"1172\">\n<p class=\"\" data-start=\"1131\" data-end=\"1172\">Oikealle suunnattu toiminto (lukittu j\u00e4nnitteett\u00f6m\u00e4ss\u00e4 tilassa)<\/p>\n<\/li>\n<li class=\"\" data-start=\"1173\" data-end=\"1247\">\n<p class=\"\" data-start=\"1175\" data-end=\"1247\">HPR\u00ae-tekniikka mahdollistaa oven avautumisen jopa 250 kg:n paineesta huolimatta<\/p>\n<\/li>\n<li class=\"\" data-start=\"1248\" data-end=\"1288\">\n<p class=\"\" data-start=\"1250\" data-end=\"1288\">Murtolujuus 1 200 kg (n. 12 kN)<\/p>\n<\/li>\n<li class=\"\" data-start=\"1289\" data-end=\"1326\">\n<p class=\"\" data-start=\"1291\" data-end=\"1326\">Tehdastestattu 1 500 000 sykliin<\/p>\n<\/li>\n<li class=\"\" data-start=\"1327\" data-end=\"1386\">\n<p class=\"\" data-start=\"1329\" data-end=\"1386\">Nakutuksenesto ja k\u00e4\u00e4nnett\u00e4v\u00e4 sek\u00e4 oikea- ett\u00e4 vasenk\u00e4tisille oville<\/p>\n<\/li>\n<li class=\"\" data-start=\"1387\" data-end=\"1417\">\n<p class=\"\" data-start=\"1389\" data-end=\"1417\">Yksi- tai kaksinkertaiseen pudotuslukkoon<\/p>\n<\/li>\n<li class=\"\" data-start=\"1418\" data-end=\"1462\">\n<p class=\"\" data-start=\"1420\" data-end=\"1462\">Ruuvinrei\u00e4t kulmaruuveille takareunassa<\/p>\n<\/li>\n<\/ul>\n<p class=\"\" data-start=\"1464\" data-end=\"1493\"><strong data-start=\"1464\" data-end=\"1493\">Tekniset tiedot:<\/strong><\/p>\n<ul data-start=\"1494\" data-end=\"2011\">\n<li class=\"\" data-start=\"1494\" data-end=\"1601\">\n<p class=\"\" data-start=\"1496\" data-end=\"1601\">J\u00e4nnitteensy\u00f6tt\u00f6: 12 V DC (+15% -10%) 220 mAh \/ max 600 mA tai 24 V DC (+15% -10%) 110 mAh \/ max 300 mA<\/p>\n<\/li>\n<li class=\"\" data-start=\"1602\" data-end=\"1642\">\n<p class=\"\" data-start=\"1604\" data-end=\"1642\">Kest\u00e4vyys: Luokka X standardin SS-EN 14846 mukaan<\/p>\n<\/li>\n<li class=\"\" data-start=\"1643\" data-end=\"1682\">\n<p class=\"\" data-start=\"1645\" data-end=\"1682\">Korroosio: luokka M standardin SS-EN 14846 mukaan<\/p>\n<\/li>\n<li class=\"\" data-start=\"1683\" data-end=\"1721\">\n<p class=\"\" data-start=\"1685\" data-end=\"1721\">Turvallisuus: luokka 3 standardin SS-EN 14846 mukaan<\/p>\n<\/li>\n<li class=\"\" data-start=\"1722\" data-end=\"1784\">\n<p class=\"\" data-start=\"1724\" data-end=\"1784\">Turvallinen s\u00e4hk\u00f6inen k\u00e4sittely: luokka 1 standardin SS-EN 14846 mukaan<\/p>\n<\/li>\n<li class=\"\" data-start=\"1785\" data-end=\"1811\">\n<p class=\"\" data-start=\"1787\" data-end=\"1811\">Murtolujuus: 1200 kg<\/p>\n<\/li>\n<li class=\"\" data-start=\"1812\" data-end=\"1842\">\n<p class=\"\" data-start=\"1814\" data-end=\"1842\">Oven sarana: Oikea, Vasen<\/p>\n<\/li>\n<li class=\"\" data-start=\"1843\" data-end=\"1861\">\n<p class=\"\" data-start=\"1845\" data-end=\"1861\">Mukana kaapeli: Ei<\/p>\n<\/li>\n<li class=\"\" data-start=\"1862\" data-end=\"1881\">\n<p class=\"\" data-start=\"1864\" data-end=\"1881\">Listan paine: 250 kg<\/p>\n<\/li>\n<li class=\"\" data-start=\"1882\" data-end=\"1917\">\n<p class=\"\" data-start=\"1884\" data-end=\"1917\">Lukon tyyppi: yksisalpalukko, kaksoissalpalukko<\/p>\n<\/li>\n<li class=\"\" data-start=\"1918\" data-end=\"1971\">\n<p class=\"\" data-start=\"1920\" data-end=\"1971\">Tuotteen mitat: Leveys: 25 mm, Syvyys: 28 mm, Korkeus: 90 mm<\/p>\n<\/li>\n<li class=\"\" data-start=\"1972\" data-end=\"1990\">\n<p class=\"\" data-start=\"1974\" data-end=\"1990\">M\u00e4nn\u00e4n kosketin: Ei<\/p>\n<\/li>\n<li class=\"\" data-start=\"1991\" data-end=\"2011\">\n<p class=\"\" data-start=\"1993\" data-end=\"2011\">J\u00e4nnite AC\/DC: DC<\/p>\n<\/li>\n<\/ul>","protected":false},"excerpt":{"rendered":"<p>S\u00e4hk\u00f6inen iskulevy STEP 40 Esij\u00e4nnitys 24 V Suorakulmainen tarjoaa erinomaisen k\u00e4ytt\u00f6varmuuden ja joustavuuden.<\/p>\n<p>STEPin patentoidun nauhapainetekniikan ansiosta se pystyy k\u00e4sittelem\u00e4\u00e4n jopa 250 kg:n paineen alaisia ovia, mik\u00e4 tekee siit\u00e4 ihanteellisen korkean taajuuden k\u00e4ytt\u00f6\u00f6n.<\/p>\n<p>T\u00e4\u00e4lt\u00e4 n\u00e4et, mitk\u00e4 pylv\u00e4\u00e4t ja mallit sopivat yhteen STEP-sarjan s\u00e4hk\u00f6isist\u00e4 oven pys\u00e4yttimist\u00e4.<\/p>\n<h5><strong><a href=\"https:\/\/steplock.com\/sv\/stolpguide\/#!?lang=sv&amp;blog_id=1&amp;paged=1&amp;number=50\" target=\"_blank\" rel=\"noopener\">STEP Viestiopas\u00a0<\/a><\/strong><\/h5>\n<h5><strong><a href=\"https:\/\/steplock.com\/sv\/projekteringsguide\/#!?lang=sv&amp;blog_id=1&amp;paged=1&amp;number=999\" target=\"_blank\" rel=\"noopener\">STEP-suunnitteluopas<\/a><\/strong><\/h5>","protected":false},"featured_media":147325,"template":"","meta":{"_acf_changed":false},"product_brand":[],"product_cat":[3355],"product_tag":[4197,4200],"class_list":{"0":"post-147328","1":"product","2":"type-product","3":"status-publish","4":"has-post-thumbnail","6":"product_cat-elslutbleck","7":"product_tag-24v","8":"product_tag-rattvand","9":"product_shipping_class-tunga-paket","10":"pa_brands-step","11":"tm-no-options","13":"first","14":"instock","15":"sale","16":"taxable","17":"shipping-taxable","18":"purchasable","19":"product-type-simple"},"acf":[],"_links":{"self":[{"href":"https:\/\/secureus.se\/fi\/wp-json\/wp\/v2\/product\/147328","targetHints":{"allow":["GET"]}}],"collection":[{"href":"https:\/\/secureus.se\/fi\/wp-json\/wp\/v2\/product"}],"about":[{"href":"https:\/\/secureus.se\/fi\/wp-json\/wp\/v2\/types\/product"}],"wp:featuredmedia":[{"embeddable":true,"href":"https:\/\/secureus.se\/fi\/wp-json\/wp\/v2\/media\/147325"}],"wp:attachment":[{"href":"https:\/\/secureus.se\/fi\/wp-json\/wp\/v2\/media?parent=147328"}],"wp:term":[{"taxonomy":"product_brand","embeddable":true,"href":"https:\/\/secureus.se\/fi\/wp-json\/wp\/v2\/product_brand?post=147328"},{"taxonomy":"product_cat","embeddable":true,"href":"https:\/\/secureus.se\/fi\/wp-json\/wp\/v2\/product_cat?post=147328"},{"taxonomy":"product_tag","embeddable":true,"href":"https:\/\/secureus.se\/fi\/wp-json\/wp\/v2\/product_tag?post=147328"}],"curies":[{"name":"wp","href":"https:\/\/api.w.org\/{rel}","templated":true}]}}