{"id":147332,"date":"2023-09-26T13:10:34","date_gmt":"2023-09-26T11:10:34","guid":{"rendered":"https:\/\/secureus.se\/elslutbleck-step-90-rattvand-24v\/"},"modified":"2026-04-08T16:05:55","modified_gmt":"2026-04-08T14:05:55","slug":"elslutbleck-step-90-rattvand-24v","status":"publish","type":"product","link":"https:\/\/secureus.se\/fi\/elslutbleck-step-90-rattvand-24v\/","title":{"rendered":"S\u00e4hk\u00f6inen vastalevy STEP 90 Oikea 24V"},"content":{"rendered":"<h1>S\u00e4hk\u00f6inen vastalevy STEP 90 Oikea 24V<\/h1>\n<p class=\"\" data-start=\"121\" data-end=\"327\">STEP 90 on palosuojattu s\u00e4hk\u00f6isku, jonka mitat ovat minimaaliset ja toimintavarmuus korkea. T\u00e4ydellinen k\u00e4ytett\u00e4v\u00e4ksi eritt\u00e4in turvallisissa ymp\u00e4rist\u00f6iss\u00e4 ja palokammioiden rajoissa, murtolujuus 1200 kg.<\/p>\n<p class=\"\" data-start=\"329\" data-end=\"758\">STEP 90 Preload HPR on korkealaatuinen s\u00e4hk\u00f6iskulevy, jossa yhdistyv\u00e4t minimaaliset mitat, erinomainen toimintavarmuus ja pitk\u00e4 k\u00e4ytt\u00f6ik\u00e4.<\/p>\n<p class=\"\" data-start=\"329\" data-end=\"758\">Se on palohyv\u00e4ksytty E\/EI120 asti standardin SS-EN 14846:2008 mukaisesti, joten se on erinomainen valinta turvaratkaisuihin palokammioiden rajoissa.<\/p>\n<p class=\"\" data-start=\"329\" data-end=\"758\">T\u00e4m\u00e4 s\u00e4hk\u00f6isku on my\u00f6s varustettu STEPin patentoidulla HPR\u00ae-teknologialla, joka takaa avautumisen jopa 250 kg:n paineessa.<\/p>\n<p class=\"\" data-start=\"760\" data-end=\"1164\">Pienen kokonsa ja k\u00e4\u00e4nnett\u00e4v\u00e4n rakenteensa ansiosta se sopii sek\u00e4 oikealle ett\u00e4 vasemmalle ripustettuihin oviin ja on helppo asentaa yksi- tai kaksilehtisill\u00e4 lukoilla varustettuihin ovij\u00e4rjestelmiin.<\/p>\n<p class=\"\" data-start=\"760\" data-end=\"1164\">STEP 90 on my\u00f6s testattu ja sertifioitu palonkest\u00e4vyydeksi, ja sen murtolujuus on 1200 kg (n. 12 kN), mik\u00e4 varmistaa, ett\u00e4 se kest\u00e4\u00e4 raskaita kuormia.<\/p>\n<p class=\"\" data-start=\"760\" data-end=\"1164\">Lis\u00e4ksi se on peukaloinninkest\u00e4v\u00e4 ja siin\u00e4 on sis\u00e4\u00e4nrakennettu suojadiodi s\u00e4hk\u00f6turvallisuuden parantamiseksi.<\/p>\n<p class=\"\" data-start=\"1166\" data-end=\"1181\"><strong data-start=\"1166\" data-end=\"1181\">Ominaisuudet:<\/strong><\/p>\n<ul data-start=\"1182\" data-end=\"1702\">\n<li class=\"\" data-start=\"1182\" data-end=\"1225\">\n<p class=\"\" data-start=\"1184\" data-end=\"1225\">Oikealle suunnattu toiminto (lukittu j\u00e4nnitteett\u00f6m\u00e4ss\u00e4 tilassa)<\/p>\n<\/li>\n<li class=\"\" data-start=\"1226\" data-end=\"1292\">\n<p class=\"\" data-start=\"1228\" data-end=\"1292\">Palohyv\u00e4ksytty luokkaan E\/EI 120 asti standardin SS-EN 14846:2008 mukaan<\/p>\n<\/li>\n<li class=\"\" data-start=\"1293\" data-end=\"1332\">\n<p class=\"\" data-start=\"1295\" data-end=\"1332\">Sis\u00e4\u00e4nrakennettu suojadiodi lis\u00e4\u00e4 turvallisuutta<\/p>\n<\/li>\n<li class=\"\" data-start=\"1333\" data-end=\"1404\">\n<p class=\"\" data-start=\"1335\" data-end=\"1404\">Oven tilan ilmaisin (kiinni\/auki) tuotteissa, joissa on m\u00e4nt\u00e4kosketin<\/p>\n<\/li>\n<li class=\"\" data-start=\"1405\" data-end=\"1445\">\n<p class=\"\" data-start=\"1407\" data-end=\"1445\">Murtolujuus 1 200 kg (n. 12 kN)<\/p>\n<\/li>\n<li class=\"\" data-start=\"1446\" data-end=\"1516\">\n<p class=\"\" data-start=\"1448\" data-end=\"1516\">HPR\u00ae-tekniikka takaa avautumisen 250 kg:n (n. 2,5 kN) nauhapaineesta huolimatta<\/p>\n<\/li>\n<li class=\"\" data-start=\"1517\" data-end=\"1576\">\n<p class=\"\" data-start=\"1519\" data-end=\"1576\">Nakutuksenesto ja k\u00e4\u00e4nnett\u00e4v\u00e4 sek\u00e4 oikea- ett\u00e4 vasenk\u00e4tisille oville<\/p>\n<\/li>\n<li class=\"\" data-start=\"1577\" data-end=\"1621\">\n<p class=\"\" data-start=\"1579\" data-end=\"1621\">Ruuvinrei\u00e4t kulmaruuveille takareunassa<\/p>\n<\/li>\n<li class=\"\" data-start=\"1622\" data-end=\"1702\">\n<p class=\"\" data-start=\"1624\" data-end=\"1702\">Soveltuu Connect-, Modul- ja Smalprofil-sarjojen yksi- ja kaksoislukkoihin<\/p>\n<\/li>\n<\/ul>\n<p class=\"\" data-start=\"1704\" data-end=\"1733\"><strong data-start=\"1704\" data-end=\"1733\">Tekniset tiedot:<\/strong><\/p>\n<ul data-start=\"1734\" data-end=\"2274\">\n<li class=\"\" data-start=\"1734\" data-end=\"1841\">\n<p class=\"\" data-start=\"1736\" data-end=\"1841\">J\u00e4nnitteensy\u00f6tt\u00f6: 12 V DC (+15% -10%) 220 mAh \/ max 600 mA tai 24 V DC (+15% -10%) 110 mAh \/ max 300 mA<\/p>\n<\/li>\n<li class=\"\" data-start=\"1842\" data-end=\"1882\">\n<p class=\"\" data-start=\"1844\" data-end=\"1882\">Kest\u00e4vyys: Luokka X standardin SS-EN 14846 mukaan<\/p>\n<\/li>\n<li class=\"\" data-start=\"1883\" data-end=\"1922\">\n<p class=\"\" data-start=\"1885\" data-end=\"1922\">Korroosio: luokka M standardin SS-EN 14846 mukaan<\/p>\n<\/li>\n<li class=\"\" data-start=\"1923\" data-end=\"1961\">\n<p class=\"\" data-start=\"1925\" data-end=\"1961\">Turvallisuus: luokka 3 standardin SS-EN 14846 mukaan<\/p>\n<\/li>\n<li class=\"\" data-start=\"1962\" data-end=\"2024\">\n<p class=\"\" data-start=\"1964\" data-end=\"2024\">Turvallinen s\u00e4hk\u00f6inen k\u00e4sittely: luokka 1 standardin SS-EN 14846 mukaan<\/p>\n<\/li>\n<li class=\"\" data-start=\"2025\" data-end=\"2047\">\n<p class=\"\" data-start=\"2027\" data-end=\"2047\">Palotesti: 120 min<\/p>\n<\/li>\n<li class=\"\" data-start=\"2048\" data-end=\"2074\">\n<p class=\"\" data-start=\"2050\" data-end=\"2074\">Murtolujuus: 1200 kg<\/p>\n<\/li>\n<li class=\"\" data-start=\"2075\" data-end=\"2105\">\n<p class=\"\" data-start=\"2077\" data-end=\"2105\">Oven sarana: Oikea, Vasen<\/p>\n<\/li>\n<li class=\"\" data-start=\"2106\" data-end=\"2124\">\n<p class=\"\" data-start=\"2108\" data-end=\"2124\">Mukana kaapeli: Ei<\/p>\n<\/li>\n<li class=\"\" data-start=\"2125\" data-end=\"2144\">\n<p class=\"\" data-start=\"2127\" data-end=\"2144\">Listan paine: 250 kg<\/p>\n<\/li>\n<li class=\"\" data-start=\"2145\" data-end=\"2180\">\n<p class=\"\" data-start=\"2147\" data-end=\"2180\">Lukon tyyppi: yksisalpalukko, kaksoissalpalukko<\/p>\n<\/li>\n<li class=\"\" data-start=\"2181\" data-end=\"2234\">\n<p class=\"\" data-start=\"2183\" data-end=\"2234\">Tuotteen mitat: Leveys: 25 mm, Syvyys: 28 mm, Korkeus: 90 mm<\/p>\n<\/li>\n<li class=\"\" data-start=\"2235\" data-end=\"2253\">\n<p class=\"\" data-start=\"2237\" data-end=\"2253\">M\u00e4nn\u00e4n kosketin: Ei<\/p>\n<\/li>\n<li class=\"\" data-start=\"2254\" data-end=\"2274\">\n<p class=\"\" data-start=\"2256\" data-end=\"2274\">J\u00e4nnite AC\/DC: D<\/p>\n<\/li>\n<\/ul>\n<p data-start=\"329\" data-end=\"561\">","protected":false},"excerpt":{"rendered":"<p>T\u00e4\u00e4lt\u00e4 n\u00e4et, mitk\u00e4 pylv\u00e4\u00e4t ja mallit sopivat yhteen STEP-sarjan s\u00e4hk\u00f6isist\u00e4 oven pys\u00e4yttimist\u00e4.<\/p>\n<h5><strong><a href=\"https:\/\/steplock.com\/sv\/stolpguide\/#!?lang=sv&amp;blog_id=1&amp;paged=1&amp;number=50\" target=\"_blank\" rel=\"noopener\">STEP Viestiopas\u00a0<\/a><\/strong><\/h5>\n<h5><strong><a href=\"https:\/\/steplock.com\/sv\/projekteringsguide\/#!?lang=sv&amp;blog_id=1&amp;paged=1&amp;number=999\" target=\"_blank\" rel=\"noopener\">STEP-suunnitteluopas<\/a><\/strong><\/h5>","protected":false},"featured_media":147329,"template":"","meta":{"_acf_changed":false},"product_brand":[],"product_cat":[3355],"product_tag":[4197,4200],"class_list":{"0":"post-147332","1":"product","2":"type-product","3":"status-publish","4":"has-post-thumbnail","6":"product_cat-elslutbleck","7":"product_tag-24v","8":"product_tag-rattvand","9":"product_shipping_class-tunga-paket","10":"pa_brands-step","11":"tm-no-options","13":"first","14":"instock","15":"sale","16":"taxable","17":"shipping-taxable","18":"purchasable","19":"product-type-simple"},"acf":[],"_links":{"self":[{"href":"https:\/\/secureus.se\/fi\/wp-json\/wp\/v2\/product\/147332","targetHints":{"allow":["GET"]}}],"collection":[{"href":"https:\/\/secureus.se\/fi\/wp-json\/wp\/v2\/product"}],"about":[{"href":"https:\/\/secureus.se\/fi\/wp-json\/wp\/v2\/types\/product"}],"wp:featuredmedia":[{"embeddable":true,"href":"https:\/\/secureus.se\/fi\/wp-json\/wp\/v2\/media\/147329"}],"wp:attachment":[{"href":"https:\/\/secureus.se\/fi\/wp-json\/wp\/v2\/media?parent=147332"}],"wp:term":[{"taxonomy":"product_brand","embeddable":true,"href":"https:\/\/secureus.se\/fi\/wp-json\/wp\/v2\/product_brand?post=147332"},{"taxonomy":"product_cat","embeddable":true,"href":"https:\/\/secureus.se\/fi\/wp-json\/wp\/v2\/product_cat?post=147332"},{"taxonomy":"product_tag","embeddable":true,"href":"https:\/\/secureus.se\/fi\/wp-json\/wp\/v2\/product_tag?post=147332"}],"curies":[{"name":"wp","href":"https:\/\/api.w.org\/{rel}","templated":true}]}}