{"id":147341,"date":"2023-09-26T13:10:31","date_gmt":"2023-09-26T11:10:31","guid":{"rendered":"https:\/\/secureus.se\/elslutbleck-step-90-rattvand-24v-kolvkontakt\/"},"modified":"2026-04-23T12:30:40","modified_gmt":"2026-04-23T10:30:40","slug":"elslutbleck-step-90-rattvand-24v-kolvkontakt","status":"publish","type":"product","link":"https:\/\/secureus.se\/fi\/elslutbleck-step-90-rattvand-24v-kolvkontakt\/","title":{"rendered":"S\u00e4hk\u00f6inen vastalevy STEP 90 Oikealle p\u00e4in 24 V m\u00e4nt\u00e4kosketin"},"content":{"rendered":"<h1>S\u00e4hk\u00f6inen vastalevy STEP 90 Oikealle p\u00e4in 24 V m\u00e4nt\u00e4kosketin<\/h1>\n<p>STEP 90 on palosuojattu s\u00e4hk\u00f6inen p\u00e4\u00e4tylevy minimaalisilla mitoilla ja HPR\u00ae-tekniikalla, joka sopii ihanteellisesti palokammioiden rajoihin. Varustettu m\u00e4nt\u00e4koskettimella ja 1 200 kg:n murtolujuudella, takaa luotettavan toiminnan my\u00f6s korkealla nauhapaineella.<\/p>\n<p>S\u00e4hk\u00f6inen p\u00e4\u00e4tylevy STEP 90<\/p>\n<p class=\"\" data-start=\"381\" data-end=\"831\">Preload HPR on korkealaatuinen s\u00e4hk\u00f6inen p\u00e4\u00e4tylevy, joka tarjoaa sek\u00e4 turvallisuutta ett\u00e4 luotettavuutta.<\/p>\n<p class=\"\" data-start=\"381\" data-end=\"831\">Pienikokoisena ja kehittyneen muovausteknologiansa ansiosta se on suunniteltu tarjoamaan korkea toimintavarmuus ja pitk\u00e4 k\u00e4ytt\u00f6ik\u00e4, mik\u00e4 tekee siit\u00e4 ihanteellisen sovelluksiin, joissa tila ja kest\u00e4vyys ovat t\u00e4rkeit\u00e4.<\/p>\n<p class=\"\" data-start=\"381\" data-end=\"831\">STEP 90 on palohyv\u00e4ksytty standardiin E\/EI120 asti standardin SS-EN 14846:2008 mukaisesti, mik\u00e4 tekee siit\u00e4 ihanteellisen ratkaisun palokammioiden rajoihin.<\/p>\n<p class=\"\" data-start=\"833\" data-end=\"1185\">Patentoitu HPR\u00ae-tekniikka varmistaa, ett\u00e4 ovi voidaan avata jopa 250 kg:n paineen alaisena.<\/p>\n<p class=\"\" data-start=\"833\" data-end=\"1185\">STEP 90 on my\u00f6s varustettu m\u00e4nt\u00e4kytkimell\u00e4, joka osoittaa, onko ovi kiinni vai auki.<\/p>\n<p class=\"\" data-start=\"833\" data-end=\"1185\">Sen palonkest\u00e4vyys on testattu ja sertifioitu, ja sen murtolujuus on 1 200 kg (n. 12 kN), mik\u00e4 tekee siit\u00e4 sek\u00e4 lujan ett\u00e4 kest\u00e4v\u00e4n.<\/p>\n<p class=\"\" data-start=\"1187\" data-end=\"1202\"><strong data-start=\"1187\" data-end=\"1202\">Ominaisuudet:<\/strong><\/p>\n<ul data-start=\"1203\" data-end=\"1718\">\n<li class=\"\" data-start=\"1203\" data-end=\"1246\">\n<p class=\"\" data-start=\"1205\" data-end=\"1246\">Oikealle suunnattu toiminto (lukittu j\u00e4nnitteett\u00f6m\u00e4ss\u00e4 tilassa)<\/p>\n<\/li>\n<li class=\"\" data-start=\"1247\" data-end=\"1305\">\n<p class=\"\" data-start=\"1249\" data-end=\"1305\">M\u00e4nn\u00e4n kosketin oven tilan ilmaisulla (kiinni\/auki)<\/p>\n<\/li>\n<li class=\"\" data-start=\"1306\" data-end=\"1371\">\n<p class=\"\" data-start=\"1308\" data-end=\"1371\">Palotestattu luokkaan E\/EI 120 asti standardin SS-EN 14846:2008 mukaisesti<\/p>\n<\/li>\n<li class=\"\" data-start=\"1372\" data-end=\"1420\">\n<p class=\"\" data-start=\"1374\" data-end=\"1420\">Sis\u00e4\u00e4nrakennettu suojadiodi lis\u00e4\u00e4 s\u00e4hk\u00f6turvallisuutta<\/p>\n<\/li>\n<li class=\"\" data-start=\"1421\" data-end=\"1491\">\n<p class=\"\" data-start=\"1423\" data-end=\"1491\">HPR\u00ae-tekniikka takaa avautumisen 250 kg:n (n. 2,5 kN) nauhapaineesta huolimatta<\/p>\n<\/li>\n<li class=\"\" data-start=\"1492\" data-end=\"1532\">\n<p class=\"\" data-start=\"1494\" data-end=\"1532\">Murtolujuus 1 200 kg (n. 12 kN)<\/p>\n<\/li>\n<li class=\"\" data-start=\"1533\" data-end=\"1592\">\n<p class=\"\" data-start=\"1535\" data-end=\"1592\">Nakutuksenesto ja k\u00e4\u00e4nnett\u00e4v\u00e4 sek\u00e4 oikea- ett\u00e4 vasenk\u00e4tisille oville<\/p>\n<\/li>\n<li class=\"\" data-start=\"1593\" data-end=\"1637\">\n<p class=\"\" data-start=\"1595\" data-end=\"1637\">Ruuvinrei\u00e4t kulmaruuveille takareunassa<\/p>\n<\/li>\n<li class=\"\" data-start=\"1638\" data-end=\"1718\">\n<p class=\"\" data-start=\"1640\" data-end=\"1718\">Soveltuu Connect-, Modul- ja Smalprofil-sarjojen yksi- ja kaksoislukkoihin<\/p>\n<\/li>\n<\/ul>\n<p class=\"\" data-start=\"1720\" data-end=\"1749\"><strong data-start=\"1720\" data-end=\"1749\">Tekniset tiedot:<\/strong><\/p>\n<ul data-start=\"1750\" data-end=\"2353\">\n<li class=\"\" data-start=\"1750\" data-end=\"1857\">\n<p class=\"\" data-start=\"1752\" data-end=\"1857\">J\u00e4nnitteensy\u00f6tt\u00f6: 12 V DC (+15% -10%) 220 mAh \/ max 600 mA tai 24 V DC (+15% -10%) 110 mAh \/ max 300 mA<\/p>\n<\/li>\n<li class=\"\" data-start=\"1858\" data-end=\"1921\">\n<p class=\"\" data-start=\"1860\" data-end=\"1921\">M\u00e4nn\u00e4n kosketin: Mikrokytkin yksinapainen vuorotteleva, max. 30V DC, 1A<\/p>\n<\/li>\n<li class=\"\" data-start=\"1922\" data-end=\"1962\">\n<p class=\"\" data-start=\"1924\" data-end=\"1962\">Kest\u00e4vyys: Luokka X standardin SS-EN 14846 mukaan<\/p>\n<\/li>\n<li class=\"\" data-start=\"1963\" data-end=\"2002\">\n<p class=\"\" data-start=\"1965\" data-end=\"2002\">Korroosio: luokka M standardin SS-EN 14846 mukaan<\/p>\n<\/li>\n<li class=\"\" data-start=\"2003\" data-end=\"2041\">\n<p class=\"\" data-start=\"2005\" data-end=\"2041\">Turvallisuus: luokka 3 standardin SS-EN 14846 mukaan<\/p>\n<\/li>\n<li class=\"\" data-start=\"2042\" data-end=\"2104\">\n<p class=\"\" data-start=\"2044\" data-end=\"2104\">Turvallinen s\u00e4hk\u00f6inen k\u00e4sittely: luokka 1 standardin SS-EN 14846 mukaan<\/p>\n<\/li>\n<li class=\"\" data-start=\"2105\" data-end=\"2127\">\n<p class=\"\" data-start=\"2107\" data-end=\"2127\">Palotesti: 120 min<\/p>\n<\/li>\n<li class=\"\" data-start=\"2128\" data-end=\"2154\">\n<p class=\"\" data-start=\"2130\" data-end=\"2154\">Murtolujuus: 1200 kg<\/p>\n<\/li>\n<li class=\"\" data-start=\"2155\" data-end=\"2185\">\n<p class=\"\" data-start=\"2157\" data-end=\"2185\">Oven sarana: Oikea, Vasen<\/p>\n<\/li>\n<li class=\"\" data-start=\"2186\" data-end=\"2204\">\n<p class=\"\" data-start=\"2188\" data-end=\"2204\">Mukana kaapeli: Ei<\/p>\n<\/li>\n<li class=\"\" data-start=\"2205\" data-end=\"2224\">\n<p class=\"\" data-start=\"2207\" data-end=\"2224\">Listan paine: 250 kg<\/p>\n<\/li>\n<li class=\"\" data-start=\"2225\" data-end=\"2260\">\n<p class=\"\" data-start=\"2227\" data-end=\"2260\">Lukon tyyppi: yksisalpalukko, kaksoissalpalukko<\/p>\n<\/li>\n<li class=\"\" data-start=\"2261\" data-end=\"2314\">\n<p class=\"\" data-start=\"2263\" data-end=\"2314\">Tuotteen mitat: Leveys: 25 mm, Syvyys: 28 mm, Korkeus: 90 mm<\/p>\n<\/li>\n<li class=\"\" data-start=\"2315\" data-end=\"2332\">\n<p class=\"\" data-start=\"2317\" data-end=\"2332\">M\u00e4nn\u00e4n kosketin: Kyll\u00e4<\/p>\n<\/li>\n<li class=\"\" data-start=\"2333\" data-end=\"2353\">\n<p class=\"\" data-start=\"2335\" data-end=\"2353\">J\u00e4nnite AC\/DC: DC<\/p>\n<\/li>\n<\/ul>\n<p>&nbsp;<\/p>","protected":false},"excerpt":{"rendered":"<p>T\u00e4\u00e4lt\u00e4 n\u00e4et, mitk\u00e4 pylv\u00e4\u00e4t ja mallit sopivat yhteen STEP-sarjan s\u00e4hk\u00f6isist\u00e4 oven pys\u00e4yttimist\u00e4.<\/p>\n<h5><strong><a href=\"https:\/\/steplock.com\/sv\/stolpguide\/#!?lang=sv&amp;blog_id=1&amp;paged=1&amp;number=50\" target=\"_blank\" rel=\"noopener\">STEP Viestiopas\u00a0<\/a><\/strong><\/h5>\n<h5><strong><a href=\"https:\/\/steplock.com\/sv\/projekteringsguide\/#!?lang=sv&amp;blog_id=1&amp;paged=1&amp;number=999\" target=\"_blank\" rel=\"noopener\">STEP-suunnitteluopas<\/a><\/strong><\/h5>","protected":false},"featured_media":147337,"template":"","meta":{"_acf_changed":false},"product_brand":[],"product_cat":[3355],"product_tag":[4197,4200],"class_list":{"0":"post-147341","1":"product","2":"type-product","3":"status-publish","4":"has-post-thumbnail","6":"product_cat-elslutbleck","7":"product_tag-24v","8":"product_tag-rattvand","9":"product_shipping_class-tunga-paket","10":"pa_brands-step","11":"tm-no-options","13":"first","14":"onbackorder","15":"sale","16":"taxable","17":"shipping-taxable","18":"purchasable","19":"product-type-simple"},"acf":[],"_links":{"self":[{"href":"https:\/\/secureus.se\/fi\/wp-json\/wp\/v2\/product\/147341","targetHints":{"allow":["GET"]}}],"collection":[{"href":"https:\/\/secureus.se\/fi\/wp-json\/wp\/v2\/product"}],"about":[{"href":"https:\/\/secureus.se\/fi\/wp-json\/wp\/v2\/types\/product"}],"wp:featuredmedia":[{"embeddable":true,"href":"https:\/\/secureus.se\/fi\/wp-json\/wp\/v2\/media\/147337"}],"wp:attachment":[{"href":"https:\/\/secureus.se\/fi\/wp-json\/wp\/v2\/media?parent=147341"}],"wp:term":[{"taxonomy":"product_brand","embeddable":true,"href":"https:\/\/secureus.se\/fi\/wp-json\/wp\/v2\/product_brand?post=147341"},{"taxonomy":"product_cat","embeddable":true,"href":"https:\/\/secureus.se\/fi\/wp-json\/wp\/v2\/product_cat?post=147341"},{"taxonomy":"product_tag","embeddable":true,"href":"https:\/\/secureus.se\/fi\/wp-json\/wp\/v2\/product_tag?post=147341"}],"curies":[{"name":"wp","href":"https:\/\/api.w.org\/{rel}","templated":true}]}}