{"id":147345,"date":"2023-09-26T13:10:29","date_gmt":"2023-09-26T11:10:29","guid":{"rendered":"https:\/\/secureus.se\/elslutbleck-step-40-omstallbar-24v\/"},"modified":"2026-04-23T12:32:00","modified_gmt":"2026-04-23T10:32:00","slug":"elslutbleck-step-40-omstallbar-24v","status":"publish","type":"product","link":"https:\/\/secureus.se\/fi\/elslutbleck-step-40-omstallbar-24v\/","title":{"rendered":"S\u00e4hk\u00f6isku STEP 40 S\u00e4\u00e4dett\u00e4v\u00e4 24V"},"content":{"rendered":"<h1>S\u00e4hk\u00f6isku STEP 40 S\u00e4\u00e4dett\u00e4v\u00e4 24V<\/h1>\n<p>STEP 40 on s\u00e4\u00e4dett\u00e4v\u00e4ll\u00e4 toiminnolla varustettu s\u00e4hk\u00f6isku, joka on ihanteellinen p\u00e4iv\u00e4lukitus- ja eritt\u00e4in turvallisiin sovelluksiin. Varustettu HPR\u00ae-teknologialla ja murtolujuus 1200 kg.<\/p>\n<p>Electric Strike STEP 40 Preload HPR on korkealaatuinen s\u00e4hk\u00f6isku, joka tarjoaa sek\u00e4 luotettavuutta ett\u00e4 joustavuutta.<\/p>\n<p>Kompaktin kokonsa ja patentoidun nauhapainetekniikan ansiosta se takaa, ett\u00e4 ovi avautuu jopa 250 kg:n paineen alla.<\/p>\n<p>STEP 40 on osa STEPin Preload-sarjaa, mik\u00e4 tarkoittaa, ett\u00e4 tuote on testattu kest\u00e4m\u00e4\u00e4n suuria avautumistaajuuksia ja on luotettava pitk\u00e4\u00e4n.<\/p>\n<p class=\"\" data-start=\"750\" data-end=\"1174\">K\u00e4\u00e4nnett\u00e4v\u00e4 ominaisuus mahdollistaa STEP 40:n joko menosuuntaan tai taaksep\u00e4in (lukittu tai lukitsematon j\u00e4nnitteet\u00f6n asennossa), mik\u00e4 tarjoaa joustavuutta asennuksessa.<\/p>\n<p class=\"\" data-start=\"750\" data-end=\"1174\">STEP 40:n murtolujuus on 1 200 kg (n. 12 kN) ja tehtaalla testattu 1 500 000 syklin k\u00e4ytt\u00f6ik\u00e4.<\/p>\n<p class=\"\" data-start=\"750\" data-end=\"1174\">S\u00e4hk\u00f6inen vastalevy on my\u00f6s peukaloinninkest\u00e4v\u00e4 ja siin\u00e4 on ruuvinrei\u00e4t kulmaruuveille asennuksen helpottamiseksi.<\/p>\n<p class=\"\" data-start=\"1176\" data-end=\"1191\"><strong data-start=\"1176\" data-end=\"1191\">Ominaisuudet:<\/strong><\/p>\n<ul data-start=\"1192\" data-end=\"1621\">\n<li class=\"\" data-start=\"1192\" data-end=\"1271\">\n<p class=\"\" data-start=\"1194\" data-end=\"1271\">Kytkett\u00e4v\u00e4 eteen- tai taaksep\u00e4in-toiminto (lukittu tai avattu j\u00e4nnitteett\u00f6m\u00e4ss\u00e4 tilassa)<\/p>\n<\/li>\n<li class=\"\" data-start=\"1272\" data-end=\"1320\">\n<p class=\"\" data-start=\"1274\" data-end=\"1320\">Sis\u00e4\u00e4nrakennettu suojadiodi lis\u00e4\u00e4 s\u00e4hk\u00f6turvallisuutta<\/p>\n<\/li>\n<li class=\"\" data-start=\"1321\" data-end=\"1395\">\n<p class=\"\" data-start=\"1323\" data-end=\"1395\">HPR\u00ae-tekniikka, joka takaa avautumisen 250 kg (n. 2,5 kN) nauhapaineesta huolimatta<\/p>\n<\/li>\n<li class=\"\" data-start=\"1396\" data-end=\"1436\">\n<p class=\"\" data-start=\"1398\" data-end=\"1436\">Murtolujuus 1 200 kg (n. 12 kN)<\/p>\n<\/li>\n<li class=\"\" data-start=\"1437\" data-end=\"1474\">\n<p class=\"\" data-start=\"1439\" data-end=\"1474\">Tehdastestattu 1 500 000 sykliin<\/p>\n<\/li>\n<li class=\"\" data-start=\"1475\" data-end=\"1534\">\n<p class=\"\" data-start=\"1477\" data-end=\"1534\">Nakutuksenesto ja k\u00e4\u00e4nnett\u00e4v\u00e4 sek\u00e4 oikea- ett\u00e4 vasenk\u00e4tisille oville<\/p>\n<\/li>\n<li class=\"\" data-start=\"1535\" data-end=\"1579\">\n<p class=\"\" data-start=\"1537\" data-end=\"1579\">Ruuvinrei\u00e4t kulmaruuveille takareunassa<\/p>\n<\/li>\n<li class=\"\" data-start=\"1580\" data-end=\"1621\">\n<p class=\"\" data-start=\"1582\" data-end=\"1621\">Sopii yksi- ja kaksilehtisille lukoksille<\/p>\n<\/li>\n<\/ul>\n<p class=\"\" data-start=\"1623\" data-end=\"1652\"><strong data-start=\"1623\" data-end=\"1652\">Tekniset tiedot:<\/strong><\/p>\n<ul data-start=\"1653\" data-end=\"2170\">\n<li class=\"\" data-start=\"1653\" data-end=\"1760\">\n<p class=\"\" data-start=\"1655\" data-end=\"1760\">J\u00e4nnitteensy\u00f6tt\u00f6: 12 V DC (+15% -10%) 220 mAh \/ max 600 mA tai 24 V DC (+15% -10%) 110 mAh \/ max 300 mA<\/p>\n<\/li>\n<li class=\"\" data-start=\"1761\" data-end=\"1801\">\n<p class=\"\" data-start=\"1763\" data-end=\"1801\">Kest\u00e4vyys: Luokka X standardin SS-EN 14846 mukaan<\/p>\n<\/li>\n<li class=\"\" data-start=\"1802\" data-end=\"1841\">\n<p class=\"\" data-start=\"1804\" data-end=\"1841\">Korroosio: luokka M standardin SS-EN 14846 mukaan<\/p>\n<\/li>\n<li class=\"\" data-start=\"1842\" data-end=\"1880\">\n<p class=\"\" data-start=\"1844\" data-end=\"1880\">Turvallisuus: luokka 3 standardin SS-EN 14846 mukaan<\/p>\n<\/li>\n<li class=\"\" data-start=\"1881\" data-end=\"1943\">\n<p class=\"\" data-start=\"1883\" data-end=\"1943\">Turvallinen s\u00e4hk\u00f6inen k\u00e4sittely: luokka 1 standardin SS-EN 14846 mukaan<\/p>\n<\/li>\n<li class=\"\" data-start=\"1944\" data-end=\"1970\">\n<p class=\"\" data-start=\"1946\" data-end=\"1970\">Murtolujuus: 1200 kg<\/p>\n<\/li>\n<li class=\"\" data-start=\"1971\" data-end=\"2001\">\n<p class=\"\" data-start=\"1973\" data-end=\"2001\">Oven sarana: Oikea, Vasen<\/p>\n<\/li>\n<li class=\"\" data-start=\"2002\" data-end=\"2020\">\n<p class=\"\" data-start=\"2004\" data-end=\"2020\">Mukana kaapeli: Ei<\/p>\n<\/li>\n<li class=\"\" data-start=\"2021\" data-end=\"2040\">\n<p class=\"\" data-start=\"2023\" data-end=\"2040\">Listan paine: 250 kg<\/p>\n<\/li>\n<li class=\"\" data-start=\"2041\" data-end=\"2076\">\n<p class=\"\" data-start=\"2043\" data-end=\"2076\">Lukon tyyppi: yksisalpalukko, kaksoissalpalukko<\/p>\n<\/li>\n<li class=\"\" data-start=\"2077\" data-end=\"2130\">\n<p class=\"\" data-start=\"2079\" data-end=\"2130\">Tuotteen mitat: Leveys: 25 mm, Syvyys: 28 mm, Korkeus: 90 mm<\/p>\n<\/li>\n<li class=\"\" data-start=\"2131\" data-end=\"2149\">\n<p class=\"\" data-start=\"2133\" data-end=\"2149\">M\u00e4nn\u00e4n kosketin: Ei<\/p>\n<\/li>\n<li class=\"\" data-start=\"2150\" data-end=\"2170\">\n<p class=\"\" data-start=\"2152\" data-end=\"2170\">J\u00e4nnite AC\/DC: DC<\/p>\n<\/li>\n<\/ul>","protected":false},"excerpt":{"rendered":"<p>T\u00e4\u00e4lt\u00e4 n\u00e4et, mitk\u00e4 pylv\u00e4\u00e4t ja mallit sopivat yhteen STEP-sarjan s\u00e4hk\u00f6isist\u00e4 oven pys\u00e4yttimist\u00e4.<\/p>\n<h5><strong><a href=\"https:\/\/steplock.com\/sv\/stolpguide\/#!?lang=sv&amp;blog_id=1&amp;paged=1&amp;number=50\" target=\"_blank\" rel=\"noopener\">STEP Viestiopas\u00a0<\/a><\/strong><\/h5>\n<h5><strong><a href=\"https:\/\/steplock.com\/sv\/projekteringsguide\/#!?lang=sv&amp;blog_id=1&amp;paged=1&amp;number=999\" target=\"_blank\" rel=\"noopener\">STEP-suunnitteluopas<\/a><\/strong><\/h5>","protected":false},"featured_media":147342,"template":"","meta":{"_acf_changed":false},"product_brand":[],"product_cat":[3355],"product_tag":[4197,4202],"class_list":{"0":"post-147345","1":"product","2":"type-product","3":"status-publish","4":"has-post-thumbnail","6":"product_cat-elslutbleck","7":"product_tag-24v","8":"product_tag-omstallbar-rattvand-omvand","9":"product_shipping_class-tunga-paket","10":"pa_brands-step","11":"tm-no-options","13":"first","14":"instock","15":"sale","16":"taxable","17":"shipping-taxable","18":"purchasable","19":"product-type-simple"},"acf":[],"_links":{"self":[{"href":"https:\/\/secureus.se\/fi\/wp-json\/wp\/v2\/product\/147345","targetHints":{"allow":["GET"]}}],"collection":[{"href":"https:\/\/secureus.se\/fi\/wp-json\/wp\/v2\/product"}],"about":[{"href":"https:\/\/secureus.se\/fi\/wp-json\/wp\/v2\/types\/product"}],"wp:featuredmedia":[{"embeddable":true,"href":"https:\/\/secureus.se\/fi\/wp-json\/wp\/v2\/media\/147342"}],"wp:attachment":[{"href":"https:\/\/secureus.se\/fi\/wp-json\/wp\/v2\/media?parent=147345"}],"wp:term":[{"taxonomy":"product_brand","embeddable":true,"href":"https:\/\/secureus.se\/fi\/wp-json\/wp\/v2\/product_brand?post=147345"},{"taxonomy":"product_cat","embeddable":true,"href":"https:\/\/secureus.se\/fi\/wp-json\/wp\/v2\/product_cat?post=147345"},{"taxonomy":"product_tag","embeddable":true,"href":"https:\/\/secureus.se\/fi\/wp-json\/wp\/v2\/product_tag?post=147345"}],"curies":[{"name":"wp","href":"https:\/\/api.w.org\/{rel}","templated":true}]}}