{"id":147357,"date":"2023-09-26T13:10:25","date_gmt":"2023-09-26T11:10:25","guid":{"rendered":"https:\/\/secureus.se\/elslutbleck-step-90-omstallbar-24v-kolvkontakt\/"},"modified":"2026-04-23T12:36:40","modified_gmt":"2026-04-23T10:36:40","slug":"elslutbleck-step-90-omstallbar-24v-kolvkontakt","status":"publish","type":"product","link":"https:\/\/secureus.se\/fi\/elslutbleck-step-90-omstallbar-24v-kolvkontakt\/","title":{"rendered":"S\u00e4hk\u00f6isku STEP 90 S\u00e4\u00e4dett\u00e4v\u00e4 24 V m\u00e4nt\u00e4kosketin"},"content":{"rendered":"<h1>S\u00e4hk\u00f6isku STEP 90 S\u00e4\u00e4dett\u00e4v\u00e4 24 V m\u00e4nt\u00e4kosketin<\/h1>\n<p>STEP 90 on palosuojattu s\u00e4hk\u00f6isku, jossa on s\u00e4\u00e4dett\u00e4v\u00e4 toiminto, HPR\u00ae-tekniikka ja m\u00e4nt\u00e4kosketin. Suunniteltu turvalliseen p\u00e4iv\u00e4lukitukseen korkealla toimintavarmuudella ja pitk\u00e4ll\u00e4 k\u00e4ytt\u00f6i\u00e4ll\u00e4, palotestattu E\/EI120 asti.<\/p>\n<p class=\"\" data-start=\"361\" data-end=\"741\">Electric Strike STEP 90 Preload HPR on palohyv\u00e4ksytty s\u00e4hk\u00f6isku, jossa yhdistyv\u00e4t pienet mitat korkeaan turvallisuuteen ja luotettavuuteen.<\/p>\n<p class=\"\" data-start=\"361\" data-end=\"741\">STEP:n patentoidulla HPR\u00ae-tekniikalla varustettu STEP 90 varmistaa oven avautumisen jopa 250 kg:n nauhapaineella.<\/p>\n<p class=\"\" data-start=\"361\" data-end=\"741\">Se on my\u00f6s sertifioitu palonkest\u00e4vyyteen E\/EI120 asti, mik\u00e4 tekee siit\u00e4 luotettavan ratkaisun palokennojen rajoihin.<\/p>\n<p class=\"\" data-start=\"743\" data-end=\"1133\">K\u00e4\u00e4nnett\u00e4v\u00e4ll\u00e4 toiminnallaan STEP 90 voi olla sek\u00e4 kasvot menosuuntaan ett\u00e4 taaksep\u00e4in (lukittu tai avattu j\u00e4nnitteett\u00f6m\u00e4ss\u00e4 asennossa), mik\u00e4 tarjoaa joustavuutta asennukseen.<\/p>\n<p class=\"\" data-start=\"743\" data-end=\"1133\">M\u00e4nt\u00e4kytkin osoittaa, onko ovi kiinni vai auki, mik\u00e4 parantaa toimivuutta.<\/p>\n<p class=\"\" data-start=\"743\" data-end=\"1133\">Sen murtolujuus on 1 200 kg (n. 12 kN) ja se on tehtaalla testattu 1 500 000 syklin ajan, mik\u00e4 takaa pitk\u00e4n kest\u00e4vyyden ja k\u00e4ytt\u00f6varmuuden.<\/p>\n<p class=\"\" data-start=\"1135\" data-end=\"1150\"><strong data-start=\"1135\" data-end=\"1150\">Ominaisuudet:<\/strong><\/p>\n<ul data-start=\"1151\" data-end=\"1684\">\n<li class=\"\" data-start=\"1151\" data-end=\"1208\">\n<p class=\"\" data-start=\"1153\" data-end=\"1208\">Kytkett\u00e4v\u00e4 toiminto (lukittu tai avattu j\u00e4nnitteett\u00f6m\u00e4ss\u00e4 tilassa)<\/p>\n<\/li>\n<li class=\"\" data-start=\"1209\" data-end=\"1267\">\n<p class=\"\" data-start=\"1211\" data-end=\"1267\">M\u00e4nn\u00e4n kosketin oven tilan ilmaisulla (kiinni\/auki)<\/p>\n<\/li>\n<li class=\"\" data-start=\"1268\" data-end=\"1333\">\n<p class=\"\" data-start=\"1270\" data-end=\"1333\">Palotestattu luokkaan E\/EI 120 asti standardin SS-EN 14846:2008 mukaisesti<\/p>\n<\/li>\n<li class=\"\" data-start=\"1334\" data-end=\"1382\">\n<p class=\"\" data-start=\"1336\" data-end=\"1382\">Sis\u00e4\u00e4nrakennettu suojadiodi lis\u00e4\u00e4 s\u00e4hk\u00f6turvallisuutta<\/p>\n<\/li>\n<li class=\"\" data-start=\"1383\" data-end=\"1457\">\n<p class=\"\" data-start=\"1385\" data-end=\"1457\">HPR\u00ae-tekniikka, joka takaa avautumisen 250 kg (n. 2,5 kN) nauhapaineesta huolimatta<\/p>\n<\/li>\n<li class=\"\" data-start=\"1458\" data-end=\"1498\">\n<p class=\"\" data-start=\"1460\" data-end=\"1498\">Murtolujuus 1 200 kg (n. 12 kN)<\/p>\n<\/li>\n<li class=\"\" data-start=\"1499\" data-end=\"1558\">\n<p class=\"\" data-start=\"1501\" data-end=\"1558\">Nakutuksenesto ja k\u00e4\u00e4nnett\u00e4v\u00e4 sek\u00e4 oikea- ett\u00e4 vasenk\u00e4tisille oville<\/p>\n<\/li>\n<li class=\"\" data-start=\"1559\" data-end=\"1603\">\n<p class=\"\" data-start=\"1561\" data-end=\"1603\">Ruuvinrei\u00e4t kulmaruuveille takareunassa<\/p>\n<\/li>\n<li class=\"\" data-start=\"1604\" data-end=\"1684\">\n<p class=\"\" data-start=\"1606\" data-end=\"1684\">Soveltuu Connect-, Modul- ja Smalprofil-sarjojen yksi- ja kaksoislukkoihin<\/p>\n<\/li>\n<\/ul>\n<p class=\"\" data-start=\"1686\" data-end=\"1715\"><strong data-start=\"1686\" data-end=\"1715\">Tekniset tiedot:<\/strong><\/p>\n<ul data-start=\"1716\" data-end=\"2319\">\n<li class=\"\" data-start=\"1716\" data-end=\"1823\">\n<p class=\"\" data-start=\"1718\" data-end=\"1823\">J\u00e4nnitteensy\u00f6tt\u00f6: 12 V DC (+15% -10%) 220 mAh \/ max 600 mA tai 24 V DC (+15% -10%) 110 mAh \/ max 300 mA<\/p>\n<\/li>\n<li class=\"\" data-start=\"1824\" data-end=\"1887\">\n<p class=\"\" data-start=\"1826\" data-end=\"1887\">M\u00e4nn\u00e4n kosketin: Mikrokytkin yksinapainen vuorotteleva, max. 30V DC, 1A<\/p>\n<\/li>\n<li class=\"\" data-start=\"1888\" data-end=\"1928\">\n<p class=\"\" data-start=\"1890\" data-end=\"1928\">Kest\u00e4vyys: Luokka X standardin SS-EN 14846 mukaan<\/p>\n<\/li>\n<li class=\"\" data-start=\"1929\" data-end=\"1968\">\n<p class=\"\" data-start=\"1931\" data-end=\"1968\">Korroosio: luokka M standardin SS-EN 14846 mukaan<\/p>\n<\/li>\n<li class=\"\" data-start=\"1969\" data-end=\"2007\">\n<p class=\"\" data-start=\"1971\" data-end=\"2007\">Turvallisuus: luokka 3 standardin SS-EN 14846 mukaan<\/p>\n<\/li>\n<li class=\"\" data-start=\"2008\" data-end=\"2070\">\n<p class=\"\" data-start=\"2010\" data-end=\"2070\">Turvallinen s\u00e4hk\u00f6inen k\u00e4sittely: luokka 1 standardin SS-EN 14846 mukaan<\/p>\n<\/li>\n<li class=\"\" data-start=\"2071\" data-end=\"2093\">\n<p class=\"\" data-start=\"2073\" data-end=\"2093\">Palotesti: 120 min<\/p>\n<\/li>\n<li class=\"\" data-start=\"2094\" data-end=\"2120\">\n<p class=\"\" data-start=\"2096\" data-end=\"2120\">Murtolujuus: 1200 kg<\/p>\n<\/li>\n<li class=\"\" data-start=\"2121\" data-end=\"2151\">\n<p class=\"\" data-start=\"2123\" data-end=\"2151\">Oven sarana: Oikea, Vasen<\/p>\n<\/li>\n<li class=\"\" data-start=\"2152\" data-end=\"2170\">\n<p class=\"\" data-start=\"2154\" data-end=\"2170\">Mukana kaapeli: Ei<\/p>\n<\/li>\n<li class=\"\" data-start=\"2171\" data-end=\"2190\">\n<p class=\"\" data-start=\"2173\" data-end=\"2190\">Listan paine: 250 kg<\/p>\n<\/li>\n<li class=\"\" data-start=\"2191\" data-end=\"2226\">\n<p class=\"\" data-start=\"2193\" data-end=\"2226\">Lukon tyyppi: yksisalpalukko, kaksoissalpalukko<\/p>\n<\/li>\n<li class=\"\" data-start=\"2227\" data-end=\"2280\">\n<p class=\"\" data-start=\"2229\" data-end=\"2280\">Tuotteen mitat: Leveys: 25 mm, Syvyys: 28 mm, Korkeus: 90 mm<\/p>\n<\/li>\n<li class=\"\" data-start=\"2281\" data-end=\"2298\">\n<p class=\"\" data-start=\"2283\" data-end=\"2298\">M\u00e4nn\u00e4n kosketin: Kyll\u00e4<\/p>\n<\/li>\n<li class=\"\" data-start=\"2299\" data-end=\"2319\">\n<p class=\"\" data-start=\"2301\" data-end=\"2319\">J\u00e4nnite AC\/DC: DC<\/p>\n<\/li>\n<\/ul>","protected":false},"excerpt":{"rendered":"<p>T\u00e4\u00e4lt\u00e4 n\u00e4et, mitk\u00e4 pylv\u00e4\u00e4t ja mallit sopivat yhteen STEP-sarjan s\u00e4hk\u00f6isist\u00e4 oven pys\u00e4yttimist\u00e4.<\/p>\n<h5><strong><a href=\"https:\/\/steplock.com\/sv\/stolpguide\/#!?lang=sv&amp;blog_id=1&amp;paged=1&amp;number=50\" target=\"_blank\" rel=\"noopener\">STEP Viestiopas\u00a0<\/a><\/strong><\/h5>\n<h5><strong><a href=\"https:\/\/steplock.com\/sv\/projekteringsguide\/#!?lang=sv&amp;blog_id=1&amp;paged=1&amp;number=999\" target=\"_blank\" rel=\"noopener\">STEP-suunnitteluopas<\/a><\/strong><\/h5>","protected":false},"featured_media":147354,"template":"","meta":{"_acf_changed":false},"product_brand":[],"product_cat":[3355],"product_tag":[4197,4202],"class_list":{"0":"post-147357","1":"product","2":"type-product","3":"status-publish","4":"has-post-thumbnail","6":"product_cat-elslutbleck","7":"product_tag-24v","8":"product_tag-omstallbar-rattvand-omvand","9":"product_shipping_class-tunga-paket","10":"pa_brands-step","11":"tm-no-options","13":"first","14":"instock","15":"sale","16":"taxable","17":"shipping-taxable","18":"purchasable","19":"product-type-simple"},"acf":[],"_links":{"self":[{"href":"https:\/\/secureus.se\/fi\/wp-json\/wp\/v2\/product\/147357","targetHints":{"allow":["GET"]}}],"collection":[{"href":"https:\/\/secureus.se\/fi\/wp-json\/wp\/v2\/product"}],"about":[{"href":"https:\/\/secureus.se\/fi\/wp-json\/wp\/v2\/types\/product"}],"wp:featuredmedia":[{"embeddable":true,"href":"https:\/\/secureus.se\/fi\/wp-json\/wp\/v2\/media\/147354"}],"wp:attachment":[{"href":"https:\/\/secureus.se\/fi\/wp-json\/wp\/v2\/media?parent=147357"}],"wp:term":[{"taxonomy":"product_brand","embeddable":true,"href":"https:\/\/secureus.se\/fi\/wp-json\/wp\/v2\/product_brand?post=147357"},{"taxonomy":"product_cat","embeddable":true,"href":"https:\/\/secureus.se\/fi\/wp-json\/wp\/v2\/product_cat?post=147357"},{"taxonomy":"product_tag","embeddable":true,"href":"https:\/\/secureus.se\/fi\/wp-json\/wp\/v2\/product_tag?post=147357"}],"curies":[{"name":"wp","href":"https:\/\/api.w.org\/{rel}","templated":true}]}}