{"id":147361,"date":"2023-09-26T13:10:24","date_gmt":"2023-09-26T11:10:24","guid":{"rendered":"https:\/\/secureus.se\/elslutbleck-step-90-omstallbar-24v\/"},"modified":"2026-03-26T09:43:09","modified_gmt":"2026-03-26T08:43:09","slug":"elslutbleck-step-90-omstallbar-24v","status":"publish","type":"product","link":"https:\/\/secureus.se\/fi\/elslutbleck-step-90-omstallbar-24v\/","title":{"rendered":"S\u00e4hk\u00f6isku STEP 90 S\u00e4\u00e4dett\u00e4v\u00e4 24V"},"content":{"rendered":"<h1>S\u00e4hk\u00f6isku STEP 90 S\u00e4\u00e4dett\u00e4v\u00e4 24V<\/h1>\n<p>STEP 90 on palosuojattu s\u00e4hk\u00f6p\u00e4\u00e4tylevy, jossa on s\u00e4\u00e4dett\u00e4v\u00e4 toiminta ja korkea turvallisuus. Varustettu HPR\u00ae-tekniikalla ja murtolujuus 1200 kg, suunniteltu kest\u00e4m\u00e4\u00e4n korkeaa avautumistiheytt\u00e4 ja palonkest\u00e4vyytt\u00e4 E\/EI120 asti.<\/p>\n<p>S\u00e4hk\u00f6inen p\u00e4\u00e4tylevy<\/p>\n<p class=\"\" data-start=\"368\" data-end=\"786\">STEP 90 Preload HPR on korkealaatuinen s\u00e4hk\u00f6inen p\u00e4\u00e4tylevy, jossa yhdistyv\u00e4t minimaaliset mitat sek\u00e4 erinomainen turvallisuus ja pitk\u00e4 k\u00e4ytt\u00f6ik\u00e4.<\/p>\n<p class=\"\" data-start=\"368\" data-end=\"786\">Se on palohyv\u00e4ksytty k\u00e4ytett\u00e4v\u00e4ksi E\/EI120 asti standardin SS-EN 14846:2008 mukaisesti, ja se on l\u00e4pik\u00e4ynyt tiukat testit palonkest\u00e4vyyden ja luotettavan toiminnan varmistamiseksi.<\/p>\n<p class=\"\" data-start=\"368\" data-end=\"786\">Patentoidun HPR\u00ae-tekniikan ansiosta ovi avautuu jopa 250 kg:n puristuspaineessa.<\/p>\n<p class=\"\" data-start=\"788\" data-end=\"1116\">Kytkett\u00e4v\u00e4 ominaisuus mahdollistaa STEP 90:n joko pystyasennossa tai yl\u00f6salaisin (lukittu tai avattu j\u00e4nnitteet\u00f6n tilassa), mik\u00e4 tekee siit\u00e4 joustavan asennettavaksi erilaisiin ovij\u00e4rjestelmiin.<\/p>\n<p class=\"\" data-start=\"788\" data-end=\"1116\">STEP 90:n murtolujuus on 1 200 kg (noin 12 kN) ja tehdastestattu jopa 1 500 000 jaksoa varten, joten se tarjoaa pitk\u00e4aikaisen ja luotettavan toiminnan.<\/p>\n<p class=\"\" data-start=\"1118\" data-end=\"1133\"><strong data-start=\"1118\" data-end=\"1133\">Ominaisuudet:<\/strong><\/p>\n<ul data-start=\"1134\" data-end=\"1634\">\n<li class=\"\" data-start=\"1134\" data-end=\"1213\">\n<p class=\"\" data-start=\"1136\" data-end=\"1213\">Kytkett\u00e4v\u00e4 eteen- tai taaksep\u00e4in-toiminto (lukittu tai avattu j\u00e4nnitteett\u00f6m\u00e4ss\u00e4 tilassa)<\/p>\n<\/li>\n<li class=\"\" data-start=\"1214\" data-end=\"1287\">\n<p class=\"\" data-start=\"1216\" data-end=\"1287\">Sertifioitu palonkest\u00e4vyydelle E\/EI 120 asti standardin SS-EN 14846:2008 mukaisesti<\/p>\n<\/li>\n<li class=\"\" data-start=\"1288\" data-end=\"1336\">\n<p class=\"\" data-start=\"1290\" data-end=\"1336\">Sis\u00e4\u00e4nrakennettu suojadiodi lis\u00e4\u00e4 s\u00e4hk\u00f6turvallisuutta<\/p>\n<\/li>\n<li class=\"\" data-start=\"1337\" data-end=\"1407\">\n<p class=\"\" data-start=\"1339\" data-end=\"1407\">HPR\u00ae-tekniikka takaa avautumisen 250 kg:n (n. 2,5 kN) nauhapaineesta huolimatta<\/p>\n<\/li>\n<li class=\"\" data-start=\"1408\" data-end=\"1448\">\n<p class=\"\" data-start=\"1410\" data-end=\"1448\">Murtolujuus 1 200 kg (n. 12 kN)<\/p>\n<\/li>\n<li class=\"\" data-start=\"1449\" data-end=\"1508\">\n<p class=\"\" data-start=\"1451\" data-end=\"1508\">Nakutuksenesto ja k\u00e4\u00e4nnett\u00e4v\u00e4 sek\u00e4 oikea- ett\u00e4 vasenk\u00e4tisille oville<\/p>\n<\/li>\n<li class=\"\" data-start=\"1509\" data-end=\"1553\">\n<p class=\"\" data-start=\"1511\" data-end=\"1553\">Ruuvinrei\u00e4t kulmaruuveille takareunassa<\/p>\n<\/li>\n<li class=\"\" data-start=\"1554\" data-end=\"1634\">\n<p class=\"\" data-start=\"1556\" data-end=\"1634\">Soveltuu Connect-, Modul- ja Smalprofil-sarjojen yksi- ja kaksoislukkoihin<\/p>\n<\/li>\n<\/ul>\n<p class=\"\" data-start=\"1636\" data-end=\"1665\"><strong data-start=\"1636\" data-end=\"1665\">Tekniset tiedot:<\/strong><\/p>\n<ul data-start=\"1666\" data-end=\"2206\">\n<li class=\"\" data-start=\"1666\" data-end=\"1773\">\n<p class=\"\" data-start=\"1668\" data-end=\"1773\">J\u00e4nnitteensy\u00f6tt\u00f6: 12 V DC (+15% -10%) 220 mAh \/ max 600 mA tai 24 V DC (+15% -10%) 110 mAh \/ max 300 mA<\/p>\n<\/li>\n<li class=\"\" data-start=\"1774\" data-end=\"1814\">\n<p class=\"\" data-start=\"1776\" data-end=\"1814\">Kest\u00e4vyys: Luokka X standardin SS-EN 14846 mukaan<\/p>\n<\/li>\n<li class=\"\" data-start=\"1815\" data-end=\"1854\">\n<p class=\"\" data-start=\"1817\" data-end=\"1854\">Korroosio: luokka M standardin SS-EN 14846 mukaan<\/p>\n<\/li>\n<li class=\"\" data-start=\"1855\" data-end=\"1893\">\n<p class=\"\" data-start=\"1857\" data-end=\"1893\">Turvallisuus: luokka 3 standardin SS-EN 14846 mukaan<\/p>\n<\/li>\n<li class=\"\" data-start=\"1894\" data-end=\"1956\">\n<p class=\"\" data-start=\"1896\" data-end=\"1956\">Turvallinen s\u00e4hk\u00f6inen k\u00e4sittely: luokka 1 standardin SS-EN 14846 mukaan<\/p>\n<\/li>\n<li class=\"\" data-start=\"1957\" data-end=\"1979\">\n<p class=\"\" data-start=\"1959\" data-end=\"1979\">Palotesti: 120 min<\/p>\n<\/li>\n<li class=\"\" data-start=\"1980\" data-end=\"2006\">\n<p class=\"\" data-start=\"1982\" data-end=\"2006\">Murtolujuus: 1200 kg<\/p>\n<\/li>\n<li class=\"\" data-start=\"2007\" data-end=\"2037\">\n<p class=\"\" data-start=\"2009\" data-end=\"2037\">Oven sarana: Oikea, Vasen<\/p>\n<\/li>\n<li class=\"\" data-start=\"2038\" data-end=\"2056\">\n<p class=\"\" data-start=\"2040\" data-end=\"2056\">Mukana kaapeli: Ei<\/p>\n<\/li>\n<li class=\"\" data-start=\"2057\" data-end=\"2076\">\n<p class=\"\" data-start=\"2059\" data-end=\"2076\">Listan paine: 250 kg<\/p>\n<\/li>\n<li class=\"\" data-start=\"2077\" data-end=\"2112\">\n<p class=\"\" data-start=\"2079\" data-end=\"2112\">Lukon tyyppi: yksisalpalukko, kaksoissalpalukko<\/p>\n<\/li>\n<li class=\"\" data-start=\"2113\" data-end=\"2166\">\n<p class=\"\" data-start=\"2115\" data-end=\"2166\">Tuotteen mitat: Leveys: 25 mm, Syvyys: 28 mm, Korkeus: 90 mm<\/p>\n<\/li>\n<li class=\"\" data-start=\"2167\" data-end=\"2185\">\n<p class=\"\" data-start=\"2169\" data-end=\"2185\">M\u00e4nn\u00e4n kosketin: Ei<\/p>\n<\/li>\n<li class=\"\" data-start=\"2186\" data-end=\"2206\">\n<p class=\"\" data-start=\"2188\" data-end=\"2206\">J\u00e4nnite AC\/DC: DC<\/p>\n<\/li>\n<\/ul>","protected":false},"excerpt":{"rendered":"<p>T\u00e4\u00e4lt\u00e4 n\u00e4et, mitk\u00e4 pylv\u00e4\u00e4t ja mallit sopivat yhteen STEP-sarjan s\u00e4hk\u00f6isist\u00e4 oven pys\u00e4yttimist\u00e4.<\/p>\n<h5><strong><a href=\"https:\/\/steplock.com\/sv\/stolpguide\/#!?lang=sv&amp;blog_id=1&amp;paged=1&amp;number=50\" target=\"_blank\" rel=\"noopener\">STEP Viestiopas\u00a0<\/a><\/strong><\/h5>\n<h5><strong><a href=\"https:\/\/steplock.com\/sv\/projekteringsguide\/#!?lang=sv&amp;blog_id=1&amp;paged=1&amp;number=999\" target=\"_blank\" rel=\"noopener\">STEP-suunnitteluopas<\/a><\/strong><\/h5>","protected":false},"featured_media":147358,"template":"","meta":{"_acf_changed":false},"product_brand":[],"product_cat":[3355],"product_tag":[4197,4202],"class_list":{"0":"post-147361","1":"product","2":"type-product","3":"status-publish","4":"has-post-thumbnail","6":"product_cat-elslutbleck","7":"product_tag-24v","8":"product_tag-omstallbar-rattvand-omvand","9":"product_shipping_class-tunga-paket","10":"pa_brands-step","11":"tm-no-options","13":"first","14":"instock","15":"sale","16":"taxable","17":"shipping-taxable","18":"purchasable","19":"product-type-simple"},"acf":[],"_links":{"self":[{"href":"https:\/\/secureus.se\/fi\/wp-json\/wp\/v2\/product\/147361","targetHints":{"allow":["GET"]}}],"collection":[{"href":"https:\/\/secureus.se\/fi\/wp-json\/wp\/v2\/product"}],"about":[{"href":"https:\/\/secureus.se\/fi\/wp-json\/wp\/v2\/types\/product"}],"wp:featuredmedia":[{"embeddable":true,"href":"https:\/\/secureus.se\/fi\/wp-json\/wp\/v2\/media\/147358"}],"wp:attachment":[{"href":"https:\/\/secureus.se\/fi\/wp-json\/wp\/v2\/media?parent=147361"}],"wp:term":[{"taxonomy":"product_brand","embeddable":true,"href":"https:\/\/secureus.se\/fi\/wp-json\/wp\/v2\/product_brand?post=147361"},{"taxonomy":"product_cat","embeddable":true,"href":"https:\/\/secureus.se\/fi\/wp-json\/wp\/v2\/product_cat?post=147361"},{"taxonomy":"product_tag","embeddable":true,"href":"https:\/\/secureus.se\/fi\/wp-json\/wp\/v2\/product_tag?post=147361"}],"curies":[{"name":"wp","href":"https:\/\/api.w.org\/{rel}","templated":true}]}}