{"id":147367,"date":"2023-09-26T13:10:21","date_gmt":"2023-09-26T11:10:21","guid":{"rendered":"https:\/\/secureus.se\/elslutbleck-step-60-rattvand-24v-kolvkontakt-10m-kabel\/"},"modified":"2026-04-23T12:28:41","modified_gmt":"2026-04-23T10:28:41","slug":"elslutbleck-step-60-rattvand-24v-kolvkontakt-10m-kabel","status":"publish","type":"product","link":"https:\/\/secureus.se\/fi\/elslutbleck-step-60-rattvand-24v-kolvkontakt-10m-kabel\/","title":{"rendered":"S\u00e4hk\u00f6inen vastalevy STEP 60 Oikealle p\u00e4in 24 V M\u00e4nn\u00e4n kosketin 10 m Kaapeli"},"content":{"rendered":"<h1>S\u00e4hk\u00f6inen vastalevy STEP 60 Oikealle p\u00e4in 24 V M\u00e4nn\u00e4n kosketin 10 m Kaapeli<\/h1>\n<p>STEP 60 Silent on eritt\u00e4in suorituskykyinen s\u00e4hk\u00f6isku, jolla on suoraviivainen toiminta, hiljainen toiminta ja korkea turvallisuus. Varustettu m\u00e4nt\u00e4koskettimella ja 10 m halogeenivapaalla kaapelilla, paloluokitus E\/EI120 ja ihanteellinen usein k\u00e4ytettyihin oviin.<\/p>\n<div>\n<div>STEP 60 Silent Electric Strike tarjoaa erinomaisen turvallisuuden ja hiljaisen toiminnan, joten se on ihanteellinen ymp\u00e4rist\u00f6ihin, joissa melunvaimennus ja toimintavarmuus ovat t\u00e4rkeit\u00e4.<\/div>\n<div>Tukevan rakenteensa ja STEPin patentoidun hiljaisen teknologian ansiosta se sopii erityisen hyvin usein k\u00e4ytettyihin oviin, kuten kouluihin, toimistoihin tai kerrostaloihin.<\/div>\n<div>\n<p class=\"\" data-start=\"815\" data-end=\"1201\">T\u00e4m\u00e4 s\u00e4hk\u00f6iskulevy on paloturvallinen E\/EI120 asti standardin SS-EN 14846:2008 mukaisesti ja sen vaikuttava murtolujuus on 16 kN (noin 1600 kg).<\/p>\n<p class=\"\" data-start=\"815\" data-end=\"1201\">Se on oikealle p\u00e4in \u2013 eli lukittu j\u00e4nnitteett\u00f6m\u00e4\u00e4n asentoon \u2013 ja varustettu sis\u00e4\u00e4nrakennetulla m\u00e4nt\u00e4kytkimell\u00e4, joka mahdollistaa oven tilan ilmaisemisen (auki\/kiinni, lukittu\/auki).<\/p>\n<p class=\"\" data-start=\"815\" data-end=\"1201\">Mukana toimitettu 10 metrin halogeeniton kaapeli tekee asennuksesta helppoa my\u00f6s pitkill\u00e4 et\u00e4isyyksill\u00e4.<\/p>\n<p class=\"\" data-start=\"1203\" data-end=\"1432\">STEP 60 on peukaloinninkest\u00e4v\u00e4, siin\u00e4 on sis\u00e4\u00e4nrakennettu suojadiodi ja estokosketin integroitavaksi kulunvalvonta- ja h\u00e4lytysj\u00e4rjestelmiin.<\/p>\n<p class=\"\" data-start=\"1203\" data-end=\"1432\">Jopa 100 kg:n nauhapaineesta huolimatta avautuminen on taattu, mik\u00e4 tekee siit\u00e4 eritt\u00e4in luotettavan vaativissakin olosuhteissa.<\/p>\n<p class=\"\" data-start=\"1434\" data-end=\"1460\"><strong data-start=\"1434\" data-end=\"1460\">Ominaisuudet ja edut:<\/strong><\/p>\n<ul data-start=\"1461\" data-end=\"1698\">\n<li class=\"\" data-start=\"1461\" data-end=\"1498\">\n<p class=\"\" data-start=\"1463\" data-end=\"1498\">Oikea toiminta (lukittu ilman virtaa)<\/p>\n<\/li>\n<li class=\"\" data-start=\"1499\" data-end=\"1541\">\n<p class=\"\" data-start=\"1501\" data-end=\"1541\">M\u00e4nn\u00e4n kosketin ja salpakosketin integroitu<\/p>\n<\/li>\n<li class=\"\" data-start=\"1542\" data-end=\"1565\">\n<p class=\"\" data-start=\"1544\" data-end=\"1565\">Murtolujuus 16 kN<\/p>\n<\/li>\n<li class=\"\" data-start=\"1566\" data-end=\"1600\">\n<p class=\"\" data-start=\"1568\" data-end=\"1600\">Hiljainen toiminta STEP Silent -tekniikalla<\/p>\n<\/li>\n<li class=\"\" data-start=\"1601\" data-end=\"1634\">\n<p class=\"\" data-start=\"1603\" data-end=\"1634\">Mukana 10 m halogeeniton kaapeli<\/p>\n<\/li>\n<li class=\"\" data-start=\"1635\" data-end=\"1657\">\n<p class=\"\" data-start=\"1637\" data-end=\"1657\">Paloluokitus E\/EI120<\/p>\n<\/li>\n<li class=\"\" data-start=\"1658\" data-end=\"1698\">\n<p class=\"\" data-start=\"1660\" data-end=\"1698\">Iskunkest\u00e4v\u00e4 ja sis\u00e4\u00e4nrakennetulla suojadiodilla<\/p>\n<\/li>\n<\/ul>\n<p class=\"\" data-start=\"1700\" data-end=\"1856\"><strong data-start=\"1700\" data-end=\"1723\">K\u00e4ytt\u00f6alueet:<\/strong><br data-start=\"1723\" data-end=\"1726\" \/>Soveltuu julkisiin tiloihin, kouluihin, terveydenhuoltolaitoksiin, toimistoihin ja kerrostaloihin, joissa sek\u00e4 turvallisuus ett\u00e4 hiljainen toiminta ovat toivottavia.<\/p>\n<p class=\"\" data-start=\"1858\" data-end=\"1887\"><strong data-start=\"1858\" data-end=\"1887\">Tekniset tiedot:<\/strong><\/p>\n<ul data-start=\"1888\" data-end=\"2198\">\n<li class=\"\" data-start=\"1888\" data-end=\"1926\">\n<p class=\"\" data-start=\"1890\" data-end=\"1926\">K\u00e4ytt\u00f6j\u00e4nnite: 24 V DC (21,6-27,6 V)<\/p>\n<\/li>\n<li class=\"\" data-start=\"1927\" data-end=\"1960\">\n<p class=\"\" data-start=\"1929\" data-end=\"1960\">Maksimivirta: 250 mA, 121 mA lukitsematon<\/p>\n<\/li>\n<li class=\"\" data-start=\"1961\" data-end=\"1987\">\n<p class=\"\" data-start=\"1963\" data-end=\"1987\">Murtolujuus: 1600 kg<\/p>\n<\/li>\n<li class=\"\" data-start=\"1988\" data-end=\"2017\">\n<p class=\"\" data-start=\"1990\" data-end=\"2017\">Oven sarana: Oikea\/vasen<\/p>\n<\/li>\n<li class=\"\" data-start=\"2018\" data-end=\"2040\">\n<p class=\"\" data-start=\"2020\" data-end=\"2040\">Kaapelin pituus: 10 metri\u00e4<\/p>\n<\/li>\n<li class=\"\" data-start=\"2041\" data-end=\"2060\">\n<p class=\"\" data-start=\"2043\" data-end=\"2060\">Nauhan paine: 100 kg<\/p>\n<\/li>\n<li class=\"\" data-start=\"2061\" data-end=\"2095\">\n<p class=\"\" data-start=\"2063\" data-end=\"2095\">Mitat (LxSxK): 28 x 34 x 149,5 mm<\/p>\n<\/li>\n<li class=\"\" data-start=\"2096\" data-end=\"2124\">\n<p class=\"\" data-start=\"2098\" data-end=\"2124\">V\u00e4ri\/viimeistely: ruostumaton ter\u00e4s<\/p>\n<\/li>\n<li class=\"\" data-start=\"2125\" data-end=\"2158\">\n<p class=\"\" data-start=\"2127\" data-end=\"2158\">Lukon tyyppi: Yksi- ja kaksinkertainen lukko<\/p>\n<\/li>\n<li class=\"\" data-start=\"2159\" data-end=\"2198\">\n<p class=\"\" data-start=\"2161\" data-end=\"2198\">Arvioinnit: SundaHus, Rakennusmateriaalien arviointi<\/p>\n<\/li>\n<\/ul>\n<\/div>\n<\/div>","protected":false},"excerpt":{"rendered":"<p>T\u00e4\u00e4lt\u00e4 n\u00e4et, mitk\u00e4 pylv\u00e4\u00e4t ja mallit sopivat yhteen STEP-sarjan s\u00e4hk\u00f6isist\u00e4 oven pys\u00e4yttimist\u00e4.<\/p>\n<h5><strong><a href=\"https:\/\/steplock.com\/sv\/stolpguide\/#!?lang=sv&amp;blog_id=1&amp;paged=1&amp;number=50\" target=\"_blank\" rel=\"noopener\">STEP Viestiopas\u00a0<\/a><\/strong><\/h5>\n<h5><strong><a href=\"https:\/\/steplock.com\/sv\/projekteringsguide\/#!?lang=sv&amp;blog_id=1&amp;paged=1&amp;number=999\" target=\"_blank\" rel=\"noopener\">STEP-suunnitteluopas<\/a><\/strong><\/h5>","protected":false},"featured_media":147365,"template":"","meta":{"_acf_changed":false},"product_brand":[],"product_cat":[3355],"product_tag":[4197,4200],"class_list":{"0":"post-147367","1":"product","2":"type-product","3":"status-publish","4":"has-post-thumbnail","6":"product_cat-elslutbleck","7":"product_tag-24v","8":"product_tag-rattvand","9":"product_shipping_class-tunga-paket","10":"pa_brands-step","11":"tm-no-options","13":"first","14":"instock","15":"sale","16":"taxable","17":"shipping-taxable","18":"purchasable","19":"product-type-simple"},"acf":[],"_links":{"self":[{"href":"https:\/\/secureus.se\/fi\/wp-json\/wp\/v2\/product\/147367","targetHints":{"allow":["GET"]}}],"collection":[{"href":"https:\/\/secureus.se\/fi\/wp-json\/wp\/v2\/product"}],"about":[{"href":"https:\/\/secureus.se\/fi\/wp-json\/wp\/v2\/types\/product"}],"wp:featuredmedia":[{"embeddable":true,"href":"https:\/\/secureus.se\/fi\/wp-json\/wp\/v2\/media\/147365"}],"wp:attachment":[{"href":"https:\/\/secureus.se\/fi\/wp-json\/wp\/v2\/media?parent=147367"}],"wp:term":[{"taxonomy":"product_brand","embeddable":true,"href":"https:\/\/secureus.se\/fi\/wp-json\/wp\/v2\/product_brand?post=147367"},{"taxonomy":"product_cat","embeddable":true,"href":"https:\/\/secureus.se\/fi\/wp-json\/wp\/v2\/product_cat?post=147367"},{"taxonomy":"product_tag","embeddable":true,"href":"https:\/\/secureus.se\/fi\/wp-json\/wp\/v2\/product_tag?post=147367"}],"curies":[{"name":"wp","href":"https:\/\/api.w.org\/{rel}","templated":true}]}}