{"id":147370,"date":"2023-09-26T13:10:18","date_gmt":"2023-09-26T11:10:18","guid":{"rendered":"https:\/\/secureus.se\/elslutbleck-step-18-hoger-rattvand-24v-for-assa-511\/"},"modified":"2026-04-08T16:03:33","modified_gmt":"2026-04-08T14:03:33","slug":"elslutbleck-step-18-hoger-rattvand-24v-for-assa-511","status":"publish","type":"product","link":"https:\/\/secureus.se\/fi\/elslutbleck-step-18-hoger-rattvand-24v-for-assa-511\/","title":{"rendered":"S\u00e4hk\u00f6inen vastalevy STEP 18 Oikea Oikealle p\u00e4in 24V Assa 511:lle"},"content":{"rendered":"<h1>S\u00e4hk\u00f6inen vastalevy STEP 18 Oikea Oikealle p\u00e4in 24V Assa 511:lle<\/h1>\n<p class=\"\" data-start=\"401\" data-end=\"779\">STEP 18 Secure Electric Strike kuuluu STEPin Secure-sarjaan, joka on suunniteltu oviymp\u00e4rist\u00f6ihin, joissa on \u00e4\u00e4rimm\u00e4isi\u00e4 turvallisuusvaatimuksia.<\/p>\n<p class=\"\" data-start=\"401\" data-end=\"779\">T\u00e4m\u00e4 malli on kehitetty erityisesti oikealle ripustetuille oville, joissa on Assa 511 -tyyppiset hakapulttilukot ja 10 mm m\u00e4nt\u00e4, ja se tarjoaa nopean ja turvallisen lukituksen ja lukituksen avaamisen.<\/p>\n<p class=\"\" data-start=\"781\" data-end=\"1051\">Oikeak\u00e4tisen toiminnon \u2013 lukittuna j\u00e4nnitteett\u00f6m\u00e4\u00e4n asentoon \u2013 ja 15 kN:n (noin 1500 kg) murtolujuuden ansiosta STEP 18 Secure kest\u00e4\u00e4 vaativissa olosuhteissa, joissa vaaditaan sek\u00e4 toistuvaa k\u00e4ytt\u00f6\u00e4 ett\u00e4 korkeaa turvallisuutta.<\/p>\n<p class=\"\" data-start=\"781\" data-end=\"1051\">Se on hyv\u00e4ksytty turvaoville RC4:\u00e4\u00e4n asti ja palotestattu E\/EI60 asti.<\/p>\n<p class=\"\" data-start=\"1053\" data-end=\"1352\">Sis\u00e4\u00e4nrakennettu m\u00e4nt\u00e4kytkin ja salpakytkin mahdollistavat oven lukitun ja avoimen asennon tilan seurannan, mik\u00e4 tekee tuotteesta t\u00e4ydellisen integroitavaksi kulunvalvontaj\u00e4rjestelmiin tai h\u00e4lyttimiin.<\/p>\n<p class=\"\" data-start=\"1053\" data-end=\"1352\">S\u00e4hk\u00f6isku on my\u00f6s peukaloinninsuojattu, siin\u00e4 on sis\u00e4\u00e4nrakennettu suojadiodi ja mukana toimitetaan 5 metrin halogeenivapaa kaapeli liitt\u00e4misen helpottamiseksi.<\/p>\n<p class=\"\" data-start=\"1354\" data-end=\"1380\"><strong data-start=\"1354\" data-end=\"1380\">Ominaisuudet ja edut:<\/strong><\/p>\n<ul data-start=\"1381\" data-end=\"1704\">\n<li class=\"\" data-start=\"1381\" data-end=\"1429\">\n<p class=\"\" data-start=\"1383\" data-end=\"1429\">Mukautettu Assa 511:n koukkupulttilukkoon (10 mm m\u00e4nt\u00e4)<\/p>\n<\/li>\n<li class=\"\" data-start=\"1430\" data-end=\"1467\">\n<p class=\"\" data-start=\"1432\" data-end=\"1467\">Oikealle suunnattu toiminto - lukittu ilman virtaa<\/p>\n<\/li>\n<li class=\"\" data-start=\"1468\" data-end=\"1492\">\n<p class=\"\" data-start=\"1470\" data-end=\"1492\">Oikeanpuoleisiin oviin<\/p>\n<\/li>\n<li class=\"\" data-start=\"1493\" data-end=\"1543\">\n<p class=\"\" data-start=\"1495\" data-end=\"1543\">Sis\u00e4\u00e4nrakennetut tilakytkimet: m\u00e4nt\u00e4- ja salpakytkin<\/p>\n<\/li>\n<li class=\"\" data-start=\"1544\" data-end=\"1572\">\n<p class=\"\" data-start=\"1546\" data-end=\"1572\">Suuri murtolujuus: 15 kN<\/p>\n<\/li>\n<li class=\"\" data-start=\"1573\" data-end=\"1613\">\n<p class=\"\" data-start=\"1575\" data-end=\"1613\">Avautuu jopa 500 kg:n paineesta huolimatta<\/p>\n<\/li>\n<li class=\"\" data-start=\"1614\" data-end=\"1633\">\n<p class=\"\" data-start=\"1616\" data-end=\"1633\">Paloluokka E\/EI60<\/p>\n<\/li>\n<li class=\"\" data-start=\"1634\" data-end=\"1674\">\n<p class=\"\" data-start=\"1636\" data-end=\"1674\">Mukana 5 metrin halogeeniton kaapeli<\/p>\n<\/li>\n<li class=\"\" data-start=\"1675\" data-end=\"1704\">\n<p class=\"\" data-start=\"1677\" data-end=\"1704\">Suojadiodi ja ylij\u00e4nnitesuoja<\/p>\n<\/li>\n<\/ul>\n<p class=\"\" data-start=\"1706\" data-end=\"1863\"><strong data-start=\"1706\" data-end=\"1729\">K\u00e4ytt\u00f6alueet:<\/strong><br data-start=\"1729\" data-end=\"1732\" \/>Ihanteellinen turvallisuusluokiteltuihin ymp\u00e4rist\u00f6ihin, kuten pankkeihin, vankiloihin, valtion virastoihin ja muihin tiloihin, joissa on korkeat vaatimukset luotettavalle lukitukselle.<\/p>\n<p class=\"\" data-start=\"1865\" data-end=\"1894\"><strong data-start=\"1865\" data-end=\"1894\">Tekniset tiedot:<\/strong><\/p>\n<ul data-start=\"1895\" data-end=\"2191\">\n<li class=\"\" data-start=\"1895\" data-end=\"1933\">\n<p class=\"\" data-start=\"1897\" data-end=\"1933\">K\u00e4ytt\u00f6j\u00e4nnite: 24 V DC (21,6-27,6 V)<\/p>\n<\/li>\n<li class=\"\" data-start=\"1934\" data-end=\"1966\">\n<p class=\"\" data-start=\"1936\" data-end=\"1966\">Virrankulutus: 313 mA lukitsematon<\/p>\n<\/li>\n<li class=\"\" data-start=\"1967\" data-end=\"1988\">\n<p class=\"\" data-start=\"1969\" data-end=\"1988\">Oven sarana: Oikea<\/p>\n<\/li>\n<li class=\"\" data-start=\"1989\" data-end=\"2010\">\n<p class=\"\" data-start=\"1991\" data-end=\"2010\">Kaapelin pituus: 5 metri\u00e4<\/p>\n<\/li>\n<li class=\"\" data-start=\"2011\" data-end=\"2030\">\n<p class=\"\" data-start=\"2013\" data-end=\"2030\">Listan paine: 500 kg<\/p>\n<\/li>\n<li class=\"\" data-start=\"2031\" data-end=\"2057\">\n<p class=\"\" data-start=\"2033\" data-end=\"2057\">Murtolujuus: 1500 kg<\/p>\n<\/li>\n<li class=\"\" data-start=\"2058\" data-end=\"2090\">\n<p class=\"\" data-start=\"2060\" data-end=\"2090\">Mitat (LxSxK): 35 x 40 x 230 mm<\/p>\n<\/li>\n<li class=\"\" data-start=\"2091\" data-end=\"2119\">\n<p class=\"\" data-start=\"2093\" data-end=\"2119\">V\u00e4ri\/viimeistely: ruostumaton ter\u00e4s<\/p>\n<\/li>\n<li class=\"\" data-start=\"2120\" data-end=\"2151\">\n<p class=\"\" data-start=\"2122\" data-end=\"2151\">Lukon tyyppi: Koukkusalvan lukko, Salpalukko<\/p>\n<\/li>\n<li class=\"\" data-start=\"2152\" data-end=\"2191\">\n<p class=\"\" data-start=\"2154\" data-end=\"2191\">Arvioinnit: SundaHus, Rakennusmateriaalien arviointi<\/p>\n<\/li>\n<\/ul>","protected":false},"excerpt":{"rendered":"<p>T\u00e4\u00e4lt\u00e4 n\u00e4et, mitk\u00e4 pylv\u00e4\u00e4t ja mallit sopivat yhteen STEP-sarjan s\u00e4hk\u00f6isist\u00e4 oven pys\u00e4yttimist\u00e4.<\/p>\n<h5><strong><a href=\"https:\/\/steplock.com\/sv\/stolpguide\/#!?lang=sv&amp;blog_id=1&amp;paged=1&amp;number=50\" target=\"_blank\" rel=\"noopener\">STEP Viestiopas\u00a0<\/a><\/strong><\/h5>\n<h5><strong><a href=\"https:\/\/steplock.com\/sv\/projekteringsguide\/#!?lang=sv&amp;blog_id=1&amp;paged=1&amp;number=999\" target=\"_blank\" rel=\"noopener\">STEP-suunnitteluopas<\/a><\/strong><\/h5>","protected":false},"featured_media":147368,"template":"","meta":{"_acf_changed":false},"product_brand":[],"product_cat":[3355],"product_tag":[4197,4200],"class_list":{"0":"post-147370","1":"product","2":"type-product","3":"status-publish","4":"has-post-thumbnail","6":"product_cat-elslutbleck","7":"product_tag-24v","8":"product_tag-rattvand","9":"product_shipping_class-tunga-paket","10":"pa_brands-step","11":"tm-no-options","13":"first","14":"outofstock","15":"sale","16":"taxable","17":"shipping-taxable","18":"purchasable","19":"product-type-simple"},"acf":[],"_links":{"self":[{"href":"https:\/\/secureus.se\/fi\/wp-json\/wp\/v2\/product\/147370","targetHints":{"allow":["GET"]}}],"collection":[{"href":"https:\/\/secureus.se\/fi\/wp-json\/wp\/v2\/product"}],"about":[{"href":"https:\/\/secureus.se\/fi\/wp-json\/wp\/v2\/types\/product"}],"wp:featuredmedia":[{"embeddable":true,"href":"https:\/\/secureus.se\/fi\/wp-json\/wp\/v2\/media\/147368"}],"wp:attachment":[{"href":"https:\/\/secureus.se\/fi\/wp-json\/wp\/v2\/media?parent=147370"}],"wp:term":[{"taxonomy":"product_brand","embeddable":true,"href":"https:\/\/secureus.se\/fi\/wp-json\/wp\/v2\/product_brand?post=147370"},{"taxonomy":"product_cat","embeddable":true,"href":"https:\/\/secureus.se\/fi\/wp-json\/wp\/v2\/product_cat?post=147370"},{"taxonomy":"product_tag","embeddable":true,"href":"https:\/\/secureus.se\/fi\/wp-json\/wp\/v2\/product_tag?post=147370"}],"curies":[{"name":"wp","href":"https:\/\/api.w.org\/{rel}","templated":true}]}}