{"id":147387,"date":"2023-09-26T13:10:15","date_gmt":"2023-09-26T11:10:15","guid":{"rendered":"https:\/\/secureus.se\/elslutbleck-step-40-omvand-24v-kolvkontakt\/"},"modified":"2026-04-23T12:30:52","modified_gmt":"2026-04-23T10:30:52","slug":"elslutbleck-step-40-omvand-24v-kolvkontakt","status":"publish","type":"product","link":"https:\/\/secureus.se\/fi\/elslutbleck-step-40-omvand-24v-kolvkontakt\/","title":{"rendered":"S\u00e4hk\u00f6isku STEP 40 K\u00e4\u00e4nteinen 24 V M\u00e4nn\u00e4n kosketin"},"content":{"rendered":"<h1>S\u00e4hk\u00f6isku STEP 40 K\u00e4\u00e4nteinen 24 V M\u00e4nn\u00e4n kosketin<\/h1>\n<p>STEP 40 Preload on kompakti ja luotettava s\u00e4hk\u00f6isku, jossa on peruutustoiminto, m\u00e4nt\u00e4kosketin ja HPR-tekniikka. Kest\u00e4\u00e4 jopa 250 kg:n painetta ja sopii sek\u00e4 yksi- ett\u00e4 kaksilehtisiin lukoihin.<\/p>\n<p>STEP 40 Preload -s\u00e4hk\u00f6isku asettaa uuden standardin p\u00e4iv\u00e4lukitukselle kompaktilla rakenteellaan ja korkealla toimintavarmuudellaan.<\/p>\n<p>Se on osa STEPin Preload-sarjaa, joka tunnetaan pienten mittojen, korkean laadun ja joustavuuden yhdistelm\u00e4st\u00e4\u00e4n.<\/p>\n<p>T\u00e4ydellinen oviin, jotka avataan usein, mutta joissa luotettava toiminta on edelleen vaatimus.<\/p>\n<p class=\"\" data-start=\"809\" data-end=\"1135\">T\u00e4m\u00e4 malli on k\u00e4\u00e4nnetty, mik\u00e4 tarkoittaa, ett\u00e4 se on avattu j\u00e4nnitteett\u00f6m\u00e4ss\u00e4 tilassa \u2013 yleinen vaatimus ymp\u00e4rist\u00f6iss\u00e4, joissa turvallinen evakuointi tai virheet\u00f6n kulku on etusijalla.<\/p>\n<p class=\"\" data-start=\"809\" data-end=\"1135\">Patentoidun HPR\u00ae-tekniikan ansiosta lukituksen avaaminen on taattu jopa 250 kg:n nauhapaineella, joten STEP 40 on luotettava valinta vaativiin asennuksiin.<\/p>\n<p class=\"\" data-start=\"1137\" data-end=\"1479\">STEP 40:n murtolujuus on 1 200 kg ja testattu 1,5 miljoonalla jaksolla, joten se on rakennettu pitk\u00e4kestoiseen k\u00e4ytt\u00f6\u00f6n. Se on k\u00e4\u00e4nnett\u00e4v\u00e4 ja voidaan asentaa sek\u00e4 oikealle ett\u00e4 vasemmalle ripustettuihin oviin.<\/p>\n<p class=\"\" data-start=\"1137\" data-end=\"1479\">M\u00e4nn\u00e4n kosketin osoittaa, onko ovi kiinni vai auki, mik\u00e4 mahdollistaa integroinnin kulunvalvontaj\u00e4rjestelmiin. Se on my\u00f6s suojattu ja varustettu suojadiodilla.<\/p>\n<p class=\"\" data-start=\"1481\" data-end=\"1507\"><strong data-start=\"1481\" data-end=\"1507\">Ominaisuudet ja edut:<\/strong><\/p>\n<ul data-start=\"1508\" data-end=\"1821\">\n<li class=\"\" data-start=\"1508\" data-end=\"1544\">\n<p class=\"\" data-start=\"1510\" data-end=\"1544\">Peruutustoiminto (lukitus auki ilman virtaa)<\/p>\n<\/li>\n<li class=\"\" data-start=\"1545\" data-end=\"1590\">\n<p class=\"\" data-start=\"1547\" data-end=\"1590\">HPR\u00ae-tekniikka \u2013 avautuu 250 kg:n nauhapaineesta huolimatta<\/p>\n<\/li>\n<li class=\"\" data-start=\"1591\" data-end=\"1619\">\n<p class=\"\" data-start=\"1593\" data-end=\"1619\">M\u00e4nt\u00e4kytkin oven tilaan<\/p>\n<\/li>\n<li class=\"\" data-start=\"1620\" data-end=\"1654\">\n<p class=\"\" data-start=\"1622\" data-end=\"1654\">Kompakti rakenne: korkeus vain 90 mm<\/p>\n<\/li>\n<li class=\"\" data-start=\"1655\" data-end=\"1681\">\n<p class=\"\" data-start=\"1657\" data-end=\"1681\">Murtolujuus 1200 kg<\/p>\n<\/li>\n<li class=\"\" data-start=\"1682\" data-end=\"1719\">\n<p class=\"\" data-start=\"1684\" data-end=\"1719\">Testattu 1 500 000 avausjaksolle<\/p>\n<\/li>\n<li class=\"\" data-start=\"1720\" data-end=\"1752\">\n<p class=\"\" data-start=\"1722\" data-end=\"1752\">Nakutuksenesto ja suojadiodilla<\/p>\n<\/li>\n<li class=\"\" data-start=\"1753\" data-end=\"1791\">\n<p class=\"\" data-start=\"1755\" data-end=\"1791\">Sopii sek\u00e4 oikealle ett\u00e4 vasemmalle ovelle<\/p>\n<\/li>\n<li class=\"\" data-start=\"1792\" data-end=\"1821\">\n<p class=\"\" data-start=\"1794\" data-end=\"1821\">Yksi- ja kaksilehtisi\u00e4 lukkoja varten<\/p>\n<\/li>\n<\/ul>\n<p class=\"\" data-start=\"1823\" data-end=\"1979\"><strong data-start=\"1823\" data-end=\"1846\">K\u00e4ytt\u00f6alueet:<\/strong><br data-start=\"1846\" data-end=\"1849\" \/>Soveltuu julkisiin tiloihin, toimistoihin, sis\u00e4oviin tai poistumisreitteihin, joissa vaaditaan korkeaa toimintavarmuutta ja alhaista melutasoa.<\/p>\n<p class=\"\" data-start=\"1981\" data-end=\"2010\"><strong data-start=\"1981\" data-end=\"2010\">Tekniset tiedot:<\/strong><\/p>\n<ul data-start=\"2011\" data-end=\"2386\">\n<li class=\"\" data-start=\"2011\" data-end=\"2049\">\n<p class=\"\" data-start=\"2013\" data-end=\"2049\">K\u00e4ytt\u00f6j\u00e4nnite: 24 V DC (21,6-27,6 V)<\/p>\n<\/li>\n<li class=\"\" data-start=\"2050\" data-end=\"2096\">\n<p class=\"\" data-start=\"2052\" data-end=\"2096\">Virrankulutus: 110 mA (lukitsematon), max 300 mA<\/p>\n<\/li>\n<li class=\"\" data-start=\"2097\" data-end=\"2144\">\n<p class=\"\" data-start=\"2099\" data-end=\"2144\">M\u00e4nn\u00e4n kosketin: Mikrokytkin, max. 30V DC \/ 1A<\/p>\n<\/li>\n<li class=\"\" data-start=\"2145\" data-end=\"2184\">\n<p class=\"\" data-start=\"2147\" data-end=\"2184\">Oven sarana: Oikea\/vasen (k\u00e4\u00e4nnett\u00e4v\u00e4)<\/p>\n<\/li>\n<li class=\"\" data-start=\"2185\" data-end=\"2216\">\n<p class=\"\" data-start=\"2187\" data-end=\"2216\">Mitat (LxSxK): 25 x 28 x 90 mm<\/p>\n<\/li>\n<li class=\"\" data-start=\"2217\" data-end=\"2243\">\n<p class=\"\" data-start=\"2219\" data-end=\"2243\">Murtolujuus: 1200 kg<\/p>\n<\/li>\n<li class=\"\" data-start=\"2244\" data-end=\"2263\">\n<p class=\"\" data-start=\"2246\" data-end=\"2263\">Listan paine: 250 kg<\/p>\n<\/li>\n<li class=\"\" data-start=\"2264\" data-end=\"2299\">\n<p class=\"\" data-start=\"2266\" data-end=\"2299\">Lukon tyyppi: Yksi- tai kaksipulttinen lukko<\/p>\n<\/li>\n<li class=\"\" data-start=\"2300\" data-end=\"2328\">\n<p class=\"\" data-start=\"2302\" data-end=\"2328\">V\u00e4ri\/viimeistely: ruostumaton ter\u00e4s<\/p>\n<\/li>\n<li class=\"\" data-start=\"2329\" data-end=\"2346\">\n<p class=\"\" data-start=\"2331\" data-end=\"2346\">Kaapeli: Ei mukana<\/p>\n<\/li>\n<li class=\"\" data-start=\"2347\" data-end=\"2386\">\n<p class=\"\" data-start=\"2349\" data-end=\"2386\">Arvioinnit: SundaHus, Rakennusmateriaalien arviointi<\/p>\n<\/li>\n<\/ul>","protected":false},"excerpt":{"rendered":"<p>T\u00e4\u00e4lt\u00e4 n\u00e4et, mitk\u00e4 pylv\u00e4\u00e4t ja mallit sopivat yhteen STEP-sarjan s\u00e4hk\u00f6isist\u00e4 oven pys\u00e4yttimist\u00e4.<\/p>\n<h5><strong><a href=\"https:\/\/steplock.com\/sv\/stolpguide\/#!?lang=sv&amp;blog_id=1&amp;paged=1&amp;number=50\" target=\"_blank\" rel=\"noopener\">STEP Viestiopas\u00a0<\/a><\/strong><\/h5>\n<h5><strong><a href=\"https:\/\/steplock.com\/sv\/projekteringsguide\/#!?lang=sv&amp;blog_id=1&amp;paged=1&amp;number=999\" target=\"_blank\" rel=\"noopener\">STEP-suunnitteluopas<\/a><\/strong><\/h5>","protected":false},"featured_media":147384,"template":"","meta":{"_acf_changed":false},"product_brand":[],"product_cat":[3355],"product_tag":[4197,4201],"class_list":{"0":"post-147387","1":"product","2":"type-product","3":"status-publish","4":"has-post-thumbnail","6":"product_cat-elslutbleck","7":"product_tag-24v","8":"product_tag-omvand","9":"product_shipping_class-tunga-paket","10":"pa_brands-step","11":"tm-no-options","13":"first","14":"instock","15":"sale","16":"taxable","17":"shipping-taxable","18":"purchasable","19":"product-type-simple"},"acf":[],"_links":{"self":[{"href":"https:\/\/secureus.se\/fi\/wp-json\/wp\/v2\/product\/147387","targetHints":{"allow":["GET"]}}],"collection":[{"href":"https:\/\/secureus.se\/fi\/wp-json\/wp\/v2\/product"}],"about":[{"href":"https:\/\/secureus.se\/fi\/wp-json\/wp\/v2\/types\/product"}],"wp:featuredmedia":[{"embeddable":true,"href":"https:\/\/secureus.se\/fi\/wp-json\/wp\/v2\/media\/147384"}],"wp:attachment":[{"href":"https:\/\/secureus.se\/fi\/wp-json\/wp\/v2\/media?parent=147387"}],"wp:term":[{"taxonomy":"product_brand","embeddable":true,"href":"https:\/\/secureus.se\/fi\/wp-json\/wp\/v2\/product_brand?post=147387"},{"taxonomy":"product_cat","embeddable":true,"href":"https:\/\/secureus.se\/fi\/wp-json\/wp\/v2\/product_cat?post=147387"},{"taxonomy":"product_tag","embeddable":true,"href":"https:\/\/secureus.se\/fi\/wp-json\/wp\/v2\/product_tag?post=147387"}],"curies":[{"name":"wp","href":"https:\/\/api.w.org\/{rel}","templated":true}]}}