{"id":147392,"date":"2023-09-26T13:10:08","date_gmt":"2023-09-26T11:10:08","guid":{"rendered":"https:\/\/secureus.se\/elslutbleck-step-28e-vanster-rattvand-24v-9mm-regel\/"},"modified":"2026-03-26T09:45:31","modified_gmt":"2026-03-26T08:45:31","slug":"elslutbleck-step-28e-vanster-rattvand-24v-9mm-regel","status":"publish","type":"product","link":"https:\/\/secureus.se\/fi\/elslutbleck-step-28e-vanster-rattvand-24v-9mm-regel\/","title":{"rendered":"S\u00e4hk\u00f6isku STEP 28E Vasen Oikea 24V 9mm s\u00e4\u00e4nt\u00f6"},"content":{"rendered":"<h1>S\u00e4hk\u00f6isku STEP 28E Vasen Oikea 24V 9mm s\u00e4\u00e4nt\u00f6<\/h1>\n<p>STEP 28E Secure on paloturvallinen s\u00e4hk\u00f6inen sulkulevy, jossa on oikealle suunnattu toiminto vasemmalle ripustetuille oville. Mukautettu Connect-sarjan 9 mm:n viivalukkoon, korkea murtolujuus ja m\u00e4nt\u00e4kosketin. 5 m kaapeli mukana.<\/p>\n<p>S\u00e4hk\u00f6inen sulkulevy STEP 28E Secure on s\u00e4hk\u00f6inen sulkulevy, jossa yhdistyv\u00e4t turvallisuus, pakotoiminto ja paloluokitus sek\u00e4 tuki oviautomaatiolle.<\/p>\n<p>T\u00e4m\u00e4 malli on suunniteltu k\u00e4ytett\u00e4v\u00e4ksi Connect-sarjan ohjauslukon kanssa, jossa on 9 mm m\u00e4nt\u00e4, ja se asennetaan usein oviymp\u00e4rist\u00f6ihin, joissa E\/EI60:n mukaiset palovaatimukset on yhdistett\u00e4v\u00e4 nopeaan l\u00e4pikulkuun, esim. SS-EN 179 mukaisten h\u00e4t\u00e4poistumislukkojen kautta.<\/p>\n<p class=\"\" data-start=\"911\" data-end=\"1279\">Oikealle suuntautuvalla toiminnolla s\u00e4hk\u00f6inen p\u00e4\u00e4tylevy lukittuu j\u00e4nnitteett\u00f6m\u00e4\u00e4n asentoon ja sopii erityisesti oviin, jotka on pidett\u00e4v\u00e4 suljettuina s\u00e4hk\u00f6katkon sattuessa.<\/p>\n<p class=\"\" data-start=\"911\" data-end=\"1279\">M\u00e4nt\u00e4kosketin ja lukituskosketin mahdollistavat oven tilan valvonnan, jotta ne voidaan integroida sis\u00e4\u00e4nk\u00e4ynti- ja h\u00e4lytysj\u00e4rjestelmiin. Sill\u00e4 on my\u00f6s korkea murtolujuus, yli 15 kN (1500 kg), ja se kest\u00e4\u00e4 jopa 500 kg:n nauhapaineita.<\/p>\n<p class=\"\" data-start=\"1281\" data-end=\"1507\">STEP 28E Secure on iskunkest\u00e4v\u00e4, siin\u00e4 on sis\u00e4\u00e4nrakennettu suojadiodi ja se toimitetaan t\u00e4ydellisen\u00e4 5 metrin halogeenittoman liit\u00e4nt\u00e4kaapelin kanssa.<\/p>\n<p class=\"\" data-start=\"1281\" data-end=\"1507\">Se sopii vasemmalle ripustetuille oville ja tarjoaa vankan ratkaisun oviymp\u00e4rist\u00f6ihin, joissa on korkea turvallisuusprofiili.<\/p>\n<p class=\"\" data-start=\"1509\" data-end=\"1535\"><strong data-start=\"1509\" data-end=\"1535\">Ominaisuudet ja edut:<\/strong><\/p>\n<ul data-start=\"1536\" data-end=\"1856\">\n<li class=\"\" data-start=\"1536\" data-end=\"1588\">\n<p class=\"\" data-start=\"1538\" data-end=\"1588\">Mukautettu ohjauslukkoa varten (9 mm m\u00e4nt\u00e4) Connect-sarjassa<\/p>\n<\/li>\n<li class=\"\" data-start=\"1589\" data-end=\"1632\">\n<p class=\"\" data-start=\"1591\" data-end=\"1632\">Oikealle suunnattu toiminto - lukittu j\u00e4nnitteett\u00f6m\u00e4\u00e4n tilaan<\/p>\n<\/li>\n<li class=\"\" data-start=\"1633\" data-end=\"1659\">\n<p class=\"\" data-start=\"1635\" data-end=\"1659\">Vasen saranoiduille oville<\/p>\n<\/li>\n<li class=\"\" data-start=\"1660\" data-end=\"1706\">\n<p class=\"\" data-start=\"1662\" data-end=\"1706\">M\u00e4nt\u00e4 ja pid\u00e4tinkosketin tilan valvontaa varten<\/p>\n<\/li>\n<li class=\"\" data-start=\"1707\" data-end=\"1726\">\n<p class=\"\" data-start=\"1709\" data-end=\"1726\">Paloluokka E\/EI60<\/p>\n<\/li>\n<li class=\"\" data-start=\"1727\" data-end=\"1755\">\n<p class=\"\" data-start=\"1729\" data-end=\"1755\">Murtolujuus yli 15 kN<\/p>\n<\/li>\n<li class=\"\" data-start=\"1756\" data-end=\"1790\">\n<p class=\"\" data-start=\"1758\" data-end=\"1790\">Kest\u00e4\u00e4 puristuspainetta 500 kg asti<\/p>\n<\/li>\n<li class=\"\" data-start=\"1791\" data-end=\"1823\">\n<p class=\"\" data-start=\"1793\" data-end=\"1823\">Nakutuksenesto ja suojadiodilla<\/p>\n<\/li>\n<li class=\"\" data-start=\"1824\" data-end=\"1856\">\n<p class=\"\" data-start=\"1826\" data-end=\"1856\">Mukana 5 metrin halogeeniton kaapeli<\/p>\n<\/li>\n<\/ul>\n<p class=\"\" data-start=\"1858\" data-end=\"2044\"><strong data-start=\"1858\" data-end=\"1881\">K\u00e4ytt\u00f6alueet:<\/strong><br data-start=\"1881\" data-end=\"1884\" \/>T\u00e4ydellinen oviymp\u00e4rist\u00f6ihin, joissa paloluokka, evakuointi ja turvallisuus on yhdistett\u00e4v\u00e4 oviautomaatioon - esim. julkisissa rakennuksissa, sairaaloissa, kouluissa ja viranomaisissa.<\/p>\n<p class=\"\" data-start=\"2046\" data-end=\"2075\"><strong data-start=\"2046\" data-end=\"2075\">Tekniset tiedot:<\/strong><\/p>\n<ul data-start=\"2076\" data-end=\"2422\">\n<li class=\"\" data-start=\"2076\" data-end=\"2114\">\n<p class=\"\" data-start=\"2078\" data-end=\"2114\">K\u00e4ytt\u00f6j\u00e4nnite: 24 V DC (21,6-27,6 V)<\/p>\n<\/li>\n<li class=\"\" data-start=\"2115\" data-end=\"2147\">\n<p class=\"\" data-start=\"2117\" data-end=\"2147\">Virrankulutus: 500 mA lukitsematon<\/p>\n<\/li>\n<li class=\"\" data-start=\"2148\" data-end=\"2171\">\n<p class=\"\" data-start=\"2150\" data-end=\"2171\">Oven sarana: Vasen<\/p>\n<\/li>\n<li class=\"\" data-start=\"2172\" data-end=\"2193\">\n<p class=\"\" data-start=\"2174\" data-end=\"2193\">Kaapelin pituus: 5 metri\u00e4<\/p>\n<\/li>\n<li class=\"\" data-start=\"2194\" data-end=\"2220\">\n<p class=\"\" data-start=\"2196\" data-end=\"2220\">Murtolujuus: 1500 kg<\/p>\n<\/li>\n<li class=\"\" data-start=\"2221\" data-end=\"2240\">\n<p class=\"\" data-start=\"2223\" data-end=\"2240\">Listan paine: 500 kg<\/p>\n<\/li>\n<li class=\"\" data-start=\"2241\" data-end=\"2273\">\n<p class=\"\" data-start=\"2243\" data-end=\"2273\">Mitat (LxSxK): 35 x 40 x 230 mm<\/p>\n<\/li>\n<li class=\"\" data-start=\"2274\" data-end=\"2305\">\n<p class=\"\" data-start=\"2276\" data-end=\"2305\">Lukon tyyppi: Koukkusalvan lukko, Salpalukko<\/p>\n<\/li>\n<li class=\"\" data-start=\"2306\" data-end=\"2353\">\n<p class=\"\" data-start=\"2308\" data-end=\"2353\">M\u00e4nn\u00e4n kosketin: Mikrokytkin, max. 30V DC \/ 1A<\/p>\n<\/li>\n<li class=\"\" data-start=\"2354\" data-end=\"2382\">\n<p class=\"\" data-start=\"2356\" data-end=\"2382\">V\u00e4ri\/viimeistely: ruostumaton ter\u00e4s<\/p>\n<\/li>\n<li class=\"\" data-start=\"2383\" data-end=\"2422\">\n<p class=\"\" data-start=\"2385\" data-end=\"2422\">Arvioinnit: SundaHus, Rakennusmateriaalien arviointi<\/p>\n<\/li>\n<\/ul>","protected":false},"excerpt":{"rendered":"<p>T\u00e4\u00e4lt\u00e4 n\u00e4et, mitk\u00e4 pylv\u00e4\u00e4t ja mallit sopivat yhteen STEP-sarjan s\u00e4hk\u00f6isist\u00e4 oven pys\u00e4yttimist\u00e4.<\/p>\n<h5><strong><a href=\"https:\/\/steplock.com\/sv\/stolpguide\/#!?lang=sv&amp;blog_id=1&amp;paged=1&amp;number=50\" target=\"_blank\" rel=\"noopener\">STEP Viestiopas\u00a0<\/a><\/strong><\/h5>\n<h5><strong><a href=\"https:\/\/steplock.com\/sv\/projekteringsguide\/#!?lang=sv&amp;blog_id=1&amp;paged=1&amp;number=999\" target=\"_blank\" rel=\"noopener\">STEP-suunnitteluopas<\/a><\/strong><\/h5>","protected":false},"featured_media":147388,"template":"","meta":{"_acf_changed":false},"product_brand":[],"product_cat":[3355],"product_tag":[4197,4200],"class_list":{"0":"post-147392","1":"product","2":"type-product","3":"status-publish","4":"has-post-thumbnail","6":"product_cat-elslutbleck","7":"product_tag-24v","8":"product_tag-rattvand","9":"product_shipping_class-tunga-paket","10":"pa_brands-step","11":"tm-no-options","13":"first","14":"instock","15":"sale","16":"taxable","17":"shipping-taxable","18":"purchasable","19":"product-type-simple"},"acf":[],"_links":{"self":[{"href":"https:\/\/secureus.se\/fi\/wp-json\/wp\/v2\/product\/147392","targetHints":{"allow":["GET"]}}],"collection":[{"href":"https:\/\/secureus.se\/fi\/wp-json\/wp\/v2\/product"}],"about":[{"href":"https:\/\/secureus.se\/fi\/wp-json\/wp\/v2\/types\/product"}],"wp:featuredmedia":[{"embeddable":true,"href":"https:\/\/secureus.se\/fi\/wp-json\/wp\/v2\/media\/147388"}],"wp:attachment":[{"href":"https:\/\/secureus.se\/fi\/wp-json\/wp\/v2\/media?parent=147392"}],"wp:term":[{"taxonomy":"product_brand","embeddable":true,"href":"https:\/\/secureus.se\/fi\/wp-json\/wp\/v2\/product_brand?post=147392"},{"taxonomy":"product_cat","embeddable":true,"href":"https:\/\/secureus.se\/fi\/wp-json\/wp\/v2\/product_cat?post=147392"},{"taxonomy":"product_tag","embeddable":true,"href":"https:\/\/secureus.se\/fi\/wp-json\/wp\/v2\/product_tag?post=147392"}],"curies":[{"name":"wp","href":"https:\/\/api.w.org\/{rel}","templated":true}]}}