{"id":147397,"date":"2023-09-26T13:10:06","date_gmt":"2023-09-26T11:10:06","guid":{"rendered":"https:\/\/secureus.se\/elslutbleck-step-28e-hoger-rattvand-24v-9mm-regel\/"},"modified":"2026-04-08T16:03:05","modified_gmt":"2026-04-08T14:03:05","slug":"elslutbleck-step-28e-hoger-rattvand-24v-9mm-regel","status":"publish","type":"product","link":"https:\/\/secureus.se\/fi\/elslutbleck-step-28e-hoger-rattvand-24v-9mm-regel\/","title":{"rendered":"S\u00e4hk\u00f6isku STEP 28E Oikea Suora 24V 9mm s\u00e4\u00e4nt\u00f6"},"content":{"rendered":"<h1>S\u00e4hk\u00f6isku STEP 28E Oikea Suora 24V 9mm s\u00e4\u00e4nt\u00f6<\/h1>\n<p>STEP 28E Secure on paloturvallinen s\u00e4hk\u00f6isku, jossa on oikealle suunnattu toiminto, m\u00e4nt\u00e4kosketin ja 5 metrin kaapeli. Soveltuu oikealle ripustetuille oville, joissa on Connect-sarjan 9 mm:n pulttilukitus ja t\u00e4ytt\u00e4\u00e4 korkeat turvallisuus- ja evakuointivaatimukset.<\/p>\n<p>S\u00e4hk\u00f6isku STEP 28E Secure on kest\u00e4v\u00e4 s\u00e4hk\u00f6isku, joka mahdollistaa turvallisen lukituksen, palovaatimuksen ja evakuoinnin yhdistelm\u00e4n oviautomaation kanssa.<\/p>\n<p class=\"\" data-start=\"425\" data-end=\"914\">T\u00e4m\u00e4 malli on tarkoitettu oikealle ripustetuille oville, ja sit\u00e4 k\u00e4ytet\u00e4\u00e4n Connect-sarjan lukkolukon tai 9 mm:n pultilla varustetun lukon kanssa, joka tarjoaa korkean tunkeutumissuojan vaarantamatta poistumistoimintoja.<\/p>\n<p class=\"\" data-start=\"916\" data-end=\"1248\">Eteenp\u00e4in suuntautuvalla toiminnolla \u2013 eli s\u00e4hk\u00f6iskun lukituksella j\u00e4nnitteett\u00f6m\u00e4\u00e4n asentoon \u2013 STEP 28E t\u00e4ytt\u00e4\u00e4 turvallisuusvaatimukset kriittisiss\u00e4 ymp\u00e4rist\u00f6iss\u00e4.<\/p>\n<p class=\"\" data-start=\"916\" data-end=\"1248\">Se on paloluokitus E\/EI60 asti ja sit\u00e4 esiintyy yleisesti oviymp\u00e4rist\u00f6iss\u00e4, joissa k\u00e4ytet\u00e4\u00e4n standardin SS-EN 179 mukaisia h\u00e4t\u00e4poistumislukkoja, esimerkiksi kouluissa, terveydenhuoltolaitoksissa ja julkisissa rakennuksissa.<\/p>\n<p class=\"\" data-start=\"1250\" data-end=\"1624\">S\u00e4hk\u00f6iskussa on sis\u00e4\u00e4nrakennettu m\u00e4nt\u00e4kosketin ja lukituskosketin, joka tarjoaa selke\u00e4n tilanvalvonnan ja mahdollistaa integroinnin kulunvalvontaj\u00e4rjestelmiin tai h\u00e4lyttimiin.<\/p>\n<p class=\"\" data-start=\"1250\" data-end=\"1624\">STEP 28E on vahva ja luotettava ratkaisu, sill\u00e4 sen murtolujuus on yli 15 kN ja kyky avautua jopa 500 kg:n nauhapaineesta huolimatta. Tuote on peukaloitumaton, siin\u00e4 on suojadiodi ja mukana toimitetaan 5 metrin halogeenivapaa kaapeli.<\/p>\n<p class=\"\" data-start=\"1626\" data-end=\"1652\"><strong data-start=\"1626\" data-end=\"1652\">Ominaisuudet ja edut:<\/strong><\/p>\n<ul data-start=\"1653\" data-end=\"1956\">\n<li class=\"\" data-start=\"1653\" data-end=\"1690\">\n<p class=\"\" data-start=\"1655\" data-end=\"1690\">Oikealle suunnattu toiminto - lukittu ilman virtaa<\/p>\n<\/li>\n<li class=\"\" data-start=\"1691\" data-end=\"1733\">\n<p class=\"\" data-start=\"1693\" data-end=\"1733\">Oikealle ripustetuille oville 9 mm:n lukolla<\/p>\n<\/li>\n<li class=\"\" data-start=\"1734\" data-end=\"1779\">\n<p class=\"\" data-start=\"1736\" data-end=\"1779\">Paloluokitus E\/EI60 standardin SS-EN 14846:2008 mukaan<\/p>\n<\/li>\n<li class=\"\" data-start=\"1780\" data-end=\"1826\">\n<p class=\"\" data-start=\"1782\" data-end=\"1826\">M\u00e4nt\u00e4 ja pid\u00e4tinkosketin tilan valvontaa varten<\/p>\n<\/li>\n<li class=\"\" data-start=\"1827\" data-end=\"1883\">\n<p class=\"\" data-start=\"1829\" data-end=\"1883\">Kest\u00e4\u00e4 500 kg nauhapainetta ja yli 15 kN murtolujuuden<\/p>\n<\/li>\n<li class=\"\" data-start=\"1884\" data-end=\"1915\">\n<p class=\"\" data-start=\"1886\" data-end=\"1915\">Iskunkest\u00e4v\u00e4, mukana suojadiodi<\/p>\n<\/li>\n<li class=\"\" data-start=\"1916\" data-end=\"1956\">\n<p class=\"\" data-start=\"1918\" data-end=\"1956\">Mukana 5 metrin halogeeniton kaapeli<\/p>\n<\/li>\n<\/ul>\n<p class=\"\" data-start=\"1958\" data-end=\"2148\"><strong data-start=\"1958\" data-end=\"1981\">K\u00e4ytt\u00f6alueet:<\/strong><br data-start=\"1981\" data-end=\"1984\" \/>T\u00e4ydellinen turvaluokiteltuihin sis\u00e4oviin ymp\u00e4rist\u00f6iss\u00e4, joissa evakuointi-, palonkest\u00e4vyys- ja kulunvalvontaj\u00e4rjestelmien vaatimukset ovat vuorovaikutuksessa \u2013 esim. koulut, toimistot ja julkiset rakennukset.<\/p>\n<p class=\"\" data-start=\"2150\" data-end=\"2179\"><strong data-start=\"2150\" data-end=\"2179\">Tekniset tiedot:<\/strong><\/p>\n<ul data-start=\"2180\" data-end=\"2524\">\n<li class=\"\" data-start=\"2180\" data-end=\"2218\">\n<p class=\"\" data-start=\"2182\" data-end=\"2218\">K\u00e4ytt\u00f6j\u00e4nnite: 24 V DC (21,6-27,6 V)<\/p>\n<\/li>\n<li class=\"\" data-start=\"2219\" data-end=\"2251\">\n<p class=\"\" data-start=\"2221\" data-end=\"2251\">Virrankulutus: 500 mA lukitsematon<\/p>\n<\/li>\n<li class=\"\" data-start=\"2252\" data-end=\"2273\">\n<p class=\"\" data-start=\"2254\" data-end=\"2273\">Oven sarana: Oikea<\/p>\n<\/li>\n<li class=\"\" data-start=\"2274\" data-end=\"2295\">\n<p class=\"\" data-start=\"2276\" data-end=\"2295\">Kaapelin pituus: 5 metri\u00e4<\/p>\n<\/li>\n<li class=\"\" data-start=\"2296\" data-end=\"2322\">\n<p class=\"\" data-start=\"2298\" data-end=\"2322\">Murtolujuus: 1500 kg<\/p>\n<\/li>\n<li class=\"\" data-start=\"2323\" data-end=\"2342\">\n<p class=\"\" data-start=\"2325\" data-end=\"2342\">Listan paine: 500 kg<\/p>\n<\/li>\n<li class=\"\" data-start=\"2343\" data-end=\"2375\">\n<p class=\"\" data-start=\"2345\" data-end=\"2375\">Mitat (LxSxK): 35 x 40 x 230 mm<\/p>\n<\/li>\n<li class=\"\" data-start=\"2376\" data-end=\"2407\">\n<p class=\"\" data-start=\"2378\" data-end=\"2407\">Lukon tyyppi: Koukkusalvan lukko, Salpalukko<\/p>\n<\/li>\n<li class=\"\" data-start=\"2408\" data-end=\"2455\">\n<p class=\"\" data-start=\"2410\" data-end=\"2455\">M\u00e4nn\u00e4n kosketin: Mikrokytkin, max. 30V DC \/ 1A<\/p>\n<\/li>\n<li class=\"\" data-start=\"2456\" data-end=\"2484\">\n<p class=\"\" data-start=\"2458\" data-end=\"2484\">V\u00e4ri\/viimeistely: ruostumaton ter\u00e4s<\/p>\n<\/li>\n<li class=\"\" data-start=\"2485\" data-end=\"2524\">\n<p class=\"\" data-start=\"2487\" data-end=\"2524\">Arvioinnit: SundaHus, Rakennusmateriaalien arviointi<\/p>\n<\/li>\n<\/ul>","protected":false},"excerpt":{"rendered":"<p>T\u00e4\u00e4lt\u00e4 n\u00e4et, mitk\u00e4 pylv\u00e4\u00e4t ja mallit sopivat yhteen STEP-sarjan s\u00e4hk\u00f6isist\u00e4 oven pys\u00e4yttimist\u00e4.<\/p>\n<h5><strong><a href=\"https:\/\/steplock.com\/sv\/stolpguide\/#!?lang=sv&amp;blog_id=1&amp;paged=1&amp;number=50\" target=\"_blank\" rel=\"noopener\">STEP Viestiopas\u00a0<\/a><\/strong><\/h5>\n<h5><strong><a href=\"https:\/\/steplock.com\/sv\/projekteringsguide\/#!?lang=sv&amp;blog_id=1&amp;paged=1&amp;number=999\" target=\"_blank\" rel=\"noopener\">STEP-suunnitteluopas<\/a><\/strong><\/h5>","protected":false},"featured_media":147393,"template":"","meta":{"_acf_changed":false},"product_brand":[],"product_cat":[3355],"product_tag":[4197,4200],"class_list":{"0":"post-147397","1":"product","2":"type-product","3":"status-publish","4":"has-post-thumbnail","6":"product_cat-elslutbleck","7":"product_tag-24v","8":"product_tag-rattvand","9":"product_shipping_class-tunga-paket","10":"pa_brands-step","11":"tm-no-options","13":"first","14":"instock","15":"sale","16":"taxable","17":"shipping-taxable","18":"purchasable","19":"product-type-simple"},"acf":[],"_links":{"self":[{"href":"https:\/\/secureus.se\/fi\/wp-json\/wp\/v2\/product\/147397","targetHints":{"allow":["GET"]}}],"collection":[{"href":"https:\/\/secureus.se\/fi\/wp-json\/wp\/v2\/product"}],"about":[{"href":"https:\/\/secureus.se\/fi\/wp-json\/wp\/v2\/types\/product"}],"wp:featuredmedia":[{"embeddable":true,"href":"https:\/\/secureus.se\/fi\/wp-json\/wp\/v2\/media\/147393"}],"wp:attachment":[{"href":"https:\/\/secureus.se\/fi\/wp-json\/wp\/v2\/media?parent=147397"}],"wp:term":[{"taxonomy":"product_brand","embeddable":true,"href":"https:\/\/secureus.se\/fi\/wp-json\/wp\/v2\/product_brand?post=147397"},{"taxonomy":"product_cat","embeddable":true,"href":"https:\/\/secureus.se\/fi\/wp-json\/wp\/v2\/product_cat?post=147397"},{"taxonomy":"product_tag","embeddable":true,"href":"https:\/\/secureus.se\/fi\/wp-json\/wp\/v2\/product_tag?post=147397"}],"curies":[{"name":"wp","href":"https:\/\/api.w.org\/{rel}","templated":true}]}}