{"id":147400,"date":"2023-09-26T13:10:12","date_gmt":"2023-09-26T11:10:12","guid":{"rendered":"https:\/\/secureus.se\/elslutbleck-step-48-rattvand-24v\/"},"modified":"2026-04-23T12:32:51","modified_gmt":"2026-04-23T10:32:51","slug":"elslutbleck-step-48-rattvand-24v","status":"publish","type":"product","link":"https:\/\/secureus.se\/fi\/elslutbleck-step-48-rattvand-24v\/","title":{"rendered":"S\u00e4hk\u00f6inen vastalevy STEP 48 Oikealle p\u00e4in 24V"},"content":{"rendered":"<h1>S\u00e4hk\u00f6inen vastalevy STEP 48 Oikealle p\u00e4in 24V<\/h1>\n<p>STEP 48 Preload on kompakti ja turvallinen s\u00e4hk\u00f6isku oikeak\u00e4tisell\u00e4 toiminnolla ja STEPin liuskapainetekniikalla. Kest\u00e4\u00e4 puristuspainetta 40 kg asti ja on k\u00e4\u00e4nnett\u00e4viss\u00e4 oikealle\/vasemmalle ovelle.<\/p>\n<p>STEP 48 Preload -s\u00e4hk\u00f6isku on pehme\u00e4 ja luotettava eteenp\u00e4in suuntautuva s\u00e4hk\u00f6isku, joka on suunniteltu ymp\u00e4rist\u00f6ihin, joissa ovi lukitaan avaimella tai nupilla.<\/p>\n<p>Se on osa STEPin Preload-sarjaa ja tarjoaa kompaktin rakenteen yhdistettyn\u00e4 edistyneeseen teknologiaan luotettavan toiminnan varmistamiseksi \u2013 my\u00f6s ovea vasten painettaessa.<\/p>\n<p class=\"\" data-start=\"812\" data-end=\"1088\">STEPin patentoidun nauhapainetekniikan ansiosta ovi voidaan avata, vaikka se altistuisi jopa 40 kg:n nauhapaineelle.<\/p>\n<p class=\"\" data-start=\"812\" data-end=\"1088\">T\u00e4m\u00e4 tekee tuotteesta erityisen sopivan tiloihin, jotka vaativat sujuvaa avautumista my\u00f6s kuormitettuna, kuten toimistotiloissa, kerrostaloissa tai julkisissa tiloissa.<\/p>\n<p class=\"\" data-start=\"1090\" data-end=\"1454\">S\u00e4hk\u00f6isku on k\u00e4\u00e4nnett\u00e4viss\u00e4 sek\u00e4 oikealle ett\u00e4 vasemmalle ripustetuille oville, ja se on peukaloitumaton ja varustettu sis\u00e4\u00e4nrakennetulla suojadiodilla.<\/p>\n<p class=\"\" data-start=\"1090\" data-end=\"1454\">Sen murtolujuus on 9 kN (n. 900 kg) ja sit\u00e4 voidaan k\u00e4ytt\u00e4\u00e4 sek\u00e4 yksi- ett\u00e4 kaksoislukkojen kanssa.<\/p>\n<p class=\"\" data-start=\"1090\" data-end=\"1454\">On my\u00f6s mahdollista t\u00e4ydent\u00e4\u00e4 lukitusilmaisimella (ST4880), joka est\u00e4\u00e4 p\u00e4\u00e4syj\u00e4rjestelm\u00e4n, kun mekaaninen lukitus on tapahtunut - turvallisuuden lis\u00e4\u00e4miseksi.<\/p>\n<p class=\"\" data-start=\"1456\" data-end=\"1482\"><strong data-start=\"1456\" data-end=\"1482\">Ominaisuudet ja edut:<\/strong><\/p>\n<ul data-start=\"1483\" data-end=\"1754\">\n<li class=\"\" data-start=\"1483\" data-end=\"1520\">\n<p class=\"\" data-start=\"1485\" data-end=\"1520\">Oikea toiminta (lukittu ilman virtaa)<\/p>\n<\/li>\n<li class=\"\" data-start=\"1521\" data-end=\"1560\">\n<p class=\"\" data-start=\"1523\" data-end=\"1560\">Yhteensopiva koukun ja suorien tankojen kanssa<\/p>\n<\/li>\n<li class=\"\" data-start=\"1561\" data-end=\"1592\">\n<p class=\"\" data-start=\"1563\" data-end=\"1592\">Murtolujuus 9 kN (900 kg)<\/p>\n<\/li>\n<li class=\"\" data-start=\"1593\" data-end=\"1626\">\n<p class=\"\" data-start=\"1595\" data-end=\"1626\">Kest\u00e4\u00e4 nauhan paineen 40 kg asti<\/p>\n<\/li>\n<li class=\"\" data-start=\"1627\" data-end=\"1675\">\n<p class=\"\" data-start=\"1629\" data-end=\"1675\">K\u00e4\u00e4nnett\u00e4v\u00e4 \u2013 sopii sek\u00e4 oikea- ett\u00e4 vasenk\u00e4tisiin oviin<\/p>\n<\/li>\n<li class=\"\" data-start=\"1676\" data-end=\"1708\">\n<p class=\"\" data-start=\"1678\" data-end=\"1708\">Nakutuksenesto ja suojadiodilla<\/p>\n<\/li>\n<li class=\"\" data-start=\"1709\" data-end=\"1754\">\n<p class=\"\" data-start=\"1711\" data-end=\"1754\">Voidaan t\u00e4ydent\u00e4\u00e4 s\u00e4\u00e4nt\u00f6merkinn\u00e4ll\u00e4 ST4880<\/p>\n<\/li>\n<\/ul>\n<p class=\"\" data-start=\"1756\" data-end=\"1910\"><strong data-start=\"1756\" data-end=\"1779\">K\u00e4ytt\u00f6alueet:<\/strong><br data-start=\"1779\" data-end=\"1782\" \/>Soveltuu kerrostaloihin, toimistoihin, k\u00e4yt\u00e4viin ja muihin sis\u00e4tiloihin, joissa tarvitaan turvallista, joustavaa ja kompaktia ratkaisua.<\/p>\n<p class=\"\" data-start=\"1912\" data-end=\"1941\"><strong data-start=\"1912\" data-end=\"1941\">Tekniset tiedot:<\/strong><\/p>\n<ul data-start=\"1942\" data-end=\"2284\">\n<li class=\"\" data-start=\"1942\" data-end=\"1980\">\n<p class=\"\" data-start=\"1944\" data-end=\"1980\">K\u00e4ytt\u00f6j\u00e4nnite: 24 V DC (21,6-27,6 V)<\/p>\n<\/li>\n<li class=\"\" data-start=\"1981\" data-end=\"2027\">\n<p class=\"\" data-start=\"1983\" data-end=\"2027\">Virrankulutus: 110 mA (lukitsematon), max 300 mA<\/p>\n<\/li>\n<li class=\"\" data-start=\"2028\" data-end=\"2067\">\n<p class=\"\" data-start=\"2030\" data-end=\"2067\">Oven sarana: Oikea\/vasen (k\u00e4\u00e4nnett\u00e4v\u00e4)<\/p>\n<\/li>\n<li class=\"\" data-start=\"2068\" data-end=\"2099\">\n<p class=\"\" data-start=\"2070\" data-end=\"2099\">Mitat (LxSxK): 25 x 35 x 90 mm<\/p>\n<\/li>\n<li class=\"\" data-start=\"2100\" data-end=\"2125\">\n<p class=\"\" data-start=\"2102\" data-end=\"2125\">Murtolujuus: 900 kg<\/p>\n<\/li>\n<li class=\"\" data-start=\"2126\" data-end=\"2144\">\n<p class=\"\" data-start=\"2128\" data-end=\"2144\">Listan paine: 40 kg<\/p>\n<\/li>\n<li class=\"\" data-start=\"2145\" data-end=\"2178\">\n<p class=\"\" data-start=\"2147\" data-end=\"2178\">Lukon tyyppi: Yksi- ja kaksinkertainen lukko<\/p>\n<\/li>\n<li class=\"\" data-start=\"2179\" data-end=\"2197\">\n<p class=\"\" data-start=\"2181\" data-end=\"2197\">M\u00e4nn\u00e4n kosketin: Ei<\/p>\n<\/li>\n<li class=\"\" data-start=\"2198\" data-end=\"2226\">\n<p class=\"\" data-start=\"2200\" data-end=\"2226\">V\u00e4ri\/viimeistely: ruostumaton ter\u00e4s<\/p>\n<\/li>\n<li class=\"\" data-start=\"2227\" data-end=\"2244\">\n<p class=\"\" data-start=\"2229\" data-end=\"2244\">Kaapeli: Ei mukana<\/p>\n<\/li>\n<li class=\"\" data-start=\"2245\" data-end=\"2284\">\n<p class=\"\" data-start=\"2247\" data-end=\"2284\">Arvioinnit: SundaHus, Rakennusmateriaalien arviointi<\/p>\n<\/li>\n<\/ul>","protected":false},"excerpt":{"rendered":"<p>T\u00e4\u00e4lt\u00e4 n\u00e4et, mitk\u00e4 pylv\u00e4\u00e4t ja mallit sopivat yhteen STEP-sarjan s\u00e4hk\u00f6isist\u00e4 oven pys\u00e4yttimist\u00e4.<\/p>\n<h5><strong><a href=\"https:\/\/steplock.com\/sv\/stolpguide\/#!?lang=sv&amp;blog_id=1&amp;paged=1&amp;number=50\" target=\"_blank\" rel=\"noopener\">STEP Viestiopas\u00a0<\/a><\/strong><\/h5>\n<h5><strong><a href=\"https:\/\/steplock.com\/sv\/projekteringsguide\/#!?lang=sv&amp;blog_id=1&amp;paged=1&amp;number=999\" target=\"_blank\" rel=\"noopener\">STEP-suunnitteluopas<\/a><\/strong><\/h5>","protected":false},"featured_media":147398,"template":"","meta":{"_acf_changed":false},"product_brand":[],"product_cat":[3355],"product_tag":[4197,4200],"class_list":{"0":"post-147400","1":"product","2":"type-product","3":"status-publish","4":"has-post-thumbnail","6":"product_cat-elslutbleck","7":"product_tag-24v","8":"product_tag-rattvand","9":"product_shipping_class-tunga-paket","10":"pa_brands-step","11":"tm-no-options","13":"first","14":"instock","15":"sale","16":"taxable","17":"shipping-taxable","18":"purchasable","19":"product-type-simple"},"acf":[],"_links":{"self":[{"href":"https:\/\/secureus.se\/fi\/wp-json\/wp\/v2\/product\/147400","targetHints":{"allow":["GET"]}}],"collection":[{"href":"https:\/\/secureus.se\/fi\/wp-json\/wp\/v2\/product"}],"about":[{"href":"https:\/\/secureus.se\/fi\/wp-json\/wp\/v2\/types\/product"}],"wp:featuredmedia":[{"embeddable":true,"href":"https:\/\/secureus.se\/fi\/wp-json\/wp\/v2\/media\/147398"}],"wp:attachment":[{"href":"https:\/\/secureus.se\/fi\/wp-json\/wp\/v2\/media?parent=147400"}],"wp:term":[{"taxonomy":"product_brand","embeddable":true,"href":"https:\/\/secureus.se\/fi\/wp-json\/wp\/v2\/product_brand?post=147400"},{"taxonomy":"product_cat","embeddable":true,"href":"https:\/\/secureus.se\/fi\/wp-json\/wp\/v2\/product_cat?post=147400"},{"taxonomy":"product_tag","embeddable":true,"href":"https:\/\/secureus.se\/fi\/wp-json\/wp\/v2\/product_tag?post=147400"}],"curies":[{"name":"wp","href":"https:\/\/api.w.org\/{rel}","templated":true}]}}