{"id":147404,"date":"2023-09-26T13:10:01","date_gmt":"2023-09-26T11:10:01","guid":{"rendered":"https:\/\/secureus.se\/elslutbleck-step-40-rattvand-12v\/"},"modified":"2026-03-26T09:46:00","modified_gmt":"2026-03-26T08:46:00","slug":"elslutbleck-step-40-rattvand-12v","status":"publish","type":"product","link":"https:\/\/secureus.se\/fi\/elslutbleck-step-40-rattvand-12v\/","title":{"rendered":"S\u00e4hk\u00f6inen vastalevy STEP 40 Oikealle p\u00e4in 12V"},"content":{"rendered":"<h1>S\u00e4hk\u00f6inen vastalevy STEP 40 Oikealle p\u00e4in 12V<\/h1>\n<p>STEP 40 Preload on kompakti s\u00e4hk\u00f6isku, jossa on eteenp\u00e4in suuntautuva toiminto ja 12 V k\u00e4ytt\u00f6j\u00e4nnite. HPR-teknologian ja suuren murtolujuuden ansiosta se on luotettava valinta usein k\u00e4ytettyjen ovien p\u00e4iv\u00e4lukitukseen.<\/p>\n<p>STEP 40 Preload Electric Strike on s\u00e4hk\u00f6isku STEPin Preload-sarjassa - sarjassa, joka on suunniteltu yhdist\u00e4m\u00e4\u00e4n kompakti muoto korkeaan toimintavarmuuteen ja laatuun.<\/p>\n<p>Oikeanpuoleisella toiminnolla (lukittu s\u00e4hk\u00f6katkon sattuessa) STEP 40 soveltuu oviin, jotka vaativat turvallista p\u00e4iv\u00e4lukitusta.<\/p>\n<p class=\"\" data-start=\"763\" data-end=\"1143\">T\u00e4m\u00e4 s\u00e4hk\u00f6isku on varustettu patentoidulla HPR\u00ae-tekniikalla, joka mahdollistaa lukituksen avaamisen jopa 250 kg:n liuskapaineen alaisena, mik\u00e4 varmistaa luotettavan toiminnan my\u00f6s paineistetussa ymp\u00e4rist\u00f6ss\u00e4.<\/p>\n<p class=\"\" data-start=\"763\" data-end=\"1143\">STEP 40:n murtolujuus on 1200 kg ja k\u00e4ytt\u00f6ik\u00e4 1,5 miljoonaa sykli\u00e4, joten se on suunniteltu kest\u00e4m\u00e4\u00e4n eritt\u00e4in toistuvaa k\u00e4ytt\u00f6\u00e4 pitk\u00e4n ajan.<\/p>\n<p class=\"\" data-start=\"1145\" data-end=\"1466\">STEP 40 on k\u00e4\u00e4nnett\u00e4v\u00e4 sek\u00e4 oikea- ett\u00e4 vasenk\u00e4tisille oville ja sopii lukkokoteloihin yksi- ja kaksilukkoon. Siin\u00e4 on kompakti rakenne, korkeus vain 90 mm, ja takareunassa on ruuvinrei\u00e4t kulma-asennusta varten.<\/p>\n<p class=\"\" data-start=\"1145\" data-end=\"1466\">Lis\u00e4ksi se on peukaloinninkest\u00e4v\u00e4 ja siin\u00e4 on sis\u00e4\u00e4nrakennettu suojadiodi, joka tarjoaa sek\u00e4 fyysist\u00e4 ett\u00e4 elektronista turvallisuutta.<\/p>\n<p class=\"\" data-start=\"1468\" data-end=\"1494\"><strong data-start=\"1468\" data-end=\"1494\">Ominaisuudet ja edut:<\/strong><\/p>\n<ul data-start=\"1495\" data-end=\"1768\">\n<li class=\"\" data-start=\"1495\" data-end=\"1532\">\n<p class=\"\" data-start=\"1497\" data-end=\"1532\">Oikealle suunnattu toiminto - lukittu ilman virtaa<\/p>\n<\/li>\n<li class=\"\" data-start=\"1533\" data-end=\"1556\">\n<p class=\"\" data-start=\"1535\" data-end=\"1556\">K\u00e4ytt\u00f6j\u00e4nnite: 12V DC<\/p>\n<\/li>\n<li class=\"\" data-start=\"1557\" data-end=\"1605\">\n<p class=\"\" data-start=\"1559\" data-end=\"1605\">HPR\u00ae-tekniikka \u2013 kest\u00e4\u00e4 puristuspainetta 250 kg asti<\/p>\n<\/li>\n<li class=\"\" data-start=\"1606\" data-end=\"1632\">\n<p class=\"\" data-start=\"1608\" data-end=\"1632\">Murtolujuus: 1200 kg<\/p>\n<\/li>\n<li class=\"\" data-start=\"1633\" data-end=\"1662\">\n<p class=\"\" data-start=\"1635\" data-end=\"1662\">Testattu 1 500 000 syklille<\/p>\n<\/li>\n<li class=\"\" data-start=\"1663\" data-end=\"1691\">\n<p class=\"\" data-start=\"1665\" data-end=\"1691\">Iskunkest\u00e4v\u00e4 suojadiodilla<\/p>\n<\/li>\n<li class=\"\" data-start=\"1692\" data-end=\"1735\">\n<p class=\"\" data-start=\"1694\" data-end=\"1735\">K\u00e4\u00e4nnett\u00e4v\u00e4 \u2013 sopii oikeaan ja vasempaan oveen<\/p>\n<\/li>\n<li class=\"\" data-start=\"1736\" data-end=\"1768\">\n<p class=\"\" data-start=\"1738\" data-end=\"1768\">Sopii yksi- ja kaksoislukkoihin<\/p>\n<\/li>\n<\/ul>\n<p class=\"\" data-start=\"1770\" data-end=\"1938\"><strong data-start=\"1770\" data-end=\"1793\">K\u00e4ytt\u00f6alueet:<\/strong><br data-start=\"1793\" data-end=\"1796\" \/>Soveltuu toimistoihin, k\u00e4yt\u00e4viin, asuntojen sis\u00e4\u00e4nk\u00e4yntiin ja muihin sis\u00e4tiloihin, joissa tarvitaan luotettavaa ja turvallista p\u00e4iv\u00e4lukitusta kompaktissa muodossa.<\/p>\n<p class=\"\" data-start=\"1940\" data-end=\"1969\"><strong data-start=\"1940\" data-end=\"1969\">Tekniset tiedot:<\/strong><\/p>\n<ul data-start=\"1970\" data-end=\"2314\">\n<li class=\"\" data-start=\"1970\" data-end=\"2008\">\n<p class=\"\" data-start=\"1972\" data-end=\"2008\">K\u00e4ytt\u00f6j\u00e4nnite: 12 V DC (10,8-13,8 V)<\/p>\n<\/li>\n<li class=\"\" data-start=\"2009\" data-end=\"2055\">\n<p class=\"\" data-start=\"2011\" data-end=\"2055\">Virrankulutus: 220 mA (lukitsematon), max 600 mA<\/p>\n<\/li>\n<li class=\"\" data-start=\"2056\" data-end=\"2095\">\n<p class=\"\" data-start=\"2058\" data-end=\"2095\">Oven sarana: Oikea\/vasen (k\u00e4\u00e4nnett\u00e4v\u00e4)<\/p>\n<\/li>\n<li class=\"\" data-start=\"2096\" data-end=\"2127\">\n<p class=\"\" data-start=\"2098\" data-end=\"2127\">Mitat (LxSxK): 25 x 28 x 90 mm<\/p>\n<\/li>\n<li class=\"\" data-start=\"2128\" data-end=\"2154\">\n<p class=\"\" data-start=\"2130\" data-end=\"2154\">Murtolujuus: 1200 kg<\/p>\n<\/li>\n<li class=\"\" data-start=\"2155\" data-end=\"2174\">\n<p class=\"\" data-start=\"2157\" data-end=\"2174\">Listan paine: 250 kg<\/p>\n<\/li>\n<li class=\"\" data-start=\"2175\" data-end=\"2193\">\n<p class=\"\" data-start=\"2177\" data-end=\"2193\">M\u00e4nn\u00e4n kosketin: Ei<\/p>\n<\/li>\n<li class=\"\" data-start=\"2194\" data-end=\"2211\">\n<p class=\"\" data-start=\"2196\" data-end=\"2211\">Kaapeli: Ei mukana<\/p>\n<\/li>\n<li class=\"\" data-start=\"2212\" data-end=\"2245\">\n<p class=\"\" data-start=\"2214\" data-end=\"2245\">Lukon tyyppi: Yksi- ja kaksinkertainen lukko<\/p>\n<\/li>\n<li class=\"\" data-start=\"2246\" data-end=\"2274\">\n<p class=\"\" data-start=\"2248\" data-end=\"2274\">V\u00e4ri\/viimeistely: ruostumaton ter\u00e4s<\/p>\n<\/li>\n<li class=\"\" data-start=\"2275\" data-end=\"2314\">\n<p class=\"\" data-start=\"2277\" data-end=\"2314\">Arvioinnit: SundaHus, Rakennusmateriaalien arviointi<\/p>\n<\/li>\n<\/ul>","protected":false},"excerpt":{"rendered":"<p>T\u00e4\u00e4lt\u00e4 n\u00e4et, mitk\u00e4 pylv\u00e4\u00e4t ja mallit sopivat yhteen STEP-sarjan s\u00e4hk\u00f6isist\u00e4 oven pys\u00e4yttimist\u00e4.<\/p>\n<h5><strong><a href=\"https:\/\/steplock.com\/sv\/stolpguide\/#!?lang=sv&amp;blog_id=1&amp;paged=1&amp;number=50\" target=\"_blank\" rel=\"noopener\">STEP Viestiopas\u00a0<\/a><\/strong><\/h5>\n<h5><strong><a href=\"https:\/\/steplock.com\/sv\/projekteringsguide\/#!?lang=sv&amp;blog_id=1&amp;paged=1&amp;number=999\" target=\"_blank\" rel=\"noopener\">STEP-suunnitteluopas<\/a><\/strong><\/h5>","protected":false},"featured_media":147401,"template":"","meta":{"_acf_changed":false},"product_brand":[],"product_cat":[3355],"product_tag":[4198,4200],"class_list":{"0":"post-147404","1":"product","2":"type-product","3":"status-publish","4":"has-post-thumbnail","6":"product_cat-elslutbleck","7":"product_tag-12v","8":"product_tag-rattvand","9":"product_shipping_class-tunga-paket","10":"pa_brands-step","11":"tm-no-options","13":"first","14":"instock","15":"sale","16":"taxable","17":"shipping-taxable","18":"purchasable","19":"product-type-simple"},"acf":[],"_links":{"self":[{"href":"https:\/\/secureus.se\/fi\/wp-json\/wp\/v2\/product\/147404","targetHints":{"allow":["GET"]}}],"collection":[{"href":"https:\/\/secureus.se\/fi\/wp-json\/wp\/v2\/product"}],"about":[{"href":"https:\/\/secureus.se\/fi\/wp-json\/wp\/v2\/types\/product"}],"wp:featuredmedia":[{"embeddable":true,"href":"https:\/\/secureus.se\/fi\/wp-json\/wp\/v2\/media\/147401"}],"wp:attachment":[{"href":"https:\/\/secureus.se\/fi\/wp-json\/wp\/v2\/media?parent=147404"}],"wp:term":[{"taxonomy":"product_brand","embeddable":true,"href":"https:\/\/secureus.se\/fi\/wp-json\/wp\/v2\/product_brand?post=147404"},{"taxonomy":"product_cat","embeddable":true,"href":"https:\/\/secureus.se\/fi\/wp-json\/wp\/v2\/product_cat?post=147404"},{"taxonomy":"product_tag","embeddable":true,"href":"https:\/\/secureus.se\/fi\/wp-json\/wp\/v2\/product_tag?post=147404"}],"curies":[{"name":"wp","href":"https:\/\/api.w.org\/{rel}","templated":true}]}}