{"id":147408,"date":"2023-09-26T13:08:37","date_gmt":"2023-09-26T11:08:37","guid":{"rendered":"https:\/\/secureus.se\/elslutbleck-step-40-rattvand-12v-kolvkontakt\/"},"modified":"2026-04-08T16:11:12","modified_gmt":"2026-04-08T14:11:12","slug":"elslutbleck-step-40-rattvand-12v-kolvkontakt","status":"publish","type":"product","link":"https:\/\/secureus.se\/fi\/elslutbleck-step-40-rattvand-12v-kolvkontakt\/","title":{"rendered":"S\u00e4hk\u00f6inen vastalevy STEP 40 Oikealle p\u00e4in 12 V m\u00e4nt\u00e4kosketin"},"content":{"rendered":"<h1>S\u00e4hk\u00f6inen vastalevy STEP 40 Oikealle p\u00e4in 12 V m\u00e4nt\u00e4kosketin<\/h1>\n<p>STEP 40 Preload on kompakti s\u00e4hk\u00f6isku, jossa eteenp\u00e4intoiminto, m\u00e4nt\u00e4kosketin ja 12 V:n toiminta. HPR-tekniikan, korkean murtolujuuden ja 1,5 miljoonan syklin ansiosta se on luotettava valinta p\u00e4iv\u00e4lukitusk\u00e4ytt\u00f6\u00f6n.<\/p>\n<p>STEP 40 Preload -s\u00e4hk\u00f6isku on STEPin Preload-sarjan s\u00e4hk\u00f6isku, jossa yhdistyv\u00e4t kompakti muotoilu poikkeuksellisen k\u00e4ytt\u00f6varmuuteen ja pitk\u00e4 k\u00e4ytt\u00f6ik\u00e4.<\/p>\n<p>Oikeak\u00e4tisell\u00e4 toiminnolla (lukittu j\u00e4nnitteett\u00f6m\u00e4\u00e4n asentoon) STEP 40 soveltuu ymp\u00e4rist\u00f6ihin, joissa turvallinen p\u00e4iv\u00e4lukitus on t\u00e4rke\u00e4\u00e4, kuten toimisto-ovet, sis\u00e4\u00e4nk\u00e4ynnit ja kulkuovet.<\/p>\n<p class=\"\" data-start=\"835\" data-end=\"1162\">STEPin patentoidun HPR\u00ae-teknologian ansiosta ovi on taattu jopa 250 kg:n liuskapaineella, mik\u00e4 tarjoaa erinomaisen toimivuuden jokap\u00e4iv\u00e4isess\u00e4 k\u00e4yt\u00f6ss\u00e4.<\/p>\n<p class=\"\" data-start=\"835\" data-end=\"1162\">Suuri 1 200 kg:n murtolujuus ja jopa 1 500 000 syklin testaus varmistavat, ett\u00e4 STEP 40 kest\u00e4\u00e4 korkeita avautumistaajuuksia pitk\u00e4\u00e4n.<\/p>\n<p class=\"\" data-start=\"1164\" data-end=\"1459\">Sis\u00e4\u00e4nrakennetun m\u00e4nt\u00e4koskettimen avulla saat selke\u00e4n tiedon siit\u00e4, onko ovi auki vai kiinni \u2013 ihanteellinen integroitavaksi kulunvalvontaj\u00e4rjestelmiin.<\/p>\n<p class=\"\" data-start=\"1164\" data-end=\"1459\">S\u00e4hk\u00f6isku on my\u00f6s peukaloitumaton, siin\u00e4 on sis\u00e4\u00e4nrakennettu suojadiodi ja se on k\u00e4\u00e4nnett\u00e4viss\u00e4 sek\u00e4 oikealle ett\u00e4 vasemmalle ripustetuille oville. Sopii yksi- ja kaksilehtisille lukoksille.<\/p>\n<p class=\"\" data-start=\"1461\" data-end=\"1487\"><strong data-start=\"1461\" data-end=\"1487\">Ominaisuudet ja edut:<\/strong><\/p>\n<ul data-start=\"1488\" data-end=\"1786\">\n<li class=\"\" data-start=\"1488\" data-end=\"1525\">\n<p class=\"\" data-start=\"1490\" data-end=\"1525\">Oikealle suunnattu toiminto - lukittu ilman virtaa<\/p>\n<\/li>\n<li class=\"\" data-start=\"1526\" data-end=\"1549\">\n<p class=\"\" data-start=\"1528\" data-end=\"1549\">K\u00e4ytt\u00f6j\u00e4nnite: 12V DC<\/p>\n<\/li>\n<li class=\"\" data-start=\"1550\" data-end=\"1584\">\n<p class=\"\" data-start=\"1552\" data-end=\"1584\">M\u00e4nn\u00e4n kosketin tilan ilmaisua varten<\/p>\n<\/li>\n<li class=\"\" data-start=\"1585\" data-end=\"1630\">\n<p class=\"\" data-start=\"1587\" data-end=\"1630\">HPR\u00ae-tekniikka \u2013 avautuu 250 kg:n nauhapaineesta huolimatta<\/p>\n<\/li>\n<li class=\"\" data-start=\"1631\" data-end=\"1658\">\n<p class=\"\" data-start=\"1633\" data-end=\"1658\">Murtolujuus: 1200 kg<\/p>\n<\/li>\n<li class=\"\" data-start=\"1659\" data-end=\"1688\">\n<p class=\"\" data-start=\"1661\" data-end=\"1688\">Testattu 1 500 000 syklille<\/p>\n<\/li>\n<li class=\"\" data-start=\"1689\" data-end=\"1723\">\n<p class=\"\" data-start=\"1691\" data-end=\"1723\">K\u00e4\u00e4nnett\u00e4v\u00e4 oikealle\/vasemmalle ovelle<\/p>\n<\/li>\n<li class=\"\" data-start=\"1724\" data-end=\"1753\">\n<p class=\"\" data-start=\"1726\" data-end=\"1753\">Suojadiodi ja ylij\u00e4nnitesuoja<\/p>\n<\/li>\n<li class=\"\" data-start=\"1754\" data-end=\"1786\">\n<p class=\"\" data-start=\"1756\" data-end=\"1786\">Sopii yksi- ja kaksoislukkoihin<\/p>\n<\/li>\n<\/ul>\n<p class=\"\" data-start=\"1788\" data-end=\"1935\"><strong data-start=\"1788\" data-end=\"1811\">K\u00e4ytt\u00f6alueet:<\/strong><br data-start=\"1811\" data-end=\"1814\" \/>T\u00e4ydellinen oviin, jotka vaativat hiljaista ja luotettavaa p\u00e4iv\u00e4lukitusta, esim. toimistoissa, julkisissa tiloissa ja asuntojen sis\u00e4\u00e4nk\u00e4ynneiss\u00e4.<\/p>\n<p class=\"\" data-start=\"1937\" data-end=\"1966\"><strong data-start=\"1937\" data-end=\"1966\">Tekniset tiedot:<\/strong><\/p>\n<ul data-start=\"1967\" data-end=\"2339\">\n<li class=\"\" data-start=\"1967\" data-end=\"2005\">\n<p class=\"\" data-start=\"1969\" data-end=\"2005\">K\u00e4ytt\u00f6j\u00e4nnite: 12 V DC (10,8-13,8 V)<\/p>\n<\/li>\n<li class=\"\" data-start=\"2006\" data-end=\"2050\">\n<p class=\"\" data-start=\"2008\" data-end=\"2050\">Virrankulutus: 220 mA lukitsematon, max 600 mA<\/p>\n<\/li>\n<li class=\"\" data-start=\"2051\" data-end=\"2098\">\n<p class=\"\" data-start=\"2053\" data-end=\"2098\">M\u00e4nn\u00e4n kosketin: Mikrokytkin, max. 30V DC \/ 1A<\/p>\n<\/li>\n<li class=\"\" data-start=\"2099\" data-end=\"2138\">\n<p class=\"\" data-start=\"2101\" data-end=\"2138\">Oven sarana: Oikea\/vasen (k\u00e4\u00e4nnett\u00e4v\u00e4)<\/p>\n<\/li>\n<li class=\"\" data-start=\"2139\" data-end=\"2170\">\n<p class=\"\" data-start=\"2141\" data-end=\"2170\">Mitat (LxSxK): 25 x 28 x 90 mm<\/p>\n<\/li>\n<li class=\"\" data-start=\"2171\" data-end=\"2198\">\n<p class=\"\" data-start=\"2173\" data-end=\"2198\">Murtolujuus: 1200 kg<\/p>\n<\/li>\n<li class=\"\" data-start=\"2199\" data-end=\"2218\">\n<p class=\"\" data-start=\"2201\" data-end=\"2218\">Listan paine: 250 kg<\/p>\n<\/li>\n<li class=\"\" data-start=\"2219\" data-end=\"2236\">\n<p class=\"\" data-start=\"2221\" data-end=\"2236\">Kaapeli: Ei mukana<\/p>\n<\/li>\n<li class=\"\" data-start=\"2237\" data-end=\"2270\">\n<p class=\"\" data-start=\"2239\" data-end=\"2270\">Lukon tyyppi: Yksi- ja kaksinkertainen lukko<\/p>\n<\/li>\n<li class=\"\" data-start=\"2271\" data-end=\"2299\">\n<p class=\"\" data-start=\"2273\" data-end=\"2299\">V\u00e4ri\/viimeistely: ruostumaton ter\u00e4s<\/p>\n<\/li>\n<li class=\"\" data-start=\"2300\" data-end=\"2339\">\n<p class=\"\" data-start=\"2302\" data-end=\"2339\">Arvioinnit: SundaHus, Rakennusmateriaalien arviointi<\/p>\n<\/li>\n<\/ul>","protected":false},"excerpt":{"rendered":"<p>T\u00e4\u00e4lt\u00e4 n\u00e4et, mitk\u00e4 pylv\u00e4\u00e4t ja mallit sopivat yhteen STEP-sarjan s\u00e4hk\u00f6isist\u00e4 oven pys\u00e4yttimist\u00e4.<\/p>\n<h5><strong><a href=\"https:\/\/steplock.com\/sv\/stolpguide\/#!?lang=sv&amp;blog_id=1&amp;paged=1&amp;number=50\" target=\"_blank\" rel=\"noopener\">STEP Viestiopas\u00a0<\/a><\/strong><\/h5>\n<h5><strong><a href=\"https:\/\/steplock.com\/sv\/projekteringsguide\/#!?lang=sv&amp;blog_id=1&amp;paged=1&amp;number=999\" target=\"_blank\" rel=\"noopener\">STEP-suunnitteluopas<\/a><\/strong><\/h5>","protected":false},"featured_media":147405,"template":"","meta":{"_acf_changed":false},"product_brand":[],"product_cat":[3355],"product_tag":[4198,4200],"class_list":{"0":"post-147408","1":"product","2":"type-product","3":"status-publish","4":"has-post-thumbnail","6":"product_cat-elslutbleck","7":"product_tag-12v","8":"product_tag-rattvand","9":"product_shipping_class-tunga-paket","10":"pa_brands-step","11":"tm-no-options","13":"first","14":"onbackorder","15":"sale","16":"taxable","17":"shipping-taxable","18":"purchasable","19":"product-type-simple"},"acf":[],"_links":{"self":[{"href":"https:\/\/secureus.se\/fi\/wp-json\/wp\/v2\/product\/147408","targetHints":{"allow":["GET"]}}],"collection":[{"href":"https:\/\/secureus.se\/fi\/wp-json\/wp\/v2\/product"}],"about":[{"href":"https:\/\/secureus.se\/fi\/wp-json\/wp\/v2\/types\/product"}],"wp:featuredmedia":[{"embeddable":true,"href":"https:\/\/secureus.se\/fi\/wp-json\/wp\/v2\/media\/147405"}],"wp:attachment":[{"href":"https:\/\/secureus.se\/fi\/wp-json\/wp\/v2\/media?parent=147408"}],"wp:term":[{"taxonomy":"product_brand","embeddable":true,"href":"https:\/\/secureus.se\/fi\/wp-json\/wp\/v2\/product_brand?post=147408"},{"taxonomy":"product_cat","embeddable":true,"href":"https:\/\/secureus.se\/fi\/wp-json\/wp\/v2\/product_cat?post=147408"},{"taxonomy":"product_tag","embeddable":true,"href":"https:\/\/secureus.se\/fi\/wp-json\/wp\/v2\/product_tag?post=147408"}],"curies":[{"name":"wp","href":"https:\/\/api.w.org\/{rel}","templated":true}]}}