{"id":147420,"date":"2023-09-26T13:08:31","date_gmt":"2023-09-26T11:08:31","guid":{"rendered":"https:\/\/secureus.se\/elslutbleck-step-18-hoger-omvand-24v-9mm-regel-connect\/"},"modified":"2026-04-08T16:14:01","modified_gmt":"2026-04-08T14:14:01","slug":"elslutbleck-step-18-hoger-omvand-24v-9mm-regel-connect","status":"publish","type":"product","link":"https:\/\/secureus.se\/fi\/elslutbleck-step-18-hoger-omvand-24v-9mm-regel-connect\/","title":{"rendered":"S\u00e4hk\u00f6isku VAIHE 18 Oikea K\u00e4\u00e4nteinen 24V 9mm Rule Connect"},"content":{"rendered":"<h1>S\u00e4hk\u00f6isku VAIHE 18 Oikea K\u00e4\u00e4nteinen 24V 9mm Rule Connect<\/h1>\n<p>Secure on eritt\u00e4in turvallinen s\u00e4hk\u00f6isku, jossa on peruutustoiminto oikealle ripustetuille oville, joissa on 9 mm:n pultti. Paloluokka E\/EI60, m\u00e4nt\u00e4liitin ja 5 m halogeenivapaa kaapeli mukana. Kest\u00e4\u00e4 500 kg nauhapainetta.<\/p>\n<p>STEP 18 Secure Electric Strike on edistynyt s\u00e4hk\u00f6isku, joka kuuluu STEPin Secure-sarjaan - kehitetty oviymp\u00e4rist\u00f6ihin, joissa on eritt\u00e4in korkeat vaatimukset turvallisuudelle ja luotettavalle toiminnalle.<\/p>\n<p>T\u00e4m\u00e4 malli on sovitettu oikealle ripustetuille oville, joissa on Connect-sarjan pulttilukitus (9 mm m\u00e4nt\u00e4).<\/p>\n<p class=\"\" data-start=\"820\" data-end=\"1169\">K\u00e4\u00e4nteisell\u00e4 toiminnolla s\u00e4hk\u00f6iskun lukitus avautuu j\u00e4nnitteett\u00f6m\u00e4ss\u00e4 asennossa, mik\u00e4 tekee siit\u00e4 erityisen sopivan oviin, joissa on evakuointivaatimukset ja ymp\u00e4rist\u00f6ihin, joissa vaaditaan jatkuvaa kulkua \u2013 esimerkiksi pankeissa, valtion virastoissa, vankiloissa ja turvaluokitelluissa kiinteist\u00f6iss\u00e4.<\/p>\n<p class=\"\" data-start=\"820\" data-end=\"1169\">STEP 18 on paloluokitus E\/EI60 asti ja hyv\u00e4ksytty turvaoville RC4 asti.<\/p>\n<p class=\"\" data-start=\"1171\" data-end=\"1565\">S\u00e4hk\u00f6isku on varustettu sek\u00e4 m\u00e4nt\u00e4koskettimella ett\u00e4 salpakoskettimella, joka antaa tarkan osoituksen oven tilasta (auki\/kiinni, lukittu\/auki) integroitavaksi h\u00e4lytys- ja kulunvalvontaj\u00e4rjestelmiin.<\/p>\n<p class=\"\" data-start=\"1171\" data-end=\"1565\">Se on peukaloinninkest\u00e4v\u00e4, siin\u00e4 on sis\u00e4\u00e4nrakennettu suojadiodi ja se avautuu jopa 5 kN (n. 500 kg) nauhapaineella. STEP 18:n murtolujuus on 15 kN, joten se on yksi markkinoiden kest\u00e4vimmist\u00e4 vaihtoehdoista.<\/p>\n<p class=\"\" data-start=\"1567\" data-end=\"1593\"><strong data-start=\"1567\" data-end=\"1593\">Ominaisuudet ja edut:<\/strong><\/p>\n<ul data-start=\"1594\" data-end=\"1923\">\n<li class=\"\" data-start=\"1594\" data-end=\"1636\">\n<p class=\"\" data-start=\"1596\" data-end=\"1636\">Peruutustoiminto \u2013 avattu j\u00e4nnitteett\u00f6m\u00e4ss\u00e4 asennossa<\/p>\n<\/li>\n<li class=\"\" data-start=\"1637\" data-end=\"1679\">\n<p class=\"\" data-start=\"1639\" data-end=\"1679\">Mukautettu Connect-sarjan 9 mm s\u00e4\u00e4nn\u00f6lle<\/p>\n<\/li>\n<li class=\"\" data-start=\"1680\" data-end=\"1704\">\n<p class=\"\" data-start=\"1682\" data-end=\"1704\">Oikeanpuoleisiin oviin<\/p>\n<\/li>\n<li class=\"\" data-start=\"1705\" data-end=\"1751\">\n<p class=\"\" data-start=\"1707\" data-end=\"1751\">M\u00e4nt\u00e4 ja pid\u00e4tinkosketin tilan valvontaa varten<\/p>\n<\/li>\n<li class=\"\" data-start=\"1752\" data-end=\"1787\">\n<p class=\"\" data-start=\"1754\" data-end=\"1787\">Paloluokka E\/EI60 ja RC4 hyv\u00e4ksytty<\/p>\n<\/li>\n<li class=\"\" data-start=\"1788\" data-end=\"1821\">\n<p class=\"\" data-start=\"1790\" data-end=\"1821\">Murtolujuus 15 kN (1500 kg)<\/p>\n<\/li>\n<li class=\"\" data-start=\"1822\" data-end=\"1856\">\n<p class=\"\" data-start=\"1824\" data-end=\"1856\">Kest\u00e4\u00e4 puristuspainetta 500 kg asti<\/p>\n<\/li>\n<li class=\"\" data-start=\"1857\" data-end=\"1886\">\n<p class=\"\" data-start=\"1859\" data-end=\"1886\">Suojadiodi ja ylij\u00e4nnitesuoja<\/p>\n<\/li>\n<li class=\"\" data-start=\"1887\" data-end=\"1923\">\n<p class=\"\" data-start=\"1889\" data-end=\"1923\">Mukana 5 m halogeenivapaa kaapeli<\/p>\n<\/li>\n<\/ul>\n<p class=\"\" data-start=\"1925\" data-end=\"2113\"><strong data-start=\"1925\" data-end=\"1948\">K\u00e4ytt\u00f6alueet:<\/strong><br data-start=\"1948\" data-end=\"1951\" \/>Suositellaan turvaluokiteltujen rakennusten oviymp\u00e4rist\u00f6ihin, poistumisreitteihin ja asennuksiin, joissa on paljon liikennett\u00e4 ja vaatimuksia tehokkaalle s\u00e4hk\u00f6lukitukselle.<\/p>\n<p class=\"\" data-start=\"2115\" data-end=\"2144\"><strong data-start=\"2115\" data-end=\"2144\">Tekniset tiedot:<\/strong><\/p>\n<ul data-start=\"2145\" data-end=\"2489\">\n<li class=\"\" data-start=\"2145\" data-end=\"2183\">\n<p class=\"\" data-start=\"2147\" data-end=\"2183\">K\u00e4ytt\u00f6j\u00e4nnite: 24 V DC (21,6-27,6 V)<\/p>\n<\/li>\n<li class=\"\" data-start=\"2184\" data-end=\"2216\">\n<p class=\"\" data-start=\"2186\" data-end=\"2216\">Virrankulutus: 313 mA lukitsematon<\/p>\n<\/li>\n<li class=\"\" data-start=\"2217\" data-end=\"2238\">\n<p class=\"\" data-start=\"2219\" data-end=\"2238\">Oven sarana: Oikea<\/p>\n<\/li>\n<li class=\"\" data-start=\"2239\" data-end=\"2260\">\n<p class=\"\" data-start=\"2241\" data-end=\"2260\">Kaapelin pituus: 5 metri\u00e4<\/p>\n<\/li>\n<li class=\"\" data-start=\"2261\" data-end=\"2287\">\n<p class=\"\" data-start=\"2263\" data-end=\"2287\">Murtolujuus: 1500 kg<\/p>\n<\/li>\n<li class=\"\" data-start=\"2288\" data-end=\"2307\">\n<p class=\"\" data-start=\"2290\" data-end=\"2307\">Listan paine: 500 kg<\/p>\n<\/li>\n<li class=\"\" data-start=\"2308\" data-end=\"2340\">\n<p class=\"\" data-start=\"2310\" data-end=\"2340\">Mitat (LxSxK): 35 x 40 x 230 mm<\/p>\n<\/li>\n<li class=\"\" data-start=\"2341\" data-end=\"2372\">\n<p class=\"\" data-start=\"2343\" data-end=\"2372\">Lukon tyyppi: Koukkusalvan lukko, Salpalukko<\/p>\n<\/li>\n<li class=\"\" data-start=\"2373\" data-end=\"2420\">\n<p class=\"\" data-start=\"2375\" data-end=\"2420\">M\u00e4nn\u00e4n kosketin: Mikrokytkin, max. 30V DC \/ 1A<\/p>\n<\/li>\n<li class=\"\" data-start=\"2421\" data-end=\"2449\">\n<p class=\"\" data-start=\"2423\" data-end=\"2449\">V\u00e4ri\/viimeistely: ruostumaton ter\u00e4s<\/p>\n<\/li>\n<li class=\"\" data-start=\"2450\" data-end=\"2489\">\n<p class=\"\" data-start=\"2452\" data-end=\"2489\">Arvioinnit: SundaHus, Rakennusmateriaalien arviointi<\/p>\n<\/li>\n<\/ul>","protected":false},"excerpt":{"rendered":"<p>T\u00e4\u00e4lt\u00e4 n\u00e4et, mitk\u00e4 pylv\u00e4\u00e4t ja mallit sopivat yhteen STEP-sarjan s\u00e4hk\u00f6isist\u00e4 oven pys\u00e4yttimist\u00e4.<\/p>\n<h5><strong><a href=\"https:\/\/steplock.com\/sv\/stolpguide\/#!?lang=sv&amp;blog_id=1&amp;paged=1&amp;number=50\" target=\"_blank\" rel=\"noopener\">STEP Viestiopas\u00a0<\/a><\/strong><\/h5>\n<h5><strong><a href=\"https:\/\/steplock.com\/sv\/projekteringsguide\/#!?lang=sv&amp;blog_id=1&amp;paged=1&amp;number=999\" target=\"_blank\" rel=\"noopener\">STEP-suunnitteluopas<\/a><\/strong><\/h5>","protected":false},"featured_media":147416,"template":"","meta":{"_acf_changed":false},"product_brand":[],"product_cat":[3355],"product_tag":[4197,4201],"class_list":{"0":"post-147420","1":"product","2":"type-product","3":"status-publish","4":"has-post-thumbnail","6":"product_cat-elslutbleck","7":"product_tag-24v","8":"product_tag-omvand","9":"product_shipping_class-tunga-paket","10":"pa_brands-step","11":"tm-no-options","13":"first","14":"instock","15":"sale","16":"taxable","17":"shipping-taxable","18":"purchasable","19":"product-type-simple"},"acf":[],"_links":{"self":[{"href":"https:\/\/secureus.se\/fi\/wp-json\/wp\/v2\/product\/147420","targetHints":{"allow":["GET"]}}],"collection":[{"href":"https:\/\/secureus.se\/fi\/wp-json\/wp\/v2\/product"}],"about":[{"href":"https:\/\/secureus.se\/fi\/wp-json\/wp\/v2\/types\/product"}],"wp:featuredmedia":[{"embeddable":true,"href":"https:\/\/secureus.se\/fi\/wp-json\/wp\/v2\/media\/147416"}],"wp:attachment":[{"href":"https:\/\/secureus.se\/fi\/wp-json\/wp\/v2\/media?parent=147420"}],"wp:term":[{"taxonomy":"product_brand","embeddable":true,"href":"https:\/\/secureus.se\/fi\/wp-json\/wp\/v2\/product_brand?post=147420"},{"taxonomy":"product_cat","embeddable":true,"href":"https:\/\/secureus.se\/fi\/wp-json\/wp\/v2\/product_cat?post=147420"},{"taxonomy":"product_tag","embeddable":true,"href":"https:\/\/secureus.se\/fi\/wp-json\/wp\/v2\/product_tag?post=147420"}],"curies":[{"name":"wp","href":"https:\/\/api.w.org\/{rel}","templated":true}]}}