{"id":147422,"date":"2023-09-26T13:10:07","date_gmt":"2023-09-26T11:10:07","guid":{"rendered":"https:\/\/secureus.se\/elslutbleck-step-98-rattvand-24v\/"},"modified":"2026-03-26T09:45:38","modified_gmt":"2026-03-26T08:45:38","slug":"elslutbleck-step-98-rattvand-24v","status":"publish","type":"product","link":"https:\/\/secureus.se\/fi\/elslutbleck-step-98-rattvand-24v\/","title":{"rendered":"S\u00e4hk\u00f6inen vastalevy STEP 98 Oikealle p\u00e4in 24V"},"content":{"rendered":"<h1>S\u00e4hk\u00f6inen vastalevy STEP 98 Oikealle p\u00e4in 24V<\/h1>\n<p>STEP 98 Preload on kompakti, paloturvallinen s\u00e4hk\u00f6isku, jossa on oikealle k\u00e4\u00e4nt\u00f6toiminto ja sis\u00e4\u00e4nrakennettu muovaustekniikka. Sopii nuppi- tai avainlukkoon, kest\u00e4\u00e4 40 kg nauhapainetta ja on k\u00e4\u00e4nnett\u00e4v\u00e4 oikealle\/vasemmalle ovelle.<\/p>\n<p>STEP 98 Preload Electric Strike on luotettava s\u00e4hk\u00f6isku STEPin Preload-sarjasta - suunniteltu oviymp\u00e4rist\u00f6ihin, joissa toiminta, turvallisuus ja helppo asennus ovat keski\u00f6ss\u00e4.<\/p>\n<p>Oikeak\u00e4tisell\u00e4 toiminnolla (lukittu s\u00e4hk\u00f6katkon sattuessa) se sopii ihanteellisesti nupilla tai avaimella lukittaviin oviin esimerkiksi kerrostaloissa, toimistoissa tai teknisiss\u00e4 tiloissa.<\/p>\n<p class=\"\" data-start=\"843\" data-end=\"1137\">S\u00e4hk\u00f6isku on paloturvallinen E\/EI120:n mukaan ja voidaan STEPin patentoidun nauhapainetekniikan ansiosta avata, vaikka ovi altistuisi jopa 40 kg:n liuskapaineelle.<\/p>\n<p class=\"\" data-start=\"843\" data-end=\"1137\">Se on my\u00f6s peukaloitumaton, siin\u00e4 on sis\u00e4\u00e4nrakennettu suojadiodi ja se on k\u00e4\u00e4nnett\u00e4viss\u00e4 sek\u00e4 oikealle ett\u00e4 vasemmalle ripustetuille oville.<\/p>\n<p class=\"\" data-start=\"1139\" data-end=\"1431\">STEP 98 on yhteensopiva sek\u00e4 yksi- ett\u00e4 kaksoislukkojen kanssa sek\u00e4 h\u00e4t\u00e4poistumislukkojen kanssa, joissa vaaditaan manuaalinen lukitus.<\/p>\n<p class=\"\" data-start=\"1139\" data-end=\"1431\">Se on my\u00f6s mahdollista t\u00e4ydent\u00e4\u00e4 ST4880 pulttiilmaisimella, joka mahdollistaa p\u00e4\u00e4syj\u00e4rjestelm\u00e4n automaattisen lukituksen, kun koukkupultti tai suorapultti on lukittu ulos.<\/p>\n<p class=\"\" data-start=\"1433\" data-end=\"1459\"><strong data-start=\"1433\" data-end=\"1459\">Ominaisuudet ja edut:<\/strong><\/p>\n<ul data-start=\"1460\" data-end=\"1768\">\n<li class=\"\" data-start=\"1460\" data-end=\"1503\">\n<p class=\"\" data-start=\"1462\" data-end=\"1503\">Oikealle suunnattu toiminto - lukittu j\u00e4nnitteett\u00f6m\u00e4\u00e4n tilaan<\/p>\n<\/li>\n<li class=\"\" data-start=\"1504\" data-end=\"1548\">\n<p class=\"\" data-start=\"1506\" data-end=\"1548\">Paloluokka E\/EI120 standardin SS-EN 14846:2008 mukaan<\/p>\n<\/li>\n<li class=\"\" data-start=\"1549\" data-end=\"1582\">\n<p class=\"\" data-start=\"1551\" data-end=\"1582\">Kest\u00e4\u00e4 nauhan paineen 40 kg asti<\/p>\n<\/li>\n<li class=\"\" data-start=\"1583\" data-end=\"1607\">\n<p class=\"\" data-start=\"1585\" data-end=\"1607\">Murtolujuus 900 kg<\/p>\n<\/li>\n<li class=\"\" data-start=\"1608\" data-end=\"1642\">\n<p class=\"\" data-start=\"1610\" data-end=\"1642\">Mukana nakutuksenesto- ja suojadiodi<\/p>\n<\/li>\n<li class=\"\" data-start=\"1643\" data-end=\"1682\">\n<p class=\"\" data-start=\"1645\" data-end=\"1682\">Yhteensopiva koukun ja suorien tankojen kanssa<\/p>\n<\/li>\n<li class=\"\" data-start=\"1683\" data-end=\"1726\">\n<p class=\"\" data-start=\"1685\" data-end=\"1726\">K\u00e4\u00e4nnett\u00e4v\u00e4 \u2013 sopii oikeaan ja vasempaan oveen<\/p>\n<\/li>\n<li class=\"\" data-start=\"1727\" data-end=\"1768\">\n<p class=\"\" data-start=\"1729\" data-end=\"1768\">S\u00e4\u00e4nn\u00f6n ilmaisumahdollisuus (ST4880)<\/p>\n<\/li>\n<\/ul>\n<p class=\"\" data-start=\"1770\" data-end=\"1966\"><strong data-start=\"1770\" data-end=\"1793\">K\u00e4ytt\u00f6alueet:<\/strong><br data-start=\"1793\" data-end=\"1796\" \/>Ihanteellinen sis\u00e4oviin, kulkuoviin, teknisiin tiloihin tai usean perheen sis\u00e4\u00e4nk\u00e4yntiin, joissa vaaditaan turvallisuutta ja k\u00e4ytt\u00f6varmuutta yhdistettyn\u00e4 paloluokkaan ja helppoon asennukseen.<\/p>\n<p class=\"\" data-start=\"1968\" data-end=\"1997\"><strong data-start=\"1968\" data-end=\"1997\">Tekniset tiedot:<\/strong><\/p>\n<ul data-start=\"1998\" data-end=\"2338\">\n<li class=\"\" data-start=\"1998\" data-end=\"2036\">\n<p class=\"\" data-start=\"2000\" data-end=\"2036\">K\u00e4ytt\u00f6j\u00e4nnite: 24 V DC (21,6-27,6 V)<\/p>\n<\/li>\n<li class=\"\" data-start=\"2037\" data-end=\"2081\">\n<p class=\"\" data-start=\"2039\" data-end=\"2081\">Virrankulutus: 110 mA lukitsematon, max 300 mA<\/p>\n<\/li>\n<li class=\"\" data-start=\"2082\" data-end=\"2121\">\n<p class=\"\" data-start=\"2084\" data-end=\"2121\">Oven sarana: Oikea\/vasen (k\u00e4\u00e4nnett\u00e4v\u00e4)<\/p>\n<\/li>\n<li class=\"\" data-start=\"2122\" data-end=\"2153\">\n<p class=\"\" data-start=\"2124\" data-end=\"2153\">Mitat (LxSxK): 25 x 35 x 90 mm<\/p>\n<\/li>\n<li class=\"\" data-start=\"2154\" data-end=\"2179\">\n<p class=\"\" data-start=\"2156\" data-end=\"2179\">Murtolujuus: 900 kg<\/p>\n<\/li>\n<li class=\"\" data-start=\"2180\" data-end=\"2198\">\n<p class=\"\" data-start=\"2182\" data-end=\"2198\">Listan paine: 40 kg<\/p>\n<\/li>\n<li class=\"\" data-start=\"2199\" data-end=\"2217\">\n<p class=\"\" data-start=\"2201\" data-end=\"2217\">M\u00e4nn\u00e4n kosketin: Ei<\/p>\n<\/li>\n<li class=\"\" data-start=\"2218\" data-end=\"2235\">\n<p class=\"\" data-start=\"2220\" data-end=\"2235\">Kaapeli: Ei mukana<\/p>\n<\/li>\n<li class=\"\" data-start=\"2236\" data-end=\"2269\">\n<p class=\"\" data-start=\"2238\" data-end=\"2269\">Lukon tyyppi: Yksi- ja kaksinkertainen lukko<\/p>\n<\/li>\n<li class=\"\" data-start=\"2270\" data-end=\"2298\">\n<p class=\"\" data-start=\"2272\" data-end=\"2298\">V\u00e4ri\/viimeistely: ruostumaton ter\u00e4s<\/p>\n<\/li>\n<li class=\"\" data-start=\"2299\" data-end=\"2338\">\n<p class=\"\" data-start=\"2301\" data-end=\"2338\">Arvioinnit: SundaHus, Rakennusmateriaalien arviointi<\/p>\n<\/li>\n<\/ul>","protected":false},"excerpt":{"rendered":"<p>T\u00e4\u00e4lt\u00e4 n\u00e4et, mitk\u00e4 pylv\u00e4\u00e4t ja mallit sopivat yhteen STEP-sarjan s\u00e4hk\u00f6isist\u00e4 oven pys\u00e4yttimist\u00e4.<\/p>\n<h5><strong><a href=\"https:\/\/steplock.com\/sv\/stolpguide\/#!?lang=sv&amp;blog_id=1&amp;paged=1&amp;number=50\" target=\"_blank\" rel=\"noopener\">STEP Viestiopas\u00a0<\/a><\/strong><\/h5>\n<h5><strong><a href=\"https:\/\/steplock.com\/sv\/projekteringsguide\/#!?lang=sv&amp;blog_id=1&amp;paged=1&amp;number=999\" target=\"_blank\" rel=\"noopener\">STEP-suunnitteluopas<\/a><\/strong><\/h5>","protected":false},"featured_media":147421,"template":"","meta":{"_acf_changed":false},"product_brand":[],"product_cat":[3355],"product_tag":[4197,4200],"class_list":{"0":"post-147422","1":"product","2":"type-product","3":"status-publish","4":"has-post-thumbnail","6":"product_cat-elslutbleck","7":"product_tag-24v","8":"product_tag-rattvand","9":"product_shipping_class-tunga-paket","10":"pa_brands-step","11":"tm-no-options","13":"first","14":"instock","15":"sale","16":"taxable","17":"shipping-taxable","18":"purchasable","19":"product-type-simple"},"acf":[],"_links":{"self":[{"href":"https:\/\/secureus.se\/fi\/wp-json\/wp\/v2\/product\/147422","targetHints":{"allow":["GET"]}}],"collection":[{"href":"https:\/\/secureus.se\/fi\/wp-json\/wp\/v2\/product"}],"about":[{"href":"https:\/\/secureus.se\/fi\/wp-json\/wp\/v2\/types\/product"}],"wp:featuredmedia":[{"embeddable":true,"href":"https:\/\/secureus.se\/fi\/wp-json\/wp\/v2\/media\/147421"}],"wp:attachment":[{"href":"https:\/\/secureus.se\/fi\/wp-json\/wp\/v2\/media?parent=147422"}],"wp:term":[{"taxonomy":"product_brand","embeddable":true,"href":"https:\/\/secureus.se\/fi\/wp-json\/wp\/v2\/product_brand?post=147422"},{"taxonomy":"product_cat","embeddable":true,"href":"https:\/\/secureus.se\/fi\/wp-json\/wp\/v2\/product_cat?post=147422"},{"taxonomy":"product_tag","embeddable":true,"href":"https:\/\/secureus.se\/fi\/wp-json\/wp\/v2\/product_tag?post=147422"}],"curies":[{"name":"wp","href":"https:\/\/api.w.org\/{rel}","templated":true}]}}