{"id":147425,"date":"2023-09-26T13:08:28","date_gmt":"2023-09-26T11:08:28","guid":{"rendered":"https:\/\/secureus.se\/elslutbleck-step-18-vanster-rattvand-24v-12mm-regel\/"},"modified":"2026-04-08T16:04:01","modified_gmt":"2026-04-08T14:04:01","slug":"elslutbleck-step-18-vanster-rattvand-24v-12mm-regel","status":"publish","type":"product","link":"https:\/\/secureus.se\/fi\/elslutbleck-step-18-vanster-rattvand-24v-12mm-regel\/","title":{"rendered":"S\u00e4hk\u00f6inen vastalevy STEP 18 Vasen Oikea 24V 12mm Viivain"},"content":{"rendered":"<h1>S\u00e4hk\u00f6inen vastalevy STEP 18 Vasen Oikea 24V 12mm Viivain<\/h1>\n<p>VAIHE 18 Secure on korkean turvatason s\u00e4hk\u00f6isku oikeak\u00e4tisell\u00e4 toiminnolla vasemmalle ripustetuille oville. Mukautettu Modul-sarjan 12 mm m\u00e4nnille. Paloluokitus E\/EI60, m\u00e4nt\u00e4liittimell\u00e4 ja 5 metrin kaapelilla.<\/p>\n<p>STEP 18 Secure Electric Strike on tehokas s\u00e4hk\u00f6isku STEPin Secure-sarjassa \u2013 kehitetty erityisesti oviymp\u00e4rist\u00f6ihin, joissa turvallisuus, luotettavuus ja nopeat avaukset ovat t\u00e4rkeit\u00e4.<\/p>\n<p>T\u00e4m\u00e4 malli on sovitettu Modul-sarjan 12 mm:n m\u00e4nn\u00e4ll\u00e4 varustettuihin pulttilukoihin ja asennetaan vasemmalle ripustettuihin oviin.<\/p>\n<p class=\"\" data-start=\"817\" data-end=\"1104\">Oikeak\u00e4tisell\u00e4 toiminnolla s\u00e4hk\u00f6isku lukittuu j\u00e4nnitteett\u00f6m\u00e4\u00e4n asentoon, mik\u00e4 sopii turvaluokiteltuihin oviin, joissa luvaton l\u00e4pikulku on estett\u00e4v\u00e4 s\u00e4hk\u00f6katkon sattuessa.<\/p>\n<p class=\"\" data-start=\"817\" data-end=\"1104\">Tuote on paloluokitettu E\/EI60 asti ja hyv\u00e4ksytty RC4-luokiteltuihin turvaoviin nykyisten standardien mukaan.<\/p>\n<p class=\"\" data-start=\"1106\" data-end=\"1496\">M\u00e4nn\u00e4n koskettimen ja salpakoskettimen ansiosta oven tilan t\u00e4ysi valvonta (auki\/kiinni, lukittu\/auki) on mahdollista, mik\u00e4 tekee s\u00e4hk\u00f6iskusta t\u00e4ydellisen integroitavaksi kulunvalvontaj\u00e4rjestelmiin ja h\u00e4lytysratkaisuihin.<\/p>\n<p class=\"\" data-start=\"1106\" data-end=\"1496\">STEP 18:n murtolujuus on 15 kN (1500 kg) ja kyky avautua jopa 5 kN (500 kg) nauhapaineesta huolimatta, joten se on rakennettu intensiiviseen k\u00e4ytt\u00f6\u00f6n suuritehoisissa ymp\u00e4rist\u00f6iss\u00e4.<\/p>\n<p class=\"\" data-start=\"1498\" data-end=\"1681\">Tuote toimitetaan t\u00e4ydellisen\u00e4 5 metrin halogeenittoman liit\u00e4nt\u00e4kaapelin kanssa, siin\u00e4 on sis\u00e4\u00e4nrakennettu suojadiodi, se on iskunkest\u00e4v\u00e4 ja optimoitu k\u00e4sittelem\u00e4\u00e4n sek\u00e4 eteen- ett\u00e4 taaksep\u00e4in -toimintoa.<\/p>\n<p class=\"\" data-start=\"1683\" data-end=\"1709\"><strong data-start=\"1683\" data-end=\"1709\">Ominaisuudet ja edut:<\/strong><\/p>\n<ul data-start=\"1710\" data-end=\"2033\">\n<li class=\"\" data-start=\"1710\" data-end=\"1747\">\n<p class=\"\" data-start=\"1712\" data-end=\"1747\">Oikealle suunnattu toiminto - lukittu ilman virtaa<\/p>\n<\/li>\n<li class=\"\" data-start=\"1748\" data-end=\"1787\">\n<p class=\"\" data-start=\"1750\" data-end=\"1787\">Mukautettu Modul-sarjaan, 12 mm m\u00e4nt\u00e4<\/p>\n<\/li>\n<li class=\"\" data-start=\"1788\" data-end=\"1814\">\n<p class=\"\" data-start=\"1790\" data-end=\"1814\">Vasen saranoiduille oville<\/p>\n<\/li>\n<li class=\"\" data-start=\"1815\" data-end=\"1852\">\n<p class=\"\" data-start=\"1817\" data-end=\"1852\">Paloluokitus E\/EI60 ja RC4 hyv\u00e4ksytty<\/p>\n<\/li>\n<li class=\"\" data-start=\"1853\" data-end=\"1899\">\n<p class=\"\" data-start=\"1855\" data-end=\"1899\">M\u00e4nt\u00e4 ja pid\u00e4tinkosketin tilan valvontaa varten<\/p>\n<\/li>\n<li class=\"\" data-start=\"1900\" data-end=\"1923\">\n<p class=\"\" data-start=\"1902\" data-end=\"1923\">Murtolujuus 15 kN<\/p>\n<\/li>\n<li class=\"\" data-start=\"1924\" data-end=\"1958\">\n<p class=\"\" data-start=\"1926\" data-end=\"1958\">Kest\u00e4\u00e4 puristuspainetta 500 kg asti<\/p>\n<\/li>\n<li class=\"\" data-start=\"1959\" data-end=\"1992\">\n<p class=\"\" data-start=\"1961\" data-end=\"1992\">Nakutuksenesto, sis\u00e4\u00e4nrakennettu suojadiodi<\/p>\n<\/li>\n<li class=\"\" data-start=\"1993\" data-end=\"2033\">\n<p class=\"\" data-start=\"1995\" data-end=\"2033\">Mukana 5 metrin halogeeniton kaapeli<\/p>\n<\/li>\n<\/ul>\n<p class=\"\" data-start=\"2035\" data-end=\"2188\"><strong data-start=\"2035\" data-end=\"2058\">K\u00e4ytt\u00f6alueet:<\/strong><br data-start=\"2058\" data-end=\"2061\" \/>Soveltuu turvaoviin, vankiloihin, pankkeihin ja muihin eritt\u00e4in turvallisiin ymp\u00e4rist\u00f6ihin, joissa vaaditaan s\u00e4hk\u00f6lukitusta korkealla toimintavarmuudella.<\/p>\n<p class=\"\" data-start=\"2190\" data-end=\"2219\"><strong data-start=\"2190\" data-end=\"2219\">Tekniset tiedot:<\/strong><\/p>\n<ul data-start=\"2220\" data-end=\"2566\">\n<li class=\"\" data-start=\"2220\" data-end=\"2258\">\n<p class=\"\" data-start=\"2222\" data-end=\"2258\">K\u00e4ytt\u00f6j\u00e4nnite: 24 V DC (21,6-27,6 V)<\/p>\n<\/li>\n<li class=\"\" data-start=\"2259\" data-end=\"2291\">\n<p class=\"\" data-start=\"2261\" data-end=\"2291\">Virrankulutus: 313 mA lukitsematon<\/p>\n<\/li>\n<li class=\"\" data-start=\"2292\" data-end=\"2315\">\n<p class=\"\" data-start=\"2294\" data-end=\"2315\">Oven sarana: Vasen<\/p>\n<\/li>\n<li class=\"\" data-start=\"2316\" data-end=\"2337\">\n<p class=\"\" data-start=\"2318\" data-end=\"2337\">Kaapelin pituus: 5 metri\u00e4<\/p>\n<\/li>\n<li class=\"\" data-start=\"2338\" data-end=\"2364\">\n<p class=\"\" data-start=\"2340\" data-end=\"2364\">Murtolujuus: 1500 kg<\/p>\n<\/li>\n<li class=\"\" data-start=\"2365\" data-end=\"2384\">\n<p class=\"\" data-start=\"2367\" data-end=\"2384\">Listan paine: 500 kg<\/p>\n<\/li>\n<li class=\"\" data-start=\"2385\" data-end=\"2417\">\n<p class=\"\" data-start=\"2387\" data-end=\"2417\">Mitat (LxSxK): 35 x 40 x 230 mm<\/p>\n<\/li>\n<li class=\"\" data-start=\"2418\" data-end=\"2449\">\n<p class=\"\" data-start=\"2420\" data-end=\"2449\">Lukon tyyppi: Koukkusalvan lukko, Salpalukko<\/p>\n<\/li>\n<li class=\"\" data-start=\"2450\" data-end=\"2497\">\n<p class=\"\" data-start=\"2452\" data-end=\"2497\">M\u00e4nn\u00e4n kosketin: Mikrokytkin, max. 30V DC \/ 1A<\/p>\n<\/li>\n<li class=\"\" data-start=\"2498\" data-end=\"2526\">\n<p class=\"\" data-start=\"2500\" data-end=\"2526\">V\u00e4ri\/viimeistely: ruostumaton ter\u00e4s<\/p>\n<\/li>\n<li class=\"\" data-start=\"2527\" data-end=\"2566\">\n<p class=\"\" data-start=\"2529\" data-end=\"2566\">Arvioinnit: SundaHus, Rakennusmateriaalien arviointi<\/p>\n<\/li>\n<\/ul>","protected":false},"excerpt":{"rendered":"<p>T\u00e4\u00e4lt\u00e4 n\u00e4et, mitk\u00e4 pylv\u00e4\u00e4t ja mallit sopivat yhteen STEP-sarjan s\u00e4hk\u00f6isist\u00e4 oven pys\u00e4yttimist\u00e4.<\/p>\n<h5><strong><a href=\"https:\/\/steplock.com\/sv\/stolpguide\/#!?lang=sv&amp;blog_id=1&amp;paged=1&amp;number=50\" target=\"_blank\" rel=\"noopener\">STEP Viestiopas\u00a0<\/a><\/strong><\/h5>\n<h5><strong><a href=\"https:\/\/steplock.com\/sv\/projekteringsguide\/#!?lang=sv&amp;blog_id=1&amp;paged=1&amp;number=999\" target=\"_blank\" rel=\"noopener\">STEP-suunnitteluopas<\/a><\/strong><\/h5>","protected":false},"featured_media":147423,"template":"","meta":{"_acf_changed":false},"product_brand":[],"product_cat":[3355],"product_tag":[4197,4200],"class_list":{"0":"post-147425","1":"product","2":"type-product","3":"status-publish","4":"has-post-thumbnail","6":"product_cat-elslutbleck","7":"product_tag-24v","8":"product_tag-rattvand","9":"product_shipping_class-tunga-paket","10":"pa_brands-step","11":"tm-no-options","13":"first","14":"onbackorder","15":"sale","16":"taxable","17":"shipping-taxable","18":"purchasable","19":"product-type-simple"},"acf":[],"_links":{"self":[{"href":"https:\/\/secureus.se\/fi\/wp-json\/wp\/v2\/product\/147425","targetHints":{"allow":["GET"]}}],"collection":[{"href":"https:\/\/secureus.se\/fi\/wp-json\/wp\/v2\/product"}],"about":[{"href":"https:\/\/secureus.se\/fi\/wp-json\/wp\/v2\/types\/product"}],"wp:featuredmedia":[{"embeddable":true,"href":"https:\/\/secureus.se\/fi\/wp-json\/wp\/v2\/media\/147423"}],"wp:attachment":[{"href":"https:\/\/secureus.se\/fi\/wp-json\/wp\/v2\/media?parent=147425"}],"wp:term":[{"taxonomy":"product_brand","embeddable":true,"href":"https:\/\/secureus.se\/fi\/wp-json\/wp\/v2\/product_brand?post=147425"},{"taxonomy":"product_cat","embeddable":true,"href":"https:\/\/secureus.se\/fi\/wp-json\/wp\/v2\/product_cat?post=147425"},{"taxonomy":"product_tag","embeddable":true,"href":"https:\/\/secureus.se\/fi\/wp-json\/wp\/v2\/product_tag?post=147425"}],"curies":[{"name":"wp","href":"https:\/\/api.w.org\/{rel}","templated":true}]}}