{"id":147427,"date":"2023-09-26T13:08:27","date_gmt":"2023-09-26T11:08:27","guid":{"rendered":"https:\/\/secureus.se\/elslutbleck-step-60-omvand-12v-kolvkontakt-5m-kabel\/"},"modified":"2026-03-26T09:45:35","modified_gmt":"2026-03-26T08:45:35","slug":"elslutbleck-step-60-omvand-12v-kolvkontakt-5m-kabel","status":"publish","type":"product","link":"https:\/\/secureus.se\/fi\/elslutbleck-step-60-omvand-12v-kolvkontakt-5m-kabel\/","title":{"rendered":"S\u00e4hk\u00f6isku STEP 60 K\u00e4\u00e4nteinen 12V M\u00e4nn\u00e4nkosketin 5 m Kaapeli"},"content":{"rendered":"<h1>S\u00e4hk\u00f6isku STEP 60 K\u00e4\u00e4nteinen 12V M\u00e4nn\u00e4nkosketin 5 m Kaapeli<\/h1>\n<p>STEP 60 Silent on hiljainen ja kest\u00e4v\u00e4 s\u00e4hk\u00f6isku, jossa on peruutustoiminto, m\u00e4nt\u00e4kosketin ja 5 metrin kaapeli. Soveltuu oviin, joita k\u00e4ytet\u00e4\u00e4n usein ja joissa vaaditaan alhaista melutasoa ja korkeaa turvallisuutta. 12V toiminta ja paloluokka E\/EI120.<\/p>\n<p>STEP 60 Silent -s\u00e4hk\u00f6isku STEPin tunnetusta Silent-sarjasta tarjoaa ainutlaatuisen yhdistelm\u00e4n l\u00e4hes \u00e4\u00e4nett\u00f6m\u00e4st\u00e4 toiminnasta ja tukevasta rakenteesta.<\/p>\n<p>T\u00e4m\u00e4 tekee t\u00e4st\u00e4 s\u00e4hk\u00f6iskusta erityisen sopivan ymp\u00e4rist\u00f6ihin, joissa on korkeat mukavuus- ja turvallisuusvaatimukset, kuten sairaaloihin, kouluihin, toimistoihin ja kerrostalojen sis\u00e4\u00e4nk\u00e4yntiin.<\/p>\n<p class=\"\" data-start=\"866\" data-end=\"1249\">K\u00e4\u00e4nteistoiminnolla \u2013 lukitsemattomana s\u00e4hk\u00f6katkon sattuessa \u2013 STEP 60 on ihanteellinen poistumisreiteille ja kulkuoville, joihin p\u00e4\u00e4sy on aina varmistettava.<\/p>\n<p class=\"\" data-start=\"866\" data-end=\"1249\">S\u00e4hk\u00f6iskulevy on paloluokitus E\/EI120 asti standardin SS-EN 14846:2008 mukaisesti ja testattu kest\u00e4m\u00e4\u00e4n 100 kg:n nauhapainetta. Sen murtolujuus on 16 kN (1600 kg), joten se t\u00e4ytt\u00e4\u00e4 korkeat tunkeutumissuojausvaatimukset.<\/p>\n<p class=\"\" data-start=\"1251\" data-end=\"1569\">Sis\u00e4\u00e4nrakennettu m\u00e4nt\u00e4kosketin ilmoittaa oven tilasta (auki\/kiinni), ja yhdess\u00e4 lukituskoskettimen kanssa s\u00e4hk\u00f6isku voidaan liitt\u00e4\u00e4 h\u00e4lytin- tai kulunvalvontaj\u00e4rjestelm\u00e4\u00e4n.<\/p>\n<p class=\"\" data-start=\"1251\" data-end=\"1569\">Se on my\u00f6s peukaloitumaton, siin\u00e4 on sis\u00e4\u00e4nrakennettu suojadiodi ja mukana tulee 5 metrin halogeenivapaa kaapeli helppoa ja joustavaa asennusta varten.<\/p>\n<p class=\"\" data-start=\"1571\" data-end=\"1597\"><strong data-start=\"1571\" data-end=\"1597\">Ominaisuudet ja edut:<\/strong><\/p>\n<ul data-start=\"1598\" data-end=\"1952\">\n<li class=\"\" data-start=\"1598\" data-end=\"1640\">\n<p class=\"\" data-start=\"1600\" data-end=\"1640\">Peruutustoiminto \u2013 avattu j\u00e4nnitteett\u00f6m\u00e4ss\u00e4 asennossa<\/p>\n<\/li>\n<li class=\"\" data-start=\"1641\" data-end=\"1689\">\n<p class=\"\" data-start=\"1643\" data-end=\"1689\">Hiljainen tekniikka \u2013 eritt\u00e4in hiljainen avaaminen\/sulkeminen<\/p>\n<\/li>\n<li class=\"\" data-start=\"1690\" data-end=\"1712\">\n<p class=\"\" data-start=\"1692\" data-end=\"1712\">Paloluokitus E\/EI120<\/p>\n<\/li>\n<li class=\"\" data-start=\"1713\" data-end=\"1743\">\n<p class=\"\" data-start=\"1715\" data-end=\"1743\">M\u00e4nn\u00e4n kosketin ja salpakosketin<\/p>\n<\/li>\n<li class=\"\" data-start=\"1744\" data-end=\"1777\">\n<p class=\"\" data-start=\"1746\" data-end=\"1777\">Murtolujuus 16 kN (1600 kg)<\/p>\n<\/li>\n<li class=\"\" data-start=\"1778\" data-end=\"1812\">\n<p class=\"\" data-start=\"1780\" data-end=\"1812\">Kest\u00e4\u00e4 puristuspainetta 100 kg asti<\/p>\n<\/li>\n<li class=\"\" data-start=\"1813\" data-end=\"1836\">\n<p class=\"\" data-start=\"1815\" data-end=\"1836\">K\u00e4ytt\u00f6j\u00e4nnite: 12V DC<\/p>\n<\/li>\n<li class=\"\" data-start=\"1837\" data-end=\"1865\">\n<p class=\"\" data-start=\"1839\" data-end=\"1865\">Iskunkest\u00e4v\u00e4 suojadiodilla<\/p>\n<\/li>\n<li class=\"\" data-start=\"1866\" data-end=\"1906\">\n<p class=\"\" data-start=\"1868\" data-end=\"1906\">Mukana 5 metrin halogeeniton kaapeli<\/p>\n<\/li>\n<li class=\"\" data-start=\"1907\" data-end=\"1952\">\n<p class=\"\" data-start=\"1909\" data-end=\"1952\">Sopii sek\u00e4 oikealle ett\u00e4 vasemmalle ripustetuille oville<\/p>\n<\/li>\n<\/ul>\n<p class=\"\" data-start=\"1954\" data-end=\"2140\"><strong data-start=\"1954\" data-end=\"1977\">K\u00e4ytt\u00f6alueet:<\/strong><br data-start=\"1977\" data-end=\"1980\" \/>Soveltuu t\u00e4ydellisesti sis\u00e4tiloihin, joissa alhainen melutaso, luotettavuus ja turvallisuus ovat t\u00e4rkeit\u00e4 \u2013 mm. sis\u00e4\u00e4nk\u00e4ynnit, julkiset rakennukset, terveydenhuoltolaitokset ja toimistot.<\/p>\n<p class=\"\" data-start=\"2142\" data-end=\"2171\"><strong data-start=\"2142\" data-end=\"2171\">Tekniset tiedot:<\/strong><\/p>\n<ul data-start=\"2172\" data-end=\"2550\">\n<li class=\"\" data-start=\"2172\" data-end=\"2210\">\n<p class=\"\" data-start=\"2174\" data-end=\"2210\">K\u00e4ytt\u00f6j\u00e4nnite: 12 V DC (10,8-13,8 V)<\/p>\n<\/li>\n<li class=\"\" data-start=\"2211\" data-end=\"2255\">\n<p class=\"\" data-start=\"2213\" data-end=\"2255\">Virrankulutus: 242 mA lukitsematon, max 500 mA<\/p>\n<\/li>\n<li class=\"\" data-start=\"2256\" data-end=\"2295\">\n<p class=\"\" data-start=\"2258\" data-end=\"2295\">Oven sarana: Oikea\/vasen (k\u00e4\u00e4nnett\u00e4v\u00e4)<\/p>\n<\/li>\n<li class=\"\" data-start=\"2296\" data-end=\"2317\">\n<p class=\"\" data-start=\"2298\" data-end=\"2317\">Kaapelin pituus: 5 metri\u00e4<\/p>\n<\/li>\n<li class=\"\" data-start=\"2318\" data-end=\"2344\">\n<p class=\"\" data-start=\"2320\" data-end=\"2344\">Murtolujuus: 1600 kg<\/p>\n<\/li>\n<li class=\"\" data-start=\"2345\" data-end=\"2364\">\n<p class=\"\" data-start=\"2347\" data-end=\"2364\">Nauhan paine: 100 kg<\/p>\n<\/li>\n<li class=\"\" data-start=\"2365\" data-end=\"2399\">\n<p class=\"\" data-start=\"2367\" data-end=\"2399\">Mitat (LxSxK): 28 x 34 x 149,5 mm<\/p>\n<\/li>\n<li class=\"\" data-start=\"2400\" data-end=\"2433\">\n<p class=\"\" data-start=\"2402\" data-end=\"2433\">Lukon tyyppi: Yksi- ja kaksinkertainen lukko<\/p>\n<\/li>\n<li class=\"\" data-start=\"2434\" data-end=\"2481\">\n<p class=\"\" data-start=\"2436\" data-end=\"2481\">M\u00e4nn\u00e4n kosketin: Mikrokytkin, max. 30V DC \/ 1A<\/p>\n<\/li>\n<li class=\"\" data-start=\"2482\" data-end=\"2510\">\n<p class=\"\" data-start=\"2484\" data-end=\"2510\">V\u00e4ri\/viimeistely: ruostumaton ter\u00e4s<\/p>\n<\/li>\n<li class=\"\" data-start=\"2511\" data-end=\"2550\">\n<p class=\"\" data-start=\"2513\" data-end=\"2550\">Arvioinnit: SundaHus, Rakennusmateriaalien arviointi<\/p>\n<\/li>\n<\/ul>","protected":false},"excerpt":{"rendered":"<p>T\u00e4\u00e4lt\u00e4 n\u00e4et, mitk\u00e4 pylv\u00e4\u00e4t ja mallit sopivat yhteen STEP-sarjan s\u00e4hk\u00f6isist\u00e4 oven pys\u00e4yttimist\u00e4.<\/p>\n<h5><strong><a href=\"https:\/\/steplock.com\/sv\/stolpguide\/#!?lang=sv&amp;blog_id=1&amp;paged=1&amp;number=50\" target=\"_blank\" rel=\"noopener\">STEP Viestiopas\u00a0<\/a><\/strong><\/h5>\n<h5><strong><a href=\"https:\/\/steplock.com\/sv\/projekteringsguide\/#!?lang=sv&amp;blog_id=1&amp;paged=1&amp;number=999\" target=\"_blank\" rel=\"noopener\">STEP-suunnitteluopas<\/a><\/strong><\/h5>","protected":false},"featured_media":147426,"template":"","meta":{"_acf_changed":false},"product_brand":[],"product_cat":[3355],"product_tag":[4198,4201],"class_list":{"0":"post-147427","1":"product","2":"type-product","3":"status-publish","4":"has-post-thumbnail","6":"product_cat-elslutbleck","7":"product_tag-12v","8":"product_tag-omvand","9":"product_shipping_class-tunga-paket","10":"pa_brands-step","11":"tm-no-options","13":"first","14":"instock","15":"sale","16":"taxable","17":"shipping-taxable","18":"purchasable","19":"product-type-simple"},"acf":[],"_links":{"self":[{"href":"https:\/\/secureus.se\/fi\/wp-json\/wp\/v2\/product\/147427","targetHints":{"allow":["GET"]}}],"collection":[{"href":"https:\/\/secureus.se\/fi\/wp-json\/wp\/v2\/product"}],"about":[{"href":"https:\/\/secureus.se\/fi\/wp-json\/wp\/v2\/types\/product"}],"wp:featuredmedia":[{"embeddable":true,"href":"https:\/\/secureus.se\/fi\/wp-json\/wp\/v2\/media\/147426"}],"wp:attachment":[{"href":"https:\/\/secureus.se\/fi\/wp-json\/wp\/v2\/media?parent=147427"}],"wp:term":[{"taxonomy":"product_brand","embeddable":true,"href":"https:\/\/secureus.se\/fi\/wp-json\/wp\/v2\/product_brand?post=147427"},{"taxonomy":"product_cat","embeddable":true,"href":"https:\/\/secureus.se\/fi\/wp-json\/wp\/v2\/product_cat?post=147427"},{"taxonomy":"product_tag","embeddable":true,"href":"https:\/\/secureus.se\/fi\/wp-json\/wp\/v2\/product_tag?post=147427"}],"curies":[{"name":"wp","href":"https:\/\/api.w.org\/{rel}","templated":true}]}}