{"id":147432,"date":"2023-09-26T13:08:23","date_gmt":"2023-09-26T11:08:23","guid":{"rendered":"https:\/\/secureus.se\/elslutbleck-step-28e-vanster-omvand-24v-9mm-regel\/"},"modified":"2026-04-08T16:17:43","modified_gmt":"2026-04-08T14:17:43","slug":"elslutbleck-step-28e-vanster-omvand-24v-9mm-regel","status":"publish","type":"product","link":"https:\/\/secureus.se\/fi\/elslutbleck-step-28e-vanster-omvand-24v-9mm-regel\/","title":{"rendered":"S\u00e4hk\u00f6isku STEP 28E Vasen K\u00e4\u00e4nteinen 24V 9mm s\u00e4\u00e4nt\u00f6"},"content":{"rendered":"<h1>S\u00e4hk\u00f6isku STEP 28E Vasen K\u00e4\u00e4nteinen 24V 9mm s\u00e4\u00e4nt\u00f6<\/h1>\n<p>STEP 28E Secure on kest\u00e4v\u00e4 s\u00e4hk\u00f6isku, jossa on peruutustoiminto vasemmalle ripustetuille oville. Mukautettu 9 mm Connect-palkkiin, paloluokka E\/EI60 ja korkea murtolujuus. Mukana m\u00e4nt\u00e4liitin ja 5 m kaapeli.<\/p>\n<p>STEP 28E Secure Electric Strike kuuluu STEPin Secure-sarjaan ja yhdist\u00e4\u00e4 korkean turvallisuuden sek\u00e4 palovaatimusten ett\u00e4 evakuointiratkaisujen tuen.<\/p>\n<p>T\u00e4m\u00e4 malli on kehitetty vasemmalle ripustetuille oville ja sit\u00e4 k\u00e4ytet\u00e4\u00e4n yhdess\u00e4 Connect-sarjan pulttilukkojen kanssa, joissa on 9 mm m\u00e4nt\u00e4.<\/p>\n<p class=\"\" data-start=\"795\" data-end=\"1096\">K\u00e4\u00e4nteistoiminnolla \u2013 lukitsemattomana s\u00e4hk\u00f6katkon sattuessa \u2013 STEP 28E soveltuu poistumisreittien oviin tai oviin, joihin p\u00e4\u00e4sy on varmistettava s\u00e4hk\u00f6katkon sattuessa.<\/p>\n<p class=\"\" data-start=\"795\" data-end=\"1096\">Tuote on paloluokitus E\/EI60 asti ja t\u00e4ytt\u00e4\u00e4 standardin SS-EN 179 vaatimukset, kun se asennetaan yhdess\u00e4 hyv\u00e4ksyttyjen h\u00e4t\u00e4poistumislukkojen kanssa.<\/p>\n<p class=\"\" data-start=\"1098\" data-end=\"1421\">S\u00e4hk\u00f6isku on varustettu m\u00e4nt\u00e4koskettimella ja salpakoskettimella oven tilan valvontaa varten, mik\u00e4 mahdollistaa integroinnin h\u00e4lytys- ja kulunvalvontaj\u00e4rjestelmiin.<\/p>\n<p class=\"\" data-start=\"1098\" data-end=\"1421\">STEP 28E:n murtolujuus on yli 15 kN (noin 1500 kg) ja kyky avautua 500 kg:n nauhapaineesta huolimatta. Se on suunniteltu eritt\u00e4in turvallisiin ymp\u00e4rist\u00f6ihin, joissa on usein kulkua.<\/p>\n<p class=\"\" data-start=\"1423\" data-end=\"1557\">Tuote on peukaloinninkest\u00e4v\u00e4, siin\u00e4 on sis\u00e4\u00e4nrakennettu suojadiodi, kaksinkertainen kierretty pudotustoiminto ja mukana toimitetaan 5 metrin halogeenivapaa kaapeli.<\/p>\n<p class=\"\" data-start=\"1559\" data-end=\"1585\"><strong data-start=\"1559\" data-end=\"1585\">Ominaisuudet ja edut:<\/strong><\/p>\n<ul data-start=\"1586\" data-end=\"1896\">\n<li class=\"\" data-start=\"1586\" data-end=\"1622\">\n<p class=\"\" data-start=\"1588\" data-end=\"1622\">Peruutustoiminto \u2013 avattu ilman virtaa<\/p>\n<\/li>\n<li class=\"\" data-start=\"1623\" data-end=\"1656\">\n<p class=\"\" data-start=\"1625\" data-end=\"1656\">Mukautettu 9 mm:n liitospulttiin<\/p>\n<\/li>\n<li class=\"\" data-start=\"1657\" data-end=\"1683\">\n<p class=\"\" data-start=\"1659\" data-end=\"1683\">Vasen saranoiduille oville<\/p>\n<\/li>\n<li class=\"\" data-start=\"1684\" data-end=\"1714\">\n<p class=\"\" data-start=\"1686\" data-end=\"1714\">Paloluokitus E\/EI60 asti<\/p>\n<\/li>\n<li class=\"\" data-start=\"1715\" data-end=\"1761\">\n<p class=\"\" data-start=\"1717\" data-end=\"1761\">M\u00e4nt\u00e4 ja pid\u00e4tinkosketin tilan valvontaa varten<\/p>\n<\/li>\n<li class=\"\" data-start=\"1762\" data-end=\"1797\">\n<p class=\"\" data-start=\"1764\" data-end=\"1797\">Murtolujuus: &gt;15 kN (1500 kg)<\/p>\n<\/li>\n<li class=\"\" data-start=\"1798\" data-end=\"1832\">\n<p class=\"\" data-start=\"1800\" data-end=\"1832\">Kest\u00e4\u00e4 puristuspainetta 500 kg asti<\/p>\n<\/li>\n<li class=\"\" data-start=\"1833\" data-end=\"1867\">\n<p class=\"\" data-start=\"1835\" data-end=\"1867\">Kaksinkertainen kierrelukko ja iskunesto<\/p>\n<\/li>\n<li class=\"\" data-start=\"1868\" data-end=\"1896\">\n<p class=\"\" data-start=\"1870\" data-end=\"1896\">Mukana 5 m halogeeniton kaapeli<\/p>\n<\/li>\n<\/ul>\n<p class=\"\" data-start=\"1898\" data-end=\"2097\"><strong data-start=\"1898\" data-end=\"1921\">K\u00e4ytt\u00f6alueet:<\/strong><br data-start=\"1921\" data-end=\"1924\" \/>Soveltuu turvaoviin julkisissa ymp\u00e4rist\u00f6iss\u00e4, joissa vaaditaan sek\u00e4 korkeaa tunkeutumiskest\u00e4vyytt\u00e4, evakuointitoimintoa ett\u00e4 palonkest\u00e4vyytt\u00e4 \u2013 esimerkiksi viranomaisille, kouluille ja terveydenhuoltoymp\u00e4rist\u00f6ille.<\/p>\n<p class=\"\" data-start=\"2099\" data-end=\"2128\"><strong data-start=\"2099\" data-end=\"2128\">Tekniset tiedot:<\/strong><\/p>\n<ul data-start=\"2129\" data-end=\"2476\">\n<li class=\"\" data-start=\"2129\" data-end=\"2167\">\n<p class=\"\" data-start=\"2131\" data-end=\"2167\">K\u00e4ytt\u00f6j\u00e4nnite: 24 V DC (21,6-27,6 V)<\/p>\n<\/li>\n<li class=\"\" data-start=\"2168\" data-end=\"2200\">\n<p class=\"\" data-start=\"2170\" data-end=\"2200\">Virrankulutus: 500 mA lukitsematon<\/p>\n<\/li>\n<li class=\"\" data-start=\"2201\" data-end=\"2224\">\n<p class=\"\" data-start=\"2203\" data-end=\"2224\">Oven sarana: Vasen<\/p>\n<\/li>\n<li class=\"\" data-start=\"2225\" data-end=\"2246\">\n<p class=\"\" data-start=\"2227\" data-end=\"2246\">Kaapelin pituus: 5 metri\u00e4<\/p>\n<\/li>\n<li class=\"\" data-start=\"2247\" data-end=\"2274\">\n<p class=\"\" data-start=\"2249\" data-end=\"2274\">Murtolujuus: &gt;1500 kg<\/p>\n<\/li>\n<li class=\"\" data-start=\"2275\" data-end=\"2294\">\n<p class=\"\" data-start=\"2277\" data-end=\"2294\">Listan paine: 500 kg<\/p>\n<\/li>\n<li class=\"\" data-start=\"2295\" data-end=\"2327\">\n<p class=\"\" data-start=\"2297\" data-end=\"2327\">Mitat (LxSxK): 35 x 40 x 230 mm<\/p>\n<\/li>\n<li class=\"\" data-start=\"2328\" data-end=\"2375\">\n<p class=\"\" data-start=\"2330\" data-end=\"2375\">M\u00e4nn\u00e4n kosketin: Mikrokytkin, max. 30V DC \/ 1A<\/p>\n<\/li>\n<li class=\"\" data-start=\"2376\" data-end=\"2407\">\n<p class=\"\" data-start=\"2378\" data-end=\"2407\">Lukon tyyppi: Koukkusalvan lukko, Salpalukko<\/p>\n<\/li>\n<li class=\"\" data-start=\"2408\" data-end=\"2436\">\n<p class=\"\" data-start=\"2410\" data-end=\"2436\">V\u00e4ri\/viimeistely: ruostumaton ter\u00e4s<\/p>\n<\/li>\n<li class=\"\" data-start=\"2437\" data-end=\"2476\">\n<p class=\"\" data-start=\"2439\" data-end=\"2476\">Arvioinnit: SundaHus, Rakennusmateriaalien arviointi<\/p>\n<\/li>\n<\/ul>","protected":false},"excerpt":{"rendered":"<p>T\u00e4\u00e4lt\u00e4 n\u00e4et, mitk\u00e4 pylv\u00e4\u00e4t ja mallit sopivat yhteen STEP-sarjan s\u00e4hk\u00f6isist\u00e4 oven pys\u00e4yttimist\u00e4.<\/p>\n<h5><strong><a href=\"https:\/\/steplock.com\/sv\/stolpguide\/#!?lang=sv&amp;blog_id=1&amp;paged=1&amp;number=50\" target=\"_blank\" rel=\"noopener\">STEP Viestiopas\u00a0<\/a><\/strong><\/h5>\n<h5><strong><a href=\"https:\/\/steplock.com\/sv\/projekteringsguide\/#!?lang=sv&amp;blog_id=1&amp;paged=1&amp;number=999\" target=\"_blank\" rel=\"noopener\">STEP-suunnitteluopas<\/a><\/strong><\/h5>","protected":false},"featured_media":147428,"template":"","meta":{"_acf_changed":false},"product_brand":[],"product_cat":[3355],"product_tag":[4197,4201],"class_list":{"0":"post-147432","1":"product","2":"type-product","3":"status-publish","4":"has-post-thumbnail","6":"product_cat-elslutbleck","7":"product_tag-24v","8":"product_tag-omvand","9":"product_shipping_class-tunga-paket","10":"pa_brands-step","11":"tm-no-options","13":"first","14":"instock","15":"sale","16":"taxable","17":"shipping-taxable","18":"purchasable","19":"product-type-simple"},"acf":[],"_links":{"self":[{"href":"https:\/\/secureus.se\/fi\/wp-json\/wp\/v2\/product\/147432","targetHints":{"allow":["GET"]}}],"collection":[{"href":"https:\/\/secureus.se\/fi\/wp-json\/wp\/v2\/product"}],"about":[{"href":"https:\/\/secureus.se\/fi\/wp-json\/wp\/v2\/types\/product"}],"wp:featuredmedia":[{"embeddable":true,"href":"https:\/\/secureus.se\/fi\/wp-json\/wp\/v2\/media\/147428"}],"wp:attachment":[{"href":"https:\/\/secureus.se\/fi\/wp-json\/wp\/v2\/media?parent=147432"}],"wp:term":[{"taxonomy":"product_brand","embeddable":true,"href":"https:\/\/secureus.se\/fi\/wp-json\/wp\/v2\/product_brand?post=147432"},{"taxonomy":"product_cat","embeddable":true,"href":"https:\/\/secureus.se\/fi\/wp-json\/wp\/v2\/product_cat?post=147432"},{"taxonomy":"product_tag","embeddable":true,"href":"https:\/\/secureus.se\/fi\/wp-json\/wp\/v2\/product_tag?post=147432"}],"curies":[{"name":"wp","href":"https:\/\/api.w.org\/{rel}","templated":true}]}}