{"id":147434,"date":"2023-09-26T13:10:04","date_gmt":"2023-09-26T11:10:04","guid":{"rendered":"https:\/\/secureus.se\/elslutbleck-step-90-omvand-24v\/"},"modified":"2026-04-08T16:08:13","modified_gmt":"2026-04-08T14:08:13","slug":"elslutbleck-step-90-omvand-24v","status":"publish","type":"product","link":"https:\/\/secureus.se\/fi\/elslutbleck-step-90-omvand-24v\/","title":{"rendered":"S\u00e4hk\u00f6isku STEP 90 K\u00e4\u00e4nteinen 24V"},"content":{"rendered":"<h1>S\u00e4hk\u00f6isku STEP 90 K\u00e4\u00e4nteinen 24V<\/h1>\n<p>STEP 90 Preload on kompakti s\u00e4hk\u00f6isku, jossa on peruutustoiminto ja HPR-tekniikka. Paloluokitus E\/EI120 ja suunniteltu korkealle avautumistiheydelle. Sopii Connect-, Modul- ja Narrow Profile -lukkokoteloihin.<\/p>\n<p>STEP 90 Preload -s\u00e4hk\u00f6isku on kompakti ja tehokas s\u00e4hk\u00f6isku, jossa on peruutustoiminto \u2013 mik\u00e4 tarkoittaa, ett\u00e4 lukko avautuu j\u00e4nnitteett\u00f6m\u00e4ss\u00e4 asennossa, mik\u00e4 on t\u00e4rke\u00e4 ominaisuus poistumisreiteill\u00e4 tai ymp\u00e4rist\u00f6iss\u00e4, joissa turvallinen kulku on taattava my\u00f6s s\u00e4hk\u00f6katkon sattuessa.<\/p>\n<p class=\"\" data-start=\"731\" data-end=\"1059\">S\u00e4hk\u00f6isku on paloturvallinen E\/EI120 asti standardin SS-EN 14846:2008 mukaisesti ja varustettu STEPin patentoidulla HPR\u00ae-teknologialla, joka varmistaa avautumisen jopa 250 kg:n nauhapaineella.<\/p>\n<p class=\"\" data-start=\"731\" data-end=\"1059\">Suuri 1200 kg:n murtolujuus ja kompakti rakenne tekev\u00e4t STEP 90:st\u00e4 luotettavan valinnan oviin, joissa on korkea avautumistiheys.<\/p>\n<p class=\"\" data-start=\"1061\" data-end=\"1386\">Joustavuutensa ansiosta STEP 90 on k\u00e4\u00e4nnett\u00e4viss\u00e4 sek\u00e4 oikealle ett\u00e4 vasemmalle ripustetuille oville, ja se sopii lukkokoteloihin, joissa on yksi- ja kaksoislukko sarjoissa Connect, Modul ja Narrow Profile.<\/p>\n<p class=\"\" data-start=\"1061\" data-end=\"1386\">Se on my\u00f6s peukaloinninsuojattu, siin\u00e4 on sis\u00e4\u00e4nrakennettu suojadiodi ja se on suunniteltu helppoon asennukseen. Takareunassa on ruuvinrei\u00e4t kulmikkaita ruuveja varten.<\/p>\n<p class=\"\" data-start=\"1388\" data-end=\"1414\">Ominaisuudet ja edut:<\/p>\n<ul data-start=\"1415\" data-end=\"1678\">\n<li class=\"\" data-start=\"1415\" data-end=\"1451\">\n<p class=\"\" data-start=\"1417\" data-end=\"1451\">Peruutustoiminto \u2013 avattu ilman virtaa<\/p>\n<\/li>\n<li class=\"\" data-start=\"1452\" data-end=\"1474\">\n<p class=\"\" data-start=\"1454\" data-end=\"1474\">Paloluokitus E\/EI120<\/p>\n<\/li>\n<li class=\"\" data-start=\"1475\" data-end=\"1509\">\n<p class=\"\" data-start=\"1477\" data-end=\"1509\">Kest\u00e4\u00e4 puristuspainetta 250 kg asti<\/p>\n<\/li>\n<li class=\"\" data-start=\"1510\" data-end=\"1535\">\n<p class=\"\" data-start=\"1512\" data-end=\"1535\">Murtolujuus 1200 kg<\/p>\n<\/li>\n<li class=\"\" data-start=\"1536\" data-end=\"1568\">\n<p class=\"\" data-start=\"1538\" data-end=\"1568\">Kompaktit mitat: korkeus vain 90 mm<\/p>\n<\/li>\n<li class=\"\" data-start=\"1569\" data-end=\"1603\">\n<p class=\"\" data-start=\"1571\" data-end=\"1603\">K\u00e4\u00e4nnett\u00e4v\u00e4 oikealle\/vasemmalle ovelle<\/p>\n<\/li>\n<li class=\"\" data-start=\"1604\" data-end=\"1642\">\n<p class=\"\" data-start=\"1606\" data-end=\"1642\">Sopii Connect-, moduuli- ja kapeaan profiiliin<\/p>\n<\/li>\n<li class=\"\" data-start=\"1643\" data-end=\"1678\">\n<p class=\"\" data-start=\"1645\" data-end=\"1678\">Mukana suojadiodi ja ylij\u00e4nnitesuoja<\/p>\n<\/li>\n<\/ul>\n<p class=\"\" data-start=\"1680\" data-end=\"1866\"><strong data-start=\"1680\" data-end=\"1703\">K\u00e4ytt\u00f6alueet:<\/strong><br data-start=\"1703\" data-end=\"1706\" \/>Soveltuu poistumisreitteihin, toimistooviin, teknisiin tiloihin ja julkisiin tiloihin, joissa luotettava toiminta ja korkea turvallisuus yhdistyv\u00e4t kompaktin koon tarpeeseen.<\/p>\n<p class=\"\" data-start=\"1868\" data-end=\"1897\"><strong data-start=\"1868\" data-end=\"1897\">Tekniset tiedot:<\/strong><\/p>\n<ul data-start=\"1898\" data-end=\"2240\">\n<li class=\"\" data-start=\"1898\" data-end=\"1936\">\n<p class=\"\" data-start=\"1900\" data-end=\"1936\">K\u00e4ytt\u00f6j\u00e4nnite: 24 V DC (21,6-27,6 V)<\/p>\n<\/li>\n<li class=\"\" data-start=\"1937\" data-end=\"1981\">\n<p class=\"\" data-start=\"1939\" data-end=\"1981\">Virrankulutus: 110 mA lukitsematon, max 300 mA<\/p>\n<\/li>\n<li class=\"\" data-start=\"1982\" data-end=\"2021\">\n<p class=\"\" data-start=\"1984\" data-end=\"2021\">Oven sarana: Oikea\/vasen (k\u00e4\u00e4nnett\u00e4v\u00e4)<\/p>\n<\/li>\n<li class=\"\" data-start=\"2022\" data-end=\"2053\">\n<p class=\"\" data-start=\"2024\" data-end=\"2053\">Mitat (LxSxK): 25 x 28 x 90 mm<\/p>\n<\/li>\n<li class=\"\" data-start=\"2054\" data-end=\"2080\">\n<p class=\"\" data-start=\"2056\" data-end=\"2080\">Murtolujuus: 1200 kg<\/p>\n<\/li>\n<li class=\"\" data-start=\"2081\" data-end=\"2100\">\n<p class=\"\" data-start=\"2083\" data-end=\"2100\">Listan paine: 250 kg<\/p>\n<\/li>\n<li class=\"\" data-start=\"2101\" data-end=\"2119\">\n<p class=\"\" data-start=\"2103\" data-end=\"2119\">M\u00e4nn\u00e4n kosketin: Ei<\/p>\n<\/li>\n<li class=\"\" data-start=\"2120\" data-end=\"2137\">\n<p class=\"\" data-start=\"2122\" data-end=\"2137\">Kaapeli: Ei mukana<\/p>\n<\/li>\n<li class=\"\" data-start=\"2138\" data-end=\"2171\">\n<p class=\"\" data-start=\"2140\" data-end=\"2171\">Lukon tyyppi: Yksi- ja kaksinkertainen lukko<\/p>\n<\/li>\n<li class=\"\" data-start=\"2172\" data-end=\"2200\">\n<p class=\"\" data-start=\"2174\" data-end=\"2200\">V\u00e4ri\/viimeistely: ruostumaton ter\u00e4s<\/p>\n<\/li>\n<li class=\"\" data-start=\"2201\" data-end=\"2240\">\n<p class=\"\" data-start=\"2203\" data-end=\"2240\">Arvioinnit: SundaHus, Rakennusmateriaalien arviointi<\/p>\n<\/li>\n<\/ul>","protected":false},"excerpt":{"rendered":"<p>T\u00e4\u00e4lt\u00e4 n\u00e4et, mitk\u00e4 pylv\u00e4\u00e4t ja mallit sopivat yhteen STEP-sarjan s\u00e4hk\u00f6isist\u00e4 oven pys\u00e4yttimist\u00e4.<\/p>\n<h5><strong><a href=\"https:\/\/steplock.com\/sv\/stolpguide\/#!?lang=sv&amp;blog_id=1&amp;paged=1&amp;number=50\" target=\"_blank\" rel=\"noopener\">STEP Viestiopas\u00a0<\/a><\/strong><\/h5>\n<h5><strong><a href=\"https:\/\/steplock.com\/sv\/projekteringsguide\/#!?lang=sv&amp;blog_id=1&amp;paged=1&amp;number=999\" target=\"_blank\" rel=\"noopener\">STEP-suunnitteluopas<\/a><\/strong><\/h5>","protected":false},"featured_media":147429,"template":"","meta":{"_acf_changed":false},"product_brand":[],"product_cat":[3355],"product_tag":[4197,4201],"class_list":{"0":"post-147434","1":"product","2":"type-product","3":"status-publish","4":"has-post-thumbnail","6":"product_cat-elslutbleck","7":"product_tag-24v","8":"product_tag-omvand","9":"product_shipping_class-tunga-paket","10":"pa_brands-step","11":"tm-no-options","13":"first","14":"instock","15":"sale","16":"taxable","17":"shipping-taxable","18":"purchasable","19":"product-type-simple"},"acf":[],"_links":{"self":[{"href":"https:\/\/secureus.se\/fi\/wp-json\/wp\/v2\/product\/147434","targetHints":{"allow":["GET"]}}],"collection":[{"href":"https:\/\/secureus.se\/fi\/wp-json\/wp\/v2\/product"}],"about":[{"href":"https:\/\/secureus.se\/fi\/wp-json\/wp\/v2\/types\/product"}],"wp:featuredmedia":[{"embeddable":true,"href":"https:\/\/secureus.se\/fi\/wp-json\/wp\/v2\/media\/147429"}],"wp:attachment":[{"href":"https:\/\/secureus.se\/fi\/wp-json\/wp\/v2\/media?parent=147434"}],"wp:term":[{"taxonomy":"product_brand","embeddable":true,"href":"https:\/\/secureus.se\/fi\/wp-json\/wp\/v2\/product_brand?post=147434"},{"taxonomy":"product_cat","embeddable":true,"href":"https:\/\/secureus.se\/fi\/wp-json\/wp\/v2\/product_cat?post=147434"},{"taxonomy":"product_tag","embeddable":true,"href":"https:\/\/secureus.se\/fi\/wp-json\/wp\/v2\/product_tag?post=147434"}],"curies":[{"name":"wp","href":"https:\/\/api.w.org\/{rel}","templated":true}]}}