{"id":147437,"date":"2023-09-26T13:08:20","date_gmt":"2023-09-26T11:08:20","guid":{"rendered":"https:\/\/secureus.se\/elslutbleck-step-18-hoger-rattvand-24v-12mm-regel\/"},"modified":"2026-04-08T16:10:12","modified_gmt":"2026-04-08T14:10:12","slug":"elslutbleck-step-18-hoger-rattvand-24v-12mm-regel","status":"publish","type":"product","link":"https:\/\/secureus.se\/fi\/elslutbleck-step-18-hoger-rattvand-24v-12mm-regel\/","title":{"rendered":"S\u00e4hk\u00f6inen vastalevy STEP 18 Oikea Suora 24V 12mm s\u00e4\u00e4nt\u00f6"},"content":{"rendered":"<h1>S\u00e4hk\u00f6inen vastalevy STEP 18 Oikea Suora 24V 12mm s\u00e4\u00e4nt\u00f6<\/h1>\n<p>STEP 18 Secure on eritt\u00e4in turvallinen s\u00e4hk\u00f6inen p\u00e4\u00e4tylevy, jossa on oikealle suunnattu toiminto oikealle ripustetuille oville, joissa on 12 mm Modul-viiva. Mukana paloluokka E\/EI60, m\u00e4nt\u00e4liitin ja 5 metrin halogeeniton kaapeli. Murtolujuus 15 kN.<\/p>\n<p>S\u00e4hk\u00f6inen p\u00e4\u00e4televy STEP 18 STEP 18 Secure STEPin Secure-sarjasta on eritt\u00e4in turvallinen s\u00e4hk\u00f6inen p\u00e4\u00e4televy, joka on suunniteltu oviymp\u00e4rist\u00f6ihin, joissa yhdistyv\u00e4t tunkeutumissuojaus, paloturvallisuus ja k\u00e4ytt\u00f6varmuus.<\/p>\n<p>T\u00e4m\u00e4 malli on sovitettu oikealle ripustetuille oville ja sit\u00e4 k\u00e4ytet\u00e4\u00e4n Modul-sarjan 12 mm m\u00e4nnill\u00e4 varustettujen s\u00e4\u00e4t\u00f6lukkojen kanssa.<\/p>\n<p class=\"\" data-start=\"841\" data-end=\"1171\">Oikealle suuntautuvalla toiminnallaan s\u00e4hk\u00f6inen p\u00e4\u00e4tylevy lukittuu virran katketessa, mik\u00e4 takaa turvallisen lukituksen my\u00f6s s\u00e4hk\u00f6katkon sattuessa.<\/p>\n<p class=\"\" data-start=\"841\" data-end=\"1171\">Se on paloluokitettu E\/EI60 asti ja hyv\u00e4ksytty turvaovien lukitsemiseen RC4 asti, joten se sopii esimerkiksi pankkeihin, vankiloihin ja julkisiin rakennuksiin, joissa on korkeat turvallisuusvaatimukset.<\/p>\n<p class=\"\" data-start=\"1173\" data-end=\"1509\">S\u00e4hk\u00f6inen sulkulevy on varustettu m\u00e4nt\u00e4koskettimella ja lukituskoskettimella, joka mahdollistaa oven auki\/kiinni ja lukossa\/aukittumattoman osoituksen, sopii t\u00e4ydellisesti kulkuj\u00e4rjestelmiin ja h\u00e4lytysratkaisuihin.<\/p>\n<p class=\"\" data-start=\"1173\" data-end=\"1509\">Sis\u00e4\u00e4nrakennettu suojadiodi, nakutussulake ja mukana toimitettu 5 metrin halogeeniton kaapeli varmistavat kest\u00e4v\u00e4n ja turvallisen asennuksen.<\/p>\n<p class=\"\" data-start=\"1511\" data-end=\"1698\">STEP 18:n murtolujuus on 15 kN (n. 1500 kg) ja kyky avautua jopa 500 kg:n nauhapaineista huolimatta. Se tarjoaa sek\u00e4 turvallisuutta ett\u00e4 suorituskyky\u00e4 suuren kuormituksen oviymp\u00e4rist\u00f6iss\u00e4.<\/p>\n<p class=\"\" data-start=\"1700\" data-end=\"1726\"><strong data-start=\"1700\" data-end=\"1726\">Ominaisuudet ja edut:<\/strong><\/p>\n<ul data-start=\"1727\" data-end=\"2030\">\n<li class=\"\" data-start=\"1727\" data-end=\"1771\">\n<p class=\"\" data-start=\"1729\" data-end=\"1771\">Ohjauslukkoon 12 mm m\u00e4nn\u00e4ll\u00e4 (Modul-sarja)<\/p>\n<\/li>\n<li class=\"\" data-start=\"1772\" data-end=\"1816\">\n<p class=\"\" data-start=\"1774\" data-end=\"1816\">Oikealle suunnattu toiminto \u2013 lukittu s\u00e4hk\u00f6katkon sattuessa<\/p>\n<\/li>\n<li class=\"\" data-start=\"1817\" data-end=\"1834\">\n<p class=\"\" data-start=\"1819\" data-end=\"1834\">Oikeanpuoleinen ovi<\/p>\n<\/li>\n<li class=\"\" data-start=\"1835\" data-end=\"1870\">\n<p class=\"\" data-start=\"1837\" data-end=\"1870\">Paloluokka E\/EI60 \u2013 testattu 60 min<\/p>\n<\/li>\n<li class=\"\" data-start=\"1871\" data-end=\"1895\">\n<p class=\"\" data-start=\"1873\" data-end=\"1895\">M\u00e4nt\u00e4 ja lukituskytkin<\/p>\n<\/li>\n<li class=\"\" data-start=\"1896\" data-end=\"1930\">\n<p class=\"\" data-start=\"1898\" data-end=\"1930\">Kest\u00e4\u00e4 puristuspainetta 500 kg asti<\/p>\n<\/li>\n<li class=\"\" data-start=\"1931\" data-end=\"1954\">\n<p class=\"\" data-start=\"1933\" data-end=\"1954\">Murtolujuus 15 kN<\/p>\n<\/li>\n<li class=\"\" data-start=\"1955\" data-end=\"1989\">\n<p class=\"\" data-start=\"1957\" data-end=\"1989\">Sis\u00e4\u00e4nrakennettu suojadiodi, nakutussuoja<\/p>\n<\/li>\n<li class=\"\" data-start=\"1990\" data-end=\"2030\">\n<p class=\"\" data-start=\"1992\" data-end=\"2030\">Mukana 5 metrin halogeeniton kaapeli<\/p>\n<\/li>\n<\/ul>\n<p class=\"\" data-start=\"2032\" data-end=\"2207\"><strong data-start=\"2032\" data-end=\"2055\">K\u00e4ytt\u00f6alueet:<\/strong><br data-start=\"2055\" data-end=\"2058\" \/>Ihanteellinen turvaluokiteltuihin oviymp\u00e4rist\u00f6ihin julkisissa rakennuksissa, teollisuudessa, korjauslaitoksissa ja paikoissa, joissa vaaditaan korkeaa turvallisuutta ja tihe\u00e4\u00e4 kulkua.<\/p>\n<p class=\"\" data-start=\"2209\" data-end=\"2238\"><strong data-start=\"2209\" data-end=\"2238\">Tekniset tiedot:<\/strong><\/p>\n<ul data-start=\"2239\" data-end=\"2583\">\n<li class=\"\" data-start=\"2239\" data-end=\"2277\">\n<p class=\"\" data-start=\"2241\" data-end=\"2277\">K\u00e4ytt\u00f6j\u00e4nnite: 24 V DC (21,6-27,6 V)<\/p>\n<\/li>\n<li class=\"\" data-start=\"2278\" data-end=\"2310\">\n<p class=\"\" data-start=\"2280\" data-end=\"2310\">Virrankulutus: 313 mA lukitsematon<\/p>\n<\/li>\n<li class=\"\" data-start=\"2311\" data-end=\"2332\">\n<p class=\"\" data-start=\"2313\" data-end=\"2332\">Oven sarana: Oikea<\/p>\n<\/li>\n<li class=\"\" data-start=\"2333\" data-end=\"2354\">\n<p class=\"\" data-start=\"2335\" data-end=\"2354\">Kaapelin pituus: 5 metri\u00e4<\/p>\n<\/li>\n<li class=\"\" data-start=\"2355\" data-end=\"2381\">\n<p class=\"\" data-start=\"2357\" data-end=\"2381\">Murtolujuus: 1500 kg<\/p>\n<\/li>\n<li class=\"\" data-start=\"2382\" data-end=\"2401\">\n<p class=\"\" data-start=\"2384\" data-end=\"2401\">Listan paine: 500 kg<\/p>\n<\/li>\n<li class=\"\" data-start=\"2402\" data-end=\"2434\">\n<p class=\"\" data-start=\"2404\" data-end=\"2434\">Mitat (LxSxK): 35 x 40 x 230 mm<\/p>\n<\/li>\n<li class=\"\" data-start=\"2435\" data-end=\"2466\">\n<p class=\"\" data-start=\"2437\" data-end=\"2466\">Lukon tyyppi: Koukkusalvan lukko, Salpalukko<\/p>\n<\/li>\n<li class=\"\" data-start=\"2467\" data-end=\"2514\">\n<p class=\"\" data-start=\"2469\" data-end=\"2514\">M\u00e4nn\u00e4n kosketin: Mikrokytkin, max. 30V DC \/ 1A<\/p>\n<\/li>\n<li class=\"\" data-start=\"2515\" data-end=\"2543\">\n<p class=\"\" data-start=\"2517\" data-end=\"2543\">V\u00e4ri\/viimeistely: ruostumaton ter\u00e4s<\/p>\n<\/li>\n<li class=\"\" data-start=\"2544\" data-end=\"2583\">\n<p class=\"\" data-start=\"2546\" data-end=\"2583\">Arvioinnit: SundaHus, Rakennusmateriaalien arviointi<\/p>\n<\/li>\n<\/ul>","protected":false},"excerpt":{"rendered":"<p>T\u00e4\u00e4lt\u00e4 n\u00e4et, mitk\u00e4 pylv\u00e4\u00e4t ja mallit sopivat yhteen STEP-sarjan s\u00e4hk\u00f6isist\u00e4 oven pys\u00e4yttimist\u00e4.<\/p>\n<h5><strong><a href=\"https:\/\/steplock.com\/sv\/stolpguide\/#!?lang=sv&amp;blog_id=1&amp;paged=1&amp;number=50\" target=\"_blank\" rel=\"noopener\">STEP Viestiopas\u00a0<\/a><\/strong><\/h5>\n<h5><strong><a href=\"https:\/\/steplock.com\/sv\/projekteringsguide\/#!?lang=sv&amp;blog_id=1&amp;paged=1&amp;number=999\" target=\"_blank\" rel=\"noopener\">STEP-suunnitteluopas<\/a><\/strong><\/h5>","protected":false},"featured_media":147435,"template":"","meta":{"_acf_changed":false},"product_brand":[],"product_cat":[3355],"product_tag":[4198,4200],"class_list":{"0":"post-147437","1":"product","2":"type-product","3":"status-publish","4":"has-post-thumbnail","6":"product_cat-elslutbleck","7":"product_tag-12v","8":"product_tag-rattvand","9":"product_shipping_class-tunga-paket","10":"pa_brands-step","11":"tm-no-options","13":"first","14":"instock","15":"sale","16":"taxable","17":"shipping-taxable","18":"purchasable","19":"product-type-simple"},"acf":[],"_links":{"self":[{"href":"https:\/\/secureus.se\/fi\/wp-json\/wp\/v2\/product\/147437","targetHints":{"allow":["GET"]}}],"collection":[{"href":"https:\/\/secureus.se\/fi\/wp-json\/wp\/v2\/product"}],"about":[{"href":"https:\/\/secureus.se\/fi\/wp-json\/wp\/v2\/types\/product"}],"wp:featuredmedia":[{"embeddable":true,"href":"https:\/\/secureus.se\/fi\/wp-json\/wp\/v2\/media\/147435"}],"wp:attachment":[{"href":"https:\/\/secureus.se\/fi\/wp-json\/wp\/v2\/media?parent=147437"}],"wp:term":[{"taxonomy":"product_brand","embeddable":true,"href":"https:\/\/secureus.se\/fi\/wp-json\/wp\/v2\/product_brand?post=147437"},{"taxonomy":"product_cat","embeddable":true,"href":"https:\/\/secureus.se\/fi\/wp-json\/wp\/v2\/product_cat?post=147437"},{"taxonomy":"product_tag","embeddable":true,"href":"https:\/\/secureus.se\/fi\/wp-json\/wp\/v2\/product_tag?post=147437"}],"curies":[{"name":"wp","href":"https:\/\/api.w.org\/{rel}","templated":true}]}}