{"id":147447,"date":"2023-09-26T13:08:17","date_gmt":"2023-09-26T11:08:17","guid":{"rendered":"https:\/\/secureus.se\/elslutbleck-step-40-omvand-12v\/"},"modified":"2026-03-26T09:46:57","modified_gmt":"2026-03-26T08:46:57","slug":"elslutbleck-step-40-omvand-12v","status":"publish","type":"product","link":"https:\/\/secureus.se\/fi\/elslutbleck-step-40-omvand-12v\/","title":{"rendered":"S\u00e4hk\u00f6isku STEP 40 K\u00e4\u00e4nteinen 12V"},"content":{"rendered":"<h1>S\u00e4hk\u00f6isku STEP 40 K\u00e4\u00e4nteinen 12V<\/h1>\n<p class=\"\" data-start=\"403\" data-end=\"872\">STEP:n Preload-sarjan STEP 40 Preload on kompakti, luotettava s\u00e4hk\u00f6isku, joka sopii t\u00e4ydellisesti p\u00e4iv\u00e4lukitukseen oviymp\u00e4rist\u00f6iss\u00e4, joissa on korkea avautumistiheys.<\/p>\n<p class=\"\" data-start=\"403\" data-end=\"872\">T\u00e4ss\u00e4 versiossa on peruutustoiminto, mik\u00e4 tarkoittaa, ett\u00e4 s\u00e4hk\u00f6iskun lukitus avataan j\u00e4nnitteett\u00f6m\u00e4ss\u00e4 asennossa \u2013 ominaisuus, joka tekee siit\u00e4 erityisen sopivan poistumisreiteille ja esteett\u00f6mille oville.<\/p>\n<p class=\"\" data-start=\"874\" data-end=\"1218\">Integroitu HPR\u00ae-tekniikka (High Preload Release) takaa turvallisen lukituksen avaamisen jopa 250 kg:n nauhapaineella, mik\u00e4 mahdollistaa luotettavan toiminnan my\u00f6s paineistetuilla ovilla.<\/p>\n<p class=\"\" data-start=\"874\" data-end=\"1218\">S\u00e4hk\u00f6iskulevyn murtolujuus on my\u00f6s 1 200 kg (12 kN) ja se on testattu 1 500 000 sykliin, mik\u00e4 takaa pitk\u00e4n k\u00e4ytt\u00f6i\u00e4n.<\/p>\n<p class=\"\" data-start=\"1220\" data-end=\"1430\">S\u00e4hk\u00f6inen vastalevy STEP 40 STEP 40 on k\u00e4\u00e4nnett\u00e4v\u00e4 oikealle ja vasemmalle ripustetuille oville, peukaloinnin est\u00e4v\u00e4 ja siin\u00e4 on sis\u00e4\u00e4nrakennettu suojadiodi lis\u00e4\u00e4m\u00e4\u00e4n kest\u00e4vyytt\u00e4.<\/p>\n<p class=\"\" data-start=\"1220\" data-end=\"1430\">Joustava rakenne tekee asennuksesta helppoa, jopa olemassa oleviin ovilohkoihin.<\/p>\n<p class=\"\" data-start=\"1437\" data-end=\"1463\"><strong data-start=\"1437\" data-end=\"1463\">Ominaisuudet ja edut:<\/strong><\/p>\n<ul data-start=\"1464\" data-end=\"1756\">\n<li class=\"\" data-start=\"1464\" data-end=\"1507\">\n<p class=\"\" data-start=\"1466\" data-end=\"1507\">Peruutustoiminto \u2013 avataan s\u00e4hk\u00f6katkon sattuessa<\/p>\n<\/li>\n<li class=\"\" data-start=\"1508\" data-end=\"1527\">\n<p class=\"\" data-start=\"1510\" data-end=\"1527\">12V k\u00e4ytt\u00f6j\u00e4nnite<\/p>\n<\/li>\n<li class=\"\" data-start=\"1528\" data-end=\"1570\">\n<p class=\"\" data-start=\"1530\" data-end=\"1570\">Kompakti muoto \u2013 ihanteellinen p\u00e4iv\u00e4lukitukseen<\/p>\n<\/li>\n<li class=\"\" data-start=\"1571\" data-end=\"1616\">\n<p class=\"\" data-start=\"1573\" data-end=\"1616\">HPR\u00ae-tekniikka \u2013 avautuu 250 kg:n nauhapaineesta huolimatta<\/p>\n<\/li>\n<li class=\"\" data-start=\"1617\" data-end=\"1644\">\n<p class=\"\" data-start=\"1619\" data-end=\"1644\">Murtolujuus: 1200 kg<\/p>\n<\/li>\n<li class=\"\" data-start=\"1645\" data-end=\"1681\">\n<p class=\"\" data-start=\"1647\" data-end=\"1681\">Iskunkest\u00e4v\u00e4 sis\u00e4\u00e4nrakennetulla suojadiodilla<\/p>\n<\/li>\n<li class=\"\" data-start=\"1682\" data-end=\"1718\">\n<p class=\"\" data-start=\"1684\" data-end=\"1718\">K\u00e4\u00e4nnett\u00e4v\u00e4 \u2013 oikea ja vasen ovi<\/p>\n<\/li>\n<li class=\"\" data-start=\"1719\" data-end=\"1756\">\n<p class=\"\" data-start=\"1721\" data-end=\"1756\">Sopii sek\u00e4 yksi- ett\u00e4 kaksilehtisiin lukoihin<\/p>\n<\/li>\n<\/ul>\n<p class=\"\" data-start=\"1763\" data-end=\"1938\"><strong data-start=\"1763\" data-end=\"1786\">K\u00e4ytt\u00f6alueet:<\/strong><br data-start=\"1786\" data-end=\"1789\" \/>T\u00e4ydellinen oviin toimistoymp\u00e4rist\u00f6ihin, terveydenhuoltotiloihin, sis\u00e4\u00e4nk\u00e4yntiin ja poistumisreitteihin, joissa vaaditaan korkeaa saavutettavuutta, turvallisuutta ja sujuvaa kulkua.<\/p>\n<p class=\"\" data-start=\"1945\" data-end=\"1974\"><strong data-start=\"1945\" data-end=\"1974\">Tekniset tiedot:<\/strong><\/p>\n<ul data-start=\"1975\" data-end=\"2320\">\n<li class=\"\" data-start=\"1975\" data-end=\"2013\">\n<p class=\"\" data-start=\"1977\" data-end=\"2013\">K\u00e4ytt\u00f6j\u00e4nnite: 12 V DC (10,8-13,8 V)<\/p>\n<\/li>\n<li class=\"\" data-start=\"2014\" data-end=\"2058\">\n<p class=\"\" data-start=\"2016\" data-end=\"2058\">Virrankulutus: 220 mA lukitsematon, max 600 mA<\/p>\n<\/li>\n<li class=\"\" data-start=\"2059\" data-end=\"2098\">\n<p class=\"\" data-start=\"2061\" data-end=\"2098\">Oven sarana: Oikea\/vasen (k\u00e4\u00e4nnett\u00e4v\u00e4)<\/p>\n<\/li>\n<li class=\"\" data-start=\"2099\" data-end=\"2126\">\n<p class=\"\" data-start=\"2101\" data-end=\"2126\">Murtolujuus: 1200 kg<\/p>\n<\/li>\n<li class=\"\" data-start=\"2127\" data-end=\"2146\">\n<p class=\"\" data-start=\"2129\" data-end=\"2146\">Listan paine: 250 kg<\/p>\n<\/li>\n<li class=\"\" data-start=\"2147\" data-end=\"2182\">\n<p class=\"\" data-start=\"2149\" data-end=\"2182\">Lukon tyyppi: yksisalpalukko, kaksoissalpalukko<\/p>\n<\/li>\n<li class=\"\" data-start=\"2183\" data-end=\"2214\">\n<p class=\"\" data-start=\"2185\" data-end=\"2214\">Mitat (LxSxK): 25 x 28 x 90 mm<\/p>\n<\/li>\n<li class=\"\" data-start=\"2215\" data-end=\"2233\">\n<p class=\"\" data-start=\"2217\" data-end=\"2233\">M\u00e4nn\u00e4n kosketin: Ei<\/p>\n<\/li>\n<li class=\"\" data-start=\"2234\" data-end=\"2251\">\n<p class=\"\" data-start=\"2236\" data-end=\"2251\">Kaapeli: Ei mukana<\/p>\n<\/li>\n<li class=\"\" data-start=\"2252\" data-end=\"2280\">\n<p class=\"\" data-start=\"2254\" data-end=\"2280\">V\u00e4ri\/viimeistely: ruostumaton ter\u00e4s<\/p>\n<\/li>\n<li class=\"\" data-start=\"2281\" data-end=\"2320\">\n<p class=\"\" data-start=\"2283\" data-end=\"2320\">Arvioinnit: SundaHus, Rakennusmateriaalien arviointi<\/p>\n<\/li>\n<\/ul>","protected":false},"excerpt":{"rendered":"<p>T\u00e4\u00e4lt\u00e4 n\u00e4et, mitk\u00e4 pylv\u00e4\u00e4t ja mallit sopivat yhteen STEP-sarjan s\u00e4hk\u00f6isist\u00e4 oven pys\u00e4yttimist\u00e4.<\/p>\n<h5><strong><a href=\"https:\/\/steplock.com\/sv\/stolpguide\/#!?lang=sv&amp;blog_id=1&amp;paged=1&amp;number=50\" target=\"_blank\" rel=\"noopener\">STEP Viestiopas\u00a0<\/a><\/strong><\/h5>\n<h5><strong><a href=\"https:\/\/steplock.com\/sv\/projekteringsguide\/#!?lang=sv&amp;blog_id=1&amp;paged=1&amp;number=999\" target=\"_blank\" rel=\"noopener\">STEP-suunnitteluopas<\/a><\/strong><\/h5>","protected":false},"featured_media":147444,"template":"","meta":{"_acf_changed":false},"product_brand":[],"product_cat":[3355],"product_tag":[4198,4201],"class_list":{"0":"post-147447","1":"product","2":"type-product","3":"status-publish","4":"has-post-thumbnail","6":"product_cat-elslutbleck","7":"product_tag-12v","8":"product_tag-omvand","9":"product_shipping_class-tunga-paket","10":"pa_brands-step","11":"tm-no-options","13":"first","14":"instock","15":"sale","16":"taxable","17":"shipping-taxable","18":"purchasable","19":"product-type-simple"},"acf":[],"_links":{"self":[{"href":"https:\/\/secureus.se\/fi\/wp-json\/wp\/v2\/product\/147447","targetHints":{"allow":["GET"]}}],"collection":[{"href":"https:\/\/secureus.se\/fi\/wp-json\/wp\/v2\/product"}],"about":[{"href":"https:\/\/secureus.se\/fi\/wp-json\/wp\/v2\/types\/product"}],"wp:featuredmedia":[{"embeddable":true,"href":"https:\/\/secureus.se\/fi\/wp-json\/wp\/v2\/media\/147444"}],"wp:attachment":[{"href":"https:\/\/secureus.se\/fi\/wp-json\/wp\/v2\/media?parent=147447"}],"wp:term":[{"taxonomy":"product_brand","embeddable":true,"href":"https:\/\/secureus.se\/fi\/wp-json\/wp\/v2\/product_brand?post=147447"},{"taxonomy":"product_cat","embeddable":true,"href":"https:\/\/secureus.se\/fi\/wp-json\/wp\/v2\/product_cat?post=147447"},{"taxonomy":"product_tag","embeddable":true,"href":"https:\/\/secureus.se\/fi\/wp-json\/wp\/v2\/product_tag?post=147447"}],"curies":[{"name":"wp","href":"https:\/\/api.w.org\/{rel}","templated":true}]}}