{"id":147456,"date":"2023-09-26T13:08:35","date_gmt":"2023-09-26T11:08:35","guid":{"rendered":"https:\/\/secureus.se\/elslutbleck-step-18-vanster-omvand-24v-9mm-regel-connect\/"},"modified":"2026-03-26T09:44:47","modified_gmt":"2026-03-26T08:44:47","slug":"elslutbleck-step-18-vanster-omvand-24v-9mm-regel-connect","status":"publish","type":"product","link":"https:\/\/secureus.se\/fi\/elslutbleck-step-18-vanster-omvand-24v-9mm-regel-connect\/","title":{"rendered":"S\u00e4hk\u00f6isku VAIHE 18 Vasen K\u00e4\u00e4nteinen 24V 9mm Rule Connect"},"content":{"rendered":"<h1>S\u00e4hk\u00f6isku VAIHE 18 Vasen K\u00e4\u00e4nteinen 24V 9mm Rule Connect<\/h1>\n<p>VAIHE 18 Secure on eritt\u00e4in turvallinen s\u00e4hk\u00f6isku, jossa on peruutustoiminto vasemmalle ripustetuille oville. Mukautettu Connect-sarjan 9 mm:n pulttilukkoon. Mukana paloluokka E\/EI60 ja 5 m halogeeniton kaapeli.<\/p>\n<p>STEP 18 Secure Electric Strike on STEPin Secure-sarjan edistynyt s\u00e4hk\u00f6isku, joka on suunniteltu oviymp\u00e4rist\u00f6ihin, joissa vaaditaan sek\u00e4 korkeaa turvallisuutta ett\u00e4 nopeaa l\u00e4pikulkua.<\/p>\n<p>T\u00e4m\u00e4 malli on erityisesti sovitettu vasemmalle ripustetuille oville, joissa on pulttilukitus ja 9 mm m\u00e4nt\u00e4 Connect-sarjassa.<\/p>\n<p class=\"\" data-start=\"795\" data-end=\"1072\">Peruutustoiminnolla oven lukitus avataan s\u00e4hk\u00f6katkon sattuessa \u2013 v\u00e4ltt\u00e4m\u00e4t\u00f6n ominaisuus poistumisreiteiss\u00e4 ja ovissa, joissa turvallisuusvaatimukset ovat korkeat.<\/p>\n<p class=\"\" data-start=\"795\" data-end=\"1072\">Tuote on paloluokitus E\/EI60 asti standardin SS-EN 14846:2008 mukaisesti ja hyv\u00e4ksytty k\u00e4ytett\u00e4v\u00e4ksi turvaovissa RC4-luokitukseen asti.<\/p>\n<p class=\"\" data-start=\"1074\" data-end=\"1410\">S\u00e4hk\u00f6isku on varustettu m\u00e4nt\u00e4koskettimella ja lukituskoskettimella, mik\u00e4 mahdollistaa tilanvalvonnan integroinnin kulunvalvontaj\u00e4rjestelmiin ja h\u00e4lytysj\u00e4rjestelmiin.<\/p>\n<p class=\"\" data-start=\"1074\" data-end=\"1410\">STEP 18:n murtolujuus on 15 kN (n. 1500 kg) ja kyky avautua jopa 500 kg:n nauhapaineesta huolimatta, joten se tarjoaa luotettavan toiminnan vaativimmissakin oviymp\u00e4rist\u00f6iss\u00e4.<\/p>\n<p class=\"\" data-start=\"1412\" data-end=\"1521\">Se on peukaloitumaton, siin\u00e4 on sis\u00e4\u00e4nrakennettu suojadiodi ja mukana tulee 5 metrin halogeeniton liit\u00e4nt\u00e4kaapeli.<\/p>\n<p class=\"\" data-start=\"1523\" data-end=\"1549\"><strong data-start=\"1523\" data-end=\"1549\">Ominaisuudet ja edut:<\/strong><\/p>\n<ul data-start=\"1550\" data-end=\"1869\">\n<li class=\"\" data-start=\"1550\" data-end=\"1593\">\n<p class=\"\" data-start=\"1552\" data-end=\"1593\">Peruutustoiminto \u2013 avataan s\u00e4hk\u00f6katkon sattuessa<\/p>\n<\/li>\n<li class=\"\" data-start=\"1594\" data-end=\"1652\">\n<p class=\"\" data-start=\"1596\" data-end=\"1652\">Vasemmalle ripustetuille oville 9 mm:n pultilla (Connect-sarja)<\/p>\n<\/li>\n<li class=\"\" data-start=\"1653\" data-end=\"1705\">\n<p class=\"\" data-start=\"1655\" data-end=\"1705\">M\u00e4nn\u00e4n kosketin ja lukituskosketin tilan valvontaa varten<\/p>\n<\/li>\n<li class=\"\" data-start=\"1706\" data-end=\"1736\">\n<p class=\"\" data-start=\"1708\" data-end=\"1736\">Paloluokitus E\/EI60 asti<\/p>\n<\/li>\n<li class=\"\" data-start=\"1737\" data-end=\"1771\">\n<p class=\"\" data-start=\"1739\" data-end=\"1771\">Murtolujuus: 15 kN (1500 kg)<\/p>\n<\/li>\n<li class=\"\" data-start=\"1772\" data-end=\"1806\">\n<p class=\"\" data-start=\"1774\" data-end=\"1806\">Kest\u00e4\u00e4 puristuspainetta 500 kg asti<\/p>\n<\/li>\n<li class=\"\" data-start=\"1807\" data-end=\"1836\">\n<p class=\"\" data-start=\"1809\" data-end=\"1836\">Suojadiodi ja ylij\u00e4nnitesuoja<\/p>\n<\/li>\n<li class=\"\" data-start=\"1837\" data-end=\"1869\">\n<p class=\"\" data-start=\"1839\" data-end=\"1869\">Mukana 5 metrin halogeeniton kaapeli<\/p>\n<\/li>\n<\/ul>\n<p class=\"\" data-start=\"1871\" data-end=\"2056\"><strong data-start=\"1871\" data-end=\"1894\">K\u00e4ytt\u00f6alueet:<\/strong><br data-start=\"1894\" data-end=\"1897\" \/>T\u00e4ydellinen turvaluokiteltuihin ymp\u00e4rist\u00f6ihin, kuten pankkeihin, valtion virastoihin, vankiloihin ja pakoreitteihin, joissa vaaditaan sek\u00e4 korkeaa tunkeutumiskest\u00e4vyytt\u00e4 ett\u00e4 nopeaa ja turvallista lukituksen avaamista.<\/p>\n<p class=\"\" data-start=\"2058\" data-end=\"2087\"><strong data-start=\"2058\" data-end=\"2087\">Tekniset tiedot:<\/strong><\/p>\n<ul data-start=\"2088\" data-end=\"2434\">\n<li class=\"\" data-start=\"2088\" data-end=\"2126\">\n<p class=\"\" data-start=\"2090\" data-end=\"2126\">K\u00e4ytt\u00f6j\u00e4nnite: 24 V DC (21,6-27,6 V)<\/p>\n<\/li>\n<li class=\"\" data-start=\"2127\" data-end=\"2159\">\n<p class=\"\" data-start=\"2129\" data-end=\"2159\">Virrankulutus: 313 mA lukitsematon<\/p>\n<\/li>\n<li class=\"\" data-start=\"2160\" data-end=\"2183\">\n<p class=\"\" data-start=\"2162\" data-end=\"2183\">Oven sarana: Vasen<\/p>\n<\/li>\n<li class=\"\" data-start=\"2184\" data-end=\"2205\">\n<p class=\"\" data-start=\"2186\" data-end=\"2205\">Kaapelin pituus: 5 metri\u00e4<\/p>\n<\/li>\n<li class=\"\" data-start=\"2206\" data-end=\"2232\">\n<p class=\"\" data-start=\"2208\" data-end=\"2232\">Murtolujuus: 1500 kg<\/p>\n<\/li>\n<li class=\"\" data-start=\"2233\" data-end=\"2252\">\n<p class=\"\" data-start=\"2235\" data-end=\"2252\">Listan paine: 500 kg<\/p>\n<\/li>\n<li class=\"\" data-start=\"2253\" data-end=\"2285\">\n<p class=\"\" data-start=\"2255\" data-end=\"2285\">Mitat (LxSxK): 35 x 40 x 230 mm<\/p>\n<\/li>\n<li class=\"\" data-start=\"2286\" data-end=\"2317\">\n<p class=\"\" data-start=\"2288\" data-end=\"2317\">Lukon tyyppi: Koukkusalvan lukko, Salpalukko<\/p>\n<\/li>\n<li class=\"\" data-start=\"2318\" data-end=\"2365\">\n<p class=\"\" data-start=\"2320\" data-end=\"2365\">M\u00e4nn\u00e4n kosketin: Mikrokytkin, max. 30V DC \/ 1A<\/p>\n<\/li>\n<li class=\"\" data-start=\"2366\" data-end=\"2394\">\n<p class=\"\" data-start=\"2368\" data-end=\"2394\">V\u00e4ri\/viimeistely: ruostumaton ter\u00e4s<\/p>\n<\/li>\n<li class=\"\" data-start=\"2395\" data-end=\"2434\">\n<p class=\"\" data-start=\"2397\" data-end=\"2434\">Arvioinnit: SundaHus, Rakennusmateriaalien arviointi<\/p>\n<\/li>\n<\/ul>","protected":false},"excerpt":{"rendered":"<p>T\u00e4\u00e4lt\u00e4 n\u00e4et, mitk\u00e4 pylv\u00e4\u00e4t ja mallit sopivat yhteen STEP-sarjan s\u00e4hk\u00f6isist\u00e4 oven pys\u00e4yttimist\u00e4.<\/p>\n<h5><strong><a href=\"https:\/\/steplock.com\/sv\/stolpguide\/#!?lang=sv&amp;blog_id=1&amp;paged=1&amp;number=50\" target=\"_blank\" rel=\"noopener\">STEP Viestiopas\u00a0<\/a><\/strong><\/h5>\n<h5><strong><a href=\"https:\/\/steplock.com\/sv\/projekteringsguide\/#!?lang=sv&amp;blog_id=1&amp;paged=1&amp;number=999\" target=\"_blank\" rel=\"noopener\">STEP-suunnitteluopas<\/a><\/strong><\/h5>","protected":false},"featured_media":147448,"template":"","meta":{"_acf_changed":false},"product_brand":[],"product_cat":[3355],"product_tag":[4197,4201],"class_list":{"0":"post-147456","1":"product","2":"type-product","3":"status-publish","4":"has-post-thumbnail","6":"product_cat-elslutbleck","7":"product_tag-24v","8":"product_tag-omvand","9":"product_shipping_class-tunga-paket","10":"pa_brands-step","11":"tm-no-options","13":"first","14":"instock","15":"sale","16":"taxable","17":"shipping-taxable","18":"purchasable","19":"product-type-simple"},"acf":[],"_links":{"self":[{"href":"https:\/\/secureus.se\/fi\/wp-json\/wp\/v2\/product\/147456","targetHints":{"allow":["GET"]}}],"collection":[{"href":"https:\/\/secureus.se\/fi\/wp-json\/wp\/v2\/product"}],"about":[{"href":"https:\/\/secureus.se\/fi\/wp-json\/wp\/v2\/types\/product"}],"wp:featuredmedia":[{"embeddable":true,"href":"https:\/\/secureus.se\/fi\/wp-json\/wp\/v2\/media\/147448"}],"wp:attachment":[{"href":"https:\/\/secureus.se\/fi\/wp-json\/wp\/v2\/media?parent=147456"}],"wp:term":[{"taxonomy":"product_brand","embeddable":true,"href":"https:\/\/secureus.se\/fi\/wp-json\/wp\/v2\/product_brand?post=147456"},{"taxonomy":"product_cat","embeddable":true,"href":"https:\/\/secureus.se\/fi\/wp-json\/wp\/v2\/product_cat?post=147456"},{"taxonomy":"product_tag","embeddable":true,"href":"https:\/\/secureus.se\/fi\/wp-json\/wp\/v2\/product_tag?post=147456"}],"curies":[{"name":"wp","href":"https:\/\/api.w.org\/{rel}","templated":true}]}}