{"id":147458,"date":"2023-09-26T13:08:33","date_gmt":"2023-09-26T11:08:33","guid":{"rendered":"https:\/\/secureus.se\/elslutbleck-step-48-rattvand-24v-kolvkontakt\/"},"modified":"2026-03-26T09:45:01","modified_gmt":"2026-03-26T08:45:01","slug":"elslutbleck-step-48-rattvand-24v-kolvkontakt","status":"publish","type":"product","link":"https:\/\/secureus.se\/fi\/elslutbleck-step-48-rattvand-24v-kolvkontakt\/","title":{"rendered":"S\u00e4hk\u00f6inen vastalevy STEP 48 Oikealle p\u00e4in 24 V m\u00e4nt\u00e4kosketin"},"content":{"rendered":"<h1>S\u00e4hk\u00f6inen vastalevy STEP 48 Oikealle p\u00e4in 24 V m\u00e4nt\u00e4kosketin<\/h1>\n<p>STEP 48 Preload on kompakti s\u00e4hk\u00f6inen p\u00e4\u00e4tylevy pystyasennossa ja m\u00e4nt\u00e4koskettimella. Liuskatulostustekniikan, 24 V:n toiminnan ja s\u00e4\u00e4nn\u00f6n ilmaisun tuen ansiosta se sopii t\u00e4ydellisesti turvallisiin ja hiljaisiin asennuksiin, joissa on nuppi- tai avainlukko.<\/p>\n<p>S\u00e4hk\u00f6inen iskulevy STEP 48 Preload on s\u00e4hk\u00f6inen iskulevy, jossa yhdistyv\u00e4t korkea turvallisuus ja kompakti muotoilu, ja se sopii erinomaisesti nupilla tai avaimella lukittaviin oviin.<\/p>\n<p>Se on varustettu STEPin patentoidulla nauhapainetekniikalla, joka mahdollistaa oven avautumisen jopa 40 kg:n nauhapaineen alaisena, mik\u00e4 takaa turvallisen ja luotettavan toiminnan jokap\u00e4iv\u00e4isess\u00e4 k\u00e4yt\u00f6ss\u00e4.<\/p>\n<p class=\"\" data-start=\"921\" data-end=\"1244\">Pystytoiminnolla - lukittuna j\u00e4nnitteett\u00f6m\u00e4\u00e4n asentoon - ja 24 V:n k\u00e4ytt\u00f6j\u00e4nnitteell\u00e4 STEP 48 t\u00e4ytt\u00e4\u00e4 turvallisuusvaatimukset esimerkiksi asuntojen sis\u00e4\u00e4nk\u00e4ynneiss\u00e4, sis\u00e4ovissa, kulkuovissa tai teknisiss\u00e4 tiloissa.<\/p>\n<p class=\"\" data-start=\"921\" data-end=\"1244\">Se on k\u00e4\u00e4nnett\u00e4v\u00e4 sopivaksi sek\u00e4 oikealle ett\u00e4 vasemmalle ripustetuille oville, ja se voidaan avata sek\u00e4 koukku- ett\u00e4 suoraviivaimella.<\/p>\n<p class=\"\" data-start=\"1246\" data-end=\"1623\">S\u00e4hk\u00f6inen p\u00e4\u00e4tylevy on varustettu m\u00e4nt\u00e4koskettimella, joka ilmaisee oven tilan (auki\/kiinni), mik\u00e4 helpottaa liitt\u00e4mist\u00e4 kulkuj\u00e4rjestelm\u00e4\u00e4n tai h\u00e4lyttimeen.<\/p>\n<p class=\"\" data-start=\"1246\" data-end=\"1623\">Se on my\u00f6s nakutusta est\u00e4v\u00e4, siin\u00e4 on sis\u00e4\u00e4nrakennettu suojadiodi ja se on yhteensopiva valinnaisen merkkivalon ST4880 kanssa, joka mahdollistaa oviautomaation tai koodilukon automaattisen lukituksen mekaanisen lukituksen yhteydess\u00e4.<\/p>\n<p class=\"\" data-start=\"1625\" data-end=\"1651\"><strong data-start=\"1625\" data-end=\"1651\">Ominaisuudet ja edut:<\/strong><\/p>\n<ul data-start=\"1652\" data-end=\"1965\">\n<li class=\"\" data-start=\"1652\" data-end=\"1695\">\n<p class=\"\" data-start=\"1654\" data-end=\"1695\">Oikealle suunnattu toiminto - lukittu j\u00e4nnitteett\u00f6m\u00e4\u00e4n tilaan<\/p>\n<\/li>\n<li class=\"\" data-start=\"1696\" data-end=\"1731\">\n<p class=\"\" data-start=\"1698\" data-end=\"1731\">M\u00e4nn\u00e4n kosketin tilan valvontaa varten<\/p>\n<\/li>\n<li class=\"\" data-start=\"1732\" data-end=\"1765\">\n<p class=\"\" data-start=\"1734\" data-end=\"1765\">Kest\u00e4\u00e4 nauhan paineen 40 kg asti<\/p>\n<\/li>\n<li class=\"\" data-start=\"1766\" data-end=\"1790\">\n<p class=\"\" data-start=\"1768\" data-end=\"1790\">Murtolujuus 900 kg<\/p>\n<\/li>\n<li class=\"\" data-start=\"1791\" data-end=\"1826\">\n<p class=\"\" data-start=\"1793\" data-end=\"1826\">Kompakti muotoilu - vain 90 mm korkea<\/p>\n<\/li>\n<li class=\"\" data-start=\"1827\" data-end=\"1856\">\n<p class=\"\" data-start=\"1829\" data-end=\"1856\">Suojadiodi ja ylij\u00e4nnitesuoja<\/p>\n<\/li>\n<li class=\"\" data-start=\"1857\" data-end=\"1896\">\n<p class=\"\" data-start=\"1859\" data-end=\"1896\">K\u00e4\u00e4nnett\u00e4v\u00e4 - sopii oikealle\/vasemmalle ovelle<\/p>\n<\/li>\n<li class=\"\" data-start=\"1897\" data-end=\"1925\">\n<p class=\"\" data-start=\"1899\" data-end=\"1925\">Koukkus\u00e4\u00e4nn\u00f6lle ja suoraviivalle<\/p>\n<\/li>\n<li class=\"\" data-start=\"1926\" data-end=\"1965\">\n<p class=\"\" data-start=\"1928\" data-end=\"1965\">Yhteensopiva s\u00e4\u00e4nt\u00f6merkinn\u00e4n ST4880 kanssa<\/p>\n<\/li>\n<\/ul>\n<p class=\"\" data-start=\"1967\" data-end=\"2145\"><strong data-start=\"1967\" data-end=\"1990\">K\u00e4ytt\u00f6alueet:<\/strong><br data-start=\"1990\" data-end=\"1993\" \/>Soveltuu nuppi- tai avainlukoilla varustettuihin oviin koteihin, teknisiin tiloihin, sis\u00e4oviin ja muihin tiloihin, joissa vaaditaan k\u00e4ytt\u00f6varmuutta ja kompaktia asennusta.<\/p>\n<p class=\"\" data-start=\"2147\" data-end=\"2176\"><strong data-start=\"2147\" data-end=\"2176\">Tekniset tiedot:<\/strong><\/p>\n<ul data-start=\"2177\" data-end=\"2546\">\n<li class=\"\" data-start=\"2177\" data-end=\"2215\">\n<p class=\"\" data-start=\"2179\" data-end=\"2215\">K\u00e4ytt\u00f6j\u00e4nnite: 24 V DC (21,6-27,6 V)<\/p>\n<\/li>\n<li class=\"\" data-start=\"2216\" data-end=\"2260\">\n<p class=\"\" data-start=\"2218\" data-end=\"2260\">Virrankulutus: 110 mA lukitsematon, max 300 mA<\/p>\n<\/li>\n<li class=\"\" data-start=\"2261\" data-end=\"2308\">\n<p class=\"\" data-start=\"2263\" data-end=\"2308\">M\u00e4nn\u00e4n kosketin: Mikrokytkin, max. 30V DC \/ 1A<\/p>\n<\/li>\n<li class=\"\" data-start=\"2309\" data-end=\"2348\">\n<p class=\"\" data-start=\"2311\" data-end=\"2348\">Oven sarana: Oikea\/vasen (k\u00e4\u00e4nnett\u00e4v\u00e4)<\/p>\n<\/li>\n<li class=\"\" data-start=\"2349\" data-end=\"2380\">\n<p class=\"\" data-start=\"2351\" data-end=\"2380\">Mitat (LxSxK): 25 x 35 x 90 mm<\/p>\n<\/li>\n<li class=\"\" data-start=\"2381\" data-end=\"2406\">\n<p class=\"\" data-start=\"2383\" data-end=\"2406\">Murtolujuus: 900 kg<\/p>\n<\/li>\n<li class=\"\" data-start=\"2407\" data-end=\"2425\">\n<p class=\"\" data-start=\"2409\" data-end=\"2425\">Listan paine: 40 kg<\/p>\n<\/li>\n<li class=\"\" data-start=\"2426\" data-end=\"2443\">\n<p class=\"\" data-start=\"2428\" data-end=\"2443\">Kaapeli: Ei mukana<\/p>\n<\/li>\n<li class=\"\" data-start=\"2444\" data-end=\"2477\">\n<p class=\"\" data-start=\"2446\" data-end=\"2477\">Lukon tyyppi: Yksi- ja kaksinkertainen lukko<\/p>\n<\/li>\n<li class=\"\" data-start=\"2478\" data-end=\"2506\">\n<p class=\"\" data-start=\"2480\" data-end=\"2506\">V\u00e4ri\/viimeistely: ruostumaton ter\u00e4s<\/p>\n<\/li>\n<li class=\"\" data-start=\"2507\" data-end=\"2546\">\n<p class=\"\" data-start=\"2509\" data-end=\"2546\">Arvioinnit: SundaHus, Rakennusmateriaalien arviointi<\/p>\n<\/li>\n<\/ul>","protected":false},"excerpt":{"rendered":"<p>T\u00e4\u00e4lt\u00e4 n\u00e4et, mitk\u00e4 pylv\u00e4\u00e4t ja mallit sopivat yhteen STEP-sarjan s\u00e4hk\u00f6isist\u00e4 oven pys\u00e4yttimist\u00e4.<\/p>\n<h5><strong><a href=\"https:\/\/steplock.com\/sv\/stolpguide\/#!?lang=sv&amp;blog_id=1&amp;paged=1&amp;number=50\" target=\"_blank\" rel=\"noopener\">STEP Viestiopas\u00a0<\/a><\/strong><\/h5>\n<h5><strong><a href=\"https:\/\/steplock.com\/sv\/projekteringsguide\/#!?lang=sv&amp;blog_id=1&amp;paged=1&amp;number=999\" target=\"_blank\" rel=\"noopener\">STEP-suunnitteluopas<\/a><\/strong><\/h5>","protected":false},"featured_media":147457,"template":"","meta":{"_acf_changed":false},"product_brand":[],"product_cat":[3355],"product_tag":[4197,4200],"class_list":{"0":"post-147458","1":"product","2":"type-product","3":"status-publish","4":"has-post-thumbnail","6":"product_cat-elslutbleck","7":"product_tag-24v","8":"product_tag-rattvand","9":"product_shipping_class-tunga-paket","10":"pa_brands-step","11":"tm-no-options","13":"first","14":"instock","15":"sale","16":"taxable","17":"shipping-taxable","18":"purchasable","19":"product-type-simple"},"acf":[],"_links":{"self":[{"href":"https:\/\/secureus.se\/fi\/wp-json\/wp\/v2\/product\/147458","targetHints":{"allow":["GET"]}}],"collection":[{"href":"https:\/\/secureus.se\/fi\/wp-json\/wp\/v2\/product"}],"about":[{"href":"https:\/\/secureus.se\/fi\/wp-json\/wp\/v2\/types\/product"}],"wp:featuredmedia":[{"embeddable":true,"href":"https:\/\/secureus.se\/fi\/wp-json\/wp\/v2\/media\/147457"}],"wp:attachment":[{"href":"https:\/\/secureus.se\/fi\/wp-json\/wp\/v2\/media?parent=147458"}],"wp:term":[{"taxonomy":"product_brand","embeddable":true,"href":"https:\/\/secureus.se\/fi\/wp-json\/wp\/v2\/product_brand?post=147458"},{"taxonomy":"product_cat","embeddable":true,"href":"https:\/\/secureus.se\/fi\/wp-json\/wp\/v2\/product_cat?post=147458"},{"taxonomy":"product_tag","embeddable":true,"href":"https:\/\/secureus.se\/fi\/wp-json\/wp\/v2\/product_tag?post=147458"}],"curies":[{"name":"wp","href":"https:\/\/api.w.org\/{rel}","templated":true}]}}