{"id":147460,"date":"2023-09-26T13:08:30","date_gmt":"2023-09-26T11:08:30","guid":{"rendered":"https:\/\/secureus.se\/elslutbleck-step-98-rattvand-24v-kolvkontakt\/"},"modified":"2026-04-08T16:15:30","modified_gmt":"2026-04-08T14:15:30","slug":"elslutbleck-step-98-rattvand-24v-kolvkontakt","status":"publish","type":"product","link":"https:\/\/secureus.se\/fi\/elslutbleck-step-98-rattvand-24v-kolvkontakt\/","title":{"rendered":"S\u00e4hk\u00f6inen vastalevy STEP 98 Oikealle p\u00e4in 24 V m\u00e4nt\u00e4kosketin"},"content":{"rendered":"<h1>S\u00e4hk\u00f6inen vastalevy STEP 98 Oikealle p\u00e4in 24 V m\u00e4nt\u00e4kosketin<\/h1>\n<p>STEP 98 Preload on kompakti ja paloturvallinen s\u00e4hk\u00f6inen p\u00e4\u00e4tylevy, jossa on oikealle suunnattu toiminto ja m\u00e4nt\u00e4kosketin. Liuskapainotekniikan, 24 V:n toiminnan ja s\u00e4\u00e4t\u00f6mahdollisuuden ansiosta se sopii t\u00e4ydellisesti nupilla tai avaimella lukittaviin oviin.<\/p>\n<p>S\u00e4hk\u00f6inen iskulevy STEP 98 Preload on STEPin Preload-sarjan s\u00e4hk\u00f6inen iskulevy, jossa yhdistyv\u00e4t korkea luotettavuus ja kompakti muotoilu k\u00e4ytett\u00e4v\u00e4ksi oviymp\u00e4rist\u00f6iss\u00e4, joissa on nuppi- tai avainlukko.<\/p>\n<p>Oikealle suunnatulla toiminnolla \u2013 mik\u00e4 tarkoittaa, ett\u00e4 lukko on lukittu j\u00e4nnitteett\u00f6m\u00e4\u00e4n asentoon \u2013 se t\u00e4ytt\u00e4\u00e4 korkeat turvallisuusvaatimukset toimistoille, teknisille tiloille ja usean asunnon sis\u00e4\u00e4nk\u00e4ynneille.<\/p>\n<p class=\"\" data-start=\"885\" data-end=\"1244\">STEPin patentoidun nauhapainetekniikan ansiosta ovi voidaan avata jopa 40 kg:n nauhapaineella ja s\u00e4hk\u00f6inen p\u00e4\u00e4tylevy on paloluokitettu E\/EI120 asti standardin SS-EN 14846:2008 mukaan.<\/p>\n<p class=\"\" data-start=\"885\" data-end=\"1244\">Integroitu m\u00e4nt\u00e4kosketin n\u00e4ytt\u00e4\u00e4 oven tilan (auki\/kiinni), mik\u00e4 tekee STEP 98:sta ihanteellisen liitett\u00e4viksi kulku- tai h\u00e4lytysj\u00e4rjestelmiin.<\/p>\n<p class=\"\" data-start=\"1246\" data-end=\"1637\">STEP 98:n murtolujuus on 9 kN (900 kg) ja se tukee sek\u00e4 koukku- ett\u00e4 suoraviivainta, joten se tarjoaa vankan ratkaisun p\u00e4ivitt\u00e4iseen k\u00e4ytt\u00f6\u00f6n. S\u00e4hk\u00f6inen p\u00e4\u00e4tylevy on k\u00e4\u00e4nnett\u00e4v\u00e4 oikea- ja vasenk\u00e4tisille oville, iskunkest\u00e4v\u00e4 ja siin\u00e4 on sis\u00e4\u00e4nrakennettu suojadiodi.<\/p>\n<p class=\"\" data-start=\"1246\" data-end=\"1637\">On my\u00f6s mahdollisuus t\u00e4ydent\u00e4\u00e4 merkkivalolla ST4880 oviautomaation automaattista lukitusta tai koodilukkoa varten mekaanisen lukituksen yhteydess\u00e4.<\/p>\n<p class=\"\" data-start=\"1639\" data-end=\"1665\"><strong data-start=\"1639\" data-end=\"1665\">Ominaisuudet ja edut:<\/strong><\/p>\n<ul data-start=\"1666\" data-end=\"1975\">\n<li class=\"\" data-start=\"1666\" data-end=\"1703\">\n<p class=\"\" data-start=\"1668\" data-end=\"1703\">Oikealle suunnattu toiminto - lukittu ilman virtaa<\/p>\n<\/li>\n<li class=\"\" data-start=\"1704\" data-end=\"1751\">\n<p class=\"\" data-start=\"1706\" data-end=\"1751\">M\u00e4nn\u00e4n kosketin oven tilan valvontaa varten<\/p>\n<\/li>\n<li class=\"\" data-start=\"1752\" data-end=\"1772\">\n<p class=\"\" data-start=\"1754\" data-end=\"1772\">Paloluokka E\/EI120<\/p>\n<\/li>\n<li class=\"\" data-start=\"1773\" data-end=\"1806\">\n<p class=\"\" data-start=\"1775\" data-end=\"1806\">Kest\u00e4\u00e4 nauhan paineen 40 kg asti<\/p>\n<\/li>\n<li class=\"\" data-start=\"1807\" data-end=\"1839\">\n<p class=\"\" data-start=\"1809\" data-end=\"1839\">Murtolujuus: 9 kN (900 kg)<\/p>\n<\/li>\n<li class=\"\" data-start=\"1840\" data-end=\"1871\">\n<p class=\"\" data-start=\"1842\" data-end=\"1871\">Sopii koukku- ja suoraviivaan<\/p>\n<\/li>\n<li class=\"\" data-start=\"1872\" data-end=\"1910\">\n<p class=\"\" data-start=\"1874\" data-end=\"1910\">Yhteensopiva s\u00e4\u00e4nt\u00f6ilmaisimen ST4880 kanssa<\/p>\n<\/li>\n<li class=\"\" data-start=\"1911\" data-end=\"1939\">\n<p class=\"\" data-start=\"1913\" data-end=\"1939\">Suojadiodi ja nakutuksenestosuoja<\/p>\n<\/li>\n<li class=\"\" data-start=\"1940\" data-end=\"1975\">\n<p class=\"\" data-start=\"1942\" data-end=\"1975\">K\u00e4\u00e4nnett\u00e4v\u00e4 - oikealle\/vasemmalle ovelle<\/p>\n<\/li>\n<\/ul>\n<p class=\"\" data-start=\"1977\" data-end=\"2155\"><strong data-start=\"1977\" data-end=\"2000\">K\u00e4ytt\u00f6alueet:<\/strong><br data-start=\"2000\" data-end=\"2003\" \/>Ihanteellinen oviin, jotka on lukittu nupilla tai avaimella, esim. toimistot, tekniset tilat, varastotilat ja sis\u00e4ovet, joissa yhdistyv\u00e4t korkeat luotettavuus- ja palovaatimukset.<\/p>\n<p class=\"\" data-start=\"2157\" data-end=\"2186\"><strong data-start=\"2157\" data-end=\"2186\">Tekniset tiedot:<\/strong><\/p>\n<ul data-start=\"2187\" data-end=\"2556\">\n<li class=\"\" data-start=\"2187\" data-end=\"2225\">\n<p class=\"\" data-start=\"2189\" data-end=\"2225\">K\u00e4ytt\u00f6j\u00e4nnite: 24 V DC (21,6-27,6 V)<\/p>\n<\/li>\n<li class=\"\" data-start=\"2226\" data-end=\"2270\">\n<p class=\"\" data-start=\"2228\" data-end=\"2270\">Virrankulutus: 110 mA lukitsematon, max 300 mA<\/p>\n<\/li>\n<li class=\"\" data-start=\"2271\" data-end=\"2318\">\n<p class=\"\" data-start=\"2273\" data-end=\"2318\">M\u00e4nn\u00e4n kosketin: Mikrokytkin, max. 30V DC \/ 1A<\/p>\n<\/li>\n<li class=\"\" data-start=\"2319\" data-end=\"2358\">\n<p class=\"\" data-start=\"2321\" data-end=\"2358\">Oven sarana: Oikea\/vasen (k\u00e4\u00e4nnett\u00e4v\u00e4)<\/p>\n<\/li>\n<li class=\"\" data-start=\"2359\" data-end=\"2390\">\n<p class=\"\" data-start=\"2361\" data-end=\"2390\">Mitat (LxSxK): 25 x 35 x 90 mm<\/p>\n<\/li>\n<li class=\"\" data-start=\"2391\" data-end=\"2416\">\n<p class=\"\" data-start=\"2393\" data-end=\"2416\">Murtolujuus: 900 kg<\/p>\n<\/li>\n<li class=\"\" data-start=\"2417\" data-end=\"2435\">\n<p class=\"\" data-start=\"2419\" data-end=\"2435\">Listan paine: 40 kg<\/p>\n<\/li>\n<li class=\"\" data-start=\"2436\" data-end=\"2453\">\n<p class=\"\" data-start=\"2438\" data-end=\"2453\">Kaapeli: Ei mukana<\/p>\n<\/li>\n<li class=\"\" data-start=\"2454\" data-end=\"2487\">\n<p class=\"\" data-start=\"2456\" data-end=\"2487\">Lukon tyyppi: Yksi- ja kaksinkertainen lukko<\/p>\n<\/li>\n<li class=\"\" data-start=\"2488\" data-end=\"2516\">\n<p class=\"\" data-start=\"2490\" data-end=\"2516\">V\u00e4ri\/viimeistely: ruostumaton ter\u00e4s<\/p>\n<\/li>\n<li class=\"\" data-start=\"2517\" data-end=\"2556\">\n<p class=\"\" data-start=\"2519\" data-end=\"2556\">Arvioinnit: SundaHus, Rakennusmateriaalien arviointi<\/p>\n<\/li>\n<\/ul>","protected":false},"excerpt":{"rendered":"<p>T\u00e4\u00e4lt\u00e4 n\u00e4et, mitk\u00e4 pylv\u00e4\u00e4t ja mallit sopivat yhteen STEP-sarjan s\u00e4hk\u00f6isist\u00e4 oven pys\u00e4yttimist\u00e4.<\/p>\n<h5><strong><a href=\"https:\/\/steplock.com\/sv\/stolpguide\/#!?lang=sv&amp;blog_id=1&amp;paged=1&amp;number=50\" target=\"_blank\" rel=\"noopener\">STEP Viestiopas\u00a0<\/a><\/strong><\/h5>\n<h5><strong><a href=\"https:\/\/steplock.com\/sv\/projekteringsguide\/#!?lang=sv&amp;blog_id=1&amp;paged=1&amp;number=999\" target=\"_blank\" rel=\"noopener\">STEP-suunnitteluopas<\/a><\/strong><\/h5>","protected":false},"featured_media":147459,"template":"","meta":{"_acf_changed":false},"product_brand":[],"product_cat":[3355],"product_tag":[4197,4200],"class_list":{"0":"post-147460","1":"product","2":"type-product","3":"status-publish","4":"has-post-thumbnail","6":"product_cat-elslutbleck","7":"product_tag-24v","8":"product_tag-rattvand","9":"product_shipping_class-tunga-paket","10":"pa_brands-step","11":"tm-no-options","13":"first","14":"instock","15":"sale","16":"taxable","17":"shipping-taxable","18":"purchasable","19":"product-type-simple"},"acf":[],"_links":{"self":[{"href":"https:\/\/secureus.se\/fi\/wp-json\/wp\/v2\/product\/147460","targetHints":{"allow":["GET"]}}],"collection":[{"href":"https:\/\/secureus.se\/fi\/wp-json\/wp\/v2\/product"}],"about":[{"href":"https:\/\/secureus.se\/fi\/wp-json\/wp\/v2\/types\/product"}],"wp:featuredmedia":[{"embeddable":true,"href":"https:\/\/secureus.se\/fi\/wp-json\/wp\/v2\/media\/147459"}],"wp:attachment":[{"href":"https:\/\/secureus.se\/fi\/wp-json\/wp\/v2\/media?parent=147460"}],"wp:term":[{"taxonomy":"product_brand","embeddable":true,"href":"https:\/\/secureus.se\/fi\/wp-json\/wp\/v2\/product_brand?post=147460"},{"taxonomy":"product_cat","embeddable":true,"href":"https:\/\/secureus.se\/fi\/wp-json\/wp\/v2\/product_cat?post=147460"},{"taxonomy":"product_tag","embeddable":true,"href":"https:\/\/secureus.se\/fi\/wp-json\/wp\/v2\/product_tag?post=147460"}],"curies":[{"name":"wp","href":"https:\/\/api.w.org\/{rel}","templated":true}]}}