{"id":147462,"date":"2023-09-26T13:08:25","date_gmt":"2023-09-26T11:08:25","guid":{"rendered":"https:\/\/secureus.se\/elslutbleck-step-30-rattvand-24v\/"},"modified":"2026-04-08T16:06:37","modified_gmt":"2026-04-08T14:06:37","slug":"elslutbleck-step-30-rattvand-24v","status":"publish","type":"product","link":"https:\/\/secureus.se\/fi\/elslutbleck-step-30-rattvand-24v\/","title":{"rendered":"S\u00e4hk\u00f6inen vastalevy STEP 30 Oikealle p\u00e4in 24V"},"content":{"rendered":"<h1>S\u00e4hk\u00f6inen vastalevy STEP 30 Oikealle p\u00e4in 24V<\/h1>\n<p>STEP 30 Preload on kompakti s\u00e4hk\u00f6isku, jossa on eteenp\u00e4in suuntautuva toiminto, joka on erityisesti sovitettu korvaamaan yksinkertaisemmat s\u00e4hk\u00f6iskut vanhemmissa oviymp\u00e4rist\u00f6iss\u00e4. Nauhapainetekniikalla, 24V toiminnalla ja 500 kg murtolujuudella.<\/p>\n<p>STEP 30 Preload Electric Strike on minimaalinen s\u00e4hk\u00f6isku STEPin Preload-sarjasta, joka on suunniteltu korvaamaan yksinkertaisemmat s\u00e4hk\u00f6iskut olemassa olevissa oviymp\u00e4rist\u00f6iss\u00e4 ilman suurempia toimenpiteit\u00e4.<\/p>\n<p>Kompaktin rakenteen ansiosta se on helppo asentaa vanhempiin ovilohkoihin tai kapeisiin syvennyksiin, kun taas STEPin patentoitu liuskapainetekniikka varmistaa, ett\u00e4 ovi avautuu, vaikka ovilehteen kohdistuu painetta.<\/p>\n<p class=\"\" data-start=\"869\" data-end=\"1170\">K\u00e4\u00e4nnett\u00e4v\u00e4ll\u00e4 toiminnolla \u2013 eli lukko lukitaan s\u00e4hk\u00f6katkon sattuessa \u2013 STEP 30 sopii tiloihin, joissa turvallinen lukitus on etusijalla.<\/p>\n<p class=\"\" data-start=\"869\" data-end=\"1170\">Se kest\u00e4\u00e4 jopa 40 kg:n nauhapainetta ja sen murtolujuus on 5 kN (500 kg), joten se on luotettava valinta yksinkertaisempiin sis\u00e4isiin turvavy\u00f6hykkeisiin.<\/p>\n<p class=\"\" data-start=\"1172\" data-end=\"1415\">S\u00e4hk\u00f6isku on k\u00e4\u00e4nnett\u00e4viss\u00e4 oikean- ja vasemmanpuoleisissa ovissa, ja siin\u00e4 on sis\u00e4\u00e4nrakennettu suojadiodi ja nakutussuoja.<\/p>\n<p class=\"\" data-start=\"1172\" data-end=\"1415\">Se toimitetaan ilman m\u00e4nt\u00e4kosketinta, mik\u00e4 tekee STEP 30:sta k\u00e4tev\u00e4n ja kustannustehokkaan vaihtoehdon, kun indikaatiota ei tarvita.<\/p>\n<p class=\"\" data-start=\"1417\" data-end=\"1443\"><strong data-start=\"1417\" data-end=\"1443\">Ominaisuudet ja edut:<\/strong><\/p>\n<ul data-start=\"1444\" data-end=\"1761\">\n<li class=\"\" data-start=\"1444\" data-end=\"1497\">\n<p class=\"\" data-start=\"1446\" data-end=\"1497\">Kompakti muotoilu \u2013 sopii vanhoihin oviin ja syvennyksiin<\/p>\n<\/li>\n<li class=\"\" data-start=\"1498\" data-end=\"1542\">\n<p class=\"\" data-start=\"1500\" data-end=\"1542\">Oikealle suunnattu toiminto \u2013 lukittu s\u00e4hk\u00f6katkon sattuessa<\/p>\n<\/li>\n<li class=\"\" data-start=\"1543\" data-end=\"1562\">\n<p class=\"\" data-start=\"1545\" data-end=\"1562\">24V k\u00e4ytt\u00f6j\u00e4nnite<\/p>\n<\/li>\n<li class=\"\" data-start=\"1563\" data-end=\"1608\">\n<p class=\"\" data-start=\"1565\" data-end=\"1608\">Nauhapainetekniikka \u2013 avautuu 40 kg:n paineesta huolimatta<\/p>\n<\/li>\n<li class=\"\" data-start=\"1609\" data-end=\"1640\">\n<p class=\"\" data-start=\"1611\" data-end=\"1640\">Murtolujuus 5 kN (500 kg)<\/p>\n<\/li>\n<li class=\"\" data-start=\"1641\" data-end=\"1680\">\n<p class=\"\" data-start=\"1643\" data-end=\"1680\">Iskunkest\u00e4v\u00e4 ja integroitu suojadiodi<\/p>\n<\/li>\n<li class=\"\" data-start=\"1681\" data-end=\"1723\">\n<p class=\"\" data-start=\"1683\" data-end=\"1723\">K\u00e4\u00e4nnett\u00e4v\u00e4 \u2013 oikealle ja vasemmalle ripustettavat ovet<\/p>\n<\/li>\n<li class=\"\" data-start=\"1724\" data-end=\"1761\">\n<p class=\"\" data-start=\"1726\" data-end=\"1761\">Sopii yksi- ja kaksilehtisille lukoksille<\/p>\n<\/li>\n<\/ul>\n<p class=\"\" data-start=\"1763\" data-end=\"1934\"><strong data-start=\"1763\" data-end=\"1786\">K\u00e4ytt\u00f6alueet:<\/strong><br data-start=\"1786\" data-end=\"1789\" \/>T\u00e4ydellinen toimistoihin, varastotiloihin ja vanhoihin rakennuksiin, joissa tarvitaan yksinkertainen p\u00e4ivitys olemassa olevaan s\u00e4hk\u00f6lakkoon toimintavarmuutta tinkim\u00e4tt\u00e4.<\/p>\n<p class=\"\" data-start=\"1936\" data-end=\"1965\"><strong data-start=\"1936\" data-end=\"1965\">Tekniset tiedot:<\/strong><\/p>\n<ul data-start=\"1966\" data-end=\"2308\">\n<li class=\"\" data-start=\"1966\" data-end=\"2004\">\n<p class=\"\" data-start=\"1968\" data-end=\"2004\">K\u00e4ytt\u00f6j\u00e4nnite: 24 V DC (21,6-27,6 V)<\/p>\n<\/li>\n<li class=\"\" data-start=\"2005\" data-end=\"2049\">\n<p class=\"\" data-start=\"2007\" data-end=\"2049\">Virrankulutus: 110 mA lukitsematon, max 300 mA<\/p>\n<\/li>\n<li class=\"\" data-start=\"2050\" data-end=\"2089\">\n<p class=\"\" data-start=\"2052\" data-end=\"2089\">Oven sarana: Oikea\/vasen (k\u00e4\u00e4nnett\u00e4v\u00e4)<\/p>\n<\/li>\n<li class=\"\" data-start=\"2090\" data-end=\"2123\">\n<p class=\"\" data-start=\"2092\" data-end=\"2123\">Mitat (LxSxK): 20,5 x 28 x 99 mm<\/p>\n<\/li>\n<li class=\"\" data-start=\"2124\" data-end=\"2149\">\n<p class=\"\" data-start=\"2126\" data-end=\"2149\">Murtolujuus: 500 kg<\/p>\n<\/li>\n<li class=\"\" data-start=\"2150\" data-end=\"2168\">\n<p class=\"\" data-start=\"2152\" data-end=\"2168\">Listan paine: 40 kg<\/p>\n<\/li>\n<li class=\"\" data-start=\"2169\" data-end=\"2187\">\n<p class=\"\" data-start=\"2171\" data-end=\"2187\">M\u00e4nn\u00e4n kosketin: Ei<\/p>\n<\/li>\n<li class=\"\" data-start=\"2188\" data-end=\"2205\">\n<p class=\"\" data-start=\"2190\" data-end=\"2205\">Kaapeli: Ei mukana<\/p>\n<\/li>\n<li class=\"\" data-start=\"2206\" data-end=\"2239\">\n<p class=\"\" data-start=\"2208\" data-end=\"2239\">Lukon tyyppi: Yksi- ja kaksinkertainen lukko<\/p>\n<\/li>\n<li class=\"\" data-start=\"2240\" data-end=\"2268\">\n<p class=\"\" data-start=\"2242\" data-end=\"2268\">V\u00e4ri\/viimeistely: ruostumaton ter\u00e4s<\/p>\n<\/li>\n<li class=\"\" data-start=\"2269\" data-end=\"2308\">\n<p class=\"\" data-start=\"2271\" data-end=\"2308\">Arvioinnit: SundaHus, Rakennusmateriaalien arviointi<\/p>\n<\/li>\n<\/ul>","protected":false},"excerpt":{"rendered":"<p>T\u00e4\u00e4lt\u00e4 n\u00e4et, mitk\u00e4 pylv\u00e4\u00e4t ja mallit sopivat yhteen STEP-sarjan s\u00e4hk\u00f6isist\u00e4 oven pys\u00e4yttimist\u00e4.<\/p>\n<h5><strong><a href=\"https:\/\/steplock.com\/sv\/stolpguide\/#!?lang=sv&amp;blog_id=1&amp;paged=1&amp;number=50\" target=\"_blank\" rel=\"noopener\">STEP Viestiopas\u00a0<\/a><\/strong><\/h5>\n<h5><strong><a href=\"https:\/\/steplock.com\/sv\/projekteringsguide\/#!?lang=sv&amp;blog_id=1&amp;paged=1&amp;number=999\" target=\"_blank\" rel=\"noopener\">STEP-suunnitteluopas<\/a><\/strong><\/h5>","protected":false},"featured_media":147461,"template":"","meta":{"_acf_changed":false},"product_brand":[],"product_cat":[3355],"product_tag":[4197,4200],"class_list":{"0":"post-147462","1":"product","2":"type-product","3":"status-publish","4":"has-post-thumbnail","6":"product_cat-elslutbleck","7":"product_tag-24v","8":"product_tag-rattvand","9":"product_shipping_class-tunga-paket","10":"pa_brands-step","11":"tm-no-options","13":"first","14":"instock","15":"sale","16":"taxable","17":"shipping-taxable","18":"purchasable","19":"product-type-simple"},"acf":[],"_links":{"self":[{"href":"https:\/\/secureus.se\/fi\/wp-json\/wp\/v2\/product\/147462","targetHints":{"allow":["GET"]}}],"collection":[{"href":"https:\/\/secureus.se\/fi\/wp-json\/wp\/v2\/product"}],"about":[{"href":"https:\/\/secureus.se\/fi\/wp-json\/wp\/v2\/types\/product"}],"wp:featuredmedia":[{"embeddable":true,"href":"https:\/\/secureus.se\/fi\/wp-json\/wp\/v2\/media\/147461"}],"wp:attachment":[{"href":"https:\/\/secureus.se\/fi\/wp-json\/wp\/v2\/media?parent=147462"}],"wp:term":[{"taxonomy":"product_brand","embeddable":true,"href":"https:\/\/secureus.se\/fi\/wp-json\/wp\/v2\/product_brand?post=147462"},{"taxonomy":"product_cat","embeddable":true,"href":"https:\/\/secureus.se\/fi\/wp-json\/wp\/v2\/product_cat?post=147462"},{"taxonomy":"product_tag","embeddable":true,"href":"https:\/\/secureus.se\/fi\/wp-json\/wp\/v2\/product_tag?post=147462"}],"curies":[{"name":"wp","href":"https:\/\/api.w.org\/{rel}","templated":true}]}}