{"id":147466,"date":"2023-09-26T13:08:24","date_gmt":"2023-09-26T11:08:24","guid":{"rendered":"https:\/\/secureus.se\/elslutbleck-step-40-omstallbar-12v\/"},"modified":"2026-03-26T09:46:32","modified_gmt":"2026-03-26T08:46:32","slug":"elslutbleck-step-40-omstallbar-12v","status":"publish","type":"product","link":"https:\/\/secureus.se\/fi\/elslutbleck-step-40-omstallbar-12v\/","title":{"rendered":"S\u00e4hk\u00f6isku STEP 40 S\u00e4\u00e4dett\u00e4v\u00e4 12V"},"content":{"rendered":"<h1>S\u00e4hk\u00f6isku STEP 40 S\u00e4\u00e4dett\u00e4v\u00e4 12V<\/h1>\n<p>STEP 40 Preload on kompakti ja s\u00e4\u00e4dett\u00e4v\u00e4 s\u00e4hk\u00f6isku, jossa on 12 V:n toiminta, HPR-tekniikka ja korkea murtolujuus. Joustava toiminto, joka voidaan asettaa eteenp\u00e4in tai taaksep\u00e4in. T\u00e4ydellinen oville, joilla on korkeat vaatimukset k\u00e4ytt\u00f6varmuudelle.<\/p>\n<p>STEP 40 Preload Electric Strike on monipuolinen ja luotettava STEPin Preload-sarjan s\u00e4hk\u00f6isku, joka on suunniteltu toimimaan vaativissa oviymp\u00e4rist\u00f6iss\u00e4, joissa korkea avautumistaajuus ja turvallinen toiminta ovat t\u00e4rkeit\u00e4.<\/p>\n<p>T\u00e4m\u00e4 versio on k\u00e4\u00e4nnett\u00e4viss\u00e4 eteenp\u00e4in- ja taaksep\u00e4in-toiminnon v\u00e4lill\u00e4, mik\u00e4 tarkoittaa, ett\u00e4 voit helposti valita, lukitaanko vai avataanko lukko s\u00e4hk\u00f6katkon sattuessa - ilman, ett\u00e4 sinun tarvitsee vaihtaa tuotetta.<\/p>\n<p data-start=\"910\" data-end=\"1301\">STEP 40 on varustettu patentoidulla HPR\u00ae-tekniikalla, joka mahdollistaa lukituksen avaamisen jopa 250 kg:n liuskapaineen alaisena. S\u00e4hk\u00f6iskun murtolujuus on 1200 kg, joten se on suunniteltu tarjoamaan pitk\u00e4kestoista ja turvallista toimintaa my\u00f6s intensiivisess\u00e4 k\u00e4yt\u00f6ss\u00e4.<\/p>\n<p data-start=\"910\" data-end=\"1301\">Tuote on tehtaalla testattu 1 500 000 syklin ajan, joten se on ihanteellinen korkean suorituskyvyn oviin.<\/p>\n<p data-start=\"1303\" data-end=\"1529\">Kompakti koko ja k\u00e4\u00e4nnett\u00e4v\u00e4 rakenne tekev\u00e4t asennuksesta helppoa sek\u00e4 oikealle ett\u00e4 vasemmalle ripustettuihin oviin.<\/p>\n<p data-start=\"1303\" data-end=\"1529\">S\u00e4hk\u00f6inen iskulevy on my\u00f6s peukaloinninkest\u00e4v\u00e4, siin\u00e4 on sis\u00e4\u00e4nrakennettu suojadiodi ja se sopii sek\u00e4 yksi- ett\u00e4 kaksilehtisiin lukoihin.<\/p>\n<p class=\"\" data-start=\"1531\" data-end=\"1557\"><strong data-start=\"1531\" data-end=\"1557\">Ominaisuudet ja edut:<\/strong><\/p>\n<ul data-start=\"1558\" data-end=\"1875\">\n<li class=\"\" data-start=\"1558\" data-end=\"1608\">\n<p class=\"\" data-start=\"1560\" data-end=\"1608\">K\u00e4\u00e4nnett\u00e4v\u00e4 toiminto \u2013 valitse eteen tai taaksep\u00e4in<\/p>\n<\/li>\n<li class=\"\" data-start=\"1609\" data-end=\"1654\">\n<p class=\"\" data-start=\"1611\" data-end=\"1654\">Kompakti ja k\u00e4\u00e4nnett\u00e4v\u00e4 oikealle\/vasemmalle ovelle<\/p>\n<\/li>\n<li class=\"\" data-start=\"1655\" data-end=\"1674\">\n<p class=\"\" data-start=\"1657\" data-end=\"1674\">12V k\u00e4ytt\u00f6j\u00e4nnite<\/p>\n<\/li>\n<li class=\"\" data-start=\"1675\" data-end=\"1709\">\n<p class=\"\" data-start=\"1677\" data-end=\"1709\">Kest\u00e4\u00e4 puristuspainetta 250 kg asti<\/p>\n<\/li>\n<li class=\"\" data-start=\"1710\" data-end=\"1736\">\n<p class=\"\" data-start=\"1712\" data-end=\"1736\">Murtolujuus 1200 kg<\/p>\n<\/li>\n<li class=\"\" data-start=\"1737\" data-end=\"1782\">\n<p class=\"\" data-start=\"1739\" data-end=\"1782\">HPR\u00ae-tekniikka \u2013 luotettava toiminta my\u00f6s paineen alla<\/p>\n<\/li>\n<li class=\"\" data-start=\"1783\" data-end=\"1812\">\n<p class=\"\" data-start=\"1785\" data-end=\"1812\">Testattu 1 500 000 syklille<\/p>\n<\/li>\n<li class=\"\" data-start=\"1813\" data-end=\"1842\">\n<p class=\"\" data-start=\"1815\" data-end=\"1842\">Suojadiodi ja ylij\u00e4nnitesuoja<\/p>\n<\/li>\n<li class=\"\" data-start=\"1843\" data-end=\"1875\">\n<p class=\"\" data-start=\"1845\" data-end=\"1875\">Sopii yksi- ja kaksoislukkoihin<\/p>\n<\/li>\n<\/ul>\n<p class=\"\" data-start=\"1877\" data-end=\"2078\"><strong data-start=\"1877\" data-end=\"1900\">K\u00e4ytt\u00f6alueet:<\/strong><br data-start=\"1900\" data-end=\"1903\" \/>T\u00e4ydellinen toimistoihin, julkisiin ymp\u00e4rist\u00f6ihin ja kerrostaloihin, joissa tarvitaan kompaktia, joustavaa ja luotettavaa s\u00e4hk\u00f6iskua. Yksinkertainen ratkaisu sek\u00e4 uuteen asennukseen ett\u00e4 j\u00e4lkiasennukseen.<\/p>\n<p class=\"\" data-start=\"2080\" data-end=\"2109\"><strong data-start=\"2080\" data-end=\"2109\">Tekniset tiedot:<\/strong><\/p>\n<ul data-start=\"2110\" data-end=\"2453\">\n<li class=\"\" data-start=\"2110\" data-end=\"2148\">\n<p class=\"\" data-start=\"2112\" data-end=\"2148\">K\u00e4ytt\u00f6j\u00e4nnite: 12 V DC (10,8-13,8 V)<\/p>\n<\/li>\n<li class=\"\" data-start=\"2149\" data-end=\"2193\">\n<p class=\"\" data-start=\"2151\" data-end=\"2193\">Virrankulutus: 220 mA lukitsematon, max 600 mA<\/p>\n<\/li>\n<li class=\"\" data-start=\"2194\" data-end=\"2233\">\n<p class=\"\" data-start=\"2196\" data-end=\"2233\">Oven sarana: Oikea\/vasen (k\u00e4\u00e4nnett\u00e4v\u00e4)<\/p>\n<\/li>\n<li class=\"\" data-start=\"2234\" data-end=\"2265\">\n<p class=\"\" data-start=\"2236\" data-end=\"2265\">Mitat (LxSxK): 25 x 28 x 90 mm<\/p>\n<\/li>\n<li class=\"\" data-start=\"2266\" data-end=\"2293\">\n<p class=\"\" data-start=\"2268\" data-end=\"2293\">Murtolujuus: 1200 kg<\/p>\n<\/li>\n<li class=\"\" data-start=\"2294\" data-end=\"2313\">\n<p class=\"\" data-start=\"2296\" data-end=\"2313\">Listan paine: 250 kg<\/p>\n<\/li>\n<li class=\"\" data-start=\"2314\" data-end=\"2331\">\n<p class=\"\" data-start=\"2316\" data-end=\"2331\">Kaapeli: Ei mukana<\/p>\n<\/li>\n<li class=\"\" data-start=\"2332\" data-end=\"2350\">\n<p class=\"\" data-start=\"2334\" data-end=\"2350\">M\u00e4nn\u00e4n kosketin: Ei<\/p>\n<\/li>\n<li class=\"\" data-start=\"2351\" data-end=\"2384\">\n<p class=\"\" data-start=\"2353\" data-end=\"2384\">Lukon tyyppi: Yksi- ja kaksinkertainen lukko<\/p>\n<\/li>\n<li class=\"\" data-start=\"2385\" data-end=\"2413\">\n<p class=\"\" data-start=\"2387\" data-end=\"2413\">V\u00e4ri\/viimeistely: ruostumaton ter\u00e4s<\/p>\n<\/li>\n<li class=\"\" data-start=\"2414\" data-end=\"2453\">\n<p class=\"\" data-start=\"2416\" data-end=\"2453\">Arvioinnit: SundaHus, Rakennusmateriaalien arviointi<\/p>\n<\/li>\n<\/ul>","protected":false},"excerpt":{"rendered":"<p>T\u00e4\u00e4lt\u00e4 n\u00e4et, mitk\u00e4 pylv\u00e4\u00e4t ja mallit sopivat yhteen STEP-sarjan s\u00e4hk\u00f6isist\u00e4 oven pys\u00e4yttimist\u00e4.<\/p>\n<h5><strong><a href=\"https:\/\/steplock.com\/sv\/stolpguide\/#!?lang=sv&amp;blog_id=1&amp;paged=1&amp;number=50\" target=\"_blank\" rel=\"noopener\">STEP Viestiopas\u00a0<\/a><\/strong><\/h5>\n<h5><strong><a href=\"https:\/\/steplock.com\/sv\/projekteringsguide\/#!?lang=sv&amp;blog_id=1&amp;paged=1&amp;number=999\" target=\"_blank\" rel=\"noopener\">STEP-suunnitteluopas<\/a><\/strong><\/h5>","protected":false},"featured_media":147463,"template":"","meta":{"_acf_changed":false},"product_brand":[],"product_cat":[3355],"product_tag":[4198,4202],"class_list":{"0":"post-147466","1":"product","2":"type-product","3":"status-publish","4":"has-post-thumbnail","6":"product_cat-elslutbleck","7":"product_tag-12v","8":"product_tag-omstallbar-rattvand-omvand","9":"product_shipping_class-tunga-paket","10":"pa_brands-step","11":"tm-no-options","13":"first","14":"instock","15":"sale","16":"taxable","17":"shipping-taxable","18":"purchasable","19":"product-type-simple"},"acf":[],"_links":{"self":[{"href":"https:\/\/secureus.se\/fi\/wp-json\/wp\/v2\/product\/147466","targetHints":{"allow":["GET"]}}],"collection":[{"href":"https:\/\/secureus.se\/fi\/wp-json\/wp\/v2\/product"}],"about":[{"href":"https:\/\/secureus.se\/fi\/wp-json\/wp\/v2\/types\/product"}],"wp:featuredmedia":[{"embeddable":true,"href":"https:\/\/secureus.se\/fi\/wp-json\/wp\/v2\/media\/147463"}],"wp:attachment":[{"href":"https:\/\/secureus.se\/fi\/wp-json\/wp\/v2\/media?parent=147466"}],"wp:term":[{"taxonomy":"product_brand","embeddable":true,"href":"https:\/\/secureus.se\/fi\/wp-json\/wp\/v2\/product_brand?post=147466"},{"taxonomy":"product_cat","embeddable":true,"href":"https:\/\/secureus.se\/fi\/wp-json\/wp\/v2\/product_cat?post=147466"},{"taxonomy":"product_tag","embeddable":true,"href":"https:\/\/secureus.se\/fi\/wp-json\/wp\/v2\/product_tag?post=147466"}],"curies":[{"name":"wp","href":"https:\/\/api.w.org\/{rel}","templated":true}]}}