{"id":147471,"date":"2023-09-26T13:08:21","date_gmt":"2023-09-26T11:08:21","guid":{"rendered":"https:\/\/secureus.se\/elslutbleck-step-18-vanster-rattvand-24v-7mm-regel-connect\/"},"modified":"2026-04-23T12:29:21","modified_gmt":"2026-04-23T10:29:21","slug":"elslutbleck-step-18-vanster-rattvand-24v-7mm-regel-connect","status":"publish","type":"product","link":"https:\/\/secureus.se\/fi\/elslutbleck-step-18-vanster-rattvand-24v-7mm-regel-connect\/","title":{"rendered":"S\u00e4hk\u00f6isku VAIHE 18 Vasen Oikea 24V 7mm Rule Connect"},"content":{"rendered":"<h1>S\u00e4hk\u00f6isku VAIHE 18 Vasen Oikea 24V 7mm Rule Connect<\/h1>\n<p>STEP 18 Secure on eritt\u00e4in turvallinen s\u00e4hk\u00f6isku vasempaan ripustetuille oville 7 mm:n liitospultilla. Oikealle suunnattu toiminto, paloluokka E\/EI60, m\u00e4nt\u00e4kosketin ja 5 m kaapeli. Kest\u00e4\u00e4 1500 kg murtolujuuden.<\/p>\n<p>STEPin Secure-sarjan STEP 18 Secure Electric Strike tarjoaa markkinoiden korkeimman turvallisuuden oviymp\u00e4rist\u00f6iss\u00e4, joissa on intensiivinen sis\u00e4\u00e4n- ja ulosk\u00e4ynti.<\/p>\n<p>T\u00e4m\u00e4 versio on sovitettu vasemmalle ripustetuille oville, joissa on 7 mm:n m\u00e4nt\u00e4 Connect-sarjassa, ja se tarjoaa erinomaisen tunkeutumissuojan yhdistettyn\u00e4 nopeaan ja luotettavaan toimintaan.<\/p>\n<p class=\"\" data-start=\"852\" data-end=\"1134\">Oikeak\u00e4tisell\u00e4 toiminnolla (lukittu j\u00e4nnitteett\u00f6m\u00e4\u00e4n asentoon) s\u00e4hk\u00f6isku on ihanteellinen turvaluokiteltuihin oviin, joissa l\u00e4pikulku on sallittu vain j\u00e4nnitteisen k\u00e4yt\u00f6n aikana.<\/p>\n<p class=\"\" data-start=\"852\" data-end=\"1134\">Tuote on palohyv\u00e4ksytty E\/EI60 asti standardin SS-EN 14846 mukaisesti ja hyv\u00e4ksytty ovien lukitsemiseen RC4-turvaluokassa.<\/p>\n<p class=\"\" data-start=\"1136\" data-end=\"1504\">STEP 18 on varustettu sek\u00e4 m\u00e4nt\u00e4kytkimell\u00e4 ett\u00e4 salpakytkimell\u00e4, joka antaa selke\u00e4n tilanilmaisun (auki\/kiinni, lukittu\/auki) ja mahdollistaa saumattoman integroinnin kulunvalvontaj\u00e4rjestelmiin ja h\u00e4lytysratkaisuihin.<\/p>\n<p class=\"\" data-start=\"1136\" data-end=\"1504\">Se kest\u00e4\u00e4 5 kN (500 kg) nauhapainetta ja sen murtolujuus on 15 kN (1500 kg), joten se on ihanteellinen ymp\u00e4rist\u00f6ihin, joissa vaaditaan sek\u00e4 kest\u00e4vyytt\u00e4 ett\u00e4 suorituskyky\u00e4.<\/p>\n<p class=\"\" data-start=\"1506\" data-end=\"1640\">Mukana tulee 5 metrin halogeeniton kaapeli, sis\u00e4\u00e4nrakennettu suojadiodi, ja se on suojattu ulkoisen manipuloinnin est\u00e4miseksi.<\/p>\n<p class=\"\" data-start=\"1642\" data-end=\"1668\"><strong data-start=\"1642\" data-end=\"1668\">Ominaisuudet ja edut:<\/strong><\/p>\n<ul data-start=\"1669\" data-end=\"1952\">\n<li class=\"\" data-start=\"1669\" data-end=\"1702\">\n<p class=\"\" data-start=\"1671\" data-end=\"1702\">7 mm:n nastalle Connect-sarjassa<\/p>\n<\/li>\n<li class=\"\" data-start=\"1703\" data-end=\"1747\">\n<p class=\"\" data-start=\"1705\" data-end=\"1747\">Oikealle suunnattu toiminto \u2013 lukittu s\u00e4hk\u00f6katkon sattuessa<\/p>\n<\/li>\n<li class=\"\" data-start=\"1748\" data-end=\"1767\">\n<p class=\"\" data-start=\"1750\" data-end=\"1767\">Vasen saranoitu ovi<\/p>\n<\/li>\n<li class=\"\" data-start=\"1768\" data-end=\"1807\">\n<p class=\"\" data-start=\"1770\" data-end=\"1807\">Paloluokka E\/EI60 \u2013 testattu 60 minuuttia<\/p>\n<\/li>\n<li class=\"\" data-start=\"1808\" data-end=\"1838\">\n<p class=\"\" data-start=\"1810\" data-end=\"1838\">M\u00e4nn\u00e4n kosketin ja salpakosketin<\/p>\n<\/li>\n<li class=\"\" data-start=\"1839\" data-end=\"1889\">\n<p class=\"\" data-start=\"1841\" data-end=\"1889\">Kest\u00e4\u00e4 500 kg nauhapainetta, 1500 kg murtolujuutta<\/p>\n<\/li>\n<li class=\"\" data-start=\"1890\" data-end=\"1919\">\n<p class=\"\" data-start=\"1892\" data-end=\"1919\">Suojadiodi ja ylij\u00e4nnitesuoja<\/p>\n<\/li>\n<li class=\"\" data-start=\"1920\" data-end=\"1952\">\n<p class=\"\" data-start=\"1922\" data-end=\"1952\">Mukana 5 metrin halogeeniton kaapeli<\/p>\n<\/li>\n<\/ul>\n<p class=\"\" data-start=\"1954\" data-end=\"2110\"><strong data-start=\"1954\" data-end=\"1977\">K\u00e4ytt\u00f6alueet:<\/strong><br data-start=\"1977\" data-end=\"1980\" \/>Soveltuu valtion virastojen, vankiloiden, pankkien ja muiden oviymp\u00e4rist\u00f6jen turvaoviin, joissa korkea turvallisuus ja p\u00e4ivitt\u00e4inen stressi ovat normaalia.<\/p>\n<p class=\"\" data-start=\"2112\" data-end=\"2141\"><strong data-start=\"2112\" data-end=\"2141\">Tekniset tiedot:<\/strong><\/p>\n<ul data-start=\"2142\" data-end=\"2488\">\n<li class=\"\" data-start=\"2142\" data-end=\"2180\">\n<p class=\"\" data-start=\"2144\" data-end=\"2180\">K\u00e4ytt\u00f6j\u00e4nnite: 24 V DC (21,6-27,6 V)<\/p>\n<\/li>\n<li class=\"\" data-start=\"2181\" data-end=\"2213\">\n<p class=\"\" data-start=\"2183\" data-end=\"2213\">Virrankulutus: 313 mA lukitsematon<\/p>\n<\/li>\n<li class=\"\" data-start=\"2214\" data-end=\"2237\">\n<p class=\"\" data-start=\"2216\" data-end=\"2237\">Oven sarana: Vasen<\/p>\n<\/li>\n<li class=\"\" data-start=\"2238\" data-end=\"2259\">\n<p class=\"\" data-start=\"2240\" data-end=\"2259\">Kaapelin pituus: 5 metri\u00e4<\/p>\n<\/li>\n<li class=\"\" data-start=\"2260\" data-end=\"2286\">\n<p class=\"\" data-start=\"2262\" data-end=\"2286\">Murtolujuus: 1500 kg<\/p>\n<\/li>\n<li class=\"\" data-start=\"2287\" data-end=\"2306\">\n<p class=\"\" data-start=\"2289\" data-end=\"2306\">Listan paine: 500 kg<\/p>\n<\/li>\n<li class=\"\" data-start=\"2307\" data-end=\"2339\">\n<p class=\"\" data-start=\"2309\" data-end=\"2339\">Mitat (LxSxK): 35 x 40 x 230 mm<\/p>\n<\/li>\n<li class=\"\" data-start=\"2340\" data-end=\"2371\">\n<p class=\"\" data-start=\"2342\" data-end=\"2371\">Lukon tyyppi: Koukkusalvan lukko, Salpalukko<\/p>\n<\/li>\n<li class=\"\" data-start=\"2372\" data-end=\"2419\">\n<p class=\"\" data-start=\"2374\" data-end=\"2419\">M\u00e4nn\u00e4n kosketin: Mikrokytkin, max. 30V DC \/ 1A<\/p>\n<\/li>\n<li class=\"\" data-start=\"2420\" data-end=\"2448\">\n<p class=\"\" data-start=\"2422\" data-end=\"2448\">V\u00e4ri\/viimeistely: ruostumaton ter\u00e4s<\/p>\n<\/li>\n<li class=\"\" data-start=\"2449\" data-end=\"2488\">\n<p class=\"\" data-start=\"2451\" data-end=\"2488\">Arvioinnit: SundaHus, Rakennusmateriaalien arviointi<\/p>\n<\/li>\n<\/ul>","protected":false},"excerpt":{"rendered":"<p>T\u00e4\u00e4lt\u00e4 n\u00e4et, mitk\u00e4 pylv\u00e4\u00e4t ja mallit sopivat yhteen STEP-sarjan s\u00e4hk\u00f6isist\u00e4 oven pys\u00e4yttimist\u00e4.<\/p>\n<h5><strong><a href=\"https:\/\/steplock.com\/sv\/stolpguide\/#!?lang=sv&amp;blog_id=1&amp;paged=1&amp;number=50\" target=\"_blank\" rel=\"noopener\">STEP Viestiopas\u00a0<\/a><\/strong><\/h5>\n<h5><strong><a href=\"https:\/\/steplock.com\/sv\/projekteringsguide\/#!?lang=sv&amp;blog_id=1&amp;paged=1&amp;number=999\" target=\"_blank\" rel=\"noopener\">STEP-suunnitteluopas<\/a><\/strong><\/h5>","protected":false},"featured_media":147467,"template":"","meta":{"_acf_changed":false},"product_brand":[],"product_cat":[3355],"product_tag":[4197,4200],"class_list":{"0":"post-147471","1":"product","2":"type-product","3":"status-publish","4":"has-post-thumbnail","6":"product_cat-elslutbleck","7":"product_tag-24v","8":"product_tag-rattvand","9":"product_shipping_class-tunga-paket","10":"pa_brands-step","11":"tm-no-options","13":"first","14":"onbackorder","15":"sale","16":"taxable","17":"shipping-taxable","18":"purchasable","19":"product-type-simple"},"acf":[],"_links":{"self":[{"href":"https:\/\/secureus.se\/fi\/wp-json\/wp\/v2\/product\/147471","targetHints":{"allow":["GET"]}}],"collection":[{"href":"https:\/\/secureus.se\/fi\/wp-json\/wp\/v2\/product"}],"about":[{"href":"https:\/\/secureus.se\/fi\/wp-json\/wp\/v2\/types\/product"}],"wp:featuredmedia":[{"embeddable":true,"href":"https:\/\/secureus.se\/fi\/wp-json\/wp\/v2\/media\/147467"}],"wp:attachment":[{"href":"https:\/\/secureus.se\/fi\/wp-json\/wp\/v2\/media?parent=147471"}],"wp:term":[{"taxonomy":"product_brand","embeddable":true,"href":"https:\/\/secureus.se\/fi\/wp-json\/wp\/v2\/product_brand?post=147471"},{"taxonomy":"product_cat","embeddable":true,"href":"https:\/\/secureus.se\/fi\/wp-json\/wp\/v2\/product_cat?post=147471"},{"taxonomy":"product_tag","embeddable":true,"href":"https:\/\/secureus.se\/fi\/wp-json\/wp\/v2\/product_tag?post=147471"}],"curies":[{"name":"wp","href":"https:\/\/api.w.org\/{rel}","templated":true}]}}