{"id":147473,"date":"2023-09-26T13:08:15","date_gmt":"2023-09-26T11:08:15","guid":{"rendered":"https:\/\/secureus.se\/elslutbleck-step-98-omstallbar-12v-kolvkontakt\/"},"modified":"2026-04-08T16:10:57","modified_gmt":"2026-04-08T14:10:57","slug":"elslutbleck-step-98-omstallbar-12v-kolvkontakt","status":"publish","type":"product","link":"https:\/\/secureus.se\/fi\/elslutbleck-step-98-omstallbar-12v-kolvkontakt\/","title":{"rendered":"S\u00e4hk\u00f6isku STEP 98 S\u00e4\u00e4dett\u00e4v\u00e4 12 V m\u00e4nt\u00e4kosketin"},"content":{"rendered":"<h1>S\u00e4hk\u00f6isku STEP 98 S\u00e4\u00e4dett\u00e4v\u00e4 12 V m\u00e4nt\u00e4kosketin<\/h1>\n<p>S\u00e4hk\u00f6inen iskulevy STEP 98Preload on korkealaatuinen s\u00e4hk\u00f6inen iskulevy STEPin Preload-sarjasta, joka on suunniteltu tarjoamaan joustavuutta, turvallisuutta ja luotettavuutta oviymp\u00e4rist\u00f6iss\u00e4, joissa lukitsemiseen k\u00e4ytet\u00e4\u00e4n nuppeja tai avaimia.<\/p>\n<p>Kytkett\u00e4v\u00e4 toiminto mahdollistaa helpon vaihtamisen eteenp\u00e4in (lukittu s\u00e4hk\u00f6katkon sattuessa) ja peruutustoiminnon v\u00e4lill\u00e4 (lukitus auki s\u00e4hk\u00f6katkon sattuessa) \u2013 t\u00e4ydellinen muuttuviin turvallisuustarpeisiin tai k\u00e4ytt\u00f6ymp\u00e4rist\u00f6ihin.<\/p>\n<p class=\"\" data-start=\"986\" data-end=\"1275\">Sis\u00e4\u00e4nrakennetulla m\u00e4nt\u00e4koskettimella s\u00e4hk\u00f6inen p\u00e4\u00e4tylevy voi ilmoittaa oven tilan (auki\/kiinni), mik\u00e4 mahdollistaa yhteyden kulkuj\u00e4rjestelm\u00e4\u00e4n tai h\u00e4lytysj\u00e4rjestelm\u00e4\u00e4n.<\/p>\n<p class=\"\" data-start=\"986\" data-end=\"1275\">STEP 98 on my\u00f6s paloluokitus E\/EI 120, mik\u00e4 tekee siit\u00e4 sopivan oviymp\u00e4rist\u00f6ihin, joissa on t\u00e4ytett\u00e4v\u00e4 sek\u00e4 turvallisuus- ett\u00e4 evakuointivaatimukset.<\/p>\n<p class=\"\" data-start=\"1277\" data-end=\"1577\">S\u00e4hk\u00f6inen sulkulevy on varustettu STEPin patentoidulla nauhapainetekniikalla, joka varmistaa, ett\u00e4 ovi voidaan avata jopa 40 kg:n nauhapaineesta huolimatta.<\/p>\n<p class=\"\" data-start=\"1277\" data-end=\"1577\">Kompakti muotoilu, k\u00e4\u00e4nnett\u00e4v\u00e4 rakenne ja tuki sek\u00e4 yksi- ett\u00e4 kaksinkertaisille laskulukkoille tekev\u00e4t STEP 98:sta joustavan ja kest\u00e4v\u00e4n valinnan.<\/p>\n<p class=\"\" data-start=\"1584\" data-end=\"1610\"><strong data-start=\"1584\" data-end=\"1610\">Ominaisuudet ja edut:<\/strong><\/p>\n<ul data-start=\"1611\" data-end=\"1947\">\n<li class=\"\" data-start=\"1611\" data-end=\"1656\">\n<p class=\"\" data-start=\"1613\" data-end=\"1656\">Kytkett\u00e4v\u00e4 toiminto - eteen tai taaksep\u00e4in<\/p>\n<\/li>\n<li class=\"\" data-start=\"1657\" data-end=\"1676\">\n<p class=\"\" data-start=\"1659\" data-end=\"1676\">12V k\u00e4ytt\u00f6j\u00e4nnite<\/p>\n<\/li>\n<li class=\"\" data-start=\"1677\" data-end=\"1712\">\n<p class=\"\" data-start=\"1679\" data-end=\"1712\">M\u00e4nn\u00e4n kosketin tilan valvontaa varten<\/p>\n<\/li>\n<li class=\"\" data-start=\"1713\" data-end=\"1751\">\n<p class=\"\" data-start=\"1715\" data-end=\"1751\">Paloluokka E\/EI 120 (testattu 120 min)<\/p>\n<\/li>\n<li class=\"\" data-start=\"1752\" data-end=\"1777\">\n<p class=\"\" data-start=\"1754\" data-end=\"1777\">Murtolujuus: 900 kg<\/p>\n<\/li>\n<li class=\"\" data-start=\"1778\" data-end=\"1811\">\n<p class=\"\" data-start=\"1780\" data-end=\"1811\">Kest\u00e4\u00e4 nauhan paineen 40 kg asti<\/p>\n<\/li>\n<li class=\"\" data-start=\"1812\" data-end=\"1841\">\n<p class=\"\" data-start=\"1814\" data-end=\"1841\">Suojadiodi ja ylij\u00e4nnitesuoja<\/p>\n<\/li>\n<li class=\"\" data-start=\"1842\" data-end=\"1879\">\n<p class=\"\" data-start=\"1844\" data-end=\"1879\">Kompakti muotoilu - helppo asentaa<\/p>\n<\/li>\n<li class=\"\" data-start=\"1880\" data-end=\"1912\">\n<p class=\"\" data-start=\"1882\" data-end=\"1912\">Sopii yksi- ja kaksoislukkoihin<\/p>\n<\/li>\n<li class=\"\" data-start=\"1913\" data-end=\"1947\">\n<p class=\"\" data-start=\"1915\" data-end=\"1947\">K\u00e4\u00e4nnett\u00e4v\u00e4 oikealle\/vasemmalle ovelle<\/p>\n<\/li>\n<\/ul>\n<p><strong data-start=\"1954\" data-end=\"1977\">K\u00e4ytt\u00f6alueet:<\/strong><br data-start=\"1977\" data-end=\"1980\" \/>Soveltuu toimistoihin, kouluihin, taloyhti\u00f6ihin ja julkisiin ymp\u00e4rist\u00f6ihin, joissa ovien tulee olla turvallisia, mutta my\u00f6s joustavia erilaisiin kulku- ja palovaatimuksiin.<\/p>\n<p class=\"\" data-start=\"2147\" data-end=\"2176\"><strong data-start=\"2147\" data-end=\"2176\">Tekniset tiedot:<\/strong><\/p>\n<ul data-start=\"2177\" data-end=\"2548\">\n<li class=\"\" data-start=\"2177\" data-end=\"2215\">\n<p class=\"\" data-start=\"2179\" data-end=\"2215\">K\u00e4ytt\u00f6j\u00e4nnite: 12 V DC (10,8-13,8 V)<\/p>\n<\/li>\n<li class=\"\" data-start=\"2216\" data-end=\"2260\">\n<p class=\"\" data-start=\"2218\" data-end=\"2260\">Virrankulutus: 220 mA lukitsematon, max 600 mA<\/p>\n<\/li>\n<li class=\"\" data-start=\"2261\" data-end=\"2300\">\n<p class=\"\" data-start=\"2263\" data-end=\"2300\">Oven sarana: Oikea\/vasen (k\u00e4\u00e4nnett\u00e4v\u00e4)<\/p>\n<\/li>\n<li class=\"\" data-start=\"2301\" data-end=\"2326\">\n<p class=\"\" data-start=\"2303\" data-end=\"2326\">Murtolujuus: 900 kg<\/p>\n<\/li>\n<li class=\"\" data-start=\"2327\" data-end=\"2345\">\n<p class=\"\" data-start=\"2329\" data-end=\"2345\">Listan paine: 40 kg<\/p>\n<\/li>\n<li class=\"\" data-start=\"2346\" data-end=\"2381\">\n<p class=\"\" data-start=\"2348\" data-end=\"2381\">Lukon tyyppi: yksisalpalukko, kaksoissalpalukko<\/p>\n<\/li>\n<li class=\"\" data-start=\"2382\" data-end=\"2429\">\n<p class=\"\" data-start=\"2384\" data-end=\"2429\">M\u00e4nn\u00e4n kosketin: Mikrokytkin, max. 30V DC \/ 1A<\/p>\n<\/li>\n<li class=\"\" data-start=\"2430\" data-end=\"2461\">\n<p class=\"\" data-start=\"2432\" data-end=\"2461\">Mitat (LxSxK): 25 x 35 x 90 mm<\/p>\n<\/li>\n<li class=\"\" data-start=\"2462\" data-end=\"2490\">\n<p class=\"\" data-start=\"2464\" data-end=\"2490\">V\u00e4ri\/viimeistely: ruostumaton ter\u00e4s<\/p>\n<\/li>\n<li class=\"\" data-start=\"2491\" data-end=\"2508\">\n<p class=\"\" data-start=\"2493\" data-end=\"2508\">Kaapeli: Ei mukana<\/p>\n<\/li>\n<li class=\"\" data-start=\"2509\" data-end=\"2548\">\n<p class=\"\" data-start=\"2511\" data-end=\"2548\">Arvioinnit: SundaHus, Rakennusmateriaalien arviointi<\/p>\n<\/li>\n<\/ul>","protected":false},"excerpt":{"rendered":"<p>T\u00e4\u00e4lt\u00e4 n\u00e4et, mitk\u00e4 pylv\u00e4\u00e4t ja mallit sopivat yhteen STEP-sarjan s\u00e4hk\u00f6isist\u00e4 oven pys\u00e4yttimist\u00e4.<\/p>\n<h5><strong><a href=\"https:\/\/steplock.com\/sv\/stolpguide\/#!?lang=sv&amp;blog_id=1&amp;paged=1&amp;number=50\" target=\"_blank\" rel=\"noopener\">STEP Viestiopas\u00a0<\/a><\/strong><\/h5>\n<h5><strong><a href=\"https:\/\/steplock.com\/sv\/projekteringsguide\/#!?lang=sv&amp;blog_id=1&amp;paged=1&amp;number=999\" target=\"_blank\" rel=\"noopener\">STEP-suunnitteluopas<\/a><\/strong><\/h5>","protected":false},"featured_media":147472,"template":"","meta":{"_acf_changed":false},"product_brand":[],"product_cat":[3355],"product_tag":[4198,4202],"class_list":{"0":"post-147473","1":"product","2":"type-product","3":"status-publish","4":"has-post-thumbnail","6":"product_cat-elslutbleck","7":"product_tag-12v","8":"product_tag-omstallbar-rattvand-omvand","9":"product_shipping_class-tunga-paket","10":"pa_brands-step","11":"tm-no-options","13":"first","14":"onbackorder","15":"sale","16":"taxable","17":"shipping-taxable","18":"purchasable","19":"product-type-simple"},"acf":[],"_links":{"self":[{"href":"https:\/\/secureus.se\/fi\/wp-json\/wp\/v2\/product\/147473","targetHints":{"allow":["GET"]}}],"collection":[{"href":"https:\/\/secureus.se\/fi\/wp-json\/wp\/v2\/product"}],"about":[{"href":"https:\/\/secureus.se\/fi\/wp-json\/wp\/v2\/types\/product"}],"wp:featuredmedia":[{"embeddable":true,"href":"https:\/\/secureus.se\/fi\/wp-json\/wp\/v2\/media\/147472"}],"wp:attachment":[{"href":"https:\/\/secureus.se\/fi\/wp-json\/wp\/v2\/media?parent=147473"}],"wp:term":[{"taxonomy":"product_brand","embeddable":true,"href":"https:\/\/secureus.se\/fi\/wp-json\/wp\/v2\/product_brand?post=147473"},{"taxonomy":"product_cat","embeddable":true,"href":"https:\/\/secureus.se\/fi\/wp-json\/wp\/v2\/product_cat?post=147473"},{"taxonomy":"product_tag","embeddable":true,"href":"https:\/\/secureus.se\/fi\/wp-json\/wp\/v2\/product_tag?post=147473"}],"curies":[{"name":"wp","href":"https:\/\/api.w.org\/{rel}","templated":true}]}}