{"id":147476,"date":"2023-09-26T13:08:14","date_gmt":"2023-09-26T11:08:14","guid":{"rendered":"https:\/\/secureus.se\/elslutbleck-step-18-hoger-rattvand-24v-7mm-regel-connect\/"},"modified":"2026-04-08T16:11:14","modified_gmt":"2026-04-08T14:11:14","slug":"elslutbleck-step-18-hoger-rattvand-24v-7mm-regel-connect","status":"publish","type":"product","link":"https:\/\/secureus.se\/fi\/elslutbleck-step-18-hoger-rattvand-24v-7mm-regel-connect\/","title":{"rendered":"S\u00e4hk\u00f6inen vastalevy VAIHE 18 Oikea Suora 24V 7mm Rule Connect"},"content":{"rendered":"<h1 data-start=\"402\" data-end=\"830\">S\u00e4hk\u00f6inen vastalevy VAIHE 18 Oikea Suora 24V 7mm Rule Connect<\/h1>\n<p class=\"\" data-start=\"402\" data-end=\"830\">STEP 18 Secure STEPin Secure-sarjasta on s\u00e4hk\u00f6isku, joka on kehitetty oviymp\u00e4rist\u00f6ihin, joissa on eritt\u00e4in korkeat turvallisuusvaatimukset.<\/p>\n<p class=\"\" data-start=\"402\" data-end=\"830\">Se soveltuu erityisen hyvin oikealle ripustetuille 7 mm:n m\u00e4nn\u00e4ll\u00e4 varustettuihin Connect-sarjan oviin, ja sit\u00e4 k\u00e4ytet\u00e4\u00e4n ymp\u00e4rist\u00f6iss\u00e4, joissa ovi on voitava avata usein, mutta tunkeutumissuoja on s\u00e4ilynyt.<\/p>\n<p class=\"\" data-start=\"832\" data-end=\"1116\">Oikeak\u00e4tinen toiminto \u2013 mik\u00e4 tarkoittaa, ett\u00e4 lakana on lukittu ilman virtaa \u2013 tarjoaa luotettavan suojan my\u00f6s s\u00e4hk\u00f6katkon sattuessa.<\/p>\n<p class=\"\" data-start=\"832\" data-end=\"1116\">Tuote on paloluokitettu E\/EI60 asti ja testattu standardin SS-EN 14846 mukaisesti, mink\u00e4 ansiosta se on hyv\u00e4ksytty asennettavaksi turvaoviin RC4 asti.<\/p>\n<p class=\"\" data-start=\"1118\" data-end=\"1437\">STEP 18 on varustettu sis\u00e4\u00e4nrakennetulla m\u00e4nt\u00e4kytkimell\u00e4 ja salpakytkimell\u00e4, mik\u00e4 mahdollistaa oven tilan tarkan valvonnan (auki\/kiinni, lukittu\/auki) ja tarjoaa t\u00e4yden yhteensopivuuden kulunvalvontaj\u00e4rjestelmien ja h\u00e4lyttimien kanssa.<\/p>\n<p class=\"\" data-start=\"1118\" data-end=\"1437\">S\u00e4hk\u00f6iskulevyn murtolujuus on 15 kN (1500 kg) ja se voidaan avata jopa 500 kg:n nauhapaineesta huolimatta.<\/p>\n<p class=\"\" data-start=\"1439\" data-end=\"1595\">Mukana toimitettu 5 metrin halogeeniton liit\u00e4nt\u00e4kaapeli, sis\u00e4\u00e4nrakennettu suojadiodi ja nakutussuoja tekev\u00e4t STEP 18:sta vankan, turvallisen ja tulevaisuudenkest\u00e4v\u00e4n valinnan.<\/p>\n<p class=\"\" data-start=\"1602\" data-end=\"1628\"><strong data-start=\"1602\" data-end=\"1628\">Ominaisuudet ja edut:<\/strong><\/p>\n<ul data-start=\"1629\" data-end=\"1968\">\n<li class=\"\" data-start=\"1629\" data-end=\"1670\">\n<p class=\"\" data-start=\"1631\" data-end=\"1670\">Mukautettu Connect-sarjan 7 mm m\u00e4nnille<\/p>\n<\/li>\n<li class=\"\" data-start=\"1671\" data-end=\"1714\">\n<p class=\"\" data-start=\"1673\" data-end=\"1714\">Oikealle suunnattu toiminto - lukittu j\u00e4nnitteett\u00f6m\u00e4\u00e4n tilaan<\/p>\n<\/li>\n<li class=\"\" data-start=\"1715\" data-end=\"1732\">\n<p class=\"\" data-start=\"1717\" data-end=\"1732\">Oikeanpuoleinen ovi<\/p>\n<\/li>\n<li class=\"\" data-start=\"1733\" data-end=\"1772\">\n<p class=\"\" data-start=\"1735\" data-end=\"1772\">Paloluokitus jopa E\/EI60 (60 min)<\/p>\n<\/li>\n<li class=\"\" data-start=\"1773\" data-end=\"1831\">\n<p class=\"\" data-start=\"1775\" data-end=\"1831\">M\u00e4nn\u00e4n kosketin ja lukituskosketin \u2013 kulunvalvontaj\u00e4rjestelmiin ja h\u00e4lyttimiin<\/p>\n<\/li>\n<li class=\"\" data-start=\"1832\" data-end=\"1869\">\n<p class=\"\" data-start=\"1834\" data-end=\"1869\">Murtolujuus: 15 kN (n. 1500 kg)<\/p>\n<\/li>\n<li class=\"\" data-start=\"1870\" data-end=\"1906\">\n<p class=\"\" data-start=\"1872\" data-end=\"1906\">Kest\u00e4\u00e4 nauhapainetta: 5 kN (n. 500 kg)<\/p>\n<\/li>\n<li class=\"\" data-start=\"1907\" data-end=\"1935\">\n<p class=\"\" data-start=\"1909\" data-end=\"1935\">Suojadiodi ja nakutuksenestosuoja<\/p>\n<\/li>\n<li class=\"\" data-start=\"1936\" data-end=\"1968\">\n<p class=\"\" data-start=\"1938\" data-end=\"1968\">Mukana 5 metrin halogeeniton kaapeli<\/p>\n<\/li>\n<\/ul>\n<p class=\"\" data-start=\"1938\" data-end=\"1968\"><strong data-start=\"1975\" data-end=\"1998\">K\u00e4ytt\u00f6alueet:<\/strong><br data-start=\"1998\" data-end=\"2001\" \/>T\u00e4ydellinen eritt\u00e4in turvallisiin ymp\u00e4rist\u00f6ihin, kuten pankkeihin, vankiloihin, valtion virastoihin ja julkisiin rakennuksiin, joissa vaaditaan sek\u00e4 korkeaa kulkunopeutta ett\u00e4 tunkeutumissuojausta.<\/p>\n<p class=\"\" data-start=\"2158\" data-end=\"2187\"><strong data-start=\"2158\" data-end=\"2187\">Tekniset tiedot:<\/strong><\/p>\n<ul data-start=\"2188\" data-end=\"2527\">\n<li class=\"\" data-start=\"2188\" data-end=\"2226\">\n<p class=\"\" data-start=\"2190\" data-end=\"2226\">K\u00e4ytt\u00f6j\u00e4nnite: 24 V DC (21,6-27,6 V)<\/p>\n<\/li>\n<li class=\"\" data-start=\"2227\" data-end=\"2259\">\n<p class=\"\" data-start=\"2229\" data-end=\"2259\">Virrankulutus: 313 mA lukitsematon<\/p>\n<\/li>\n<li class=\"\" data-start=\"2260\" data-end=\"2281\">\n<p class=\"\" data-start=\"2262\" data-end=\"2281\">Oven sarana: Oikea<\/p>\n<\/li>\n<li class=\"\" data-start=\"2282\" data-end=\"2303\">\n<p class=\"\" data-start=\"2284\" data-end=\"2303\">Kaapelin pituus: 5 metri\u00e4<\/p>\n<\/li>\n<li class=\"\" data-start=\"2304\" data-end=\"2330\">\n<p class=\"\" data-start=\"2306\" data-end=\"2330\">Murtolujuus: 1500 kg<\/p>\n<\/li>\n<li class=\"\" data-start=\"2331\" data-end=\"2350\">\n<p class=\"\" data-start=\"2333\" data-end=\"2350\">Listan paine: 500 kg<\/p>\n<\/li>\n<li class=\"\" data-start=\"2351\" data-end=\"2382\">\n<p class=\"\" data-start=\"2353\" data-end=\"2382\">Lukon tyyppi: Koukkusalvan lukko, Salpalukko<\/p>\n<\/li>\n<li class=\"\" data-start=\"2383\" data-end=\"2430\">\n<p class=\"\" data-start=\"2385\" data-end=\"2430\">M\u00e4nn\u00e4n kosketin: Mikrokytkin, max. 30V DC \/ 1A<\/p>\n<\/li>\n<li class=\"\" data-start=\"2431\" data-end=\"2463\">\n<p class=\"\" data-start=\"2433\" data-end=\"2463\">Mitat (LxSxK): 35 x 40 x 230 mm<\/p>\n<\/li>\n<li class=\"\" data-start=\"2464\" data-end=\"2487\">\n<p class=\"\" data-start=\"2466\" data-end=\"2487\">Pintak\u00e4sittely: ruostumaton ter\u00e4s<\/p>\n<\/li>\n<li class=\"\" data-start=\"2488\" data-end=\"2527\">\n<p class=\"\" data-start=\"2490\" data-end=\"2527\">Arvioinnit: SundaHus, Rakennusmateriaalien arviointi<\/p>\n<\/li>\n<\/ul>","protected":false},"excerpt":{"rendered":"<p>T\u00e4\u00e4lt\u00e4 n\u00e4et, mitk\u00e4 pylv\u00e4\u00e4t ja mallit sopivat yhteen STEP-sarjan s\u00e4hk\u00f6isist\u00e4 oven pys\u00e4yttimist\u00e4.<\/p>\n<h5><strong><a href=\"https:\/\/steplock.com\/sv\/stolpguide\/#!?lang=sv&amp;blog_id=1&amp;paged=1&amp;number=50\" target=\"_blank\" rel=\"noopener\">STEP Viestiopas\u00a0<\/a><\/strong><\/h5>\n<h5><strong><a href=\"https:\/\/steplock.com\/sv\/projekteringsguide\/#!?lang=sv&amp;blog_id=1&amp;paged=1&amp;number=999\" target=\"_blank\" rel=\"noopener\">STEP-suunnitteluopas<\/a><\/strong><\/h5>","protected":false},"featured_media":147474,"template":"","meta":{"_acf_changed":false},"product_brand":[],"product_cat":[3355],"product_tag":[4197,4200],"class_list":{"0":"post-147476","1":"product","2":"type-product","3":"status-publish","4":"has-post-thumbnail","6":"product_cat-elslutbleck","7":"product_tag-24v","8":"product_tag-rattvand","9":"product_shipping_class-tunga-paket","10":"pa_brands-step","11":"tm-no-options","13":"first","14":"onbackorder","15":"sale","16":"taxable","17":"shipping-taxable","18":"purchasable","19":"product-type-simple"},"acf":[],"_links":{"self":[{"href":"https:\/\/secureus.se\/fi\/wp-json\/wp\/v2\/product\/147476","targetHints":{"allow":["GET"]}}],"collection":[{"href":"https:\/\/secureus.se\/fi\/wp-json\/wp\/v2\/product"}],"about":[{"href":"https:\/\/secureus.se\/fi\/wp-json\/wp\/v2\/types\/product"}],"wp:featuredmedia":[{"embeddable":true,"href":"https:\/\/secureus.se\/fi\/wp-json\/wp\/v2\/media\/147474"}],"wp:attachment":[{"href":"https:\/\/secureus.se\/fi\/wp-json\/wp\/v2\/media?parent=147476"}],"wp:term":[{"taxonomy":"product_brand","embeddable":true,"href":"https:\/\/secureus.se\/fi\/wp-json\/wp\/v2\/product_brand?post=147476"},{"taxonomy":"product_cat","embeddable":true,"href":"https:\/\/secureus.se\/fi\/wp-json\/wp\/v2\/product_cat?post=147476"},{"taxonomy":"product_tag","embeddable":true,"href":"https:\/\/secureus.se\/fi\/wp-json\/wp\/v2\/product_tag?post=147476"}],"curies":[{"name":"wp","href":"https:\/\/api.w.org\/{rel}","templated":true}]}}