{"id":147479,"date":"2023-09-26T13:08:12","date_gmt":"2023-09-26T11:08:12","guid":{"rendered":"https:\/\/secureus.se\/elslutbleck-step-28e-hoger-rattvand-24v-7mm-regel\/"},"modified":"2026-03-26T09:47:04","modified_gmt":"2026-03-26T08:47:04","slug":"elslutbleck-step-28e-hoger-rattvand-24v-7mm-regel","status":"publish","type":"product","link":"https:\/\/secureus.se\/fi\/elslutbleck-step-28e-hoger-rattvand-24v-7mm-regel\/","title":{"rendered":"S\u00e4hk\u00f6isku STEP 28E Oikea Suora 24V 7mm s\u00e4\u00e4nt\u00f6"},"content":{"rendered":"<h1>S\u00e4hk\u00f6isku STEP 28E Oikea Suora 24V 7mm s\u00e4\u00e4nt\u00f6<\/h1>\n<p>STEP 28E Secure on s\u00e4hk\u00f6inen sulkulevy, jossa on oikealle suunnattu toiminto, joka on sovitettu oikealle ripustetuille oville ja 7 mm Connect-viivalle.<\/p>\n<p>Korkea turvallisuus, paloluokka E\/EI60, m\u00e4nt\u00e4liitin ja 5 metrin halogeeniton kaapeli.<\/p>\n<p class=\"\" data-start=\"277\" data-end=\"676\">STEP 28E Secure on edistyksellinen s\u00e4hk\u00f6inen p\u00e4\u00e4tylevy, jossa yhdistyv\u00e4t korkea turvallisuus, paloluokitus ja evakuointitoiminto.<\/p>\n<p class=\"\" data-start=\"277\" data-end=\"676\">Se on suunniteltu erityisesti oville, joissa on automaattiovet tai vetokahvat, ja sit\u00e4 k\u00e4ytet\u00e4\u00e4n yhdess\u00e4 lukkojen tai lukkojen kanssa.<\/p>\n<p class=\"\" data-start=\"277\" data-end=\"676\">Kun paineh\u00e4vi\u00f6t yll\u00e4pit\u00e4v\u00e4t oven sulkemistoimintoa, varma pito on aina taattu.<\/p>\n<p class=\"\" data-start=\"678\" data-end=\"968\">T\u00e4m\u00e4 versio on sovitettu oikeanpuoleisiin oviin, joissa on 7 mm:n m\u00e4nt\u00e4 Connect-sarjassa, ja siin\u00e4 on oikealle suunnattu toiminto - lukittu j\u00e4nnitteett\u00f6m\u00e4\u00e4n tilaan.<\/p>\n<p class=\"\" data-start=\"678\" data-end=\"968\">Se on hyv\u00e4ksytty palotekniseen luokkaan E\/EI 60 ja se asennetaan usein yhdess\u00e4 h\u00e4t\u00e4poistumislukkojen kanssa standardin SS-EN 179 mukaisesti, jossa asetetaan sek\u00e4 turvallisuus- ett\u00e4 evakuointivaatimukset.<\/p>\n<p class=\"\" data-start=\"970\" data-end=\"1256\">Sis\u00e4\u00e4nrakennetun m\u00e4nt\u00e4koskettimen ja lukituskoskettimen ansiosta oven tilan selke\u00e4 n\u00e4ytt\u00f6 on k\u00e4yt\u00f6ss\u00e4, mik\u00e4 mahdollistaa helpon integroinnin p\u00e4\u00e4syj\u00e4rjestelmiin, oviautomaatioon tai h\u00e4lyttimiin.<\/p>\n<p class=\"\" data-start=\"970\" data-end=\"1256\">Tuote on iskunkest\u00e4v\u00e4, siin\u00e4 on sis\u00e4\u00e4nrakennettu suojadiodi ja se kest\u00e4\u00e4 jopa 500 kg:n nauhapainetta ja yli 15 kN:n murtolujuuden.<\/p>\n<p class=\"\" data-start=\"1258\" data-end=\"1341\">Sis\u00e4lt\u00e4\u00e4 5 metri\u00e4 halogeenitonta kaapelia, joka on helppo asentaa ammattik\u00e4ytt\u00f6\u00f6n.<\/p>\n<p class=\"\" data-start=\"1343\" data-end=\"1371\"><strong data-start=\"1343\" data-end=\"1369\">Ominaisuudet ja edut:<\/strong><\/p>\n<ul data-start=\"1372\" data-end=\"1715\">\n<li class=\"\" data-start=\"1372\" data-end=\"1419\">\n<p class=\"\" data-start=\"1374\" data-end=\"1419\">Ohjauslukko 7 mm m\u00e4nn\u00e4ll\u00e4 Connect-sarjassa<\/p>\n<\/li>\n<li class=\"\" data-start=\"1420\" data-end=\"1459\">\n<p class=\"\" data-start=\"1422\" data-end=\"1459\">Oikealle suunnattu toiminto - lukittu ilman virtaa<\/p>\n<\/li>\n<li class=\"\" data-start=\"1460\" data-end=\"1492\">\n<p class=\"\" data-start=\"1462\" data-end=\"1492\">Paloluokitus E\/EI60 asti<\/p>\n<\/li>\n<li class=\"\" data-start=\"1493\" data-end=\"1519\">\n<p class=\"\" data-start=\"1495\" data-end=\"1519\">Oikeanpuoleisiin oviin<\/p>\n<\/li>\n<li class=\"\" data-start=\"1520\" data-end=\"1575\">\n<p class=\"\" data-start=\"1522\" data-end=\"1575\">M\u00e4nt\u00e4 ja salpakytkin oven tilan ilmaisemiseen<\/p>\n<\/li>\n<li class=\"\" data-start=\"1576\" data-end=\"1606\">\n<p class=\"\" data-start=\"1578\" data-end=\"1606\">Kest\u00e4\u00e4 500 kg:n listapaineen<\/p>\n<\/li>\n<li class=\"\" data-start=\"1607\" data-end=\"1637\">\n<p class=\"\" data-start=\"1609\" data-end=\"1637\">Murtolujuus yli 15 kN<\/p>\n<\/li>\n<li class=\"\" data-start=\"1638\" data-end=\"1669\">\n<p class=\"\" data-start=\"1640\" data-end=\"1669\">Suojadiodi ja ylij\u00e4nnitesuoja<\/p>\n<\/li>\n<li class=\"\" data-start=\"1670\" data-end=\"1715\">\n<p class=\"\" data-start=\"1672\" data-end=\"1715\">Mukana 5 metrin halogeeniton liit\u00e4nt\u00e4kaapeli<\/p>\n<\/li>\n<\/ul>\n<p class=\"\" data-start=\"1717\" data-end=\"1928\"><strong data-start=\"1717\" data-end=\"1740\">K\u00e4ytt\u00f6alueet:<\/strong><br data-start=\"1740\" data-end=\"1743\" \/>Soveltuu t\u00e4ydellisesti oviymp\u00e4rist\u00f6ihin julkisissa tiloissa, kouluissa, terveydenhuoltolaitoksissa ja muissa kiinteist\u00f6iss\u00e4, joissa tarvitaan korkean turvallisuuden, poistumistoiminnon ja oviautomaation yhdistelm\u00e4\u00e4.<\/p>\n<p class=\"\" data-start=\"1930\" data-end=\"2339\"><strong data-start=\"1930\" data-end=\"1959\">Tekniset tiedot:<\/strong><br data-start=\"1959\" data-end=\"1962\" \/>K\u00e4ytt\u00f6j\u00e4nnite: 24 V DC (21,6-27,6 V)<br data-start=\"1998\" data-end=\"2001\" \/>Virrankulutus: 500 mA lukitsematon<br data-start=\"2031\" data-end=\"2034\" \/>M\u00e4nn\u00e4n kosketin: Kyll\u00e4, mikrokytkin max. 30 V DC \/ 1 A<br data-start=\"2082\" data-end=\"2085\" \/>Murtolujuus: 1500 kg<br data-start=\"2109\" data-end=\"2112\" \/>Listan paine: 500 kg<br data-start=\"2129\" data-end=\"2132\" \/>Lukon tyyppi: Koukkusalvan lukko, Salpalukko<br data-start=\"2161\" data-end=\"2164\" \/>Oven sarana: Oikea<br data-start=\"2183\" data-end=\"2186\" data-is-only-node=\"\" \/>Kaksinkertainen kierrekotelo: Kyll\u00e4<br data-start=\"2205\" data-end=\"2208\" \/>Kaapeli: 5 metri\u00e4 halogeeniton<br data-start=\"2233\" data-end=\"2236\" \/>Mitat (LxSxK): 35 x 40 x 230 mm<br data-start=\"2266\" data-end=\"2269\" \/>V\u00e4ri\/viimeistely: ruostumaton ter\u00e4s<br data-start=\"2295\" data-end=\"2298\" \/>Arvioidut rakennusmateriaalit: Kyll\u00e4<br data-start=\"2316\" data-end=\"2319\" \/>SundaHouse arvioitu: Kyll\u00e4<\/p>","protected":false},"excerpt":{"rendered":"<p>T\u00e4\u00e4lt\u00e4 n\u00e4et, mitk\u00e4 pylv\u00e4\u00e4t ja mallit sopivat yhteen STEP-sarjan s\u00e4hk\u00f6isist\u00e4 oven pys\u00e4yttimist\u00e4.<\/p>\n<h5><strong><a href=\"https:\/\/steplock.com\/sv\/stolpguide\/#!?lang=sv&amp;blog_id=1&amp;paged=1&amp;number=50\" target=\"_blank\" rel=\"noopener\">STEP Viestiopas\u00a0<\/a><\/strong><\/h5>\n<h5><strong><a href=\"https:\/\/steplock.com\/sv\/projekteringsguide\/#!?lang=sv&amp;blog_id=1&amp;paged=1&amp;number=999\" target=\"_blank\" rel=\"noopener\">STEP-suunnitteluopas<\/a><\/strong><\/h5>","protected":false},"featured_media":147477,"template":"","meta":{"_acf_changed":false},"product_brand":[],"product_cat":[3355],"product_tag":[4197,4200],"class_list":{"0":"post-147479","1":"product","2":"type-product","3":"status-publish","4":"has-post-thumbnail","6":"product_cat-elslutbleck","7":"product_tag-24v","8":"product_tag-rattvand","9":"product_shipping_class-tunga-paket","10":"pa_brands-step","11":"tm-no-options","13":"first","14":"instock","15":"sale","16":"taxable","17":"shipping-taxable","18":"purchasable","19":"product-type-simple"},"acf":[],"_links":{"self":[{"href":"https:\/\/secureus.se\/fi\/wp-json\/wp\/v2\/product\/147479","targetHints":{"allow":["GET"]}}],"collection":[{"href":"https:\/\/secureus.se\/fi\/wp-json\/wp\/v2\/product"}],"about":[{"href":"https:\/\/secureus.se\/fi\/wp-json\/wp\/v2\/types\/product"}],"wp:featuredmedia":[{"embeddable":true,"href":"https:\/\/secureus.se\/fi\/wp-json\/wp\/v2\/media\/147477"}],"wp:attachment":[{"href":"https:\/\/secureus.se\/fi\/wp-json\/wp\/v2\/media?parent=147479"}],"wp:term":[{"taxonomy":"product_brand","embeddable":true,"href":"https:\/\/secureus.se\/fi\/wp-json\/wp\/v2\/product_brand?post=147479"},{"taxonomy":"product_cat","embeddable":true,"href":"https:\/\/secureus.se\/fi\/wp-json\/wp\/v2\/product_cat?post=147479"},{"taxonomy":"product_tag","embeddable":true,"href":"https:\/\/secureus.se\/fi\/wp-json\/wp\/v2\/product_tag?post=147479"}],"curies":[{"name":"wp","href":"https:\/\/api.w.org\/{rel}","templated":true}]}}