{"id":147484,"date":"2023-09-26T13:08:09","date_gmt":"2023-09-26T11:08:09","guid":{"rendered":"https:\/\/secureus.se\/elslutbleck-step-28e-vanster-rattvand-24v-7mm-regel\/"},"modified":"2026-04-08T16:06:04","modified_gmt":"2026-04-08T14:06:04","slug":"elslutbleck-step-28e-vanster-rattvand-24v-7mm-regel","status":"publish","type":"product","link":"https:\/\/secureus.se\/fi\/elslutbleck-step-28e-vanster-rattvand-24v-7mm-regel\/","title":{"rendered":"S\u00e4hk\u00f6isku STEP 28E Vasen Oikea 24V 7mm s\u00e4\u00e4nt\u00f6"},"content":{"rendered":"<h1>S\u00e4hk\u00f6isku STEP 28E Vasen Oikea 24V 7mm s\u00e4\u00e4nt\u00f6<\/h1>\n<p>VAIHE 28E Turvallinen s\u00e4hk\u00f6isku oikeak\u00e4tisell\u00e4 toiminnolla vasemmalle ripustetuille oville. 7 mm:n liit\u00e4nt\u00e4pultille, paloluokka E\/EI60, m\u00e4nt\u00e4kosketin ja 5 m halogeenivapaa kaapeli.<\/p>\n<p class=\"\" data-start=\"247\" data-end=\"625\">Electric Strike STEP 28E Secure on edistynyt s\u00e4hk\u00f6isku, joka yhdist\u00e4\u00e4 korkean turvallisuuden toiminnallisuuteen pakoovissa ja oviautomaatiossa.<\/p>\n<p class=\"\" data-start=\"247\" data-end=\"625\">Tuotetta k\u00e4ytet\u00e4\u00e4n yhdess\u00e4 salpapulttilukon tai salpapulttilukon kanssa, jossa ty\u00f6nt\u00f6salpa varmistaa, ett\u00e4 ovi pysyy aina suljettuna.<\/p>\n<p class=\"\" data-start=\"247\" data-end=\"625\">Se on erityisesti sovitettu vasemmalle ripustetuille oville, joissa on 7 mm:n pultti Connect-sarjassa.<\/p>\n<p class=\"\" data-start=\"627\" data-end=\"896\">Oikeak\u00e4tisell\u00e4 toiminnolla s\u00e4hk\u00f6iskulevy lukittuu j\u00e4nnitteett\u00f6m\u00e4\u00e4n asentoon, mik\u00e4 takaa korkean suojan tunkeutumista vastaan my\u00f6s s\u00e4hk\u00f6katkon sattuessa.<\/p>\n<p class=\"\" data-start=\"627\" data-end=\"896\">STEP 28E on hyv\u00e4ksytty paloluokan E\/EI60 mukaan ja se asennetaan usein yhdess\u00e4 standardin SS-EN 179 mukaisten h\u00e4t\u00e4poistumislukkojen kanssa \u2013 vaatimus monissa nykyaikaisissa oviymp\u00e4rist\u00f6iss\u00e4.<\/p>\n<p class=\"\" data-start=\"898\" data-end=\"1181\">Sis\u00e4\u00e4nrakennettu m\u00e4nt\u00e4kosketin ja salpakosketin mahdollistavat oven asennon ja lukon tilan tilan seurannan, mik\u00e4 tekee siit\u00e4 helpon integroinnin kulunvalvonta- ja h\u00e4lytysj\u00e4rjestelmiin.<\/p>\n<p class=\"\" data-start=\"898\" data-end=\"1181\">Tuotteen murtolujuus on yli 15 kN ja se kest\u00e4\u00e4 500 kg:n nauhapainetta sek\u00e4 eteen- ett\u00e4 taaksep\u00e4in -toiminnossa.<\/p>\n<p class=\"\" data-start=\"1183\" data-end=\"1332\">Nakutussuoja, suojadiodi ja mukana toimitettu 5 metrin halogeeniton kaapeli tekev\u00e4t STEP 28E Securesta ammattimaisen valinnan turvallisuusluokiteltuihin asennuksiin.<\/p>\n<p class=\"\" data-start=\"1334\" data-end=\"1362\"><strong data-start=\"1334\" data-end=\"1360\">Ominaisuudet ja edut:<\/strong><\/p>\n<ul data-start=\"1363\" data-end=\"1682\">\n<li class=\"\" data-start=\"1363\" data-end=\"1398\">\n<p class=\"\" data-start=\"1365\" data-end=\"1398\">7 mm:n nastalle Connect-sarjassa<\/p>\n<\/li>\n<li class=\"\" data-start=\"1399\" data-end=\"1438\">\n<p class=\"\" data-start=\"1401\" data-end=\"1438\">Oikealle suunnattu toiminto - lukittu ilman virtaa<\/p>\n<\/li>\n<li class=\"\" data-start=\"1439\" data-end=\"1460\">\n<p class=\"\" data-start=\"1441\" data-end=\"1460\">Vasen saranoitu ovi<\/p>\n<\/li>\n<li class=\"\" data-start=\"1461\" data-end=\"1493\">\n<p class=\"\" data-start=\"1463\" data-end=\"1493\">Paloluokitus E\/EI60 asti<\/p>\n<\/li>\n<li class=\"\" data-start=\"1494\" data-end=\"1550\">\n<p class=\"\" data-start=\"1496\" data-end=\"1550\">Sis\u00e4\u00e4nrakennettu m\u00e4nt\u00e4 ja salpakosketin kulunvalvontaa\/h\u00e4lytyst\u00e4 varten<\/p>\n<\/li>\n<li class=\"\" data-start=\"1551\" data-end=\"1581\">\n<p class=\"\" data-start=\"1553\" data-end=\"1581\">Kest\u00e4\u00e4 500 kg:n listapaineen<\/p>\n<\/li>\n<li class=\"\" data-start=\"1582\" data-end=\"1612\">\n<p class=\"\" data-start=\"1584\" data-end=\"1612\">Murtolujuus yli 15 kN<\/p>\n<\/li>\n<li class=\"\" data-start=\"1613\" data-end=\"1647\">\n<p class=\"\" data-start=\"1615\" data-end=\"1647\">Nakutuksenesto ja suojadiodilla<\/p>\n<\/li>\n<li class=\"\" data-start=\"1648\" data-end=\"1682\">\n<p class=\"\" data-start=\"1650\" data-end=\"1682\">Mukana 5 metrin halogeeniton kaapeli<\/p>\n<\/li>\n<\/ul>\n<p class=\"\" data-start=\"1684\" data-end=\"1858\"><strong data-start=\"1684\" data-end=\"1707\">K\u00e4ytt\u00f6alueet:<\/strong><br data-start=\"1707\" data-end=\"1710\" \/>Ihanteellinen oviymp\u00e4rist\u00f6ihin esimerkiksi sairaaloissa, kouluissa, toimistoissa ja hallintorakennuksissa, joissa vaaditaan palovaatimuksia, evakuointitoimintoa ja korkeaa toimintavarmuutta.<\/p>\n<p class=\"\" data-start=\"1860\" data-end=\"2268\"><strong data-start=\"1860\" data-end=\"1889\">Tekniset tiedot:<\/strong><br data-start=\"1889\" data-end=\"1892\" \/>K\u00e4ytt\u00f6j\u00e4nnite: 24 V DC (21,6-27,6 V)<br data-start=\"1928\" data-end=\"1931\" \/>Virrankulutus: 500 mA lukitsematon<br data-start=\"1961\" data-end=\"1964\" \/>M\u00e4nn\u00e4n kosketin: Mikrokytkin, max. 30V DC \/ 1A<br data-start=\"2009\" data-end=\"2012\" \/>Oven sarana: Vasen<br data-start=\"2033\" data-end=\"2036\" \/>Kaapelin pituus: 5 metri\u00e4 halogeeniton<br data-start=\"2066\" data-end=\"2069\" \/>Murtolujuus: 1500 kg<br data-start=\"2093\" data-end=\"2096\" \/>Listan paine: 500 kg<br data-start=\"2113\" data-end=\"2116\" data-is-only-node=\"\" \/>Lukon tyyppi: Koukkusalvan lukko, Salpalukko<br data-start=\"2145\" data-end=\"2148\" \/>Kaksinkertainen kierrekotelo: Kyll\u00e4<br data-start=\"2167\" data-end=\"2170\" \/>Mitat (LxSxK): 35 x 40 x 230 mm<br data-start=\"2200\" data-end=\"2203\" \/>Pintak\u00e4sittely: ruostumaton ter\u00e4s<br data-start=\"2224\" data-end=\"2227\" \/>Arvioidut rakennusmateriaalit: Kyll\u00e4<br data-start=\"2245\" data-end=\"2248\" \/>SundaHouse arvioitu: Kyll\u00e4<\/p>","protected":false},"excerpt":{"rendered":"<p>T\u00e4\u00e4lt\u00e4 n\u00e4et, mitk\u00e4 pylv\u00e4\u00e4t ja mallit sopivat yhteen STEP-sarjan s\u00e4hk\u00f6isist\u00e4 oven pys\u00e4yttimist\u00e4.<\/p>\n<h5><strong><a href=\"https:\/\/steplock.com\/sv\/stolpguide\/#!?lang=sv&amp;blog_id=1&amp;paged=1&amp;number=50\" target=\"_blank\" rel=\"noopener\">STEP Viestiopas\u00a0<\/a><\/strong><\/h5>\n<h5><strong><a href=\"https:\/\/steplock.com\/sv\/projekteringsguide\/#!?lang=sv&amp;blog_id=1&amp;paged=1&amp;number=999\" target=\"_blank\" rel=\"noopener\">STEP-suunnitteluopas<\/a><\/strong><\/h5>","protected":false},"featured_media":147480,"template":"","meta":{"_acf_changed":false},"product_brand":[],"product_cat":[3355],"product_tag":[4197,4200],"class_list":{"0":"post-147484","1":"product","2":"type-product","3":"status-publish","4":"has-post-thumbnail","6":"product_cat-elslutbleck","7":"product_tag-24v","8":"product_tag-rattvand","9":"product_shipping_class-tunga-paket","10":"pa_brands-step","11":"tm-no-options","13":"first","14":"instock","15":"sale","16":"taxable","17":"shipping-taxable","18":"purchasable","19":"product-type-simple"},"acf":[],"_links":{"self":[{"href":"https:\/\/secureus.se\/fi\/wp-json\/wp\/v2\/product\/147484","targetHints":{"allow":["GET"]}}],"collection":[{"href":"https:\/\/secureus.se\/fi\/wp-json\/wp\/v2\/product"}],"about":[{"href":"https:\/\/secureus.se\/fi\/wp-json\/wp\/v2\/types\/product"}],"wp:featuredmedia":[{"embeddable":true,"href":"https:\/\/secureus.se\/fi\/wp-json\/wp\/v2\/media\/147480"}],"wp:attachment":[{"href":"https:\/\/secureus.se\/fi\/wp-json\/wp\/v2\/media?parent=147484"}],"wp:term":[{"taxonomy":"product_brand","embeddable":true,"href":"https:\/\/secureus.se\/fi\/wp-json\/wp\/v2\/product_brand?post=147484"},{"taxonomy":"product_cat","embeddable":true,"href":"https:\/\/secureus.se\/fi\/wp-json\/wp\/v2\/product_cat?post=147484"},{"taxonomy":"product_tag","embeddable":true,"href":"https:\/\/secureus.se\/fi\/wp-json\/wp\/v2\/product_tag?post=147484"}],"curies":[{"name":"wp","href":"https:\/\/api.w.org\/{rel}","templated":true}]}}