{"id":147575,"date":"2025-02-04T10:34:59","date_gmt":"2025-02-04T09:34:59","guid":{"rendered":"https:\/\/secureus.se\/styrenhet-st300c\/"},"modified":"2026-04-08T15:28:48","modified_gmt":"2026-04-08T13:28:48","slug":"styrenhet-st300c","status":"publish","type":"product","link":"https:\/\/secureus.se\/fi\/styrenhet-st300c\/","title":{"rendered":"ST300C ohjausyksikk\u00f6"},"content":{"rendered":"<p>STEP ST300C on ohjausyksikk\u00f6, joka ohjaa moottorilukkoa kulunvalvontaj\u00e4rjestelmiin, h\u00e4lyttimiin ja muihin olennaisiin toimintoihin liitt\u00e4mist\u00e4 varten. ST300C sis\u00e4ltyy vakiona ostettaessa STEP 300 -sarjan moottorilukot KPL-pakkauksessa. Voidaan ostaa my\u00f6s erikseen.<\/p>\n<div><b>Ominaisuudet:<\/b><\/div>\n<div>\n<ul>\n<li>Hallitsee uudelleenasumista.<\/li>\n<li>Salattu tietoliikenne AES-128 lukitsemiseen, lukituksen avaamiseen ja tilailmaisuihin.<\/li>\n<li>Lukkokotelon ja ohjausyksik\u00f6n v\u00e4linen liit\u00e4nt\u00e4kaapeli on kytketty lukkokotelon takareunassa olevan riviliittimen kautta.<\/li>\n<li>Virransy\u00f6tt\u00f6 +\/- ja tiedonsiirto A ja B on kytketty ohjausyksik\u00f6n riviliittimen kautta.<\/li>\n<li>Kytkent\u00e4 moottorin lukkoon RS-485:n kautta.<\/li>\n<\/ul>\n<\/div>\n<div><\/div>","protected":false},"excerpt":{"rendered":"<p>STEP ST300C on ohjausyksikk\u00f6, joka ohjaa moottorilukkoa kulunvalvontaj\u00e4rjestelmiin, h\u00e4lyttimiin ja muihin olennaisiin toimintoihin liitt\u00e4mist\u00e4 varten. ST300C sis\u00e4ltyy vakiona STEP 300 -sarjan moottorin lukituksiin<\/p>","protected":false},"featured_media":147572,"template":"","meta":{"_acf_changed":false},"product_brand":[],"product_cat":[2834],"product_tag":[],"class_list":{"0":"post-147575","1":"product","2":"type-product","3":"status-publish","4":"has-post-thumbnail","6":"product_cat-ellas-motorlastillbehor","7":"product_shipping_class-tunga-paket","8":"pa_brands-step","9":"tm-no-options","11":"first","12":"instock","13":"sale","14":"taxable","15":"shipping-taxable","16":"purchasable","17":"product-type-simple"},"acf":[],"_links":{"self":[{"href":"https:\/\/secureus.se\/fi\/wp-json\/wp\/v2\/product\/147575","targetHints":{"allow":["GET"]}}],"collection":[{"href":"https:\/\/secureus.se\/fi\/wp-json\/wp\/v2\/product"}],"about":[{"href":"https:\/\/secureus.se\/fi\/wp-json\/wp\/v2\/types\/product"}],"wp:featuredmedia":[{"embeddable":true,"href":"https:\/\/secureus.se\/fi\/wp-json\/wp\/v2\/media\/147572"}],"wp:attachment":[{"href":"https:\/\/secureus.se\/fi\/wp-json\/wp\/v2\/media?parent=147575"}],"wp:term":[{"taxonomy":"product_brand","embeddable":true,"href":"https:\/\/secureus.se\/fi\/wp-json\/wp\/v2\/product_brand?post=147575"},{"taxonomy":"product_cat","embeddable":true,"href":"https:\/\/secureus.se\/fi\/wp-json\/wp\/v2\/product_cat?post=147575"},{"taxonomy":"product_tag","embeddable":true,"href":"https:\/\/secureus.se\/fi\/wp-json\/wp\/v2\/product_tag?post=147575"}],"curies":[{"name":"wp","href":"https:\/\/api.w.org\/{rel}","templated":true}]}}