{"id":147712,"date":"2025-02-10T10:39:11","date_gmt":"2025-02-10T09:39:11","guid":{"rendered":"https:\/\/secureus.se\/mifare-desfire-4k-ev3-kort-1000p\/"},"modified":"2026-01-06T21:12:07","modified_gmt":"2026-01-06T20:12:07","slug":"mifare-desfire-4k-ev3-kort-1000p","status":"publish","type":"product","link":"https:\/\/secureus.se\/fi\/mifare-desfire-4k-ev3-kort-1000p\/","title":{"rendered":"Mifare DESFire 4K NXP EV3 + EM4200 yhdistelm\u00e4kortti \u2013 (1000 kpl)"},"content":{"rendered":"<h1>Mifare DESFire 4K NXP EV3 + EM4200 -kortti \u2013 kontaktiton RFID<\/h1>\n<p><span style=\"text-decoration: underline\"><strong>T\u00e4m\u00e4 tuote toimitetaan 1000 kortin pakkauksissa eritt\u00e4in edulliseen hintaan.<\/strong><\/span><\/p>\n<p>Mifare DESFire 4K NXP EV3 -kortit, joissa on my\u00f6s EM4200 samassa kortissa, tarjoavat turvallisen ja tehokkaan ratkaisun kontaktittoman tiedon tallentamiseen ja siirtoon. Aidolla NXP-sirulla ja 4 kilotavun muistikapasiteetilla varustetut kortit sopivat t\u00e4ydellisesti erilaisiin sovelluksiin, kuten identiteetinhallintaan, kulunvalvontaan ja mikromaksuihin.<\/p>\n<p>Korteissa on vakiokoko CR80 (86mm x 54mm), joten niit\u00e4 on helppo k\u00e4ytt\u00e4\u00e4 ja integroida olemassa oleviin j\u00e4rjestelmiin. Ne toimivat 13,56 MHz taajuudella, mik\u00e4 takaa nopean ja turvallisen tiedonsiirron. Hallitsetpa omaisuutta rakennuksessa tai suoritat maksuja, Mifare DESFire 4K -kortit tarjoavat luotettavan ja joustavan ratkaisun.<\/p>\n<p>Jokainen paketti sis\u00e4lt\u00e4\u00e4 100 korttia, mik\u00e4 tekee niist\u00e4 kustannustehokkaan vaihtoehdon sek\u00e4 pienille ett\u00e4 suurille yrityksille, jotka tarvitsevat korkeaa turvallisuutta ja helppok\u00e4ytt\u00f6isyytt\u00e4 j\u00e4rjestelmiss\u00e4\u00e4n.<\/p>\n<p><strong>Ominaisuudet ja edut<\/strong>:<\/p>\n<ul>\n<li>Kontaktittomat kortit, joissa on aito NXP-siru<\/li>\n<li>4 kilotavun muistikapasiteetti laajaan tallennustilaan<\/li>\n<li>Vakiokoko CR80 helpottaa k\u00e4ytt\u00f6\u00e4<\/li>\n<li>Toimii 13,56 MHz:n taajuudella nopeaan tiedonsiirtoon<\/li>\n<li>Ihanteellinen henkil\u00f6llisyyteen, kulunvalvontaan ja mikromaksuihin<\/li>\n<\/ul>\n<p><strong>Tekniset tiedot<\/strong>:<\/p>\n<ul>\n<li><strong>Muistin kapasiteetti<\/strong>: 4 kt<\/li>\n<li><strong>Taajuus DESFIRE <\/strong>: 13,56 MHz<\/li>\n<li><strong>Taajuus EM4200<\/strong>: 125Khz<\/li>\n<li><strong>Koko<\/strong>: Vakio CR80 (86mm x 54mm)<\/li>\n<li><strong>Paino (pakkaus)<\/strong>: 2500 grammaa<\/li>\n<\/ul>","protected":false},"excerpt":{"rendered":"<p>Mifare DESFire 4K NXP EV3 + EM4200 -kortti \u2013 Kontaktiton RFID T\u00e4m\u00e4 tuote toimitetaan 1000 kortin pakkauksissa eritt\u00e4in edulliseen hintaan. Mifare DESFire 4K NXP EV3 -kortit, jotka my\u00f6s<\/p>","protected":false},"featured_media":147710,"template":"","meta":{"_acf_changed":false},"product_brand":[],"product_cat":[4233],"product_tag":[3143,3077,2958],"class_list":{"0":"post-147712","1":"product","2":"type-product","3":"status-publish","4":"has-post-thumbnail","6":"product_cat-rfid-kort-desfire","7":"product_tag-desfire-ev3-4k","8":"product_tag-rfid-desfire","9":"product_tag-stonehouse-produkt","10":"pa_brands-stonehouse-security","11":"pa_farg-vit","12":"pa_plastkort-teknik-desfire","13":"tm-has-options","15":"first","16":"onbackorder","17":"sale","18":"taxable","19":"shipping-taxable","20":"purchasable","21":"product-type-simple"},"acf":[],"_links":{"self":[{"href":"https:\/\/secureus.se\/fi\/wp-json\/wp\/v2\/product\/147712","targetHints":{"allow":["GET"]}}],"collection":[{"href":"https:\/\/secureus.se\/fi\/wp-json\/wp\/v2\/product"}],"about":[{"href":"https:\/\/secureus.se\/fi\/wp-json\/wp\/v2\/types\/product"}],"wp:featuredmedia":[{"embeddable":true,"href":"https:\/\/secureus.se\/fi\/wp-json\/wp\/v2\/media\/147710"}],"wp:attachment":[{"href":"https:\/\/secureus.se\/fi\/wp-json\/wp\/v2\/media?parent=147712"}],"wp:term":[{"taxonomy":"product_brand","embeddable":true,"href":"https:\/\/secureus.se\/fi\/wp-json\/wp\/v2\/product_brand?post=147712"},{"taxonomy":"product_cat","embeddable":true,"href":"https:\/\/secureus.se\/fi\/wp-json\/wp\/v2\/product_cat?post=147712"},{"taxonomy":"product_tag","embeddable":true,"href":"https:\/\/secureus.se\/fi\/wp-json\/wp\/v2\/product_tag?post=147712"}],"curies":[{"name":"wp","href":"https:\/\/api.w.org\/{rel}","templated":true}]}}