{"id":147751,"date":"2025-02-11T13:27:30","date_gmt":"2025-02-11T12:27:30","guid":{"rendered":"https:\/\/secureus.se\/kodlas-v44duo\/"},"modified":"2026-04-23T10:19:36","modified_gmt":"2026-04-23T08:19:36","slug":"kodlas-v44duo","status":"publish","type":"product","link":"https:\/\/secureus.se\/fi\/kodlas-v44duo\/","title":{"rendered":"KOODILUKKO V44DUO"},"content":{"rendered":"<h1 data-start=\"227\" data-end=\"777\">KOODILUKKO V44DUO on monipuolinen ja helposti ohjelmoitava koodilukko, joka mahdollistaa kahden oven ohjauksen samalla n\u00e4pp\u00e4imist\u00f6ll\u00e4.<\/h1>\n<p data-start=\"227\" data-end=\"777\">Jokainen koodi voidaan ohjelmoida avaamaan yksi tai molemmat releet.<\/p>\n<p data-start=\"227\" data-end=\"777\">Turvallisuuden lis\u00e4\u00e4miseksi siin\u00e4 on lukitustoiminto, mik\u00e4 tarkoittaa, ett\u00e4 ovea 2 ei voida avata ennen kuin ovi 1 on suljettu.<\/p>\n<p data-start=\"227\" data-end=\"777\">Valikoimasta l\u00f6ytyy my\u00f6s oviohjaus- ja h\u00e4lytinl\u00e4ht\u00f6 s\u00e4\u00e4dett\u00e4v\u00e4ll\u00e4 varoitusajalla sek\u00e4 integroitu ovikellotoiminto.<\/p>\n<p data-start=\"227\" data-end=\"777\">Koodit voidaan ohjata aikaohjauksella kahdella ulkoisella sis\u00e4\u00e4ntulolla ja j\u00e4rjestelm\u00e4 voidaan asettaa p\u00e4iv\u00e4k\u00e4ytt\u00f6\u00f6n.<\/p>\n<p data-start=\"779\" data-end=\"1208\">IP54-suojausluokituksen ja valettu metallirakenne ruostumattomasta ter\u00e4ksest\u00e4 valmistettujen painikkeiden ansiosta V44DUO soveltuu sek\u00e4 sis\u00e4- ett\u00e4 ulkok\u00e4ytt\u00f6\u00f6n k\u00e4ytt\u00f6l\u00e4mp\u00f6tilassa -35\u00b0C - +55\u00b0C.<\/p>\n<p data-start=\"779\" data-end=\"1208\">Ulkoasennuksessa alttiisiin paikkoihin suositellaan sadesuojan, kuten SH1 tai SH2, k\u00e4ytt\u00f6\u00e4.<\/p>\n<p data-start=\"779\" data-end=\"1208\">T\u00e4m\u00e4 koodilukko on erityisen hy\u00f6dyllinen turvaratkaisuissa, joissa ohjataan useita ovia ja koodinhallintaa tarvitaan sek\u00e4 helppoon ett\u00e4 turvalliseen k\u00e4ytt\u00f6\u00f6n.<\/p>\n<p data-start=\"1210\" data-end=\"1239\"><strong data-start=\"1210\" data-end=\"1239\">Tekniset tiedot:<\/strong><\/p>\n<ul data-start=\"1240\" data-end=\"1739\">\n<li data-start=\"1256\" data-end=\"1282\"><strong data-start=\"1258\" data-end=\"1277\">Suojausluokka:<\/strong> IP54<\/li>\n<li data-start=\"1283\" data-end=\"1352\"><strong data-start=\"1285\" data-end=\"1306\">Kotelon materiaali:<\/strong> Valettu metalli, ruostumattomasta ter\u00e4ksest\u00e4 valmistetut napit, turvalukko<\/li>\n<li data-start=\"1353\" data-end=\"1372\"><strong data-start=\"1355\" data-end=\"1364\">Paino:<\/strong> 0,75 kg<\/li>\n<li data-start=\"1373\" data-end=\"1426\"><strong data-start=\"1375\" data-end=\"1385\">Ymp\u00e4rist\u00f6:<\/strong> Sis\u00e4- tai ulkok\u00e4ytt\u00f6\u00f6n (IP54-malli)<\/li>\n<li data-start=\"1427\" data-end=\"1466\"><strong data-start=\"1429\" data-end=\"1450\">Ty\u00f6l\u00e4mp\u00f6tila:<\/strong> -35 - +55 \u00b0C<\/li>\n<li data-start=\"1467\" data-end=\"1529\"><strong data-start=\"1469\" data-end=\"1486\">Koodikapasiteetti:<\/strong> 20 nelinumeroista koodia, 10 kuusinumeroista koodia<\/li>\n<li data-start=\"1530\" data-end=\"1547\"><strong data-start=\"1532\" data-end=\"1543\">Ovet:<\/strong> Kaksi<\/li>\n<li data-start=\"1548\" data-end=\"1595\"><strong data-start=\"1550\" data-end=\"1566\">Aukioloajat:<\/strong> 1-99 sekuntia, ohjelmoitavissa<\/li>\n<li data-start=\"1596\" data-end=\"1646\"><strong data-start=\"1598\" data-end=\"1611\">L\u00e4hd\u00f6t:<\/strong> Kaksi relekosketinta, max 2 A, 28 VDC<\/li>\n<li data-start=\"1647\" data-end=\"1688\"><strong data-start=\"1649\" data-end=\"1670\">Virrankulutus:<\/strong> 75 mA valmiustilassa<\/li>\n<li data-start=\"1689\" data-end=\"1739\"><strong data-start=\"1691\" data-end=\"1709\">K\u00e4ytt\u00f6j\u00e4nnite:<\/strong> 10-35 VDC, 8-24 VAC<\/li>\n<\/ul>\n<p data-start=\"1741\" data-end=\"1835\">","protected":false},"excerpt":{"rendered":"<p data-start=\"25\" data-end=\"225\">KOODILUKKO V44DUO on ohjelmoitava koodilukko kahdella releell\u00e4 kahden oven ohjaamiseen samalla n\u00e4pp\u00e4imist\u00f6ll\u00e4.<\/p>\n<p data-start=\"25\" data-end=\"225\">Sis\u00e4\u00e4nrakennettu lukkotoiminto ja oven ohjaus tekev\u00e4t siit\u00e4 joustavan ja turvallisen.<\/p>\n<p data-start=\"227\" data-end=\"777\">","protected":false},"featured_media":147750,"template":"","meta":{"_acf_changed":false},"product_brand":[],"product_cat":[1481],"product_tag":[],"class_list":{"0":"post-147751","1":"product","2":"type-product","3":"status-publish","4":"has-post-thumbnail","6":"product_cat-kodlas-kodlas","7":"pa_brands-6vanderbilt","8":"tm-no-options","10":"first","11":"instock","12":"sale","13":"taxable","14":"shipping-taxable","15":"purchasable","16":"product-type-simple"},"acf":[],"_links":{"self":[{"href":"https:\/\/secureus.se\/fi\/wp-json\/wp\/v2\/product\/147751","targetHints":{"allow":["GET"]}}],"collection":[{"href":"https:\/\/secureus.se\/fi\/wp-json\/wp\/v2\/product"}],"about":[{"href":"https:\/\/secureus.se\/fi\/wp-json\/wp\/v2\/types\/product"}],"wp:featuredmedia":[{"embeddable":true,"href":"https:\/\/secureus.se\/fi\/wp-json\/wp\/v2\/media\/147750"}],"wp:attachment":[{"href":"https:\/\/secureus.se\/fi\/wp-json\/wp\/v2\/media?parent=147751"}],"wp:term":[{"taxonomy":"product_brand","embeddable":true,"href":"https:\/\/secureus.se\/fi\/wp-json\/wp\/v2\/product_brand?post=147751"},{"taxonomy":"product_cat","embeddable":true,"href":"https:\/\/secureus.se\/fi\/wp-json\/wp\/v2\/product_cat?post=147751"},{"taxonomy":"product_tag","embeddable":true,"href":"https:\/\/secureus.se\/fi\/wp-json\/wp\/v2\/product_tag?post=147751"}],"curies":[{"name":"wp","href":"https:\/\/api.w.org\/{rel}","templated":true}]}}