{"id":147753,"date":"2025-02-11T13:27:34","date_gmt":"2025-02-11T12:27:34","guid":{"rendered":"https:\/\/secureus.se\/kodlas-22cl-svart\/"},"modified":"2026-04-23T10:19:36","modified_gmt":"2026-04-23T08:19:36","slug":"kodlas-22cl-svart","status":"publish","type":"product","link":"https:\/\/secureus.se\/fi\/kodlas-22cl-svart\/","title":{"rendered":"KOODILUKKO 22CL MUSTA"},"content":{"rendered":"<h1 data-start=\"0\" data-end=\"62\">KOODILUKKO 22CL MUSTA \u2013 JOUSTAVA JA TURVALLINEN KOODILUKKO OVILLE<\/h1>\n<p data-start=\"64\" data-end=\"469\">Kest\u00e4v\u00e4n rakenteensa ja IP54-luokituksensa ansiosta koodilukkoa voidaan k\u00e4ytt\u00e4\u00e4 sek\u00e4 sis\u00e4ll\u00e4 ett\u00e4 ulkona, mik\u00e4 tekee siit\u00e4 joustavan ratkaisun erilaisiin ymp\u00e4rist\u00f6ihin.<\/p>\n<p data-start=\"471\" data-end=\"782\">Koodilukko on varustettu painikkeilla, joissa on selke\u00e4 painetunto ja sininen taustavalo, mik\u00e4 tekee siit\u00e4 helpon k\u00e4ytt\u00e4\u00e4 my\u00f6s h\u00e4m\u00e4r\u00e4ss\u00e4.<\/p>\n<p data-start=\"471\" data-end=\"782\">Kun se on kytketty s\u00e4hk\u00f6iskuun m\u00e4nt\u00e4koskettimella, ovi lukittuu automaattisesti suljettaessa oven relel\u00e4hd\u00f6n sis\u00e4\u00e4nrakennetun h\u00e4iri\u00f6toiminnon ansiosta.<\/p>\n<h3 data-start=\"784\" data-end=\"800\">Ominaisuudet<\/h3>\n<ul data-start=\"802\" data-end=\"1636\">\n<li data-start=\"802\" data-end=\"923\"><strong data-start=\"804\" data-end=\"826\">K\u00e4ytt\u00f6alue:<\/strong> Soveltuu tiloihin, joissa turvallisuusvaatimukset ovat rajalliset, kuten varastotilat, sis\u00e4\u00e4nk\u00e4ynnit ja yleiset tilat.<\/li>\n<li data-start=\"924\" data-end=\"1021\"><strong data-start=\"926\" data-end=\"954\">Sis\u00e4- ja ulkok\u00e4ytt\u00f6\u00f6n:<\/strong> IP54-luokiteltu rakenne, joka kest\u00e4\u00e4 p\u00f6ly\u00e4 ja roiskevett\u00e4.<\/li>\n<li data-start=\"1022\" data-end=\"1131\"><strong data-start=\"1024\" data-end=\"1047\">Automaattinen lukitus:<\/strong> Jos m\u00e4nt\u00e4koskettimella varustettu s\u00e4hk\u00f6isku on kytketty, ovi lukittuu heti, kun se suljetaan.<\/li>\n<li data-start=\"1132\" data-end=\"1224\"><strong data-start=\"1134\" data-end=\"1154\">Valaistut painikkeet:<\/strong> Numeroissa on sininen s\u00e4vy, mik\u00e4 takaa selke\u00e4n n\u00e4kyvyyden my\u00f6s h\u00e4m\u00e4r\u00e4ss\u00e4.<\/li>\n<li data-start=\"1225\" data-end=\"1304\"><strong data-start=\"1227\" data-end=\"1251\">Helppo ohjelmointi:<\/strong> Asetuksia voidaan s\u00e4\u00e4t\u00e4\u00e4 suoraan n\u00e4pp\u00e4imist\u00f6st\u00e4.<\/li>\n<li data-start=\"1305\" data-end=\"1389\"><strong data-start=\"1307\" data-end=\"1330\">Turvallinen koodinhallinta:<\/strong> Mahdollisuus valita 4- tai 6-numeroinen salasana.<\/li>\n<li data-start=\"1390\" data-end=\"1511\"><strong data-start=\"1392\" data-end=\"1415\">Itsen\u00e4inen koodimuisti:<\/strong> S\u00e4ilytt\u00e4\u00e4 ohjelmoidut koodit my\u00f6s s\u00e4hk\u00f6katkojen aikana, mik\u00e4 mahdollistaa virransy\u00f6t\u00f6n ajastimen kautta.<\/li>\n<li data-start=\"1512\" data-end=\"1636\"><strong data-start=\"1514\" data-end=\"1535\">AUX-reletoiminto:<\/strong> Voi ohjata ylim\u00e4\u00e4r\u00e4ist\u00e4 ovea omalla tai jaetulla koodillaan tai toimia paniikkih\u00e4lytysl\u00e4ht\u00f6n\u00e4.<\/li>\n<\/ul>\n<h3 data-start=\"1638\" data-end=\"1654\">Toiminnot<\/h3>\n<p data-start=\"1656\" data-end=\"2046\">Koodilukossa on AUX-rele, jolla voidaan ohjata toista ovea omalla koodillaan tai molempien ovien yhteisell\u00e4 koodilla. Toiminto on helppo asettaa ohjelmoitaessa koodeja ja mukauttaa tarpeen mukaan.<\/p>\n<p data-start=\"1656\" data-end=\"2046\">AUX-rele voidaan my\u00f6s konfiguroida vaihtamaan lukitun ja lukitsemattoman asennon v\u00e4lill\u00e4 tietyll\u00e4 koodilla, jolloin ovi pysyy auki-asennossa, kunnes koodi sy\u00f6tet\u00e4\u00e4n uudelleen.<\/p>\n<p data-start=\"2048\" data-end=\"2350\">Jos lis\u00e4turvaa tarvitaan, AUX-l\u00e4ht\u00f6\u00e4 voidaan k\u00e4ytt\u00e4\u00e4 paniikkih\u00e4lytysl\u00e4ht\u00f6n\u00e4. T\u00e4m\u00e4 tarkoittaa, ett\u00e4 jos koodin ensimm\u00e4ist\u00e4 numeroa nostetaan, AUX-rele aktivoituu samalla kun oven normaali rele aktivoituu.<\/p>\n<p data-start=\"2048\" data-end=\"2350\">T\u00e4m\u00e4 toiminto mahdollistaa koodilukon liitt\u00e4misen h\u00e4lytysl\u00e4hettimeen turvallisuuden lis\u00e4\u00e4miseksi.<\/p>\n<h3 data-start=\"2352\" data-end=\"2382\">Tekniset tiedot<\/h3>\n<ul data-start=\"2384\" data-end=\"2562\">\n<li data-start=\"2384\" data-end=\"2423\"><strong data-start=\"2386\" data-end=\"2407\">Sy\u00f6tt\u00f6j\u00e4nnite:<\/strong> 12-24 V AC\/DC<\/li>\n<li data-start=\"2424\" data-end=\"2459\"><strong data-start=\"2426\" data-end=\"2451\">Suurin virrankulutus:<\/strong> 85mA<\/li>\n<li data-start=\"2460\" data-end=\"2519\"><strong data-start=\"2462\" data-end=\"2506\">L\u00e4ht\u00f6, j\u00e4nnite tai vapaa rele sulkeminen:<\/strong> Max 24V\/1A<\/li>\n<li data-start=\"2520\" data-end=\"2539\"><strong data-start=\"2522\" data-end=\"2531\">Maali:<\/strong> Musta<\/li>\n<li data-start=\"2540\" data-end=\"2562\"><strong data-start=\"2542\" data-end=\"2555\">IP-luokka:<\/strong> IP54<\/li>\n<\/ul>\n<h3 data-start=\"2564\" data-end=\"2588\">K\u00e4ytt\u00f6alueet<\/h3>\n<p data-start=\"2590\" data-end=\"2816\">22CL-koodilukko on ihanteellinen asennuksiin, joissa tarvitaan yksinkertaista ja turvallista kulunvalvontaa. Se soveltuu kerrostaloihin, liiketiloihin, varastoihin ja muihin ymp\u00e4rist\u00f6ihin, joissa toivotaan luotettavaa ja sujuvaa kulunvalvontaa.<\/p>\n<p data-start=\"2818\" data-end=\"2950\" data-is-last-node=\"\">Vankan muotoilunsa, \u00e4lykk\u00e4iden ominaisuuksiensa ja helppok\u00e4ytt\u00f6isyytens\u00e4 ansiosta 22CL-koodilukko on erinomainen ratkaisu sek\u00e4 sis\u00e4- ett\u00e4 ulkok\u00e4ytt\u00f6\u00f6n.<\/p>","protected":false},"excerpt":{"rendered":"<p>22CL on kompakti ja monipuolinen yhdistelm\u00e4lukko, joka on helppo asentaa ja eritt\u00e4in k\u00e4ytt\u00e4j\u00e4yst\u00e4v\u00e4llinen.<\/p>\n<p>Se on suunniteltu valvomaan p\u00e4\u00e4sy\u00e4 tiloihin, jotka eiv\u00e4t vaadi korkeinta turvatasoa, kuten pukuhuoneet, sis\u00e4varastot ja kerrostalojen sis\u00e4\u00e4nk\u00e4ynnit.<\/p>","protected":false},"featured_media":147752,"template":"","meta":{"_acf_changed":false},"product_brand":[],"product_cat":[1481],"product_tag":[],"class_list":{"0":"post-147753","1":"product","2":"type-product","3":"status-publish","4":"has-post-thumbnail","6":"product_cat-kodlas-kodlas","7":"product_shipping_class-tunga-paket","8":"pa_brands-abloy","9":"pa_farg-svart","10":"tm-no-options","12":"first","13":"instock","14":"sale","15":"taxable","16":"shipping-taxable","17":"purchasable","18":"product-type-simple"},"acf":[],"_links":{"self":[{"href":"https:\/\/secureus.se\/fi\/wp-json\/wp\/v2\/product\/147753","targetHints":{"allow":["GET"]}}],"collection":[{"href":"https:\/\/secureus.se\/fi\/wp-json\/wp\/v2\/product"}],"about":[{"href":"https:\/\/secureus.se\/fi\/wp-json\/wp\/v2\/types\/product"}],"wp:featuredmedia":[{"embeddable":true,"href":"https:\/\/secureus.se\/fi\/wp-json\/wp\/v2\/media\/147752"}],"wp:attachment":[{"href":"https:\/\/secureus.se\/fi\/wp-json\/wp\/v2\/media?parent=147753"}],"wp:term":[{"taxonomy":"product_brand","embeddable":true,"href":"https:\/\/secureus.se\/fi\/wp-json\/wp\/v2\/product_brand?post=147753"},{"taxonomy":"product_cat","embeddable":true,"href":"https:\/\/secureus.se\/fi\/wp-json\/wp\/v2\/product_cat?post=147753"},{"taxonomy":"product_tag","embeddable":true,"href":"https:\/\/secureus.se\/fi\/wp-json\/wp\/v2\/product_tag?post=147753"}],"curies":[{"name":"wp","href":"https:\/\/api.w.org\/{rel}","templated":true}]}}